{"id":325382,"date":"2021-05-18T21:14:52","date_gmt":"2021-05-18T20:14:52","guid":{"rendered":"https:\/\/www.moskito.cz\/produkt\/couteau-de-tir-beltrame-imit-ivory-bay\/"},"modified":"2025-05-07T11:08:16","modified_gmt":"2025-05-07T10:08:16","slug":"couteau-de-tir-beltrame-imit-ivory-bay","status":"publish","type":"product","link":"https:\/\/www.moskito.cz\/fr\/produkt\/couteau-de-tir-beltrame-imit-ivory-bay\/","title":{"rendered":"Couteau de tir Beltrame Imit Ivory Bay"},"content":{"rendered":"<p>Couteau de tir <strong>Beltrame<\/strong> Imit Ivory Bay.<\/p>\n<p>Couteau de fermeture Stiletto Ivory (Ivory) &#8211; le stylet automatique le plus c\u00e9l\u00e8bre !<\/p>\n<p>Le couteau de fermeture de Frank Beltram est un stylet classique d&rsquo;une beaut\u00e9 et d&rsquo;une gr\u00e2ce extraordinaires. Long, l\u00e9ger et tr\u00e8s pointu.<\/p>\n<p>Longueur de la lame (mm \/ pouces) 222 mm \/ 9&Prime;<br \/>\nLongueur du couteau pli\u00e9 (mm) 125<br \/>\nLongueur de lame (mm) 100<br \/>\n\u00c9paisseur de la lame (mm) 3 mm \/ 0,12&Prime;<br \/>\nBa\u00efonnette \u00e0 lame<br \/>\nMat\u00e9riau de la lame Acier inoxydable AISI 420<br \/>\nFinition en acier inoxydable<br \/>\nCadenas pivotant<br \/>\nMat\u00e9riau du manche en plastique, imitation ivoire<br \/>\nPoids (g) 110<br \/>\nLe couteau pliant nomm\u00e9 a une lame en forme d&rsquo;aiguille<br \/>\nLe pays de l&rsquo;Italie<\/p>\n","protected":false},"excerpt":{"rendered":"<p>Les couteaux Beltrame sont fabriqu\u00e9s en Italie depuis 1953. L&rsquo;entreprise a \u00e9t\u00e9 fond\u00e9e par Frank Beltram. Le secret de fabrication de ces couteaux Stiletto fait partie de l&rsquo;histoire de Maniago, transmise de p\u00e8re en fils.<br \/>\n<strong>Fabriqu\u00e9 en Italie.<\/strong><\/p>\n","protected":false},"featured_media":325383,"comment_status":"open","ping_status":"closed","template":"","meta":[],"pwb-brand":[3779],"product_brand":[],"product_cat":[3699,3696],"product_tag":[],"class_list":{"0":"post-325382","1":"product","2":"type-product","3":"status-publish","4":"has-post-thumbnail","6":"pwb-brand-ceinture","7":"product_cat-couteaux-de-tir","8":"product_cat-des-couteaux","10":"first","11":"instock","12":"taxable","13":"shipping-taxable","14":"purchasable","15":"product-type-simple"},"brands":[{"id":3779,"name":"Ceinture","slug":"ceinture"}],"_links":{"self":[{"href":"https:\/\/www.moskito.cz\/fr\/wp-json\/wp\/v2\/product\/325382","targetHints":{"allow":["GET"]}}],"collection":[{"href":"https:\/\/www.moskito.cz\/fr\/wp-json\/wp\/v2\/product"}],"about":[{"href":"https:\/\/www.moskito.cz\/fr\/wp-json\/wp\/v2\/types\/product"}],"replies":[{"embeddable":true,"href":"https:\/\/www.moskito.cz\/fr\/wp-json\/wp\/v2\/comments?post=325382"}],"wp:featuredmedia":[{"embeddable":true,"href":"https:\/\/www.moskito.cz\/fr\/wp-json\/wp\/v2\/media\/325383"}],"wp:attachment":[{"href":"https:\/\/www.moskito.cz\/fr\/wp-json\/wp\/v2\/media?parent=325382"}],"wp:term":[{"taxonomy":"pwb-brand","embeddable":true,"href":"https:\/\/www.moskito.cz\/fr\/wp-json\/wp\/v2\/pwb-brand?post=325382"},{"taxonomy":"product_brand","embeddable":true,"href":"https:\/\/www.moskito.cz\/fr\/wp-json\/wp\/v2\/product_brand?post=325382"},{"taxonomy":"product_cat","embeddable":true,"href":"https:\/\/www.moskito.cz\/fr\/wp-json\/wp\/v2\/product_cat?post=325382"},{"taxonomy":"product_tag","embeddable":true,"href":"https:\/\/www.moskito.cz\/fr\/wp-json\/wp\/v2\/product_tag?post=325382"}],"curies":[{"name":"wp","href":"https:\/\/api.w.org\/{rel}","templated":true}]}}