{"id":325393,"date":"2020-02-06T18:08:00","date_gmt":"2020-02-06T17:08:00","guid":{"rendered":"https:\/\/www.moskito.cz\/produkt\/couteau-de-tir-beltrame-stiletto-classic-blond\/"},"modified":"2026-03-26T16:17:48","modified_gmt":"2026-03-26T15:17:48","slug":"couteau-de-tir-beltrame-stiletto-classic-blond","status":"publish","type":"product","link":"https:\/\/www.moskito.cz\/fr\/produkt\/couteau-de-tir-beltrame-stiletto-classic-blond\/","title":{"rendered":"Couteau de tir Beltrame Stiletto Classic Blond"},"content":{"rendered":"<table class=\"optional-fields\">\n<tbody>\n<tr>\n<td><\/td>\n<td><\/td>\n<\/tr>\n<\/tbody>\n<\/table>\n<p>Couteau de tir Beltrame Stiletto Classic Blond.<\/p>\n<p>Couteau de tir lat\u00e9ral avec s\u00e9curit\u00e9 sur la crosse. Le manche est en corne v\u00e9ritable l\u00e9g\u00e8re, la lame est en acier 420 (duret\u00e9 54 \u00e0 56 HRC). Longueur \u00e0 l&rsquo;\u00e9tat ouvert 23 cm.<\/p>\n<p>Donn\u00e9es techniques:<br \/>\nNum\u00e9ro de produit : FB 23\/48<br \/>\nNom: Stiletto italien classique<br \/>\nType d&rsquo;acier : AISI 420 MA5M<br \/>\nDuret\u00e9 de la lame Rockwell&nbsp;: 56 HRC<br \/>\nLongueur de la lame : 98 mm \/ 3,86&Prime;<br \/>\n\u00c9paisseur de la lame : 35 mm \/ 1,13&Prime;<br \/>\nLongueur totale : 230 mm \/ 9,06&Prime;<br \/>\nPoids&nbsp;: 108 g \/ 3,81 oz<br \/>\nLame&nbsp;: Commune<br \/>\nType de lame : pointe de lance<br \/>\nVerrouillage des couteaux&nbsp;: Oui<br \/>\nFabricant : F.LLI Beltrame, Italie<\/p>\n<p><span class=\"tlid-translation translation\">Les couteaux Beltrame sont fabriqu\u00e9s en Italie depuis 1953. L&rsquo;entreprise a \u00e9t\u00e9 fond\u00e9e par Frank Beltram. Le secret de fabrication de ces couteaux Stiletto fait partie de l&rsquo;histoire de Maniago, transmise de p\u00e8re en fils. Lorsqu&rsquo;il \u00e9tait petit gar\u00e7on, Frank travaillait dans l&rsquo;usine de son p\u00e8re, o\u00f9 il commen\u00e7a plus tard \u00e0 travailler comme apprenti de son p\u00e8re. En outre, il a fr\u00e9quent\u00e9 une \u00e9cole de coutellerie traditionnelle, o\u00f9 il a tout appris sur les diff\u00e9rents mat\u00e9riaux, les derni\u00e8res technologies de transformation et les diff\u00e9rents styles de design. En 1958, Frank et sa famille se lancent dans la fabrication de couteaux automatiques. Un an apr\u00e8s la mort du p\u00e8re de Frank d&rsquo;une crise cardiaque alors qu&rsquo;il travaillait \u00e0 l&rsquo;usine, Frank a fond\u00e9 la soci\u00e9t\u00e9 Beltrame. Au cours des ann\u00e9es suivantes, il continue d&rsquo;\u00e9tudier et de rechercher des couteaux, des mat\u00e9riaux et un design adapt\u00e9s. Peu de temps apr\u00e8s, des imitations bon march\u00e9 de Taiwan sont apparues sur le march\u00e9, des couteaux Stiletto italiens traditionnels. Frank a donc d\u00fb faire face \u00e0 un nouveau probl\u00e8me. Heureusement, la qualit\u00e9 de ces couteaux bon march\u00e9 parle d&rsquo;elle-m\u00eame, tout collectionneur sait qu&rsquo;il n&rsquo;y a aucun moyen de les comparer \u00e0 un v\u00e9ritable poignard Beltrame. Les couteaux Beltrame ont gagn\u00e9 la reconnaissance des clients les plus exigeants au monde gr\u00e2ce \u00e0 la passion de Frank pour ces couteaux. Dans la fabrication de couteaux, il met \u00e0 profit ses nombreuses ann\u00e9es d&rsquo;exp\u00e9rience acquises d\u00e8s son plus jeune \u00e2ge. En 2005, les couteaux Beltrame ont re\u00e7u le certificat de qualit\u00e9 Maniago, avec lequel ils d\u00e9passent les normes de qualit\u00e9 europ\u00e9ennes. Cela signifie que ces couteaux sont test\u00e9s chaque ann\u00e9e sur la qualit\u00e9 des mat\u00e9riaux.<\/span><\/p>\n<p>Ba\u00efonnette en corne de buffle italienne classique Stiletto 23 cm &#8211; couteau \u00e0 ressort italien &#8211; rev\u00eatement en corne de buffle. Fabriqu\u00e9s \u00e0 la main selon les traditions de l&rsquo;artisanat italien, les couteaux Frank Beltrame Stiletto sont devenus c\u00e9l\u00e8bres dans le monde entier gr\u00e2ce \u00e0 leur extr\u00eame l\u00e9g\u00e8ret\u00e9 et leur durabilit\u00e9. Gr\u00e2ce \u00e0 ses propri\u00e9t\u00e9s, le poignard italien peut \u00eatre utilis\u00e9 dans n&rsquo;importe quel environnement, de la chasse au camping. Une construction solide et durable, un ressort puissant ouvrant la lame est une caract\u00e9ristique des ceintures \u00e0 ressort italiennes classiques Frank Beltrame.<\/p>\n<p>Ressort \u2013 l&rsquo;entreprise accorde une attention particuli\u00e8re \u00e0 la conception du ressort (acier inoxydable) \u2013 la lame doit s&rsquo;ouvrir en quelques centi\u00e8mes de seconde (caract\u00e9ristique des couteaux Stiletto). Le dossier Beltrame lors de l&rsquo;ouverture de la lame \u00e9met un son distinctif (clic) qui le distingue des autres couteaux \u00e0 ressort.<\/p>\n<p>Lame \u2013 extr\u00eamement tranchante avec un profil Spear Point (Ba\u00efonnette), de 3,5 mm d&rsquo;\u00e9paisseur avec une fausse lame courte augmentant les propri\u00e9t\u00e9s de per\u00e7age. Fabriqu\u00e9 en acier inoxydable AISI 420 MA5M facilement aff\u00fbtable, caract\u00e9ris\u00e9 par une haute r\u00e9sistance \u00e0 la corrosion. Acier tremp\u00e9 56 HRC. Lame de type simple, d\u00e9riv\u00e9e d&rsquo;un meulage plat offrant de bonnes propri\u00e9t\u00e9s de coupe et de p\u00e9n\u00e9tration. La protection en acier prot\u00e8ge la main contre tout glissement accidentel et permet en appuyant dessus de plier la lame.<\/p>\n<p>Poign\u00e9e \u2013 recouverte de doublures en corne de buffle (corne de buffle) souligne le look exclusif et offre une prise en main confortable et s\u00fbre. Forme de poign\u00e9e ergonomique pour \u00e9viter que la main ne glisse pendant le travail. Les couvercles sont finis avec des mitres en nickel poli. Rivets de fixation en laiton.<\/p>\n<p>Verrouillage \u2013 emp\u00eache le pliage ou l\u2019ouverture accidentelle de la lame. L&rsquo;ouverture du couteau automatique se fait \u00e0 l&rsquo;aide d&rsquo;un bouton solide situ\u00e9 sur le manche.<\/p>\n<p>Donn\u00e9es techniques:<br \/>\nNum\u00e9ro de produit : FB 23\/48<br \/>\nNom: Stiletto italien classique<br \/>\nType d&rsquo;acier : AISI 420 MA5M<br \/>\nDuret\u00e9 de la lame Rockwell&nbsp;: 56 HRC<br \/>\nLongueur de la lame : 98 mm \/ 3,86&Prime;<br \/>\n\u00c9paisseur de la lame : 35 mm \/ 1,13&Prime;<br \/>\nLongueur totale : 230 mm \/ 9,06&Prime;<br \/>\nPoids&nbsp;: 108 g \/ 3,81 onces<br \/>\nLame&nbsp;: Plaine<br \/>\nType de lame : Pointe de Lance<br \/>\nVerrouillage des couteaux&nbsp;: Oui<br \/>\nProducteur : F.LLI Beltrame, Italie<\/p>\n<p>&nbsp;<\/p>\n","protected":false},"excerpt":{"rendered":"<p>Les couteaux Beltrame sont fabriqu\u00e9s en Italie depuis 1953. L&rsquo;entreprise a \u00e9t\u00e9 fond\u00e9e par Frank Beltram. Le secret de fabrication de ces couteaux Stiletto fait partie de l&rsquo;histoire de Maniago, transmise de p\u00e8re en fils.<br \/>\n<strong>Fabriqu\u00e9 en Italie.<\/strong><\/p>\n","protected":false},"featured_media":440399,"comment_status":"open","ping_status":"closed","template":"","meta":[],"pwb-brand":[3779],"product_brand":[],"product_cat":[3699,3696],"product_tag":[3754],"class_list":{"0":"post-325393","1":"product","2":"type-product","3":"status-publish","4":"has-post-thumbnail","6":"pwb-brand-ceinture","7":"product_cat-couteaux-de-tir","8":"product_cat-des-couteaux","9":"product_tag-b2b-fr","11":"first","12":"instock","13":"taxable","14":"shipping-taxable","15":"purchasable","16":"product-type-simple"},"brands":[{"id":3779,"name":"Ceinture","slug":"ceinture"}],"_links":{"self":[{"href":"https:\/\/www.moskito.cz\/fr\/wp-json\/wp\/v2\/product\/325393","targetHints":{"allow":["GET"]}}],"collection":[{"href":"https:\/\/www.moskito.cz\/fr\/wp-json\/wp\/v2\/product"}],"about":[{"href":"https:\/\/www.moskito.cz\/fr\/wp-json\/wp\/v2\/types\/product"}],"replies":[{"embeddable":true,"href":"https:\/\/www.moskito.cz\/fr\/wp-json\/wp\/v2\/comments?post=325393"}],"wp:featuredmedia":[{"embeddable":true,"href":"https:\/\/www.moskito.cz\/fr\/wp-json\/wp\/v2\/media\/440399"}],"wp:attachment":[{"href":"https:\/\/www.moskito.cz\/fr\/wp-json\/wp\/v2\/media?parent=325393"}],"wp:term":[{"taxonomy":"pwb-brand","embeddable":true,"href":"https:\/\/www.moskito.cz\/fr\/wp-json\/wp\/v2\/pwb-brand?post=325393"},{"taxonomy":"product_brand","embeddable":true,"href":"https:\/\/www.moskito.cz\/fr\/wp-json\/wp\/v2\/product_brand?post=325393"},{"taxonomy":"product_cat","embeddable":true,"href":"https:\/\/www.moskito.cz\/fr\/wp-json\/wp\/v2\/product_cat?post=325393"},{"taxonomy":"product_tag","embeddable":true,"href":"https:\/\/www.moskito.cz\/fr\/wp-json\/wp\/v2\/product_tag?post=325393"}],"curies":[{"name":"wp","href":"https:\/\/api.w.org\/{rel}","templated":true}]}}