{"id":325405,"date":"2021-05-18T20:38:21","date_gmt":"2021-05-18T19:38:21","guid":{"rendered":"https:\/\/www.moskito.cz\/produkt\/couteau-de-tir-beltrame-bayonet-23-37b\/"},"modified":"2025-05-07T11:08:18","modified_gmt":"2025-05-07T10:08:18","slug":"couteau-de-tir-beltrame-bayonet-23-37b","status":"publish","type":"product","link":"https:\/\/www.moskito.cz\/fr\/produkt\/couteau-de-tir-beltrame-bayonet-23-37b\/","title":{"rendered":"Couteau de tir Beltrame Bayonet 23\/37B"},"content":{"rendered":"<p>Couteau de tir <strong>Beltrame<\/strong> Bayonet 23\/37B<\/p>\n<p>Ba\u00efonnette noire \u00e0 aiguille italienne classique 23 cm, couteau \u00e0 ressort italien traditionnel. Fabriqu\u00e9s enti\u00e8rement \u00e0 la main selon les principes de l&rsquo;artisanat italien, les couteaux Frank Beltrame Stiletto sont devenus c\u00e9l\u00e8bres dans le monde entier gr\u00e2ce \u00e0 leur extr\u00eame l\u00e9g\u00e8ret\u00e9 et leur durabilit\u00e9. Ses caract\u00e9ristiques rendent le poignard italien adapt\u00e9 \u00e0 une utilisation dans n&rsquo;importe quel environnement, de la chasse au camping. Construction solide et durable, un ressort d&rsquo;ouverture de lame solide est la marque des ceintures \u00e0 ressorts italiennes classiques de Frank Beltrame.<\/p>\n<p>Poign\u00e9e &#8211; recouverte d&rsquo;un rev\u00eatement polym\u00e8re dur noir, finie avec des patins en nickel poli, offre une prise confortable et s\u00fbre. La s\u00e9curit\u00e9 d&rsquo;utilisation est renforc\u00e9e par la forme ergonomique de la poign\u00e9e, qui emp\u00eache la main de glisser pendant le travail. Rivets en laiton.<\/p>\n<p>Verrouillage &#8211; emp\u00eache le pliage ou l&rsquo;ouverture accidentelle de la lame. L&rsquo;ouverture du couteau automatique se fait \u00e0 l&rsquo;aide d&rsquo;un bouton fixe situ\u00e9 sur le manche.<\/p>\n<p>Ressort &#8211; une attention particuli\u00e8re est port\u00e9e \u00e0 la conception du ressort (acier inoxydable) : la lame doit s&rsquo;ouvrir en quelques centi\u00e8mes de seconde (caract\u00e9ristique des couteaux Stiletto). Le composant Beltrame \u00e9met un son caract\u00e9ristique (clic) lors de l&rsquo;ouverture de la lame, ce qui le distingue des autres couteaux \u00e0 ressort.<\/p>\n<p>Lame &#8211; extr\u00eamement tranchante avec un profil Spear Point, de 3,5 mm d&rsquo;\u00e9paisseur avec une fausse lame courte pour augmenter les propri\u00e9t\u00e9s de per\u00e7age. Fabriqu\u00e9 en acier inoxydable AISI 420 MA5M facilement aff\u00fbtable, caract\u00e9ris\u00e9 par une haute r\u00e9sistance \u00e0 la corrosion. Acier tremp\u00e9 56 HRC. Type de lame plate, d\u00e9riv\u00e9 du meulage plat, offrant de bonnes propri\u00e9t\u00e9s de coupe et de p\u00e9n\u00e9tration. La protection en acier prot\u00e8ge la main d&rsquo;un glissement accidentel et permet \u00e0 la lame de se replier lorsqu&rsquo;elle est press\u00e9e.<\/p>\n<p>Caract\u00e9ristiques:<br \/>\nNum\u00e9ro de produit : FB 23 \/ 37B<br \/>\nNom : ba\u00efonnette noire classique italienne Stiletto 23.<br \/>\nType d&rsquo;acier : AISI 420 MA5M<br \/>\nDuret\u00e9 de la lame Rockwell&nbsp;: 56 HRC<br \/>\nLongueur de la lame : 98 mm \/ 3,86&Prime;<br \/>\n\u00c9paisseur de la lame : 35 mm \/ 1,13&Prime;<br \/>\nLongueur totale : 230 mm<br \/>\n: Poids : 108 g<br \/>\nLame&nbsp;:&nbsp;Lisse<br \/>\nType de lame : pointe de lance<br \/>\nVerrouillage des couteaux&nbsp;: Oui<br \/>\nType de poign\u00e9e : Plastique<br \/>\nFabricant : F.LLI Beltrame, Italie<\/p>\n","protected":false},"excerpt":{"rendered":"<p>Les couteaux Beltrame sont fabriqu\u00e9s en Italie depuis 1953. L&rsquo;entreprise a \u00e9t\u00e9 fond\u00e9e par Frank Beltram. Le secret de fabrication de ces couteaux Stiletto fait partie de l&rsquo;histoire de Maniago, transmise de p\u00e8re en fils.<br \/>\n<strong>Fabriqu\u00e9 en Italie.<\/strong><\/p>\n","protected":false},"featured_media":325406,"comment_status":"open","ping_status":"closed","template":"","meta":[],"pwb-brand":[3779],"product_brand":[],"product_cat":[3699,3696],"product_tag":[],"class_list":{"0":"post-325405","1":"product","2":"type-product","3":"status-publish","4":"has-post-thumbnail","6":"pwb-brand-ceinture","7":"product_cat-couteaux-de-tir","8":"product_cat-des-couteaux","10":"first","11":"instock","12":"taxable","13":"shipping-taxable","14":"purchasable","15":"product-type-simple"},"brands":[{"id":3779,"name":"Ceinture","slug":"ceinture"}],"_links":{"self":[{"href":"https:\/\/www.moskito.cz\/fr\/wp-json\/wp\/v2\/product\/325405","targetHints":{"allow":["GET"]}}],"collection":[{"href":"https:\/\/www.moskito.cz\/fr\/wp-json\/wp\/v2\/product"}],"about":[{"href":"https:\/\/www.moskito.cz\/fr\/wp-json\/wp\/v2\/types\/product"}],"replies":[{"embeddable":true,"href":"https:\/\/www.moskito.cz\/fr\/wp-json\/wp\/v2\/comments?post=325405"}],"wp:featuredmedia":[{"embeddable":true,"href":"https:\/\/www.moskito.cz\/fr\/wp-json\/wp\/v2\/media\/325406"}],"wp:attachment":[{"href":"https:\/\/www.moskito.cz\/fr\/wp-json\/wp\/v2\/media?parent=325405"}],"wp:term":[{"taxonomy":"pwb-brand","embeddable":true,"href":"https:\/\/www.moskito.cz\/fr\/wp-json\/wp\/v2\/pwb-brand?post=325405"},{"taxonomy":"product_brand","embeddable":true,"href":"https:\/\/www.moskito.cz\/fr\/wp-json\/wp\/v2\/product_brand?post=325405"},{"taxonomy":"product_cat","embeddable":true,"href":"https:\/\/www.moskito.cz\/fr\/wp-json\/wp\/v2\/product_cat?post=325405"},{"taxonomy":"product_tag","embeddable":true,"href":"https:\/\/www.moskito.cz\/fr\/wp-json\/wp\/v2\/product_tag?post=325405"}],"curies":[{"name":"wp","href":"https:\/\/api.w.org\/{rel}","templated":true}]}}