{"id":325422,"date":"2020-10-09T17:12:13","date_gmt":"2020-10-09T16:12:13","guid":{"rendered":"https:\/\/www.moskito.cz\/produkt\/couteau-de-tir-a-baionnette-beltrame-stiletto-pearl\/"},"modified":"2025-07-11T07:52:46","modified_gmt":"2025-07-11T06:52:46","slug":"couteau-de-tir-a-baionnette-beltrame-stiletto-pearl","status":"publish","type":"product","link":"https:\/\/www.moskito.cz\/fr\/produkt\/couteau-de-tir-a-baionnette-beltrame-stiletto-pearl\/","title":{"rendered":"Couteau de tir \u00e0 ba\u00efonnette Beltrame Stiletto Pearl"},"content":{"rendered":"<p>Couteau de tir \u00e0 ba\u00efonnette <strong>Beltrame<\/strong> Stiletto Pearl.<br \/>\nCouteau de tir lat\u00e9ral avec s\u00e9curit\u00e9 sur la crosse. La tige est en nacre blanche, la lame est en acier 420 (duret\u00e9 54 \u00e0 56 HRC). Longueur \u00e0 l&rsquo;\u00e9tat ouvert 23 cm.La longueur de la lame est de 9,8 cm.<\/p>\n<p>Les couteaux Beltrame sont fabriqu\u00e9s en Italie depuis 1953. L&rsquo;entreprise a \u00e9t\u00e9 fond\u00e9e par Frank Beltram. Le secret de fabrication de ces couteaux Stiletto fait partie de l&rsquo;histoire de Maniago, transmise de p\u00e8re en fils. Lorsqu&rsquo;il \u00e9tait petit gar\u00e7on, Frank travaillait dans l&rsquo;usine de son p\u00e8re, o\u00f9 il commen\u00e7a plus tard \u00e0 travailler comme apprenti de son p\u00e8re. En outre, il a fr\u00e9quent\u00e9 une \u00e9cole de coutellerie traditionnelle, o\u00f9 il a tout appris sur les diff\u00e9rents mat\u00e9riaux, les derni\u00e8res technologies de transformation et les diff\u00e9rents styles de design. En 1958, Frank et sa famille se lancent dans la fabrication de couteaux automatiques. Un an apr\u00e8s la mort du p\u00e8re de Frank d&rsquo;une crise cardiaque alors qu&rsquo;il travaillait \u00e0 l&rsquo;usine, Frank a fond\u00e9 la soci\u00e9t\u00e9 Beltrame. Au cours des ann\u00e9es suivantes, il continue d&rsquo;\u00e9tudier et de rechercher des couteaux, des mat\u00e9riaux et un design adapt\u00e9s. Peu de temps apr\u00e8s, des imitations bon march\u00e9 de Taiwan sont apparues sur le march\u00e9, des couteaux Stiletto italiens traditionnels. Frank a donc d\u00fb faire face \u00e0 un nouveau probl\u00e8me. Heureusement, la qualit\u00e9 de ces couteaux bon march\u00e9 parle d&rsquo;elle-m\u00eame, tout collectionneur sait qu&rsquo;il n&rsquo;y a aucun moyen de les comparer \u00e0 un v\u00e9ritable poignard Beltrame. Les couteaux Beltrame ont gagn\u00e9 la reconnaissance des clients les plus exigeants au monde gr\u00e2ce \u00e0 la passion de Frank pour ces couteaux. Dans la fabrication de couteaux, il met \u00e0 profit ses nombreuses ann\u00e9es d&rsquo;exp\u00e9rience acquises d\u00e8s son plus jeune \u00e2ge. En 2005, les couteaux Beltrame ont re\u00e7u le certificat de qualit\u00e9 Maniago, avec lequel ils d\u00e9passent les normes de qualit\u00e9 europ\u00e9ennes. Cela signifie que ces couteaux sont test\u00e9s chaque ann\u00e9e sur la qualit\u00e9 des mat\u00e9riaux.<\/p>\n<p>La mitre pivotante en acier inoxydable ou maillechort permet de d\u00e9verrouiller la lame, \u00e9galement en acier inoxydable AISI 420 inoxydable MA5M HRC 56. L&rsquo;ouverture s&rsquo;effectue par le bouton situ\u00e9 au centre de la poign\u00e9e.<\/p>\n<p>Description<br \/>\nLa mitre pivotante en acier inoxydable ou maillechort permet de d\u00e9verrouiller la lame, \u00e9galement en acier inoxydable AISI 420 inoxydable MA5M HRC 56. L&rsquo;ouverture s&rsquo;effectue par le bouton situ\u00e9 au centre de la poign\u00e9e.<br \/>\nLes manches peuvent \u00eatre en plastique color\u00e9 blanc, noir rouge, bleu et vert, corne fonc\u00e9e, corne blonde et corne br\u00e9silienne, palissandre, cocobolo, bois d&rsquo;olivier, bois de serpent, cerf, os, ormeau et nacre.<br \/>\nLes liners sont en laiton et le ressort est en acier inoxydable assembl\u00e9 et pli\u00e9 manuellement par Frank Beltrame, jamais par une machine.<br \/>\nLes rivets sur les poign\u00e9es sont en laiton<br \/>\nLe mod\u00e8le Classic est enti\u00e8rement assembl\u00e9 \u00e0 la main avec pr\u00e9cision et exactitude et b\u00e9n\u00e9ficie d&rsquo;une finition artisanale.<\/p>\n","protected":false},"excerpt":{"rendered":"<p>Les couteaux Beltrame sont fabriqu\u00e9s en Italie depuis 1953. L&rsquo;entreprise a \u00e9t\u00e9 fond\u00e9e par Frank Beltram. Le secret de fabrication de ces couteaux Stiletto fait partie de l&rsquo;histoire de Maniago, transmise de p\u00e8re en fils.<br \/>\n<strong>Fabriqu\u00e9 en Italie.<\/strong><\/p>\n","protected":false},"featured_media":176132,"comment_status":"open","ping_status":"closed","template":"","meta":[],"pwb-brand":[3779],"product_brand":[],"product_cat":[3699,3696],"product_tag":[],"class_list":{"0":"post-325422","1":"product","2":"type-product","3":"status-publish","4":"has-post-thumbnail","6":"pwb-brand-ceinture","7":"product_cat-couteaux-de-tir","8":"product_cat-des-couteaux","10":"first","11":"instock","12":"taxable","13":"shipping-taxable","14":"purchasable","15":"product-type-simple"},"brands":[{"id":3779,"name":"Ceinture","slug":"ceinture"}],"_links":{"self":[{"href":"https:\/\/www.moskito.cz\/fr\/wp-json\/wp\/v2\/product\/325422","targetHints":{"allow":["GET"]}}],"collection":[{"href":"https:\/\/www.moskito.cz\/fr\/wp-json\/wp\/v2\/product"}],"about":[{"href":"https:\/\/www.moskito.cz\/fr\/wp-json\/wp\/v2\/types\/product"}],"replies":[{"embeddable":true,"href":"https:\/\/www.moskito.cz\/fr\/wp-json\/wp\/v2\/comments?post=325422"}],"wp:featuredmedia":[{"embeddable":true,"href":"https:\/\/www.moskito.cz\/fr\/wp-json\/wp\/v2\/media\/176132"}],"wp:attachment":[{"href":"https:\/\/www.moskito.cz\/fr\/wp-json\/wp\/v2\/media?parent=325422"}],"wp:term":[{"taxonomy":"pwb-brand","embeddable":true,"href":"https:\/\/www.moskito.cz\/fr\/wp-json\/wp\/v2\/pwb-brand?post=325422"},{"taxonomy":"product_brand","embeddable":true,"href":"https:\/\/www.moskito.cz\/fr\/wp-json\/wp\/v2\/product_brand?post=325422"},{"taxonomy":"product_cat","embeddable":true,"href":"https:\/\/www.moskito.cz\/fr\/wp-json\/wp\/v2\/product_cat?post=325422"},{"taxonomy":"product_tag","embeddable":true,"href":"https:\/\/www.moskito.cz\/fr\/wp-json\/wp\/v2\/product_tag?post=325422"}],"curies":[{"name":"wp","href":"https:\/\/api.w.org\/{rel}","templated":true}]}}