{"id":325432,"date":"2020-10-21T15:18:43","date_gmt":"2020-10-21T14:18:43","guid":{"rendered":"https:\/\/www.moskito.cz\/produkt\/couteau-de-tir-beltrame-classic-bone-bayonet\/"},"modified":"2025-12-22T16:01:53","modified_gmt":"2025-12-22T15:01:53","slug":"couteau-de-tir-beltrame-classic-bone-bayonet","status":"publish","type":"product","link":"https:\/\/www.moskito.cz\/fr\/produkt\/couteau-de-tir-beltrame-classic-bone-bayonet\/","title":{"rendered":"Beltrame Classic Bone Bayonet 23 cm"},"content":{"rendered":"<div class=\"flex-1 overflow-hidden @container\/thread\">\n<div class=\"h-full\">\n<div class=\"react-scroll-to-bottom--css-quzxw-79elbk h-full\">\n<div class=\"react-scroll-to-bottom--css-quzxw-1n7m0yu\">\n<div class=\"flex flex-col text-sm\">\n<article class=\"w-full scroll-mb-[var(--thread-trailing-height,150px)] text-token-text-primary focus-visible:outline-2 focus-visible:outline-offset-[-4px]\" dir=\"auto\" data-testid=\"conversation-turn-61\" data-scroll-anchor=\"true\">\n<div class=\"m-auto text-base py-[18px] px-3 md:px-4 w-full md:px-5 lg:px-4 xl:px-5\">\n<div class=\"mx-auto flex flex-1 gap-4 text-base md:gap-5 lg:gap-6 md:max-w-3xl\">\n<div class=\"group\/conversation-turn relative flex w-full min-w-0 flex-col agent-turn\">\n<div class=\"flex-col gap-1 md:gap-3\">\n<div class=\"flex max-w-full flex-col flex-grow\">\n<div class=\"min-h-8 text-message flex w-full flex-col items-end gap-2 whitespace-normal break-words text-start [.text-message+&amp;]:mt-5\" dir=\"auto\" data-message-author-role=\"assistant\" data-message-id=\"f710b637-5037-4e50-84e6-4ac6fb6e6e91\" data-message-model-slug=\"gpt-4o-mini\">\n<div class=\"flex w-full flex-col gap-1 empty:hidden first:pt-[3px]\">\n<div class=\"markdown prose w-full break-words dark:prose-invert light\">\n<h1 data-pm-slice=\"1 1 []\">\ud83d\udde1\ufe0f <strong>Couteau d&rsquo;\u00e9jection Beltrame Classic Ba\u00efonnette en os 23 cm &#8211; L&rsquo;\u00e9l\u00e9gance traditionnelle avec le luxe consid\u00e9r\u00e9<\/strong><\/h1>\n<p><strong>Le Beltrame Classic Bone Bayonet 23 cm<\/strong> est un <strong>couteau \u00e0 cran d&rsquo;arr\u00eat italien classique<\/strong> qui se distingue par <strong>son design \u00e9l\u00e9gant et sa qualit\u00e9 de fabrication<\/strong>. Le manche en os v\u00e9ritable conf\u00e8re au couteau un <strong>aspect luxueux<\/strong>, tandis que la <strong>lame \u00e0 ba\u00efonnette en acier inoxydable de pr\u00e9cision<\/strong> garantit des performances fiables. <\/p>\n<h2>\u2728 <strong>Caract\u00e9ristiques principales<\/strong><\/h2>\n<p>\ud83d\udd2a  <strong>La lame :<\/strong> Acier inoxydable <strong>440A<\/strong> &#8211; <strong>r\u00e9sistant \u00e0 la corrosion, facile \u00e0 aiguiser<\/strong><br \/>\n\ud83d\udccf <strong>Longueur de la lame :<\/strong> <strong>10 cm<\/strong> &#8211; <strong>taille pratique et polyvalente<\/strong><br \/>\n\ud83d\udcd0 <strong>Longueur totale :<\/strong> <strong>23 cm<\/strong> &#8211; <strong>compacte mais facile \u00e0 manier<\/strong><br \/>\n\u2696\ufe0f <strong>Poids :<\/strong> env. <strong>140 g<\/strong> &#8211;          <strong>l\u00e9ger et \u00e9quilibr\u00e9 pour une utilisation confortable<\/strong><br \/>\n\ud83d\udd04 <strong>M\u00e9canisme :<\/strong> bouton lat\u00e9ral &#8211; <strong>ouverture rapide et fiable<\/strong><br \/>\n\ud83d\udd17 <strong>S\u00e9curit\u00e9 :<\/strong> s\u00e9curit\u00e9 dorsale &#8211; <strong>assure un transport et une manipulation s\u00fbrs<\/strong><br \/>\n\ud83c\udfa8 <strong>Poign\u00e9e :<\/strong> en os v\u00e9ritable       <strong>luxueux, solide et durable<\/strong><\/p>\n<h2>\ud83d\udccc <strong>Utilisation<\/strong><\/h2>\n<p>\u2705  <strong>Pi\u00e8ce de collection classique<\/strong> &#8211; convient aux amateurs de couteaux italiens traditionnels<br \/>\n\u2705  <strong>Accessoire pratique et \u00e9l\u00e9gant<\/strong> &#8211; id\u00e9al pour la vie de tous les jours<br \/>\n\u2705  <strong>M\u00e9canisme d&rsquo;\u00e9jection fiable<\/strong> &#8211; utilisation rapide et pratique<\/p>\n<h2>\ud83d\udd27 <strong>Entretien et meulage<\/strong><\/h2>\n<p>\ud83e\uddfc <strong>Nettoyage :<\/strong> apr\u00e8s utilisation, essuyez la lame avec un <strong>chiffon sec<\/strong> et lubrifiez r\u00e9guli\u00e8rement le m\u00e9canisme.<br \/>\n\ud83e\ude92 A <strong>ff\u00fbtage :<\/strong> Il est recommand\u00e9 d&rsquo;utiliser des <strong>meules en c\u00e9ramique ou en diamant<\/strong> pour maintenir le tranchant.<br \/>\n\ud83c\udf21\ufe0f <strong>Stockage :<\/strong> stocker dans un <strong>environnement sec<\/strong> pour pr\u00e9server la qualit\u00e9 des mat\u00e9riaux.  <\/p>\n<h2>\u2705 <strong>Avantages<\/strong><\/h2>\n<p>\u2714\ufe0f <strong>Aspect luxueux<\/strong> &#8211; l&rsquo;os v\u00e9ritable conf\u00e8re au couteau <strong>\u00e9l\u00e9gance et caract\u00e8re unique<\/strong><br \/>\n\u2714\ufe0f <strong>Lame en acier inoxydable durable<\/strong> &#8211; entretien facile et longue dur\u00e9e de vie<br \/>\n\u2714\ufe0f <strong>M\u00e9canisme rapide et fiable<\/strong> &#8211; ouverture instantan\u00e9e par simple pression d&rsquo;un bouton<br \/>\n\u2714\ufe0f <strong>L\u00e9ger et compact<\/strong>, il est id\u00e9al pour \u00eatre transport\u00e9 et pr\u00e9sent\u00e9 dans une collection. <\/p>\n<h2>\u274c <strong>Inconv\u00e9nients<\/strong><\/h2>\n<p>\u2757 <strong>Poign\u00e9e en os droit<\/strong> &#8211; peut \u00eatre plus sensible \u00e0 l&rsquo;humidit\u00e9 et aux chocs<br \/>\n\u2757 <strong>Pas con\u00e7u pour un usage intensif<\/strong> &#8211; plus adapt\u00e9 \u00e0 un couteau \u00e9l\u00e9gant qu&rsquo;\u00e0 un outil de travail<br \/>\n\u2757 <strong>N\u00e9cessite un entretien r\u00e9gulier<\/strong> &#8211; lubrification et nettoyage du m\u00e9canisme pour une fonctionnalit\u00e9 \u00e0 long terme. <\/p>\n<h2>\ud83d\udd1a <strong>Conclusion<\/strong><\/h2>\n<p><strong>La ba\u00efonnette Beltrame Classic Bone 23 cm<\/strong> est un <strong>couteau \u00e0 cran d&rsquo;arr\u00eat exceptionnel<\/strong> qui <strong>allie la qualit\u00e9 italienne traditionnelle \u00e0 des mat\u00e9riaux de luxe<\/strong>. Elle est id\u00e9ale pour les collectionneurs, les amateurs de couteaux et ceux qui veulent <strong>un couteau \u00e9l\u00e9gant et styl\u00e9 avec une touche historique.<\/strong> <\/p>\n<p><strong>\ud83d\udce2 Commandez maintenant et ajoutez une pi\u00e8ce de la vraie tradition italienne \u00e0 votre collection !<\/strong> \ud83d\uded2<\/p>\n<\/div>\n<\/div>\n<\/div>\n<\/div>\n<\/div>\n<\/div>\n<\/div>\n<\/div>\n<\/article>\n<\/div>\n<\/div>\n<\/div>\n<\/div>\n<\/div>\n","protected":false},"excerpt":{"rendered":"<p><strong>La ba\u00efonnette Beltrame Classic Bone 23 cm est un couteau \u00e0 cran d&rsquo;arr\u00eat exceptionnel qui allie la qualit\u00e9 italienne traditionnelle \u00e0 des mat\u00e9riaux de luxe. Elle est id\u00e9ale pour les collectionneurs, les amateurs de couteaux et ceux qui veulent un couteau \u00e9l\u00e9gant et styl\u00e9 avec une touche historique. <\/strong><\/p>\n","protected":false},"featured_media":176147,"comment_status":"open","ping_status":"closed","template":"","meta":[],"pwb-brand":[3779],"product_brand":[],"product_cat":[3699,3696],"product_tag":[],"class_list":{"0":"post-325432","1":"product","2":"type-product","3":"status-publish","4":"has-post-thumbnail","6":"pwb-brand-ceinture","7":"product_cat-couteaux-de-tir","8":"product_cat-des-couteaux","10":"first","11":"instock","12":"taxable","13":"shipping-taxable","14":"purchasable","15":"product-type-simple"},"brands":[{"id":3779,"name":"Ceinture","slug":"ceinture"}],"_links":{"self":[{"href":"https:\/\/www.moskito.cz\/fr\/wp-json\/wp\/v2\/product\/325432","targetHints":{"allow":["GET"]}}],"collection":[{"href":"https:\/\/www.moskito.cz\/fr\/wp-json\/wp\/v2\/product"}],"about":[{"href":"https:\/\/www.moskito.cz\/fr\/wp-json\/wp\/v2\/types\/product"}],"replies":[{"embeddable":true,"href":"https:\/\/www.moskito.cz\/fr\/wp-json\/wp\/v2\/comments?post=325432"}],"wp:featuredmedia":[{"embeddable":true,"href":"https:\/\/www.moskito.cz\/fr\/wp-json\/wp\/v2\/media\/176147"}],"wp:attachment":[{"href":"https:\/\/www.moskito.cz\/fr\/wp-json\/wp\/v2\/media?parent=325432"}],"wp:term":[{"taxonomy":"pwb-brand","embeddable":true,"href":"https:\/\/www.moskito.cz\/fr\/wp-json\/wp\/v2\/pwb-brand?post=325432"},{"taxonomy":"product_brand","embeddable":true,"href":"https:\/\/www.moskito.cz\/fr\/wp-json\/wp\/v2\/product_brand?post=325432"},{"taxonomy":"product_cat","embeddable":true,"href":"https:\/\/www.moskito.cz\/fr\/wp-json\/wp\/v2\/product_cat?post=325432"},{"taxonomy":"product_tag","embeddable":true,"href":"https:\/\/www.moskito.cz\/fr\/wp-json\/wp\/v2\/product_tag?post=325432"}],"curies":[{"name":"wp","href":"https:\/\/api.w.org\/{rel}","templated":true}]}}