{"id":325478,"date":"2023-09-28T16:00:03","date_gmt":"2024-04-05T09:25:07","guid":{"rendered":"https:\/\/www.moskito.cz\/produkt\/couteau-de-fermeture-crkt-allumeur-assiste-6885\/"},"modified":"2025-05-07T11:08:22","modified_gmt":"2025-05-07T10:08:22","slug":"couteau-de-fermeture-crkt-allumeur-assiste-6885","status":"publish","type":"product","link":"https:\/\/www.moskito.cz\/fr\/produkt\/couteau-de-fermeture-crkt-allumeur-assiste-6885\/","title":{"rendered":"Couteau de fermeture CRKT Allumeur assist\u00e9 6885"},"content":{"rendered":"<p>Couteau de fermeture <strong>CRKT<\/strong> Allumeur assist\u00e9 6885<\/p>\n<p>La combinaison parfaite de forme et de fonction.<\/p>\n<p>L&rsquo;Ignitor\u2122 est construit sur le m\u00eame cadre \u00e9l\u00e9gant que la version standard, avec une sensation profonde au doigt et une t\u00eate apaisante qui se sent parfaitement \u00e0 l&rsquo;aise dans votre main. Mais la nouvelle it\u00e9ration ajoute encore plus de polyvalence. Il utilise toujours l&rsquo;ouverture rapide assist\u00e9e, les roulements IKBS lisses et l&rsquo;acier \u00e0 haute teneur en carbone facile \u00e0 aff\u00fbter, mais la lame \u00e0 point de chute de 3,5 pouces est d\u00e9sormais recouverte d&rsquo;un rev\u00eatement pour r\u00e9sister \u00e0 la corrosion et est dot\u00e9e de Veff Serrations\u2122 pour couper les cordes et autres fibres. mat\u00e9riel.<\/p>\n<p>Ouverture assist\u00e9e : Flipper d\u00e9plie rapidement la lame<br \/>\nExtr\u00eamement tranchant : Veff Serrations\u2122 offre d&rsquo;excellentes performances de coupe pour les cordes et les sangles<br \/>\nAff\u00fbtage facile&nbsp;: la lame en acier inoxydable \u00e0 haute teneur en carbone maintient bien le tranchant<br \/>\nOuverture en douceur : L&rsquo;axe \u00e0 roulement \u00e0 billes IKBS\u2122 d\u00e9ploie la lame en douceur<br \/>\nProtection am\u00e9lior\u00e9e&nbsp;: le rev\u00eatement noir am\u00e9liore la r\u00e9sistance \u00e0 la corrosion<br \/>\nAdh\u00e9rence exceptionnelle : La poign\u00e9e G10 offre une adh\u00e9rence exceptionnelle dans toutes les conditions<\/p>\n<p>D\u00e9tails de la lame<\/p>\n<p>Lame en acier 8Cr13MoV<br \/>\nBord de lame Veff Serrations\u2122<br \/>\nTraitement de surface oxyde de la lame<\/p>\n<p>Longueur de la lame : 8,82 cm<br \/>\n\u00c9paisseur de la lame : 0,26 cm<br \/>\nLongueur totale : 19,52 cm<br \/>\nLongueur ferm\u00e9 : 10,82 cm<br \/>\nPoids : 102,06 g<\/p>\n<p>Mat\u00e9riau du manche G10<br \/>\nCouteau pliant \u00e9l\u00e9gant avec support Liner Lock<\/p>\n<p>&nbsp;<\/p>\n","protected":false},"excerpt":{"rendered":"<p><strong>DesignerKen SteigerwaltOrangeville, Pennsylvanie.<\/strong><\/p>\n<p><strong>Depuis son enfance, lorsque Ken avait besoin d&rsquo;un couteau, il en fabriquait simplement un. Son premier a \u00e9t\u00e9 construit \u00e0 partir d\u2019une lame de scie sur la table de la cuisine \u00e0 l\u2019aide d\u2019un \u00e9tau, de limes et de papier de verre. Inutile de dire qu&rsquo;il a entrepris de cr\u00e9er des couteaux encore meilleurs, ce qui lui a valu 11 prix Blade Show au cours de sept ann\u00e9es cons\u00e9cutives, dont deux prix pour la meilleure planche pliante et un pour la meilleure planche pliante de l&rsquo;ann\u00e9e. Il a \u00e9galement collabor\u00e9 \u00e0 la conception de l&rsquo;innovation de s\u00e9curit\u00e9 brevet\u00e9e Fire Safe\u00ae utilis\u00e9e sur de nombreuses lames CRKT\u00ae.<\/strong><\/p>\n<p>&nbsp;<\/p>\n","protected":false},"featured_media":325479,"comment_status":"open","ping_status":"closed","template":"","meta":[],"pwb-brand":[3762],"product_brand":[],"product_cat":[3700,3696],"product_tag":[3754],"class_list":{"0":"post-325478","1":"product","2":"type-product","3":"status-publish","4":"has-post-thumbnail","6":"pwb-brand-crkt-fr","7":"product_cat-couteaux-de-fermeture","8":"product_cat-des-couteaux","9":"product_tag-b2b-fr","11":"first","12":"instock","13":"taxable","14":"shipping-taxable","15":"purchasable","16":"product-type-simple"},"brands":[{"id":3762,"name":"CRKT","slug":"crkt-fr"}],"_links":{"self":[{"href":"https:\/\/www.moskito.cz\/fr\/wp-json\/wp\/v2\/product\/325478","targetHints":{"allow":["GET"]}}],"collection":[{"href":"https:\/\/www.moskito.cz\/fr\/wp-json\/wp\/v2\/product"}],"about":[{"href":"https:\/\/www.moskito.cz\/fr\/wp-json\/wp\/v2\/types\/product"}],"replies":[{"embeddable":true,"href":"https:\/\/www.moskito.cz\/fr\/wp-json\/wp\/v2\/comments?post=325478"}],"wp:featuredmedia":[{"embeddable":true,"href":"https:\/\/www.moskito.cz\/fr\/wp-json\/wp\/v2\/media\/325479"}],"wp:attachment":[{"href":"https:\/\/www.moskito.cz\/fr\/wp-json\/wp\/v2\/media?parent=325478"}],"wp:term":[{"taxonomy":"pwb-brand","embeddable":true,"href":"https:\/\/www.moskito.cz\/fr\/wp-json\/wp\/v2\/pwb-brand?post=325478"},{"taxonomy":"product_brand","embeddable":true,"href":"https:\/\/www.moskito.cz\/fr\/wp-json\/wp\/v2\/product_brand?post=325478"},{"taxonomy":"product_cat","embeddable":true,"href":"https:\/\/www.moskito.cz\/fr\/wp-json\/wp\/v2\/product_cat?post=325478"},{"taxonomy":"product_tag","embeddable":true,"href":"https:\/\/www.moskito.cz\/fr\/wp-json\/wp\/v2\/product_tag?post=325478"}],"curies":[{"name":"wp","href":"https:\/\/api.w.org\/{rel}","templated":true}]}}