{"id":325503,"date":"2022-09-08T21:22:49","date_gmt":"2024-04-05T09:32:42","guid":{"rendered":"https:\/\/www.moskito.cz\/produkt\/couteau-de-fermeture-crkt-tuna-2520\/"},"modified":"2025-05-07T11:08:23","modified_gmt":"2025-05-07T10:08:23","slug":"couteau-de-fermeture-crkt-tuna-2520","status":"publish","type":"product","link":"https:\/\/www.moskito.cz\/fr\/produkt\/couteau-de-fermeture-crkt-tuna-2520\/","title":{"rendered":"Couteau de fermeture CRKT TUNA 2520"},"content":{"rendered":"<div class=\"flex-1 overflow-hidden @container\/thread\">\n<div class=\"h-full\">\n<div class=\"react-scroll-to-bottom--css-vxybp-79elbk h-full\">\n<div class=\"react-scroll-to-bottom--css-vxybp-1n7m0yu\">\n<div class=\"flex flex-col text-sm\">\n<article class=\"w-full scroll-mb-[var(--thread-trailing-height,150px)] text-token-text-primary focus-visible:outline-2 focus-visible:outline-offset-[-4px]\" dir=\"auto\" data-testid=\"conversation-turn-161\" data-scroll-anchor=\"true\">\n<div class=\"m-auto text-base py-[18px] px-3 md:px-4 w-full md:px-5 lg:px-4 xl:px-5\">\n<div class=\"mx-auto flex flex-1 gap-4 text-base md:gap-5 lg:gap-6 md:max-w-3xl\">\n<div class=\"group\/conversation-turn relative flex w-full min-w-0 flex-col agent-turn\">\n<div class=\"flex-col gap-1 md:gap-3\">\n<div class=\"flex max-w-full flex-col flex-grow\">\n<div class=\"min-h-8 text-message flex w-full flex-col items-end gap-2 whitespace-normal break-words text-start [.text-message+&amp;]:mt-5\" dir=\"auto\" data-message-author-role=\"assistant\" data-message-id=\"e43aa1d9-bf93-4e77-bebd-c49e91292557\" data-message-model-slug=\"gpt-4o-mini\">\n<div class=\"flex w-full flex-col gap-1 empty:hidden first:pt-[3px]\">\n<div class=\"markdown prose w-full break-words dark:prose-invert light\">\n<p><strong>Le couteau pliant CRKT TUNA 2520<\/strong> est con\u00e7u pour combiner <strong>des performances exceptionnelles<\/strong> , <strong>une r\u00e9sistance<\/strong> et <strong>un design \u00e9l\u00e9gant<\/strong> . Avec sa <strong>lame solide<\/strong> , <strong>son manche ergonomique<\/strong> et <strong>son ouverture facile<\/strong> , ce couteau est id\u00e9al pour un usage quotidien (EDC) ainsi que pour des t\u00e2ches plus exigeantes. <\/p>\n<h3>Principales caract\u00e9ristiques et avantages :<\/h3>\n<ol>\n<li><strong>Lame puissante<\/strong> :\n<ul>\n<li><strong>Longueur de la lame<\/strong> : 81,81 mm (3,22&Prime;) &#8211; Taille optimale pour les t\u00e2ches quotidiennes telles que la d\u00e9coupe d&#8217;emballages, de carton ou de corde.<\/li>\n<li><strong>Acier<\/strong> : <strong>8Cr14MoV<\/strong> \u2013 Ce mat\u00e9riau est connu pour sa <strong>r\u00e9sistance \u00e0 l\u2019usure<\/strong> et <strong>sa bonne conservation du tranchant<\/strong> . Il offre \u00e9galement <strong>une r\u00e9sistance \u00e0 la corrosion<\/strong> , ce qui le rend id\u00e9al pour une utilisation quotidienne. <\/li>\n<li><strong>Finition de surface<\/strong> : <strong>Stonewash<\/strong> \u2013 Aspect mat avec tr\u00e8s faible visibilit\u00e9 des rayures et entretien facile.<\/li>\n<\/ul>\n<\/li>\n<li><strong>Ouverture rapide<\/strong> :\n<ul>\n<li><strong>Le bouton-poussoir<\/strong> permet <strong>une ouverture rapide et facile d&rsquo;une seule main<\/strong> . Cette fonction vous permet d&rsquo;ouvrir le couteau en un seul mouvement, ce qui augmente l&rsquo;efficacit\u00e9 lorsque vous n&rsquo;avez qu&rsquo;une seule main libre. <\/li>\n<\/ul>\n<\/li>\n<li><strong>Antivol de cadre robuste<\/strong> :\n<ul>\n<li><strong>Le verrouillage du cadre<\/strong> avec <strong>un boulon solide<\/strong> assure <strong>une stabilit\u00e9 incroyable de la lame<\/strong> pendant l&rsquo;utilisation. Ce verrou est tr\u00e8s fiable et s\u00e9curis\u00e9, ce qui le rend id\u00e9al pour <strong>les t\u00e2ches lourdes<\/strong> . <\/li>\n<\/ul>\n<\/li>\n<li><strong>Poign\u00e9e ergonomique<\/strong> :\n<ul>\n<li><strong>Le manche<\/strong> est en <strong>G10<\/strong> et en <strong>acier inoxydable<\/strong> , ce qui garantit <strong>une adh\u00e9rence \u00e9lev\u00e9e<\/strong> m\u00eame dans des conditions difficiles (environnements humides ou glissants).<\/li>\n<li><strong>Le G10<\/strong> offre une prise en main confortable et s\u00fbre qui reste stable m\u00eame en cas d&rsquo;utilisation intensive.<\/li>\n<\/ul>\n<\/li>\n<li><strong>Conception compacte et pratique<\/strong> :\n<ul>\n<li><strong>Longueur totale<\/strong> : 195,28 mm (7,69&Prime;) &#8211; Taille compacte suffisamment grande pour la plupart des t\u00e2ches, mais se glisse facilement dans une poche.<\/li>\n<li><strong>Longueur ferm\u00e9e<\/strong> : 113,92 mm (4,49&Prime;) &#8211; Id\u00e9al pour le transport quotidien, le couteau est suffisamment petit pour ne pas g\u00eaner lors du transport, mais offre n\u00e9anmoins beaucoup de force et de puissance.<\/li>\n<li><strong>Poids<\/strong> : 104,89 g (3,70 oz) \u2013 Avec ce poids, le couteau est <strong>suffisamment solide<\/strong> pour le travail, mais suffisamment l\u00e9ger pour \u00eatre transport\u00e9 confortablement toute la journ\u00e9e.<\/li>\n<\/ul>\n<\/li>\n<\/ol>\n<h3>Caract\u00e9ristiques:<\/h3>\n<ul>\n<li><strong>Longueur de la lame<\/strong> : 81,81 mm (3,22&Prime;)<\/li>\n<li><strong>Tranchant de la lame<\/strong> : lisse<\/li>\n<li><strong>Mat\u00e9riau de la lame<\/strong> : acier 8Cr14MoV<\/li>\n<li><strong>Traitement de surface de la lame<\/strong> : Stonewash<\/li>\n<li><strong>\u00c9paisseur de la lame<\/strong> : 3,68 mm (0,15&Prime;)<\/li>\n<li><strong>Longueur totale<\/strong> : 195,28 mm (7,69&Prime;)<\/li>\n<li><strong>Longueur ferm\u00e9e<\/strong> : 113,92 mm (4,49&Prime;)<\/li>\n<li><strong>Poids<\/strong> : 104,89 g (3,70 oz)<\/li>\n<li><strong>Manche<\/strong> : G10 | Acier inoxydable<\/li>\n<li><strong>M\u00e9canisme<\/strong> : Couteau pliant avec verrouillage du cadre<\/li>\n<\/ul>\n<h3>Utilisation appropri\u00e9e :<\/h3>\n<ul>\n<li><strong>Transport quotidien (EDC)<\/strong> : <strong>L&rsquo;ouverture rapide<\/strong> et <strong>la durabilit\u00e9<\/strong> le rendent id\u00e9al pour les t\u00e2ches courantes telles que la d\u00e9coupe, l&rsquo;ouverture de colis ou la coupe de cordes.<\/li>\n<li><strong>Ext\u00e9rieur et aventure<\/strong> : <strong>le manche en G10<\/strong> offre <strong>une excellente adh\u00e9rence<\/strong> dans des conditions difficiles et <strong>la lame durable<\/strong> peut g\u00e9rer des t\u00e2ches plus difficiles comme le travail du bois ou la pr\u00e9paration des aliments.<\/li>\n<li><strong>Utilisation tactique<\/strong> : <strong>Le verrouillage du cadre<\/strong> et <strong>la lame robuste<\/strong> rendent ce couteau adapt\u00e9 aux sc\u00e9narios tactiques ou d&rsquo;autod\u00e9fense.<\/li>\n<\/ul>\n<h3>R\u00e9sum\u00e9:<\/h3>\n<p><strong>Le CRKT Tuna 2520<\/strong> est un <strong>couteau pliant hautement fonctionnel et \u00e9l\u00e9gant<\/strong> qui combine <strong>d&rsquo;excellentes fonctionnalit\u00e9s<\/strong> pour un transport quotidien avec des performances et <strong>une durabilit\u00e9<\/strong> <strong>\u00e9lev\u00e9es<\/strong> . Dot\u00e9 <strong>d&rsquo;un manche en G10<\/strong> , <strong>d&rsquo;un verrouillage du cadre<\/strong> , <strong>d&rsquo;une ouverture facile<\/strong> et <strong>d&rsquo;une lame robuste,<\/strong> c&rsquo;est l&rsquo;outil id\u00e9al pour tous ceux qui recherchent un <strong>couteau<\/strong> <strong>fiable<\/strong> et polyvalent pour les t\u00e2ches quotidiennes ou les activit\u00e9s de plein air. <\/p>\n<\/div>\n<\/div>\n<\/div>\n<\/div>\n<div class=\"mb-2 flex gap-3 empty:hidden -ml-2\">\n<div class=\"items-center justify-start rounded-xl p-1 flex\">\n<div class=\"flex items-center\"><\/div>\n<\/div>\n<\/div>\n<\/div>\n<\/div>\n<\/div>\n<\/div>\n<\/article>\n<\/div>\n<\/div>\n<\/div>\n<\/div>\n<\/div>\n<div class=\"md:pt-0 dark:border-white\/20 md:border-transparent md:dark:border-transparent w-full\">\n<div>\n<div class=\"m-auto text-base px-3 md:px-4 w-full md:px-5 lg:px-4 xl:px-5\">\n<div class=\"mx-auto flex flex-1 gap-4 text-base md:gap-5 lg:gap-6 md:max-w-3xl\">\n<div class=\"flex justify-center\"><\/div>\n<\/div>\n<\/div>\n<\/div>\n<\/div>\n","protected":false},"excerpt":{"rendered":"<div class=\"flex-1 overflow-hidden @container\/thread\">\n<div class=\"h-full\">\n<div class=\"react-scroll-to-bottom--css-vxybp-79elbk h-full\">\n<div class=\"react-scroll-to-bottom--css-vxybp-1n7m0yu\">\n<div class=\"flex flex-col text-sm\">\n<article class=\"w-full scroll-mb-[var(--thread-trailing-height,150px)] text-token-text-primary focus-visible:outline-2 focus-visible:outline-offset-[-4px]\" dir=\"auto\" data-testid=\"conversation-turn-161\" data-scroll-anchor=\"true\">\n<div class=\"m-auto text-base py-[18px] px-3 md:px-4 w-full md:px-5 lg:px-4 xl:px-5\">\n<div class=\"mx-auto flex flex-1 gap-4 text-base md:gap-5 lg:gap-6 md:max-w-3xl\">\n<div class=\"group\/conversation-turn relative flex w-full min-w-0 flex-col agent-turn\">\n<div class=\"flex-col gap-1 md:gap-3\">\n<div class=\"flex max-w-full flex-col flex-grow\">\n<div class=\"min-h-8 text-message flex w-full flex-col items-end gap-2 whitespace-normal break-words text-start [.text-message+&amp;]:mt-5\" dir=\"auto\" data-message-author-role=\"assistant\" data-message-id=\"e43aa1d9-bf93-4e77-bebd-c49e91292557\" data-message-model-slug=\"gpt-4o-mini\">\n<div class=\"flex w-full flex-col gap-1 empty:hidden first:pt-[3px]\">\n<div class=\"markdown prose w-full break-words dark:prose-invert light\">\n<p><strong>Le CRKT Tuna 2520 est un couteau pliant hautement fonctionnel et \u00e9l\u00e9gant qui combine d&rsquo;excellentes fonctionnalit\u00e9s pour un transport quotidien avec des performances et une durabilit\u00e9 \u00e9lev\u00e9es. Dot\u00e9 d&rsquo;un manche en G10, d&rsquo;un verrouillage du cadre, d&rsquo;une ouverture facile et d&rsquo;une lame robuste, c&rsquo;est l&rsquo;outil id\u00e9al pour tous ceux qui recherchent un couteau fiable et polyvalent pour les t\u00e2ches quotidiennes ou les activit\u00e9s de plein air. <\/strong><\/p>\n<\/div>\n<\/div>\n<\/div>\n<\/div>\n<div class=\"mb-2 flex gap-3 empty:hidden -ml-2\">\n<div class=\"items-center justify-start rounded-xl p-1 flex\">\n<div class=\"flex items-center\"><\/div>\n<\/div>\n<\/div>\n<\/div>\n<\/div>\n<\/div>\n<\/div>\n<\/article>\n<\/div>\n<\/div>\n<\/div>\n<\/div>\n<\/div>\n<div class=\"md:pt-0 dark:border-white\/20 md:border-transparent md:dark:border-transparent w-full\">\n<div>\n<div class=\"m-auto text-base px-3 md:px-4 w-full md:px-5 lg:px-4 xl:px-5\">\n<div class=\"mx-auto flex flex-1 gap-4 text-base md:gap-5 lg:gap-6 md:max-w-3xl\">\n<div class=\"flex justify-center\"><\/div>\n<\/div>\n<\/div>\n<\/div>\n<\/div>\n","protected":false},"featured_media":325504,"comment_status":"open","ping_status":"closed","template":"","meta":[],"pwb-brand":[3762],"product_brand":[],"product_cat":[3700,3696],"product_tag":[3754],"class_list":{"0":"post-325503","1":"product","2":"type-product","3":"status-publish","4":"has-post-thumbnail","6":"pwb-brand-crkt-fr","7":"product_cat-couteaux-de-fermeture","8":"product_cat-des-couteaux","9":"product_tag-b2b-fr","11":"first","12":"instock","13":"sale","14":"taxable","15":"shipping-taxable","16":"purchasable","17":"product-type-simple"},"brands":[{"id":3762,"name":"CRKT","slug":"crkt-fr"}],"_links":{"self":[{"href":"https:\/\/www.moskito.cz\/fr\/wp-json\/wp\/v2\/product\/325503","targetHints":{"allow":["GET"]}}],"collection":[{"href":"https:\/\/www.moskito.cz\/fr\/wp-json\/wp\/v2\/product"}],"about":[{"href":"https:\/\/www.moskito.cz\/fr\/wp-json\/wp\/v2\/types\/product"}],"replies":[{"embeddable":true,"href":"https:\/\/www.moskito.cz\/fr\/wp-json\/wp\/v2\/comments?post=325503"}],"wp:featuredmedia":[{"embeddable":true,"href":"https:\/\/www.moskito.cz\/fr\/wp-json\/wp\/v2\/media\/325504"}],"wp:attachment":[{"href":"https:\/\/www.moskito.cz\/fr\/wp-json\/wp\/v2\/media?parent=325503"}],"wp:term":[{"taxonomy":"pwb-brand","embeddable":true,"href":"https:\/\/www.moskito.cz\/fr\/wp-json\/wp\/v2\/pwb-brand?post=325503"},{"taxonomy":"product_brand","embeddable":true,"href":"https:\/\/www.moskito.cz\/fr\/wp-json\/wp\/v2\/product_brand?post=325503"},{"taxonomy":"product_cat","embeddable":true,"href":"https:\/\/www.moskito.cz\/fr\/wp-json\/wp\/v2\/product_cat?post=325503"},{"taxonomy":"product_tag","embeddable":true,"href":"https:\/\/www.moskito.cz\/fr\/wp-json\/wp\/v2\/product_tag?post=325503"}],"curies":[{"name":"wp","href":"https:\/\/api.w.org\/{rel}","templated":true}]}}