{"id":325620,"date":"2023-10-03T16:17:41","date_gmt":"2024-04-05T09:42:33","guid":{"rendered":"https:\/\/www.moskito.cz\/produkt\/couteau-de-fermeture-crkt-kalbi-7540\/"},"modified":"2025-05-07T11:08:26","modified_gmt":"2025-05-07T10:08:26","slug":"couteau-de-fermeture-crkt-kalbi-7540","status":"publish","type":"product","link":"https:\/\/www.moskito.cz\/fr\/produkt\/couteau-de-fermeture-crkt-kalbi-7540\/","title":{"rendered":"Couteau de fermeture CRKT Kalbi 7540"},"content":{"rendered":"<p>Couteau de fermeture <strong>CRKT<\/strong> Kalbi 7540<\/p>\n<p>Evolution quotidienne.<\/p>\n<p>Membre de la famille Crossbones, le Kalbi est un couteau polyvalent de tous les jours qui a \u00e9t\u00e9 am\u00e9lior\u00e9 avec une lame japonaise Acuto 440 pour une meilleure r\u00e9tention des bords. Le design pratique et \u00e9l\u00e9gant du Crossbones revient, maintenant avec un manche en aluminium bleu incomparable qui distingue ce couteau comme quelque chose de sp\u00e9cial.<\/p>\n<p>Performances am\u00e9lior\u00e9es : l\u2019Acuto 440 tient bien le bord<br \/>\nOuverture en douceur : L&rsquo;axe \u00e0 roulement \u00e0 billes IKBS\u2122 d\u00e9ploie la lame en douceur<br \/>\nSolide et l\u00e9ger : la poign\u00e9e en aluminium allie r\u00e9sistance et poids minimal<br \/>\nFermeture facile : le verrou d&rsquo;insertion peut \u00eatre facilement ferm\u00e9 d&rsquo;une seule main<br \/>\nProfil bas&nbsp;: le clip de poche assure un transport s\u00e9curis\u00e9<br \/>\nOptions d&rsquo;accessoires&nbsp;: Trou pour cordon pour porte-cl\u00e9s ou pendentif<\/p>\n<p>Lame en acier Acuto 440<br \/>\nBord de lame uni<br \/>\nTraitement de surface de la lame satin\u00e9e<\/p>\n<p>Longueur de la lame : 8,33 cm<br \/>\n\u00c9paisseur de la lame : 0,26 cm<br \/>\nLongueur totale : 18,57 cm<br \/>\nLongueur ferm\u00e9 : 10,21 cm<br \/>\nPoids : 56,70 g<\/p>\n<p>Mat\u00e9riau du manche en aluminium<br \/>\nCouteau pliant \u00e9l\u00e9gant avec Liner Lock<\/p>\n<p><iframe title=\"CRKT Kalbi | Jeff Park Design\" width=\"800\" height=\"450\" src=\"https:\/\/www.youtube.com\/embed\/rBeyUWLRsMA?feature=oembed\" frameborder=\"0\" allow=\"accelerometer; autoplay; clipboard-write; encrypted-media; gyroscope; picture-in-picture; web-share\" referrerpolicy=\"strict-origin-when-cross-origin\" allowfullscreen><\/iframe><\/p>\n<p>&nbsp;<\/p>\n<p>&nbsp;<\/p>\n<p>&nbsp;<\/p>\n","protected":false},"excerpt":{"rendered":"<p><strong>DesignerJeff Park Mililani, Hawa\u00ef<\/strong><\/p>\n<p><strong>Un jour fatidique de 2005, il est entr\u00e9 dans le magasin Ken Onion \u00e0 Kaneohe, \u00e0 Hawa\u00ef, et n&rsquo;en est jamais reparti. Eh bien, ce n&rsquo;est pas tout \u00e0 fait vrai, mais il a certainement impressionn\u00e9 un coutelier de classe mondiale et a appris une chose ou deux en cours de route. Jeff Park est une personne soucieuse du d\u00e9tail, et nous entendons par l\u00e0 un perfectionniste absolu, ce qui se voit dans ses cr\u00e9ations simples mais impeccables. C&rsquo;est un artiste au sens le plus fondamental du terme : la forme suit la fonction, et ses couteaux refl\u00e8tent une compr\u00e9hension remarquable des deux.<\/strong><\/p>\n<p>&nbsp;<\/p>\n","protected":false},"featured_media":325622,"comment_status":"open","ping_status":"closed","template":"","meta":[],"pwb-brand":[3762],"product_brand":[],"product_cat":[3700,3696],"product_tag":[3754],"class_list":{"0":"post-325620","1":"product","2":"type-product","3":"status-publish","4":"has-post-thumbnail","6":"pwb-brand-crkt-fr","7":"product_cat-couteaux-de-fermeture","8":"product_cat-des-couteaux","9":"product_tag-b2b-fr","11":"first","12":"instock","13":"taxable","14":"shipping-taxable","15":"purchasable","16":"product-type-simple"},"brands":[{"id":3762,"name":"CRKT","slug":"crkt-fr"}],"_links":{"self":[{"href":"https:\/\/www.moskito.cz\/fr\/wp-json\/wp\/v2\/product\/325620","targetHints":{"allow":["GET"]}}],"collection":[{"href":"https:\/\/www.moskito.cz\/fr\/wp-json\/wp\/v2\/product"}],"about":[{"href":"https:\/\/www.moskito.cz\/fr\/wp-json\/wp\/v2\/types\/product"}],"replies":[{"embeddable":true,"href":"https:\/\/www.moskito.cz\/fr\/wp-json\/wp\/v2\/comments?post=325620"}],"wp:featuredmedia":[{"embeddable":true,"href":"https:\/\/www.moskito.cz\/fr\/wp-json\/wp\/v2\/media\/325622"}],"wp:attachment":[{"href":"https:\/\/www.moskito.cz\/fr\/wp-json\/wp\/v2\/media?parent=325620"}],"wp:term":[{"taxonomy":"pwb-brand","embeddable":true,"href":"https:\/\/www.moskito.cz\/fr\/wp-json\/wp\/v2\/pwb-brand?post=325620"},{"taxonomy":"product_brand","embeddable":true,"href":"https:\/\/www.moskito.cz\/fr\/wp-json\/wp\/v2\/product_brand?post=325620"},{"taxonomy":"product_cat","embeddable":true,"href":"https:\/\/www.moskito.cz\/fr\/wp-json\/wp\/v2\/product_cat?post=325620"},{"taxonomy":"product_tag","embeddable":true,"href":"https:\/\/www.moskito.cz\/fr\/wp-json\/wp\/v2\/product_tag?post=325620"}],"curies":[{"name":"wp","href":"https:\/\/api.w.org\/{rel}","templated":true}]}}