{"id":325695,"date":"2022-09-26T19:44:46","date_gmt":"2024-04-05T09:45:50","guid":{"rendered":"https:\/\/www.moskito.cz\/produkt\/couteau-de-fermeture-crkt-fossil-compact-5460\/"},"modified":"2025-05-07T11:08:29","modified_gmt":"2025-05-07T10:08:29","slug":"couteau-de-fermeture-crkt-fossil-compact-5460","status":"publish","type":"product","link":"https:\/\/www.moskito.cz\/fr\/produkt\/couteau-de-fermeture-crkt-fossil-compact-5460\/","title":{"rendered":"Couteau de fermeture CRKT FOSSIL COMPACT 5460"},"content":{"rendered":"<p>Couteau de fermeture <strong>CRKT<\/strong> FOSSIL COMPACT 5460.<\/p>\n<p>Tous vos autres couteaux \u00e9l\u00e9gants dispara\u00eetront.<\/p>\n<p>C&rsquo;est un couteau qui rappelle une autre \u00e9poque. Mais avec une poign\u00e9e forg\u00e9e bicolore et un syst\u00e8me de broches \u00e0 roulement \u00e0 billes IKBS\u2122, celui-ci ne vieillira jamais, surtout lorsqu&rsquo;il s&rsquo;agit de couper.<\/p>\n<p>Fossil\u2122 combine le meilleur du designer Flavio Ikoma de Presidente Prudente, Br\u00e9sil. Avec des \u00e9l\u00e9ments de style trouv\u00e9s sur ses pr\u00e9c\u00e9dents mod\u00e8les Sampa\u2122 et Carajas\u2122, il \u00e9l\u00e8ve le flair artistique pour cr\u00e9er une pi\u00e8ce qui est ind\u00e9niablement Ikoma, mais clairement une nouvelle race de planche pliante EDC.<\/p>\n<p>Le couteau a une apparence pr\u00e9historique unique. Mais il fait le travail comme un T-rex sous st\u00e9ro\u00efdes en acier inoxydable gr\u00e2ce \u00e0 la lame creuse de 3,410 pouces avec une pointe de chute.<\/p>\n<p>Ce couteau de poche au look unique est dot\u00e9 d&rsquo;un syst\u00e8me de pivot \u00e0 roulement \u00e0 billes IKBS\u2122 combin\u00e9 \u00e0 un flipper d&rsquo;ouverture pour un d\u00e9ploiement fluide et rapide de la lame. La d\u00e9coupe pour le pouce dans la lame vous offre une deuxi\u00e8me option pour ouvrir le couteau. La palme se transforme \u00e9galement en un joli prot\u00e8ge-orteil lorsque la lame est ouverte. Dans le d\u00e9partement des fonctionnalit\u00e9s, c&rsquo;est la survie du plus fort.<\/p>\n<p>M\u00eame si Fossil\u2122 est hardcore \u00e0 l&rsquo;int\u00e9rieur, il est magnifique \u00e0 l&rsquo;ext\u00e9rieur. Les poign\u00e9es sont en acier inoxydable avec une surface martel\u00e9e unique. Les superpositions de poign\u00e9es moul\u00e9es multicolores font ressembler le G10 \u00e0 un alligator. Mais la lame ne tombera pas et ne vous mordra pas en position ouverte gr\u00e2ce au verrouillage du cadre.<\/p>\n<p>CARACT\u00c9RISTIQUES<br \/>\nLongueur de la lame 3,41&nbsp;po (86,61&nbsp;mm)<br \/>\nLame lame Plaine<br \/>\nLame en acier 8Cr13MoV<br \/>\nTraitement de surface de la lame Satin<br \/>\n\u00c9paisseur de la lame 0,11 po (2,79 mm)<br \/>\nLongueur totale 7,69&Prime; (195,33 mm)<br \/>\nLongueur ferm\u00e9e 4,31&Prime; (109,47 mm)<br \/>\nPoids 4,10 onces (116,23 g)<br \/>\nPoign\u00e9e en acier inoxydable avec rev\u00eatement G10<br \/>\nCouteau pliant Style avec verrouillage du cadre<\/p>\n<p><iframe title=\"CRKT Fossil Knife Overview | by Flavio Ikoma\" width=\"800\" height=\"450\" src=\"https:\/\/www.youtube.com\/embed\/jWzo_Ikvh0g?feature=oembed\" frameborder=\"0\" allow=\"accelerometer; autoplay; clipboard-write; encrypted-media; gyroscope; picture-in-picture; web-share\" referrerpolicy=\"strict-origin-when-cross-origin\" allowfullscreen><\/iframe><\/p>\n<p>&nbsp;<\/p>\n<p>&nbsp;<\/p>\n","protected":false},"excerpt":{"rendered":"<p>Con\u00e7u par Flavio Ikoma \u00e0 Presidente Prudente, Br\u00e9sil.<\/p>\n","protected":false},"featured_media":325696,"comment_status":"open","ping_status":"closed","template":"","meta":[],"pwb-brand":[3762],"product_brand":[],"product_cat":[3700,3696],"product_tag":[3754],"class_list":{"0":"post-325695","1":"product","2":"type-product","3":"status-publish","4":"has-post-thumbnail","6":"pwb-brand-crkt-fr","7":"product_cat-couteaux-de-fermeture","8":"product_cat-des-couteaux","9":"product_tag-b2b-fr","11":"first","12":"instock","13":"taxable","14":"shipping-taxable","15":"purchasable","16":"product-type-simple"},"brands":[{"id":3762,"name":"CRKT","slug":"crkt-fr"}],"_links":{"self":[{"href":"https:\/\/www.moskito.cz\/fr\/wp-json\/wp\/v2\/product\/325695","targetHints":{"allow":["GET"]}}],"collection":[{"href":"https:\/\/www.moskito.cz\/fr\/wp-json\/wp\/v2\/product"}],"about":[{"href":"https:\/\/www.moskito.cz\/fr\/wp-json\/wp\/v2\/types\/product"}],"replies":[{"embeddable":true,"href":"https:\/\/www.moskito.cz\/fr\/wp-json\/wp\/v2\/comments?post=325695"}],"wp:featuredmedia":[{"embeddable":true,"href":"https:\/\/www.moskito.cz\/fr\/wp-json\/wp\/v2\/media\/325696"}],"wp:attachment":[{"href":"https:\/\/www.moskito.cz\/fr\/wp-json\/wp\/v2\/media?parent=325695"}],"wp:term":[{"taxonomy":"pwb-brand","embeddable":true,"href":"https:\/\/www.moskito.cz\/fr\/wp-json\/wp\/v2\/pwb-brand?post=325695"},{"taxonomy":"product_brand","embeddable":true,"href":"https:\/\/www.moskito.cz\/fr\/wp-json\/wp\/v2\/product_brand?post=325695"},{"taxonomy":"product_cat","embeddable":true,"href":"https:\/\/www.moskito.cz\/fr\/wp-json\/wp\/v2\/product_cat?post=325695"},{"taxonomy":"product_tag","embeddable":true,"href":"https:\/\/www.moskito.cz\/fr\/wp-json\/wp\/v2\/product_tag?post=325695"}],"curies":[{"name":"wp","href":"https:\/\/api.w.org\/{rel}","templated":true}]}}