{"id":325833,"date":"2022-08-19T21:32:42","date_gmt":"2024-04-05T09:56:33","guid":{"rendered":"https:\/\/www.moskito.cz\/produkt\/couteau-de-fermeture-crkt-squid-assisted-2492\/"},"modified":"2025-05-07T11:08:32","modified_gmt":"2025-05-07T10:08:32","slug":"couteau-de-fermeture-crkt-squid-assisted-2492","status":"publish","type":"product","link":"https:\/\/www.moskito.cz\/fr\/produkt\/couteau-de-fermeture-crkt-squid-assisted-2492\/","title":{"rendered":"Couteau de fermeture CRKT SQUID ASSISTED 2492"},"content":{"rendered":"<p>Couteau de fermeture <strong>CRKT<\/strong> SQUID ASSISTED 2492.<\/p>\n<p><b>C&rsquo;est un pistolet comme un couteau : il efface les t\u00e2ches.<\/b><\/p>\n<p>Con\u00e7u par Lucas Burnley, ce couteau de transport quotidien est de taille compacte mais a du punch dans le d\u00e9partement fonctionnel. Livr\u00e9 avec un verrou de cadre pour plus de s\u00e9curit\u00e9 et une ouverture assist\u00e9e pour un d\u00e9ploiement ultra rapide. Faites attention o\u00f9 vous le pointez.<br \/>\nOuverture assist\u00e9e : Flipper d\u00e9plie rapidement la lame<br \/>\nOuverture en douceur : L&rsquo;axe \u00e0 roulement \u00e0 billes IKBS\u2122 d\u00e9ploie la lame en douceur<br \/>\nAff\u00fbtage facile&nbsp;: la lame en acier inoxydable \u00e0 haute teneur en carbone maintient bien le tranchant<br \/>\nContr\u00f4le maximum : Sur les rainures de friction de la lame pour la pr\u00e9hension<br \/>\nDurabilit\u00e9 maximale : La poign\u00e9e en acier inoxydable r\u00e9siste \u00e0 un usage intensif<br \/>\nProfil bas&nbsp;: le clip de poche assure un transport s\u00e9curis\u00e9<br \/>\nOptions d&rsquo;accessoires&nbsp;: Trou pour cordon pour porte-cl\u00e9s ou pendentif<\/p>\n<p>CARACT\u00c9RISTIQUES<br \/>\nLongueur de la lame 2,37 po (60,20 mm)<br \/>\nLame lame Plaine<br \/>\nLame en acier 8Cr14MoV<br \/>\nFinition de la surface de la lame Microbillage<br \/>\n\u00c9paisseur de la lame 0,11 po (2,69 mm)<br \/>\nLongueur totale 5,94&Prime; (150,83 mm)<br \/>\nLongueur ferm\u00e9e 3,59&Prime; (91,14 mm)<br \/>\nPoids 3,70 onces (104,89 g)<br \/>\nPoign\u00e9e Acier inoxydable<br \/>\nStyle Couteau pliant assist\u00e9 avec verrouillage du cadre<\/p>\n","protected":false},"excerpt":{"rendered":"<p>Con\u00e7u par Lucas Burnley \u00e0 Bend, Oregon.<\/p>\n","protected":false},"featured_media":325834,"comment_status":"open","ping_status":"closed","template":"","meta":[],"pwb-brand":[3762],"product_brand":[],"product_cat":[3700,3696],"product_tag":[3754],"class_list":{"0":"post-325833","1":"product","2":"type-product","3":"status-publish","4":"has-post-thumbnail","6":"pwb-brand-crkt-fr","7":"product_cat-couteaux-de-fermeture","8":"product_cat-des-couteaux","9":"product_tag-b2b-fr","11":"first","12":"outofstock","13":"taxable","14":"shipping-taxable","15":"purchasable","16":"product-type-simple"},"brands":[{"id":3762,"name":"CRKT","slug":"crkt-fr"}],"_links":{"self":[{"href":"https:\/\/www.moskito.cz\/fr\/wp-json\/wp\/v2\/product\/325833","targetHints":{"allow":["GET"]}}],"collection":[{"href":"https:\/\/www.moskito.cz\/fr\/wp-json\/wp\/v2\/product"}],"about":[{"href":"https:\/\/www.moskito.cz\/fr\/wp-json\/wp\/v2\/types\/product"}],"replies":[{"embeddable":true,"href":"https:\/\/www.moskito.cz\/fr\/wp-json\/wp\/v2\/comments?post=325833"}],"wp:featuredmedia":[{"embeddable":true,"href":"https:\/\/www.moskito.cz\/fr\/wp-json\/wp\/v2\/media\/325834"}],"wp:attachment":[{"href":"https:\/\/www.moskito.cz\/fr\/wp-json\/wp\/v2\/media?parent=325833"}],"wp:term":[{"taxonomy":"pwb-brand","embeddable":true,"href":"https:\/\/www.moskito.cz\/fr\/wp-json\/wp\/v2\/pwb-brand?post=325833"},{"taxonomy":"product_brand","embeddable":true,"href":"https:\/\/www.moskito.cz\/fr\/wp-json\/wp\/v2\/product_brand?post=325833"},{"taxonomy":"product_cat","embeddable":true,"href":"https:\/\/www.moskito.cz\/fr\/wp-json\/wp\/v2\/product_cat?post=325833"},{"taxonomy":"product_tag","embeddable":true,"href":"https:\/\/www.moskito.cz\/fr\/wp-json\/wp\/v2\/product_tag?post=325833"}],"curies":[{"name":"wp","href":"https:\/\/api.w.org\/{rel}","templated":true}]}}