{"id":325865,"date":"2022-08-17T21:12:56","date_gmt":"2024-04-05T11:19:45","guid":{"rendered":"https:\/\/www.moskito.cz\/produkt\/couteau-de-fermeture-crkt-m21-12g\/"},"modified":"2025-05-07T11:08:32","modified_gmt":"2025-05-07T10:08:32","slug":"couteau-de-fermeture-crkt-m21-12g","status":"publish","type":"product","link":"https:\/\/www.moskito.cz\/fr\/produkt\/couteau-de-fermeture-crkt-m21-12g\/","title":{"rendered":"Couteau de fermeture CRKT M21-12G"},"content":{"rendered":"<p>Couteau de fermeture <strong>CRKT<\/strong> M21-12G.<\/p>\n<p>Cela a commenc\u00e9 comme une liste de souhaits de No\u00ebl.<\/p>\n<p>Et si nous pouvions construire la s\u00e9rie M21\u2122 de Kit Carson exactement comme le ferait un fabricant de couteaux personnalis\u00e9s : avec une construction en acier inoxydable G10 et InterFrame et une lame en acier inoxydable recouverte de nitrure de titane de qualit\u00e9 sup\u00e9rieure ? Et si nous pouvions le proposer \u00e0 un prix tr\u00e8s comp\u00e9titif ? Comme un enfant le jour de No\u00ebl, nous avons eu tout ce que nous voulions. Et vous le pouvez aussi.<br \/>\nS\u00e9curit\u00e9 d&rsquo;insertion automatique<br \/>\nOuverture de Carson Flipper<br \/>\nDentelures Veff\u2122<\/p>\n<p>CARACT\u00c9RISTIQUES<br \/>\nLongueur de la lame 3,11&nbsp;po (79,10&nbsp;mm)<br \/>\nBord de lame Veff Serrations\u2122<br \/>\nLame en acier 1.4116<br \/>\nTraitement de surface de la lame Rev\u00eatement t\u00e9flon<br \/>\n\u00c9paisseur de la lame 0,12 po (3,00 mm)<br \/>\nLongueur totale 7,38&Prime; (187,33 mm)<br \/>\nLongueur ferm\u00e9e 4,24&Prime; (107,67 mm)<br \/>\nPoids 3,70 onces (104,89 g)<br \/>\nPoign\u00e9e G10<br \/>\nCouteau pliant de style avec Liner Lock<\/p>\n","protected":false},"excerpt":{"rendered":"<p>Con\u00e7u par Kit Carson \u00e0 Vine Grove, Kentucky.<\/p>\n","protected":false},"featured_media":325866,"comment_status":"open","ping_status":"closed","template":"","meta":[],"pwb-brand":[3762],"product_brand":[],"product_cat":[3700,3696],"product_tag":[3754],"class_list":{"0":"post-325865","1":"product","2":"type-product","3":"status-publish","4":"has-post-thumbnail","6":"pwb-brand-crkt-fr","7":"product_cat-couteaux-de-fermeture","8":"product_cat-des-couteaux","9":"product_tag-b2b-fr","11":"first","12":"outofstock","13":"sale","14":"taxable","15":"shipping-taxable","16":"purchasable","17":"product-type-simple"},"brands":[{"id":3762,"name":"CRKT","slug":"crkt-fr"}],"_links":{"self":[{"href":"https:\/\/www.moskito.cz\/fr\/wp-json\/wp\/v2\/product\/325865","targetHints":{"allow":["GET"]}}],"collection":[{"href":"https:\/\/www.moskito.cz\/fr\/wp-json\/wp\/v2\/product"}],"about":[{"href":"https:\/\/www.moskito.cz\/fr\/wp-json\/wp\/v2\/types\/product"}],"replies":[{"embeddable":true,"href":"https:\/\/www.moskito.cz\/fr\/wp-json\/wp\/v2\/comments?post=325865"}],"wp:featuredmedia":[{"embeddable":true,"href":"https:\/\/www.moskito.cz\/fr\/wp-json\/wp\/v2\/media\/325866"}],"wp:attachment":[{"href":"https:\/\/www.moskito.cz\/fr\/wp-json\/wp\/v2\/media?parent=325865"}],"wp:term":[{"taxonomy":"pwb-brand","embeddable":true,"href":"https:\/\/www.moskito.cz\/fr\/wp-json\/wp\/v2\/pwb-brand?post=325865"},{"taxonomy":"product_brand","embeddable":true,"href":"https:\/\/www.moskito.cz\/fr\/wp-json\/wp\/v2\/product_brand?post=325865"},{"taxonomy":"product_cat","embeddable":true,"href":"https:\/\/www.moskito.cz\/fr\/wp-json\/wp\/v2\/product_cat?post=325865"},{"taxonomy":"product_tag","embeddable":true,"href":"https:\/\/www.moskito.cz\/fr\/wp-json\/wp\/v2\/product_tag?post=325865"}],"curies":[{"name":"wp","href":"https:\/\/api.w.org\/{rel}","templated":true}]}}