{"id":325917,"date":"2021-07-29T19:01:25","date_gmt":"2024-04-05T11:27:32","guid":{"rendered":"https:\/\/www.moskito.cz\/produkt\/couteau-de-fermeture-crkt-m16-01ks\/"},"modified":"2025-05-07T11:08:33","modified_gmt":"2025-05-07T10:08:33","slug":"couteau-de-fermeture-crkt-m16-01ks","status":"publish","type":"product","link":"https:\/\/www.moskito.cz\/fr\/produkt\/couteau-de-fermeture-crkt-m16-01ks\/","title":{"rendered":"Couteau de fermeture CRKT M16-01KS"},"content":{"rendered":"<p>Couteau de fermeture <strong>CRKT<\/strong> M16-01KS.<\/p>\n<p>Con\u00e7u par Kit Carson \u00e0 Vine Grove, Kentucky<br \/>\nLa s\u00e9rie M16 \u2013SS EDC \u2013 une plate-forme de conception de couteaux \u00e9prouv\u00e9e, simple, durable et abordable.<\/p>\n<p>Si vous \u00eates fan des couteaux pliants tactiques M16 con\u00e7us par Kit Carson, vous voudrez d\u00e9couvrir ces variantes en acier inoxydable (SS).<br \/>\nVerrouillage du cadre<br \/>\nPoign\u00e9es en acier inoxydable<br \/>\nRev\u00eatement EDP noir r\u00e9sistant \u00e0 la corrosion<\/p>\n<p>CARACT\u00c9RISTIQUES<br \/>\nLongueur de la lame 3,06&Prime; (77,72 mm)<br \/>\nBord de lame simple<br \/>\nLame en acier 8Cr14MoV<br \/>\nFinition de la lame EDP<br \/>\n\u00c9paisseur de la lame 0,49&Prime; (2,49 mm)<br \/>\nLongueur totale 7,13&nbsp;po (181,10&nbsp;mm)<br \/>\nLongueur ferm\u00e9e 4,00po (101,60mm)<br \/>\nPoids 2,60 onces. (73,71g)<br \/>\nPoign\u00e9e Acier inoxydable<br \/>\nCouteau pliant Style avec verrouillage du cadre<\/p>\n<p><strong>CRKT\u00ae<\/strong> (Columbia River Knife and Tool\u00ae) a \u00e9t\u00e9 fond\u00e9e en 1994. D\u00e8s le premier jour, l\u2019innovation et l\u2019int\u00e9grit\u00e9 ont \u00e9t\u00e9 privil\u00e9gi\u00e9es. Il s&rsquo;engage \u00e0 fabriquer des couteaux et des outils qui inspirent et durent. Il travaille avec les meilleurs designers du monde et travaille sur un principe simple : la meilleure chose qu&rsquo;il puisse donner \u00e0 ses clients est la confiance entre ses mains.<\/p>\n<p><iframe title=\"M16-01KZ EDC Knife | by Kit Carson\" width=\"800\" height=\"450\" src=\"https:\/\/www.youtube.com\/embed\/LEYJQ9xC1IQ?feature=oembed\" frameborder=\"0\" allow=\"accelerometer; autoplay; clipboard-write; encrypted-media; gyroscope; picture-in-picture; web-share\" referrerpolicy=\"strict-origin-when-cross-origin\" allowfullscreen><\/iframe><\/p>\n<p>&nbsp;<\/p>\n","protected":false},"excerpt":{"rendered":"<p>Con\u00e7u par Kit Carson \u00e0 Vine Grove, Kentucky.<\/p>\n","protected":false},"featured_media":325918,"comment_status":"open","ping_status":"closed","template":"","meta":[],"pwb-brand":[3762],"product_brand":[],"product_cat":[3700,3696],"product_tag":[3754],"class_list":{"0":"post-325917","1":"product","2":"type-product","3":"status-publish","4":"has-post-thumbnail","6":"pwb-brand-crkt-fr","7":"product_cat-couteaux-de-fermeture","8":"product_cat-des-couteaux","9":"product_tag-b2b-fr","11":"first","12":"outofstock","13":"taxable","14":"shipping-taxable","15":"purchasable","16":"product-type-simple"},"brands":[{"id":3762,"name":"CRKT","slug":"crkt-fr"}],"_links":{"self":[{"href":"https:\/\/www.moskito.cz\/fr\/wp-json\/wp\/v2\/product\/325917","targetHints":{"allow":["GET"]}}],"collection":[{"href":"https:\/\/www.moskito.cz\/fr\/wp-json\/wp\/v2\/product"}],"about":[{"href":"https:\/\/www.moskito.cz\/fr\/wp-json\/wp\/v2\/types\/product"}],"replies":[{"embeddable":true,"href":"https:\/\/www.moskito.cz\/fr\/wp-json\/wp\/v2\/comments?post=325917"}],"wp:featuredmedia":[{"embeddable":true,"href":"https:\/\/www.moskito.cz\/fr\/wp-json\/wp\/v2\/media\/325918"}],"wp:attachment":[{"href":"https:\/\/www.moskito.cz\/fr\/wp-json\/wp\/v2\/media?parent=325917"}],"wp:term":[{"taxonomy":"pwb-brand","embeddable":true,"href":"https:\/\/www.moskito.cz\/fr\/wp-json\/wp\/v2\/pwb-brand?post=325917"},{"taxonomy":"product_brand","embeddable":true,"href":"https:\/\/www.moskito.cz\/fr\/wp-json\/wp\/v2\/product_brand?post=325917"},{"taxonomy":"product_cat","embeddable":true,"href":"https:\/\/www.moskito.cz\/fr\/wp-json\/wp\/v2\/product_cat?post=325917"},{"taxonomy":"product_tag","embeddable":true,"href":"https:\/\/www.moskito.cz\/fr\/wp-json\/wp\/v2\/product_tag?post=325917"}],"curies":[{"name":"wp","href":"https:\/\/api.w.org\/{rel}","templated":true}]}}