{"id":325970,"date":"2021-07-31T19:49:52","date_gmt":"2021-07-31T18:49:52","guid":{"rendered":"https:\/\/www.moskito.cz\/produkt\/couteau-de-fermeture-crkt-pilar\/"},"modified":"2025-05-07T11:08:35","modified_gmt":"2025-05-07T10:08:35","slug":"couteau-de-fermeture-crkt-pilar","status":"publish","type":"product","link":"https:\/\/www.moskito.cz\/fr\/produkt\/couteau-de-fermeture-crkt-pilar\/","title":{"rendered":"Couteau de fermeture CRKT PILAR"},"content":{"rendered":"<p>Couteau de fermeture <strong>CRKT<\/strong> PILAR.<\/p>\n<p>Con\u00e7u par Jesper Voxnaes \u00e0 Loegstrup, Danemark<br \/>\nO\u00f9 un design minimal rencontre une utilit\u00e9 maximale.<\/p>\n<p>Pilar\u00ae est un couteau de tous les jours super compact avec un design minimaliste saisissant et une histoire \u00e9pique derri\u00e8re son nom. Il est discret et discret une fois rentr\u00e9, et soigneusement con\u00e7u pour d\u00e9passer son poids lors de son utilisation.<br \/>\nMettre la lame sur le pouce<br \/>\nFinition de lame satin\u00e9e<br \/>\nTraitement de surface du manche<\/p>\n<p>CARACT\u00c9RISTIQUES<br \/>\nLongueur de la lame 2,40&Prime; (61,01 mm)<br \/>\nBord de lame simple<br \/>\nLame en acier 8Cr13MoV<br \/>\nFinition de lame satin\u00e9e<br \/>\n\u00c9paisseur de la lame 0,68 po (3,68 mm)<br \/>\nLongueur totale 5,94&Prime; (150,83 mm)<br \/>\nLongueur ferm\u00e9e 3,53 po (89,66 mm)<br \/>\nPoids 4,20 onces. (119,07g)<br \/>\nPoign\u00e9e Acier inoxydable<br \/>\nCouteau pliant Style avec verrouillage du cadre<\/p>\n<p><strong>CRKT\u00ae<\/strong> (Columbia River Knife and Tool\u00ae) a \u00e9t\u00e9 fond\u00e9e en 1994. D\u00e8s le premier jour, l\u2019innovation et l\u2019int\u00e9grit\u00e9 ont \u00e9t\u00e9 privil\u00e9gi\u00e9es. Il s&rsquo;engage \u00e0 fabriquer des couteaux et des outils qui inspirent et durent. Il travaille avec les meilleurs designers du monde et travaille sur un principe simple : la meilleure chose qu&rsquo;il puisse donner \u00e0 ses clients est la confiance entre ses mains.<\/p>\n","protected":false},"excerpt":{"rendered":"<p>Couteau verrouillable avec s\u00e9curit\u00e9 et clip de transport.<\/p>\n","protected":false},"featured_media":325971,"comment_status":"open","ping_status":"closed","template":"","meta":[],"pwb-brand":[3762],"product_brand":[],"product_cat":[3700,3696],"product_tag":[3754],"class_list":{"0":"post-325970","1":"product","2":"type-product","3":"status-publish","4":"has-post-thumbnail","6":"pwb-brand-crkt-fr","7":"product_cat-couteaux-de-fermeture","8":"product_cat-des-couteaux","9":"product_tag-b2b-fr","11":"first","12":"outofstock","13":"taxable","14":"shipping-taxable","15":"purchasable","16":"product-type-simple"},"brands":[{"id":3762,"name":"CRKT","slug":"crkt-fr"}],"_links":{"self":[{"href":"https:\/\/www.moskito.cz\/fr\/wp-json\/wp\/v2\/product\/325970","targetHints":{"allow":["GET"]}}],"collection":[{"href":"https:\/\/www.moskito.cz\/fr\/wp-json\/wp\/v2\/product"}],"about":[{"href":"https:\/\/www.moskito.cz\/fr\/wp-json\/wp\/v2\/types\/product"}],"replies":[{"embeddable":true,"href":"https:\/\/www.moskito.cz\/fr\/wp-json\/wp\/v2\/comments?post=325970"}],"wp:featuredmedia":[{"embeddable":true,"href":"https:\/\/www.moskito.cz\/fr\/wp-json\/wp\/v2\/media\/325971"}],"wp:attachment":[{"href":"https:\/\/www.moskito.cz\/fr\/wp-json\/wp\/v2\/media?parent=325970"}],"wp:term":[{"taxonomy":"pwb-brand","embeddable":true,"href":"https:\/\/www.moskito.cz\/fr\/wp-json\/wp\/v2\/pwb-brand?post=325970"},{"taxonomy":"product_brand","embeddable":true,"href":"https:\/\/www.moskito.cz\/fr\/wp-json\/wp\/v2\/product_brand?post=325970"},{"taxonomy":"product_cat","embeddable":true,"href":"https:\/\/www.moskito.cz\/fr\/wp-json\/wp\/v2\/product_cat?post=325970"},{"taxonomy":"product_tag","embeddable":true,"href":"https:\/\/www.moskito.cz\/fr\/wp-json\/wp\/v2\/product_tag?post=325970"}],"curies":[{"name":"wp","href":"https:\/\/api.w.org\/{rel}","templated":true}]}}