{"id":326005,"date":"2022-08-15T20:19:10","date_gmt":"2024-04-05T11:33:37","guid":{"rendered":"https:\/\/www.moskito.cz\/produkt\/couteau-de-fermeture-crkt-squid-noir-avec-lame-d2-acier-2490ks\/"},"modified":"2025-05-07T11:08:36","modified_gmt":"2025-05-07T10:08:36","slug":"couteau-de-fermeture-crkt-squid-noir-avec-lame-d2-acier-2490ks","status":"publish","type":"product","link":"https:\/\/www.moskito.cz\/fr\/produkt\/couteau-de-fermeture-crkt-squid-noir-avec-lame-d2-acier-2490ks\/","title":{"rendered":"Couteau de fermeture CRKT SQUID NOIR AVEC LAME D2 ACIER 2490KS"},"content":{"rendered":"<p>Couteau de fermeture <strong>CRKT<\/strong> SQUID NOIR AVEC LAME D2 ACIER 2490KS<\/p>\n<p>Con\u00e7u par Burnley et disponible exclusivement sur CRKT.com, ce couteau de transport quotidien est de taille compacte mais a du punch dans le d\u00e9partement des fonctionnalit\u00e9s.<\/p>\n<p>Ce couteau est livr\u00e9 avec une lame en acier D2 \u00e9tag\u00e9e, un manche noir Stonewash, un verrouillage du cadre pour plus de s\u00e9curit\u00e9 et des rainures de friction de la lame \u00e0 point de chute pour une prise s\u00fbre. Faites attention o\u00f9 vous le pointez.<br \/>\nExclusif \u00e0 CRKT.com<br \/>\nAcier D2 avec finition Black Stonewash<br \/>\nVerrouillage du cadre<br \/>\nPoign\u00e9es en acier inoxydable<br \/>\nClip de poche \u00e0 profil bas<br \/>\nTrou pour cordon pour porte-cl\u00e9s ou pendentif suppl\u00e9mentaire<\/p>\n<p>CARACT\u00c9RISTIQUES<br \/>\nLongueur de la lame 2,16&Prime; (54,76 mm)<br \/>\nLame lame Plaine<br \/>\nLame acier D2<br \/>\nFinition de la lame Stonewash<br \/>\n\u00c9paisseur de la lame 0,11 po (2,79 mm)<br \/>\nLongueur totale 5,70&Prime; (144,81 mm)<br \/>\nLongueur ferm\u00e9e 4,49&Prime; (114,05 mm)<br \/>\nPoids 3,50 onces (99,22 g)<br \/>\nPoign\u00e9e Acier inoxydable<br \/>\nCouteau pliant Style avec verrouillage du cadre<\/p>\n<p><iframe title=\"CRKT Squid Knife | by Lucas Burnley\" width=\"800\" height=\"450\" src=\"https:\/\/www.youtube.com\/embed\/sBalyySsT7c?feature=oembed\" frameborder=\"0\" allow=\"accelerometer; autoplay; clipboard-write; encrypted-media; gyroscope; picture-in-picture; web-share\" referrerpolicy=\"strict-origin-when-cross-origin\" allowfullscreen><\/iframe><\/p>\n<p>&nbsp;<\/p>\n<p>&nbsp;<\/p>\n","protected":false},"excerpt":{"rendered":"<p>Con\u00e7u par Lucas Burnley \u00e0 Bend, Oregon<\/p>\n","protected":false},"featured_media":326006,"comment_status":"open","ping_status":"closed","template":"","meta":[],"pwb-brand":[3762],"product_brand":[],"product_cat":[3700,3696],"product_tag":[3754],"class_list":{"0":"post-326005","1":"product","2":"type-product","3":"status-publish","4":"has-post-thumbnail","6":"pwb-brand-crkt-fr","7":"product_cat-couteaux-de-fermeture","8":"product_cat-des-couteaux","9":"product_tag-b2b-fr","11":"first","12":"instock","13":"taxable","14":"shipping-taxable","15":"purchasable","16":"product-type-simple"},"brands":[{"id":3762,"name":"CRKT","slug":"crkt-fr"}],"_links":{"self":[{"href":"https:\/\/www.moskito.cz\/fr\/wp-json\/wp\/v2\/product\/326005","targetHints":{"allow":["GET"]}}],"collection":[{"href":"https:\/\/www.moskito.cz\/fr\/wp-json\/wp\/v2\/product"}],"about":[{"href":"https:\/\/www.moskito.cz\/fr\/wp-json\/wp\/v2\/types\/product"}],"replies":[{"embeddable":true,"href":"https:\/\/www.moskito.cz\/fr\/wp-json\/wp\/v2\/comments?post=326005"}],"wp:featuredmedia":[{"embeddable":true,"href":"https:\/\/www.moskito.cz\/fr\/wp-json\/wp\/v2\/media\/326006"}],"wp:attachment":[{"href":"https:\/\/www.moskito.cz\/fr\/wp-json\/wp\/v2\/media?parent=326005"}],"wp:term":[{"taxonomy":"pwb-brand","embeddable":true,"href":"https:\/\/www.moskito.cz\/fr\/wp-json\/wp\/v2\/pwb-brand?post=326005"},{"taxonomy":"product_brand","embeddable":true,"href":"https:\/\/www.moskito.cz\/fr\/wp-json\/wp\/v2\/product_brand?post=326005"},{"taxonomy":"product_cat","embeddable":true,"href":"https:\/\/www.moskito.cz\/fr\/wp-json\/wp\/v2\/product_cat?post=326005"},{"taxonomy":"product_tag","embeddable":true,"href":"https:\/\/www.moskito.cz\/fr\/wp-json\/wp\/v2\/product_tag?post=326005"}],"curies":[{"name":"wp","href":"https:\/\/api.w.org\/{rel}","templated":true}]}}