{"id":326035,"date":"2022-08-19T20:28:09","date_gmt":"2024-04-05T11:37:39","guid":{"rendered":"https:\/\/www.moskito.cz\/produkt\/couteau-de-fermeture-crkt-m16-02ss\/"},"modified":"2025-05-07T11:08:36","modified_gmt":"2025-05-07T10:08:36","slug":"couteau-de-fermeture-crkt-m16-02ss","status":"publish","type":"product","link":"https:\/\/www.moskito.cz\/fr\/produkt\/couteau-de-fermeture-crkt-m16-02ss\/","title":{"rendered":"Couteau de fermeture CRKT M16-02SS"},"content":{"rendered":"<p>Couteau de fermeture <strong>CRKT<\/strong> M16-02SS.<\/p>\n<p>Un retour classique. Le design populaire M16\u00ae de feu Kit Carson revient avec une s\u00e9rie en acier inoxydable. Ces trois versions offrent encore plus de performances et de fonctionnalit\u00e9s qu&rsquo;auparavant et offrent une gamme de tailles et de conceptions de lames \u2013 afin que vous puissiez choisir celle qui vous convient le mieux. Le M16\u00ae-02SS conserve toutes les fonctionnalit\u00e9s populaires de la gamme de composants tactiques de Kit, qui ont ensuite \u00e9t\u00e9 repens\u00e9es pour un transport quotidien, ajoutant encore plus de puissance et de performances au m\u00e9lange. Fabriqu\u00e9 avec tanto, une lame Sandvik 12C27\u2122 de haute qualit\u00e9 pour une r\u00e9tention sup\u00e9rieure des bords, il est fini avec une finition perl\u00e9e pour r\u00e9duire les reflets ou les reflets ind\u00e9sirables. Issu d&rsquo;un v\u00e9ritable classique, le M16\u00ae-02SS en acier inoxydable est un calibre de retour compl\u00e8tement diff\u00e9rent.<\/p>\n<p>CARACT\u00c9RISTIQUES<br \/>\nLongueur de la lame 3,06&nbsp;po (77,83&nbsp;mm)<br \/>\nLame lame Plaine<br \/>\nLame acier 12C27 Sandvik<br \/>\nFinition de la surface de la lame Microbillage<br \/>\n\u00c9paisseur de la lame 0,12 po (2,92 mm)<br \/>\nLongueur totale 7,38&Prime; (187,33 mm)<br \/>\nLongueur ferm\u00e9e 4,25&Prime; (108,00 mm)<br \/>\nPoids 3,60 onces (102,06 g)<br \/>\nPoign\u00e9e Acier inoxydable<br \/>\nCouteau pliant Style avec verrouillage du cadre<\/p>\n<p><iframe title=\"CRKT M16\u00ae-02SS | Kit Carson Design\" width=\"800\" height=\"450\" src=\"https:\/\/www.youtube.com\/embed\/iekqTraZ52A?feature=oembed\" frameborder=\"0\" allow=\"accelerometer; autoplay; clipboard-write; encrypted-media; gyroscope; picture-in-picture; web-share\" referrerpolicy=\"strict-origin-when-cross-origin\" allowfullscreen><\/iframe><\/p>\n<p>&nbsp;<\/p>\n","protected":false},"excerpt":{"rendered":"<p>Con\u00e7u par Kit Carson \u00e0 Vine Grove, Kentucky.<\/p>\n","protected":false},"featured_media":326036,"comment_status":"open","ping_status":"closed","template":"","meta":[],"pwb-brand":[3762],"product_brand":[],"product_cat":[3700,3696],"product_tag":[3754],"class_list":{"0":"post-326035","1":"product","2":"type-product","3":"status-publish","4":"has-post-thumbnail","6":"pwb-brand-crkt-fr","7":"product_cat-couteaux-de-fermeture","8":"product_cat-des-couteaux","9":"product_tag-b2b-fr","11":"first","12":"outofstock","13":"taxable","14":"shipping-taxable","15":"purchasable","16":"product-type-simple"},"brands":[{"id":3762,"name":"CRKT","slug":"crkt-fr"}],"_links":{"self":[{"href":"https:\/\/www.moskito.cz\/fr\/wp-json\/wp\/v2\/product\/326035","targetHints":{"allow":["GET"]}}],"collection":[{"href":"https:\/\/www.moskito.cz\/fr\/wp-json\/wp\/v2\/product"}],"about":[{"href":"https:\/\/www.moskito.cz\/fr\/wp-json\/wp\/v2\/types\/product"}],"replies":[{"embeddable":true,"href":"https:\/\/www.moskito.cz\/fr\/wp-json\/wp\/v2\/comments?post=326035"}],"wp:featuredmedia":[{"embeddable":true,"href":"https:\/\/www.moskito.cz\/fr\/wp-json\/wp\/v2\/media\/326036"}],"wp:attachment":[{"href":"https:\/\/www.moskito.cz\/fr\/wp-json\/wp\/v2\/media?parent=326035"}],"wp:term":[{"taxonomy":"pwb-brand","embeddable":true,"href":"https:\/\/www.moskito.cz\/fr\/wp-json\/wp\/v2\/pwb-brand?post=326035"},{"taxonomy":"product_brand","embeddable":true,"href":"https:\/\/www.moskito.cz\/fr\/wp-json\/wp\/v2\/product_brand?post=326035"},{"taxonomy":"product_cat","embeddable":true,"href":"https:\/\/www.moskito.cz\/fr\/wp-json\/wp\/v2\/product_cat?post=326035"},{"taxonomy":"product_tag","embeddable":true,"href":"https:\/\/www.moskito.cz\/fr\/wp-json\/wp\/v2\/product_tag?post=326035"}],"curies":[{"name":"wp","href":"https:\/\/api.w.org\/{rel}","templated":true}]}}