{"id":326076,"date":"2021-07-29T19:49:21","date_gmt":"2021-07-29T18:49:21","guid":{"rendered":"https:\/\/www.moskito.cz\/produkt\/couteau-de-fermeture-crkt-m16-02ks\/"},"modified":"2025-05-07T11:08:37","modified_gmt":"2025-05-07T10:08:37","slug":"couteau-de-fermeture-crkt-m16-02ks","status":"publish","type":"product","link":"https:\/\/www.moskito.cz\/fr\/produkt\/couteau-de-fermeture-crkt-m16-02ks\/","title":{"rendered":"Couteau de fermeture CRKT M16-02KS"},"content":{"rendered":"<p>Couteau de fermeture <strong>CRKT<\/strong> M16-02KS.<\/p>\n<p>Con\u00e7u par Kit Carson \u00e0 Vine Grove, Kentucky<br \/>\nHommage : Pay\u00e9. Le M16\u00ae est la gamme la plus populaire que CRKT\u00ae ait jamais vue. Gr\u00e2ce au v\u00e9n\u00e9r\u00e9 Kit Carson, nous sommes honor\u00e9s de cette nouvelle it\u00e9ration \u00e0 verrouillage de cadre du l\u00e9gendaire couteau pliant quotidien d&rsquo;inspiration tactique. C&rsquo;est bien plus qu&rsquo;une simple nouvelle version d&rsquo;un classique. C&rsquo;est un hommage \u00e0 l&rsquo;un des plus grands.<br \/>\nOuverture de Carson Flipper<br \/>\nVerrouillage du cadre<br \/>\nPoign\u00e9es en acier inoxydable<\/p>\n<p>CARACT\u00c9RISTIQUES<br \/>\nLongueur de la lame 3,06&Prime; (77,65 mm)<br \/>\nBord de lame simple<br \/>\nLame acier 12C27 Sandvik<br \/>\nCompl\u00e9ter la lame Oxyg\u00e8ne<br \/>\n\u00c9paisseur de la lame 0,12 po (2,97 mm)<br \/>\nLongueur totale 7,31&Prime; (185,75 mm)<br \/>\nLongueur ferm\u00e9e 4,30&Prime; (109,19 mm)<br \/>\nPoids 3,70 onces. (104,89g)<br \/>\nPoign\u00e9e 2Cr13<br \/>\nCouteau pliant Style avec verrouillage du cadre<\/p>\n<p><strong>CRKT\u00ae<\/strong> (Columbia River Knife and Tool\u00ae) a \u00e9t\u00e9 fond\u00e9e en 1994. D\u00e8s le premier jour, l\u2019innovation et l\u2019int\u00e9grit\u00e9 ont \u00e9t\u00e9 privil\u00e9gi\u00e9es. Il s&rsquo;engage \u00e0 fabriquer des couteaux et des outils qui inspirent et durent. Il travaille avec les meilleurs designers du monde et travaille sur un principe simple : la meilleure chose qu&rsquo;il puisse donner \u00e0 ses clients est la confiance entre ses mains.<\/p>\n","protected":false},"excerpt":{"rendered":"<p>Con\u00e7u par Kit Carson \u00e0 Vine Grove, Kentucky.<\/p>\n","protected":false},"featured_media":326077,"comment_status":"open","ping_status":"closed","template":"","meta":[],"pwb-brand":[3762],"product_brand":[],"product_cat":[3700,3696],"product_tag":[3754],"class_list":{"0":"post-326076","1":"product","2":"type-product","3":"status-publish","4":"has-post-thumbnail","6":"pwb-brand-crkt-fr","7":"product_cat-couteaux-de-fermeture","8":"product_cat-des-couteaux","9":"product_tag-b2b-fr","11":"first","12":"instock","13":"taxable","14":"shipping-taxable","15":"purchasable","16":"product-type-simple"},"brands":[{"id":3762,"name":"CRKT","slug":"crkt-fr"}],"_links":{"self":[{"href":"https:\/\/www.moskito.cz\/fr\/wp-json\/wp\/v2\/product\/326076","targetHints":{"allow":["GET"]}}],"collection":[{"href":"https:\/\/www.moskito.cz\/fr\/wp-json\/wp\/v2\/product"}],"about":[{"href":"https:\/\/www.moskito.cz\/fr\/wp-json\/wp\/v2\/types\/product"}],"replies":[{"embeddable":true,"href":"https:\/\/www.moskito.cz\/fr\/wp-json\/wp\/v2\/comments?post=326076"}],"wp:featuredmedia":[{"embeddable":true,"href":"https:\/\/www.moskito.cz\/fr\/wp-json\/wp\/v2\/media\/326077"}],"wp:attachment":[{"href":"https:\/\/www.moskito.cz\/fr\/wp-json\/wp\/v2\/media?parent=326076"}],"wp:term":[{"taxonomy":"pwb-brand","embeddable":true,"href":"https:\/\/www.moskito.cz\/fr\/wp-json\/wp\/v2\/pwb-brand?post=326076"},{"taxonomy":"product_brand","embeddable":true,"href":"https:\/\/www.moskito.cz\/fr\/wp-json\/wp\/v2\/product_brand?post=326076"},{"taxonomy":"product_cat","embeddable":true,"href":"https:\/\/www.moskito.cz\/fr\/wp-json\/wp\/v2\/product_cat?post=326076"},{"taxonomy":"product_tag","embeddable":true,"href":"https:\/\/www.moskito.cz\/fr\/wp-json\/wp\/v2\/product_tag?post=326076"}],"curies":[{"name":"wp","href":"https:\/\/api.w.org\/{rel}","templated":true}]}}