{"id":326206,"date":"2022-09-03T10:32:32","date_gmt":"2024-04-05T12:20:30","guid":{"rendered":"https:\/\/www.moskito.cz\/produkt\/couteau-de-fermeture-crkt-kith-6433\/"},"modified":"2025-05-07T11:08:40","modified_gmt":"2025-05-07T10:08:40","slug":"couteau-de-fermeture-crkt-kith-6433","status":"publish","type":"product","link":"https:\/\/www.moskito.cz\/fr\/produkt\/couteau-de-fermeture-crkt-kith-6433\/","title":{"rendered":"Couteau de fermeture CRKT KITH 6433"},"content":{"rendered":"<p>Couteau de fermeture <strong>CRKT<\/strong> KITH 6433.<\/p>\n<p>Connu. Tout comme un vieil ami. Le Kith est con\u00e7u par le coutelier v\u00e9t\u00e9ran Ken Steigerwalt, qui s&rsquo;est inspir\u00e9 des maillons centraux et des replis arri\u00e8re traditionnels pour cr\u00e9er une toute nouvelle approche avec la conception du verrouillage avant. De construction intuitive, l&rsquo;ouverture de la lame semble secondaire, ce qui donne au nom anglais ancien de ce couteau pour \u00ab ami \u00bb une signification compl\u00e8tement diff\u00e9rente.<\/p>\n<p>Le ma\u00eetre coutelier Ken Steigerwalt d&rsquo;Orangeville, en Pennsylvanie, r\u00e9invente les m\u00e9canismes de verrouillage traditionnels avec la fonction de verrouillage avant de Kith, qui utilise les inserts de couteau comme ressorts pour cr\u00e9er plus d&rsquo;espace pour la lame. Bas\u00e9s sur ces conceptions de verrouillage \u00e9prouv\u00e9es, l&rsquo;axe du pouce et le verrouillage de la lame avant strat\u00e9giquement plac\u00e9s permettent une ouverture et une fermeture faciles avec votre main pr\u00e9f\u00e9r\u00e9e, pour une libert\u00e9 ambidextre totale.<\/p>\n<p>Dot\u00e9 d&rsquo;une lame de 2,95 pouces \u00e0 pointe fine et robuste, le Kith s&rsquo;adapte pour travailler avec plus de pr\u00e9cision. Inspir\u00e9e du look classique du chiffon micarta, la poign\u00e9e conserve une esth\u00e9tique simple et \u00e9pur\u00e9e qui permet \u00e9galement de multiples options de prise et de transport. V\u00e9rifiant la durabilit\u00e9 et la l\u00e9g\u00e8ret\u00e9 des deux bo\u00eetes, ce couteau pour homme \u00e0 profil bas est dot\u00e9 d&rsquo;un manche en nylon renforc\u00e9 de verre, ce qui en fait un excellent accessoire de transport quotidien qui ne p\u00e8sera pas sur vous ou votre poche.<\/p>\n<p>Clair et simple&nbsp;: Kith est un favori familier au quotidien.<\/p>\n<p>CARACT\u00c9RISTIQUES<br \/>\nLongueur de la lame 2,95&nbsp;po (74,96&nbsp;mm)<br \/>\nLame lame Plaine<br \/>\nLame en acier 8Cr13MoV<br \/>\nTraitement de surface de la lame Satin<br \/>\n\u00c9paisseur de la lame 0,11 po (2,69 mm)<br \/>\nLongueur totale 6,75&Prime; (171,45 mm)<br \/>\nLongueur ferm\u00e9e 3,78&Prime; (95,91 mm)<br \/>\nPoids 2,30 onces (65,20 g)<br \/>\nPoign\u00e9e en nylon renforc\u00e9 de verre<br \/>\nCouteau pliant Style avec verrouillage frontal<\/p>\n<p><iframe title=\"CRKT KITH | Ken Steigerwalt Design\" width=\"800\" height=\"450\" src=\"https:\/\/www.youtube.com\/embed\/739SVHTsvOk?feature=oembed\" frameborder=\"0\" allow=\"accelerometer; autoplay; clipboard-write; encrypted-media; gyroscope; picture-in-picture; web-share\" referrerpolicy=\"strict-origin-when-cross-origin\" allowfullscreen><\/iframe><\/p>\n<p>&nbsp;<\/p>\n","protected":false},"excerpt":{"rendered":"<p>Con\u00e7u par Ken Steigerwalt \u00e0 Orangeville, Pennsylvanie.<\/p>\n","protected":false},"featured_media":326207,"comment_status":"open","ping_status":"closed","template":"","meta":[],"pwb-brand":[3762],"product_brand":[],"product_cat":[3700,3696],"product_tag":[3754],"class_list":{"0":"post-326206","1":"product","2":"type-product","3":"status-publish","4":"has-post-thumbnail","6":"pwb-brand-crkt-fr","7":"product_cat-couteaux-de-fermeture","8":"product_cat-des-couteaux","9":"product_tag-b2b-fr","11":"first","12":"instock","13":"taxable","14":"shipping-taxable","15":"purchasable","16":"product-type-simple"},"brands":[{"id":3762,"name":"CRKT","slug":"crkt-fr"}],"_links":{"self":[{"href":"https:\/\/www.moskito.cz\/fr\/wp-json\/wp\/v2\/product\/326206","targetHints":{"allow":["GET"]}}],"collection":[{"href":"https:\/\/www.moskito.cz\/fr\/wp-json\/wp\/v2\/product"}],"about":[{"href":"https:\/\/www.moskito.cz\/fr\/wp-json\/wp\/v2\/types\/product"}],"replies":[{"embeddable":true,"href":"https:\/\/www.moskito.cz\/fr\/wp-json\/wp\/v2\/comments?post=326206"}],"wp:featuredmedia":[{"embeddable":true,"href":"https:\/\/www.moskito.cz\/fr\/wp-json\/wp\/v2\/media\/326207"}],"wp:attachment":[{"href":"https:\/\/www.moskito.cz\/fr\/wp-json\/wp\/v2\/media?parent=326206"}],"wp:term":[{"taxonomy":"pwb-brand","embeddable":true,"href":"https:\/\/www.moskito.cz\/fr\/wp-json\/wp\/v2\/pwb-brand?post=326206"},{"taxonomy":"product_brand","embeddable":true,"href":"https:\/\/www.moskito.cz\/fr\/wp-json\/wp\/v2\/product_brand?post=326206"},{"taxonomy":"product_cat","embeddable":true,"href":"https:\/\/www.moskito.cz\/fr\/wp-json\/wp\/v2\/product_cat?post=326206"},{"taxonomy":"product_tag","embeddable":true,"href":"https:\/\/www.moskito.cz\/fr\/wp-json\/wp\/v2\/product_tag?post=326206"}],"curies":[{"name":"wp","href":"https:\/\/api.w.org\/{rel}","templated":true}]}}