{"id":326245,"date":"2021-08-02T19:26:58","date_gmt":"2024-04-05T13:21:53","guid":{"rendered":"https:\/\/www.moskito.cz\/produkt\/couteau-de-fermeture-crkt-compano\/"},"modified":"2025-05-07T11:08:41","modified_gmt":"2025-05-07T10:08:41","slug":"couteau-de-fermeture-crkt-compano","status":"publish","type":"product","link":"https:\/\/www.moskito.cz\/fr\/produkt\/couteau-de-fermeture-crkt-compano\/","title":{"rendered":"Couteau de fermeture CRKT COMPANO"},"content":{"rendered":"<p><strong>Le couteau pliant CRKT Compano<\/strong> est un outil tr\u00e8s pratique et compact con\u00e7u pour un transport quotidien, id\u00e9al pour ceux qui ont besoin d&rsquo;avoir un couteau petit mais efficace toujours \u00e0 port\u00e9e de main. Avec une conception ax\u00e9e sur la portabilit\u00e9 et la fonctionnalit\u00e9, <strong>Compano\u2122<\/strong> est un excellent compagnon qui se fixe facilement \u00e0 votre poche, votre porte-cl\u00e9s ou votre sac \u00e0 dos. <\/p>\n<h3>Principales caract\u00e9ristiques <strong>de CRKT Compano<\/strong> :<\/h3>\n<ol>\n<li><strong>Conception compacte et portable<\/strong> :\n<ul>\n<li><strong>Longueur de la lame :<\/strong> 1,42 pouces (36,17 mm) \u2013 tr\u00e8s petite, ce qui en fait un <strong>outil miniature id\u00e9al pour le transport quotidien (EDC)<\/strong> . Ce couteau est con\u00e7u pour se glisser facilement dans une poche ou s&rsquo;attacher \u00e0 vos cl\u00e9s ou \u00e0 votre sac \u00e0 dos. <\/li>\n<li><strong>Longueur totale :<\/strong> 4,59 pouces (116,56 mm) et <strong>longueur ferm\u00e9e :<\/strong> 3,23 pouces (82,04 mm) \u2013 taille tr\u00e8s compacte pour une portabilit\u00e9 maximale.<\/li>\n<\/ul>\n<\/li>\n<li><strong>Lame durable<\/strong> :\n<ul>\n<li><strong>L&rsquo;acier 5Cr15MoV<\/strong> est <strong>un acier inoxydable \u00e0 haute teneur en carbone<\/strong> , ce qui signifie que la lame conserve bien son tranchant tout en \u00e9tant r\u00e9sistante \u00e0 la corrosion. Bien qu&rsquo;il ne s&rsquo;agisse pas de l&rsquo;acier de la plus haute qualit\u00e9, pour un petit couteau EDC, il offre des performances solides. <\/li>\n<li><strong>Finition de la lame<\/strong> : La finition satin\u00e9e offre un aspect esth\u00e9tique qui facilite \u00e9galement l&rsquo;entretien et l&rsquo;aff\u00fbtage.<\/li>\n<\/ul>\n<\/li>\n<li><strong>Utilisation pratique<\/strong> :\n<ul>\n<li><strong>Articulation coulissante :<\/strong> Le m\u00e9canisme coulissant classique permet une ouverture et une fermeture faciles du couteau, garantissant ainsi son verrouillage s\u00e9curis\u00e9 en position ferm\u00e9e. Ce syst\u00e8me garantit que la lame reste fermement en place lorsque le couteau est ferm\u00e9, tout en permettant une utilisation confortable lorsqu&rsquo;il est ouvert. <\/li>\n<li><strong>Mousqueton de fixation :<\/strong> Le couteau est \u00e9quip\u00e9 <strong>d&rsquo;un mousqueton<\/strong> qui permet de l&rsquo;attacher facilement \u00e0 des cl\u00e9s, une ceinture ou un sac \u00e0 dos, pour que vous puissiez toujours l&rsquo;avoir \u00e0 port\u00e9e de main. Il s\u2019agit d\u2019une fonctionnalit\u00e9 tr\u00e8s utile pour un usage quotidien. <\/li>\n<\/ul>\n<\/li>\n<li><strong>Aspect esth\u00e9tique<\/strong> :\n<ul>\n<li><strong>Manche :<\/strong> Le manche est en <strong>acier inoxydable 2Cr13<\/strong> et pr\u00e9sente <strong>une finition d\u00e9lav\u00e9e noire avec des accents de bronze<\/strong> , donnant au couteau un aspect \u00e9l\u00e9gant. Cette poign\u00e9e est non seulement esth\u00e9tique, mais offre \u00e9galement une prise en main confortable. <\/li>\n<\/ul>\n<\/li>\n<\/ol>\n<h3>Caract\u00e9ristiques:<\/h3>\n<ul>\n<li><strong>Longueur de la lame :<\/strong> 1,42 pouces (36,17 mm)<\/li>\n<li><strong>Tranchant de la lame :<\/strong> lisse<\/li>\n<li><strong>Acier de la lame :<\/strong> 5Cr15MoV<\/li>\n<li><strong>Traitement de surface de la lame :<\/strong> Satin\u00e9<\/li>\n<li><strong>\u00c9paisseur de la lame :<\/strong> 0,66 pouce (3,66 mm)<\/li>\n<li><strong>Longueur totale :<\/strong> 4,59 pouces (116,56 mm)<\/li>\n<li><strong>Longueur ferm\u00e9e :<\/strong> 3,23 pouces (82,04 mm)<\/li>\n<li><strong>Poids :<\/strong> 2,20 oz (62,37 g)<\/li>\n<li><strong>Manche :<\/strong> 2Cr13 SS<\/li>\n<li><strong>Style :<\/strong> Couteau pliant avec articulation antid\u00e9rapante<\/li>\n<\/ul>\n<h3>Conclusion:<\/h3>\n<p><strong>Le CRKT Compano<\/strong> est un excellent choix pour ceux qui recherchent <strong>un couteau compact, fonctionnel et portable<\/strong> pour un usage quotidien. Bien que la lame ne soit pas extr\u00eamement grande, elle est suffisamment solide pour les t\u00e2ches courantes telles que l&rsquo;ouverture de colis, de bo\u00eetes ou la coupe de ficelle. <strong>Le mousqueton<\/strong> de fixation et <strong>le m\u00e9canisme coulissant<\/strong> rendent ce couteau tr\u00e8s portable et confortable pour un transport quotidien. Gr\u00e2ce \u00e0 son <strong>attrait visuel<\/strong> et \u00e0 <strong>sa fabrication de qualit\u00e9,<\/strong> <strong>Compano\u2122<\/strong> est le choix id\u00e9al pour tous ceux qui recherchent <strong>praticit\u00e9 et style<\/strong> en un.  <\/p>\n<p><iframe title=\"CRKT COMPANO\u2122 | Mike Bond Design\" width=\"800\" height=\"450\" src=\"https:\/\/www.youtube.com\/embed\/aNM14OvTMNE?feature=oembed\" frameborder=\"0\" allow=\"accelerometer; autoplay; clipboard-write; encrypted-media; gyroscope; picture-in-picture; web-share\" referrerpolicy=\"strict-origin-when-cross-origin\" allowfullscreen><\/iframe><\/p>\n<p>&nbsp;<\/p>\n<p>&nbsp;<\/p>\n","protected":false},"excerpt":{"rendered":"<p><strong>Le CRKT Compano est un excellent choix pour ceux qui recherchent un couteau compact, fonctionnel et portable pour un usage quotidien. Bien que la lame ne soit pas extr\u00eamement grande, elle est suffisamment solide pour les t\u00e2ches courantes telles que l&rsquo;ouverture de colis, de bo\u00eetes ou la coupe de ficelle. Le mousqueton de fixation et le m\u00e9canisme coulissant rendent ce couteau tr\u00e8s portable et confortable pour un transport quotidien. Gr\u00e2ce \u00e0 son attrait visuel et \u00e0 sa fabrication de qualit\u00e9, Compano\u2122 est le choix id\u00e9al pour tous ceux qui recherchent praticit\u00e9 et style en un.   <\/strong><\/p>\n","protected":false},"featured_media":326246,"comment_status":"open","ping_status":"closed","template":"","meta":[],"pwb-brand":[3762],"product_brand":[],"product_cat":[3700,3696],"product_tag":[3754],"class_list":{"0":"post-326245","1":"product","2":"type-product","3":"status-publish","4":"has-post-thumbnail","6":"pwb-brand-crkt-fr","7":"product_cat-couteaux-de-fermeture","8":"product_cat-des-couteaux","9":"product_tag-b2b-fr","11":"first","12":"instock","13":"taxable","14":"shipping-taxable","15":"purchasable","16":"product-type-simple"},"brands":[{"id":3762,"name":"CRKT","slug":"crkt-fr"}],"_links":{"self":[{"href":"https:\/\/www.moskito.cz\/fr\/wp-json\/wp\/v2\/product\/326245","targetHints":{"allow":["GET"]}}],"collection":[{"href":"https:\/\/www.moskito.cz\/fr\/wp-json\/wp\/v2\/product"}],"about":[{"href":"https:\/\/www.moskito.cz\/fr\/wp-json\/wp\/v2\/types\/product"}],"replies":[{"embeddable":true,"href":"https:\/\/www.moskito.cz\/fr\/wp-json\/wp\/v2\/comments?post=326245"}],"wp:featuredmedia":[{"embeddable":true,"href":"https:\/\/www.moskito.cz\/fr\/wp-json\/wp\/v2\/media\/326246"}],"wp:attachment":[{"href":"https:\/\/www.moskito.cz\/fr\/wp-json\/wp\/v2\/media?parent=326245"}],"wp:term":[{"taxonomy":"pwb-brand","embeddable":true,"href":"https:\/\/www.moskito.cz\/fr\/wp-json\/wp\/v2\/pwb-brand?post=326245"},{"taxonomy":"product_brand","embeddable":true,"href":"https:\/\/www.moskito.cz\/fr\/wp-json\/wp\/v2\/product_brand?post=326245"},{"taxonomy":"product_cat","embeddable":true,"href":"https:\/\/www.moskito.cz\/fr\/wp-json\/wp\/v2\/product_cat?post=326245"},{"taxonomy":"product_tag","embeddable":true,"href":"https:\/\/www.moskito.cz\/fr\/wp-json\/wp\/v2\/product_tag?post=326245"}],"curies":[{"name":"wp","href":"https:\/\/api.w.org\/{rel}","templated":true}]}}