{"id":326366,"date":"2022-08-18T22:02:01","date_gmt":"2024-04-05T13:38:09","guid":{"rendered":"https:\/\/www.moskito.cz\/produkt\/couteau-de-fermeture-crkt-squid-assisted-noir-2493\/"},"modified":"2025-07-07T17:42:24","modified_gmt":"2025-07-07T16:42:24","slug":"couteau-de-fermeture-crkt-squid-assisted-noir-2493","status":"publish","type":"product","link":"https:\/\/www.moskito.cz\/fr\/produkt\/couteau-de-fermeture-crkt-squid-assisted-noir-2493\/","title":{"rendered":"Couteau de fermeture CRKT SQUID ASSISTED NOIR 2493"},"content":{"rendered":"<div class=\"flex-1 overflow-hidden @container\/thread\">\n<div class=\"h-full\">\n<div class=\"react-scroll-to-bottom--css-vxybp-79elbk h-full\">\n<div class=\"react-scroll-to-bottom--css-vxybp-1n7m0yu\">\n<div class=\"flex flex-col text-sm md:pb-9\">\n<article class=\"w-full scroll-mb-[var(--thread-trailing-height,150px)] text-token-text-primary focus-visible:outline-2 focus-visible:outline-offset-[-4px]\" dir=\"auto\" data-testid=\"conversation-turn-333\" data-scroll-anchor=\"true\">\n<div class=\"m-auto text-base py-[18px] px-3 md:px-4 w-full md:px-5 lg:px-4 xl:px-5\">\n<div class=\"mx-auto flex flex-1 gap-4 text-base md:gap-5 lg:gap-6 md:max-w-3xl\">\n<div class=\"group\/conversation-turn relative flex w-full min-w-0 flex-col agent-turn\">\n<div class=\"flex-col gap-1 md:gap-3\">\n<div class=\"flex max-w-full flex-col flex-grow\">\n<div class=\"min-h-8 text-message flex w-full flex-col items-end gap-2 whitespace-normal break-words text-start [.text-message+&amp;]:mt-5\" dir=\"auto\" data-message-author-role=\"assistant\" data-message-id=\"ea06138a-2774-443a-a280-2c306eb68c67\" data-message-model-slug=\"gpt-4o-mini\">\n<div class=\"flex w-full flex-col gap-1 empty:hidden first:pt-[3px]\">\n<div class=\"markdown prose w-full break-words dark:prose-invert light\">\n<p><strong>Le couteau pliant CRKT SQUID ASSISTED BLACK 2493<\/strong> est un outil compact et puissant qui combine un design moderne avec des fonctionnalit\u00e9s hautement fonctionnelles. Con\u00e7u par Lucas Burnley, ce couteau est dot\u00e9 d&rsquo;une ouverture assist\u00e9e, d&rsquo;un acier de qualit\u00e9 et d&rsquo;une construction durable, ce qui le rend id\u00e9al pour le transport quotidien et une vari\u00e9t\u00e9 de t\u00e2ches de travail. Ce mod\u00e8le avec une finition noire est non seulement attrayant mais aussi extr\u00eamement pratique.  <\/p>\n<h3><strong>Caract\u00e9ristiques principales :<\/strong><\/h3>\n<ol>\n<li><strong>Ouverture assist\u00e9e :<\/strong>\n<ul>\n<li><strong>Le flipper<\/strong> sur le manche permet une ouverture rapide et facile du couteau en un seul mouvement, id\u00e9al pour une r\u00e9action rapide en cas de besoin. L&rsquo;ouverture est intuitive et fluide, garantissant une efficacit\u00e9 maximale. <\/li>\n<\/ul>\n<\/li>\n<li><strong>Ouverture en douceur avec IKBS\u2122 :<\/strong>\n<ul>\n<li>Les roulements \u00e0 billes <strong>IKBS\u2122 (Ikoma Korth Bearing System)<\/strong> assurent une ouverture de la lame en douceur et sans interruption, sans aucune r\u00e9sistance. Ce syst\u00e8me contribue \u00e0 l&rsquo;utilisation confortable du couteau et assure un acc\u00e8s rapide \u00e0 la lame dans les moments critiques. <\/li>\n<\/ul>\n<\/li>\n<li><strong>Lame de qualit\u00e9 :<\/strong>\n<ul>\n<li><strong>L&rsquo;acier 8Cr14MoV<\/strong> est un acier inoxydable de haute qualit\u00e9 qui offre une excellente r\u00e9tention des bords, un aff\u00fbtage facile et une r\u00e9sistance \u00e9lev\u00e9e \u00e0 la corrosion. Il est id\u00e9al pour les t\u00e2ches quotidiennes telles que la d\u00e9coupe de cartons, l&rsquo;ouverture de colis ou la coupe de cordons. <\/li>\n<\/ul>\n<\/li>\n<li><strong>Contr\u00f4le maximal :<\/strong>\n<ul>\n<li><strong>Des rainures de friction sont plac\u00e9es sur la lame<\/strong> pour am\u00e9liorer l&rsquo;adh\u00e9rence, assurant un meilleur contr\u00f4le lors de l&rsquo;utilisation, m\u00eame lorsque le couteau est mouill\u00e9 ou glissant. Cela rend la manipulation du couteau confortable et s\u00fbre. <\/li>\n<\/ul>\n<\/li>\n<li><strong>Poign\u00e9e robuste en acier inoxydable :<\/strong>\n<ul>\n<li><strong>Le manche en acier inoxydable<\/strong> est tr\u00e8s r\u00e9sistant aux chocs et \u00e0 l&rsquo;usure, ce qui signifie que le couteau peut supporter une utilisation intensive sans perdre sa fonctionnalit\u00e9. Ce mat\u00e9riau est \u00e9galement suffisamment r\u00e9sistant pour assurer une prise en main s\u00fbre m\u00eame lors de travaux intensifs. <\/li>\n<\/ul>\n<\/li>\n<li><strong>Profil bas pour un transport facile :<\/strong>\n<ul>\n<li><strong>Le profil bas<\/strong> du couteau le rend facile \u00e0 transporter dans votre poche au quotidien. Ceci est \u00e9galement facilit\u00e9 par <strong>le clip de poche<\/strong> , qui permet au couteau d&rsquo;\u00eatre solidement fix\u00e9 aux v\u00eatements, garantissant qu&rsquo;il est toujours \u00e0 port\u00e9e de main chaque fois que vous en avez besoin. <\/li>\n<\/ul>\n<\/li>\n<li><strong>Option de fixation du cordon :<\/strong>\n<ul>\n<li>Le couteau est \u00e9quip\u00e9 d&rsquo; <strong>un trou pour cordon<\/strong> , qui vous permet d&rsquo;attacher un porte-cl\u00e9s ou un pendentif pour un transport facile et une meilleure manipulation du couteau.<\/li>\n<\/ul>\n<\/li>\n<\/ol>\n<h3><strong>Caract\u00e9ristiques:<\/strong><\/h3>\n<ul>\n<li><strong>Longueur de la lame :<\/strong> 2,37&Prime; (60,20 mm)<\/li>\n<li><strong>Tranchant de la lame :<\/strong> lisse<\/li>\n<li><strong>Mat\u00e9riau de la lame :<\/strong> acier 8Cr14MoV<\/li>\n<li><strong>Traitement de surface de la lame :<\/strong> Stonewash<\/li>\n<li><strong>\u00c9paisseur de la lame :<\/strong> 0,11&Prime; (2,69 mm)<\/li>\n<li><strong>Longueur totale :<\/strong> 5,94&Prime; (150,83 mm)<\/li>\n<li><strong>Longueur ferm\u00e9e :<\/strong> 3,59&Prime; (91,14 mm)<\/li>\n<li><strong>Poids :<\/strong> 3,70 oz (104,89 g)<\/li>\n<li><strong>Poign\u00e9e :<\/strong> Acier inoxydable<\/li>\n<li><strong>Style :<\/strong> Couteau pliant assist\u00e9 avec verrouillage du cadre<\/li>\n<\/ul>\n<h3><strong>Utiliser:<\/strong><\/h3>\n<ul>\n<li><strong>Transport quotidien (EDC) :<\/strong> Ce couteau est id\u00e9al pour une utilisation quotidienne comme l&rsquo;ouverture de colis, la coupe de ficelle, le retrait d&#8217;emballages ou la r\u00e9alisation de r\u00e9glages mineurs. Il est compact, l\u00e9ger et facile \u00e0 transporter. <\/li>\n<li><strong>T\u00e2ches de travail :<\/strong> Gr\u00e2ce \u00e0 sa lame solide et \u00e0 son manche ergonomique, il convient aux t\u00e2ches plus exigeantes sur le terrain, en entrep\u00f4t ou en atelier.<\/li>\n<li><strong>Ext\u00e9rieur et camping :<\/strong> Bien que le couteau soit con\u00e7u pour un usage quotidien, ses qualit\u00e9s conviennent \u00e9galement aux activit\u00e9s de plein air telles que le camping, la chasse ou la randonn\u00e9e.<\/li>\n<\/ul>\n<h3><strong>R\u00e9sum\u00e9:<\/strong><\/h3>\n<p><strong>Le CRKT SQUID ASSISTED BLACK 2493<\/strong> est un couteau magnifiquement con\u00e7u et tr\u00e8s fonctionnel pour un transport quotidien. Dot\u00e9 d&rsquo;une ouverture assist\u00e9e, d&rsquo;un acier de qualit\u00e9, d&rsquo;une poign\u00e9e robuste et d&rsquo;une ouverture en douceur gr\u00e2ce \u00e0 un syst\u00e8me de roulement \u00e0 billes, il est id\u00e9al pour tous ceux qui recherchent un outil fiable et facile \u00e0 utiliser pour les t\u00e2ches quotidiennes. Que vous ayez besoin d&rsquo;un couteau pour ouvrir un colis, couper une ficelle ou effectuer d&rsquo;autres petites t\u00e2ches, ce couteau ne vous laissera jamais tomber.  <\/p>\n<\/div>\n<\/div>\n<\/div>\n<\/div>\n<div class=\"mb-2 flex gap-3 empty:hidden -ml-2\">\n<div class=\"items-center justify-start rounded-xl p-1 flex\">\n<div class=\"flex items-center\"><\/div>\n<\/div>\n<\/div>\n<div class=\"pr-2 lg:pr-0\"><\/div>\n<\/div>\n<\/div>\n<\/div>\n<\/div>\n<\/article>\n<\/div>\n<\/div>\n<\/div>\n<\/div>\n<\/div>\n<p><iframe title=\"CRKT SQUID\u2122 | Lucas Burnley Design\" width=\"800\" height=\"450\" src=\"https:\/\/www.youtube.com\/embed\/Hi4sEgwb9CU?feature=oembed\" frameborder=\"0\" allow=\"accelerometer; autoplay; clipboard-write; encrypted-media; gyroscope; picture-in-picture; web-share\" referrerpolicy=\"strict-origin-when-cross-origin\" allowfullscreen><\/iframe><\/p>\n<p><iframe title=\"Meet Knifemaker and Designer Lucas Burnley\" width=\"800\" height=\"450\" src=\"https:\/\/www.youtube.com\/embed\/GC8WctypoNo?feature=oembed\" frameborder=\"0\" allow=\"accelerometer; autoplay; clipboard-write; encrypted-media; gyroscope; picture-in-picture; web-share\" referrerpolicy=\"strict-origin-when-cross-origin\" allowfullscreen><\/iframe><\/p>\n<p><iframe title=\"CRKT ASSISTED OPENING | How It Works\" width=\"800\" height=\"450\" src=\"https:\/\/www.youtube.com\/embed\/QUSQFRDMrEI?feature=oembed\" frameborder=\"0\" allow=\"accelerometer; autoplay; clipboard-write; encrypted-media; gyroscope; picture-in-picture; web-share\" referrerpolicy=\"strict-origin-when-cross-origin\" allowfullscreen><\/iframe><\/p>\n<p>&nbsp;<\/p>\n","protected":false},"excerpt":{"rendered":"<div class=\"flex max-w-full flex-col flex-grow\">\n<div class=\"min-h-8 text-message flex w-full flex-col items-end gap-2 whitespace-normal break-words text-start [.text-message+&amp;]:mt-5\" dir=\"auto\" data-message-author-role=\"assistant\" data-message-id=\"ea06138a-2774-443a-a280-2c306eb68c67\" data-message-model-slug=\"gpt-4o-mini\">\n<div class=\"flex w-full flex-col gap-1 empty:hidden first:pt-[3px]\">\n<div class=\"markdown prose w-full break-words dark:prose-invert light\">\n<p><strong>Le CRKT SQUID ASSISTED BLACK 2493 est un couteau magnifiquement con\u00e7u et tr\u00e8s fonctionnel pour un transport quotidien. Dot\u00e9 d&rsquo;une ouverture assist\u00e9e, d&rsquo;un acier de qualit\u00e9, d&rsquo;une poign\u00e9e robuste et d&rsquo;une ouverture en douceur gr\u00e2ce \u00e0 un syst\u00e8me de roulement \u00e0 billes, il est id\u00e9al pour tous ceux qui recherchent un outil fiable et facile \u00e0 utiliser pour les t\u00e2ches quotidiennes. Que vous ayez besoin d&rsquo;un couteau pour ouvrir un colis, couper une ficelle ou effectuer d&rsquo;autres petites t\u00e2ches, ce couteau ne vous laissera jamais tomber.  <\/strong><\/p>\n<\/div>\n<\/div>\n<\/div>\n<\/div>\n<div class=\"mb-2 flex gap-3 empty:hidden -ml-2\">\n<div class=\"items-center justify-start rounded-xl p-1 flex\">\n<div class=\"flex items-center\"><\/div>\n<\/div>\n<\/div>\n","protected":false},"featured_media":326367,"comment_status":"open","ping_status":"closed","template":"","meta":[],"pwb-brand":[3762],"product_brand":[],"product_cat":[3700,3696],"product_tag":[3754],"class_list":{"0":"post-326366","1":"product","2":"type-product","3":"status-publish","4":"has-post-thumbnail","6":"pwb-brand-crkt-fr","7":"product_cat-couteaux-de-fermeture","8":"product_cat-des-couteaux","9":"product_tag-b2b-fr","11":"first","12":"instock","13":"sale","14":"taxable","15":"shipping-taxable","16":"purchasable","17":"product-type-simple"},"brands":[{"id":3762,"name":"CRKT","slug":"crkt-fr"}],"_links":{"self":[{"href":"https:\/\/www.moskito.cz\/fr\/wp-json\/wp\/v2\/product\/326366","targetHints":{"allow":["GET"]}}],"collection":[{"href":"https:\/\/www.moskito.cz\/fr\/wp-json\/wp\/v2\/product"}],"about":[{"href":"https:\/\/www.moskito.cz\/fr\/wp-json\/wp\/v2\/types\/product"}],"replies":[{"embeddable":true,"href":"https:\/\/www.moskito.cz\/fr\/wp-json\/wp\/v2\/comments?post=326366"}],"wp:featuredmedia":[{"embeddable":true,"href":"https:\/\/www.moskito.cz\/fr\/wp-json\/wp\/v2\/media\/326367"}],"wp:attachment":[{"href":"https:\/\/www.moskito.cz\/fr\/wp-json\/wp\/v2\/media?parent=326366"}],"wp:term":[{"taxonomy":"pwb-brand","embeddable":true,"href":"https:\/\/www.moskito.cz\/fr\/wp-json\/wp\/v2\/pwb-brand?post=326366"},{"taxonomy":"product_brand","embeddable":true,"href":"https:\/\/www.moskito.cz\/fr\/wp-json\/wp\/v2\/product_brand?post=326366"},{"taxonomy":"product_cat","embeddable":true,"href":"https:\/\/www.moskito.cz\/fr\/wp-json\/wp\/v2\/product_cat?post=326366"},{"taxonomy":"product_tag","embeddable":true,"href":"https:\/\/www.moskito.cz\/fr\/wp-json\/wp\/v2\/product_tag?post=326366"}],"curies":[{"name":"wp","href":"https:\/\/api.w.org\/{rel}","templated":true}]}}