{"id":326395,"date":"2023-09-28T15:47:40","date_gmt":"2024-04-05T13:44:13","guid":{"rendered":"https:\/\/www.moskito.cz\/produkt\/couteau-de-fermeture-crkt-tuna-compact-2522\/"},"modified":"2025-05-07T11:08:43","modified_gmt":"2025-05-07T10:08:43","slug":"couteau-de-fermeture-crkt-tuna-compact-2522","status":"publish","type":"product","link":"https:\/\/www.moskito.cz\/fr\/produkt\/couteau-de-fermeture-crkt-tuna-compact-2522\/","title":{"rendered":"Couteau de fermeture CRKT Tuna Compact 2522"},"content":{"rendered":"<p>Couteau de fermeture <strong>CRKT<\/strong> Tuna Compact 2522<\/p>\n<p>Le petit poisson qui r\u00e8gne sur chaque \u00e9tang.<\/p>\n<p>M\u00eame si le Tuna\u2122 Compact est petit, il \u00e9voque la puissance de l&rsquo;un des poissons les plus gros et les plus rapides du monde. Il reprend l&rsquo;\u00e9l\u00e9gance subtile du designer original de Tuna\u2122, Lucas Burnley, et la condense dans un couteau pliant ultra-compact. Avec un profil qui sugg\u00e8re un fort \u00e9lan vers l&rsquo;avant et une forme de lame qui ressemble \u00e0 celle d&rsquo;un carnivore des grands fonds, cette tranche de tous les jours se transf\u00e8re \u00e0 travers les balles et les caisses plus rapidement qu&rsquo;une tranche de thon rouge sur une vague sur une ligne serr\u00e9e.<\/p>\n<p>Aff\u00fbtage facile&nbsp;: la lame en acier inoxydable \u00e0 haute teneur en carbone maintient bien le tranchant<br \/>\nOuverture en douceur : L&rsquo;axe \u00e0 roulement \u00e0 billes IKBS\u2122 d\u00e9ploie la lame en douceur<br \/>\nFacile \u00e0 ouvrir : la goupille de pouce permet une ouverture rapide d&rsquo;une seule main<br \/>\nAdh\u00e9rence exceptionnelle : La poign\u00e9e G10 offre une adh\u00e9rence exceptionnelle dans toutes les conditions<br \/>\nR\u00e9sistance brute&nbsp;: le verrou du cadre utilise un boulon solide pour s\u00e9curiser la lame<br \/>\nProfil bas&nbsp;: le clip de poche assure un transport s\u00e9curis\u00e9<\/p>\n<p>D\u00e9tails de la lame<\/p>\n<p>Lame en acier : 8Cr13MoV<br \/>\nBord de lame uni<br \/>\nFinition de la lame Stonewash<\/p>\n<p>Longueur de la lame : 6,92 cm<br \/>\n\u00c9paisseur de la lame 0,36 cm<br \/>\nLongueur totale : 16,35 cm<br \/>\nLongueur ferm\u00e9 : 9,67 cm<br \/>\nPoids : 79,38 g<\/p>\n<p>Mat\u00e9riau du manche G10 | Acier inoxydable<br \/>\nCouteau pliant \u00e9l\u00e9gant avec Frame Lock<\/p>\n<p>&nbsp;<\/p>\n","protected":false},"excerpt":{"rendered":"<p><strong>ConcepteurLucas BurnleyBend, Oregon.<\/strong><\/p>\n<p><strong>Quand vous demandez \u00e0 Lucas ce qui l&rsquo;a amen\u00e9 dans le monde des couteaux lorsqu&rsquo;il \u00e9tait adolescent, il vous r\u00e9pond que ce sont des histoires de survie, des aventures tout-terrain avec son p\u00e8re et une bonne dose de films d&rsquo;action. Au fil des ann\u00e9es, il a exp\u00e9riment\u00e9 un large \u00e9ventail de styles pour combiner astucieusement des exemples classiques avec des mat\u00e9riaux et des techniques modernes tels que le couteau Obake\u2122. Lucas estime que les couteaux sont une expression personnelle de l&rsquo;ind\u00e9pendance. Nous ne pourrions \u00eatre plus d\u2019accord.<\/strong><\/p>\n<p>&nbsp;<\/p>\n","protected":false},"featured_media":326396,"comment_status":"open","ping_status":"closed","template":"","meta":[],"pwb-brand":[3762],"product_brand":[],"product_cat":[3700,3696],"product_tag":[3754],"class_list":{"0":"post-326395","1":"product","2":"type-product","3":"status-publish","4":"has-post-thumbnail","6":"pwb-brand-crkt-fr","7":"product_cat-couteaux-de-fermeture","8":"product_cat-des-couteaux","9":"product_tag-b2b-fr","11":"first","12":"instock","13":"taxable","14":"shipping-taxable","15":"purchasable","16":"product-type-simple"},"brands":[{"id":3762,"name":"CRKT","slug":"crkt-fr"}],"_links":{"self":[{"href":"https:\/\/www.moskito.cz\/fr\/wp-json\/wp\/v2\/product\/326395","targetHints":{"allow":["GET"]}}],"collection":[{"href":"https:\/\/www.moskito.cz\/fr\/wp-json\/wp\/v2\/product"}],"about":[{"href":"https:\/\/www.moskito.cz\/fr\/wp-json\/wp\/v2\/types\/product"}],"replies":[{"embeddable":true,"href":"https:\/\/www.moskito.cz\/fr\/wp-json\/wp\/v2\/comments?post=326395"}],"wp:featuredmedia":[{"embeddable":true,"href":"https:\/\/www.moskito.cz\/fr\/wp-json\/wp\/v2\/media\/326396"}],"wp:attachment":[{"href":"https:\/\/www.moskito.cz\/fr\/wp-json\/wp\/v2\/media?parent=326395"}],"wp:term":[{"taxonomy":"pwb-brand","embeddable":true,"href":"https:\/\/www.moskito.cz\/fr\/wp-json\/wp\/v2\/pwb-brand?post=326395"},{"taxonomy":"product_brand","embeddable":true,"href":"https:\/\/www.moskito.cz\/fr\/wp-json\/wp\/v2\/product_brand?post=326395"},{"taxonomy":"product_cat","embeddable":true,"href":"https:\/\/www.moskito.cz\/fr\/wp-json\/wp\/v2\/product_cat?post=326395"},{"taxonomy":"product_tag","embeddable":true,"href":"https:\/\/www.moskito.cz\/fr\/wp-json\/wp\/v2\/product_tag?post=326395"}],"curies":[{"name":"wp","href":"https:\/\/api.w.org\/{rel}","templated":true}]}}