{"id":326470,"date":"2022-08-18T20:26:30","date_gmt":"2024-04-05T13:53:32","guid":{"rendered":"https:\/\/www.moskito.cz\/produkt\/couteau-de-fermeture-crkt-pazoda-2-6470\/"},"modified":"2025-05-07T11:08:46","modified_gmt":"2025-05-07T10:08:46","slug":"couteau-de-fermeture-crkt-pazoda-2-6470","status":"publish","type":"product","link":"https:\/\/www.moskito.cz\/fr\/produkt\/couteau-de-fermeture-crkt-pazoda-2-6470\/","title":{"rendered":"Couteau de fermeture CRKT PAZODA 2 6470"},"content":{"rendered":"<p>Couteau de fermeture CRKT PAZODA 2 6470.<\/p>\n<p>Qu&rsquo;est-ce qui fait un bon couteau \u00e0 logo ? Il doit \u00eatre abordable et comporter de grandes zones plates sur la lame ou le cadre, adapt\u00e9es \u00e0 l&rsquo;impression de logo. Nous sommes donc tr\u00e8s heureux de vous pr\u00e9senter la s\u00e9rie Pazoda\u2122. Ce sont des couteaux de haute qualit\u00e9, \u00e0 un prix suffisamment bas pour \u00eatre achet\u00e9s en gros, et tous ont des surfaces planes parfaites pour notre impression laser ou s\u00e9rigraphique \u00ab&nbsp;Company Billboard&nbsp;\u00bb. Ou vous pouvez emmener n&rsquo;importe qui dans une maison de troph\u00e9es locale pour une gravure personnelle.<br \/>\nFinition de la lame en nitrure de titane gris fonc\u00e9<br \/>\nPoign\u00e9es en acier inoxydable<br \/>\nGlissement du pouce sur la lame pour un contr\u00f4le de coupe optimal.<\/p>\n<p>CARACT\u00c9RISTIQUES<br \/>\nCouleur Gris et argent<br \/>\nLongueur de la lame 2,14&Prime; (54,25 mm)<br \/>\nLame lame Plaine<br \/>\nLame en acier 8Cr13MoV<br \/>\nTraitement de surface de la lame Nitrure de titane<br \/>\n\u00c9paisseur de la lame 0,09 po (2,21 mm)<br \/>\nLongueur totale 5,15&Prime; (130,71 mm)<br \/>\nLongueur ferm\u00e9e 2,98&Prime; (75,64 mm)<br \/>\nPoids 1,80 onces (51,03 g)<br \/>\nPoign\u00e9e Acier inoxydable<br \/>\nCouteau pliant Style avec verrouillage du cadre<\/p>\n","protected":false},"excerpt":{"rendered":"<p>Qu&rsquo;est-ce qui fait un bon couteau \u00e0 logo ? Il doit \u00eatre abordable et comporter de grandes zones plates sur la lame ou le cadre, adapt\u00e9es \u00e0 l&rsquo;impression de logo.<\/p>\n","protected":false},"featured_media":326471,"comment_status":"open","ping_status":"closed","template":"","meta":[],"pwb-brand":[3762],"product_brand":[],"product_cat":[3700,3696],"product_tag":[3754],"class_list":{"0":"post-326470","1":"product","2":"type-product","3":"status-publish","4":"has-post-thumbnail","6":"pwb-brand-crkt-fr","7":"product_cat-couteaux-de-fermeture","8":"product_cat-des-couteaux","9":"product_tag-b2b-fr","11":"first","12":"outofstock","13":"taxable","14":"shipping-taxable","15":"purchasable","16":"product-type-simple"},"brands":[{"id":3762,"name":"CRKT","slug":"crkt-fr"}],"_links":{"self":[{"href":"https:\/\/www.moskito.cz\/fr\/wp-json\/wp\/v2\/product\/326470","targetHints":{"allow":["GET"]}}],"collection":[{"href":"https:\/\/www.moskito.cz\/fr\/wp-json\/wp\/v2\/product"}],"about":[{"href":"https:\/\/www.moskito.cz\/fr\/wp-json\/wp\/v2\/types\/product"}],"replies":[{"embeddable":true,"href":"https:\/\/www.moskito.cz\/fr\/wp-json\/wp\/v2\/comments?post=326470"}],"wp:featuredmedia":[{"embeddable":true,"href":"https:\/\/www.moskito.cz\/fr\/wp-json\/wp\/v2\/media\/326471"}],"wp:attachment":[{"href":"https:\/\/www.moskito.cz\/fr\/wp-json\/wp\/v2\/media?parent=326470"}],"wp:term":[{"taxonomy":"pwb-brand","embeddable":true,"href":"https:\/\/www.moskito.cz\/fr\/wp-json\/wp\/v2\/pwb-brand?post=326470"},{"taxonomy":"product_brand","embeddable":true,"href":"https:\/\/www.moskito.cz\/fr\/wp-json\/wp\/v2\/product_brand?post=326470"},{"taxonomy":"product_cat","embeddable":true,"href":"https:\/\/www.moskito.cz\/fr\/wp-json\/wp\/v2\/product_cat?post=326470"},{"taxonomy":"product_tag","embeddable":true,"href":"https:\/\/www.moskito.cz\/fr\/wp-json\/wp\/v2\/product_tag?post=326470"}],"curies":[{"name":"wp","href":"https:\/\/api.w.org\/{rel}","templated":true}]}}