{"id":326495,"date":"2021-07-31T20:12:49","date_gmt":"2024-04-05T13:57:49","guid":{"rendered":"https:\/\/www.moskito.cz\/produkt\/couteau-de-fermeture-crkt-pilar-large-g10\/"},"modified":"2025-05-07T11:08:47","modified_gmt":"2025-05-07T10:08:47","slug":"couteau-de-fermeture-crkt-pilar-large-g10","status":"publish","type":"product","link":"https:\/\/www.moskito.cz\/fr\/produkt\/couteau-de-fermeture-crkt-pilar-large-g10\/","title":{"rendered":"Couteau de fermeture CRKT PILAR LARGE G10"},"content":{"rendered":"<p>Couteau de fermeture <strong>CRKT<\/strong> PILAR LARGE G10.<\/p>\n<p>Con\u00e7u par Jesper Voxnaes \u00e0 Loegstrup, Danemark<br \/>\nO\u00f9 un design minimal rencontre une utilit\u00e9 maximale. Pilar\u00ae est un couteau compact pour un usage quotidien avec un design minimaliste saisissant et une histoire \u00e9pique derri\u00e8re son nom.<br \/>\nUne version grand format du best-seller Pilar\u00ae<br \/>\nLa lame en acier inoxydable \u00e0 haute teneur en carbone maintient bien le tranchant et est id\u00e9ale pour un usage quotidien<br \/>\nOuverture rabattable pour un d\u00e9ploiement rapide de la lame<br \/>\nLa poign\u00e9e G10 offre une adh\u00e9rence exceptionnelle dans toutes les conditions m\u00e9t\u00e9orologiques<br \/>\nClip \u00e0 deux positions pour les options rabattables ou rabattables<\/p>\n<p>CARACT\u00c9RISTIQUES<br \/>\nLongueur de la lame 2,67 po (67,79 mm)<br \/>\nBord de lame simple<br \/>\nLame en acier 8Cr14MoV<br \/>\nFinition de lame satin\u00e9e<br \/>\n\u00c9paisseur de la lame 0,73 po (3,73 mm)<br \/>\nLongueur totale 6,69 pouces (169,88 mm)<br \/>\nLongueur ferm\u00e9e 4,00 po (101,55 mm)<br \/>\nPoids 3,80 onces. (107,73g)<br \/>\nPoign\u00e9e G10<br \/>\nCouteau pliant Style avec verrouillage du cadre<\/p>\n<p><strong>CRKT\u00ae<\/strong> (Columbia River Knife and Tool\u00ae) a \u00e9t\u00e9 fond\u00e9e en 1994. D\u00e8s le premier jour, l\u2019innovation et l\u2019int\u00e9grit\u00e9 ont \u00e9t\u00e9 privil\u00e9gi\u00e9es. Il s&rsquo;engage \u00e0 fabriquer des couteaux et des outils qui inspirent et durent. Il travaille avec les meilleurs designers du monde et travaille sur un principe simple : la meilleure chose qu&rsquo;il puisse donner \u00e0 ses clients est la confiance entre ses mains.<\/p>\n","protected":false},"excerpt":{"rendered":"<p>Couteau verrouillable avec s\u00e9curit\u00e9 et clip de transport.<\/p>\n","protected":false},"featured_media":326496,"comment_status":"open","ping_status":"closed","template":"","meta":[],"pwb-brand":[3762],"product_brand":[],"product_cat":[3700,3696],"product_tag":[3754],"class_list":{"0":"post-326495","1":"product","2":"type-product","3":"status-publish","4":"has-post-thumbnail","6":"pwb-brand-crkt-fr","7":"product_cat-couteaux-de-fermeture","8":"product_cat-des-couteaux","9":"product_tag-b2b-fr","11":"first","12":"instock","13":"sale","14":"taxable","15":"shipping-taxable","16":"purchasable","17":"product-type-simple"},"brands":[{"id":3762,"name":"CRKT","slug":"crkt-fr"}],"_links":{"self":[{"href":"https:\/\/www.moskito.cz\/fr\/wp-json\/wp\/v2\/product\/326495","targetHints":{"allow":["GET"]}}],"collection":[{"href":"https:\/\/www.moskito.cz\/fr\/wp-json\/wp\/v2\/product"}],"about":[{"href":"https:\/\/www.moskito.cz\/fr\/wp-json\/wp\/v2\/types\/product"}],"replies":[{"embeddable":true,"href":"https:\/\/www.moskito.cz\/fr\/wp-json\/wp\/v2\/comments?post=326495"}],"wp:featuredmedia":[{"embeddable":true,"href":"https:\/\/www.moskito.cz\/fr\/wp-json\/wp\/v2\/media\/326496"}],"wp:attachment":[{"href":"https:\/\/www.moskito.cz\/fr\/wp-json\/wp\/v2\/media?parent=326495"}],"wp:term":[{"taxonomy":"pwb-brand","embeddable":true,"href":"https:\/\/www.moskito.cz\/fr\/wp-json\/wp\/v2\/pwb-brand?post=326495"},{"taxonomy":"product_brand","embeddable":true,"href":"https:\/\/www.moskito.cz\/fr\/wp-json\/wp\/v2\/product_brand?post=326495"},{"taxonomy":"product_cat","embeddable":true,"href":"https:\/\/www.moskito.cz\/fr\/wp-json\/wp\/v2\/product_cat?post=326495"},{"taxonomy":"product_tag","embeddable":true,"href":"https:\/\/www.moskito.cz\/fr\/wp-json\/wp\/v2\/product_tag?post=326495"}],"curies":[{"name":"wp","href":"https:\/\/api.w.org\/{rel}","templated":true}]}}