{"id":326526,"date":"2022-08-16T20:10:11","date_gmt":"2024-04-05T14:04:31","guid":{"rendered":"https:\/\/www.moskito.cz\/produkt\/couteau-de-fermeture-crkt-lanny-6525\/"},"modified":"2025-05-07T11:08:48","modified_gmt":"2025-05-07T10:08:48","slug":"couteau-de-fermeture-crkt-lanny-6525","status":"publish","type":"product","link":"https:\/\/www.moskito.cz\/fr\/produkt\/couteau-de-fermeture-crkt-lanny-6525\/","title":{"rendered":"Couteau de fermeture CRKT LANNY 6525"},"content":{"rendered":"<p>Couteau de fermeture <strong>CRKT<\/strong> LANNY 6525.<\/p>\n<p>Construit pour la nostalgie. Inspir\u00e9 du l\u00e9gendaire Lanny&rsquo;s Clip de Tony Bose, le couteau de transport quotidien Lanny\u2122 reprend le style classique \u00e0 joint coulissant et le fait \u00e9voluer vers le futur gr\u00e2ce \u00e0 l&rsquo;innovation d&rsquo;ouverture assist\u00e9e pour des vitesses d&rsquo;ouverture incroyablement rapides. Appelez cela votre transfert le plus nostalgique et le plus futuriste.<\/p>\n<p>Liong Mah, bas\u00e9 \u00e0 Palm Bay, en Floride, sait comment le faire \u00e0 partir d&rsquo;un favori familier. Lorsqu&rsquo;il a d\u00e9cid\u00e9 de faire \u00e9voluer le classique Lanny&rsquo;s Clip dans le futur, il a d\u00e9termin\u00e9 exactement ce qui devait \u00eatre pr\u00e9serv\u00e9 et exactement ce qui devait \u00eatre rafra\u00eechi. Liong a supprim\u00e9 la taille et fabriqu\u00e9 une lame \u00e0 clip modifi\u00e9e d&rsquo;un peu plus de 3 pouces en acier inoxydable \u00e0 haute teneur en carbone facile \u00e0 meuler. En main, le manche en aluminium se porte parfaitement dans la poche.<\/p>\n<p>Pour distinguer d\u00e9finitivement celui-ci du lot, Liong a construit Lanny\u2122 autour de l&rsquo;innovation d&rsquo;ouverture assist\u00e9e. Faites coulisser la lame partiellement ouverte et l&rsquo;ouverture assist\u00e9e s&rsquo;active et s&rsquo;ouvre \u00e0 tr\u00e8s grande vitesse. Le syst\u00e8me de pivotement \u00e0 roulement \u00e0 billes IKBS\u2122 assure une rotation fluide et le verrou de l&rsquo;insert le maintient fermement en place.<\/p>\n<p>Un leporelo futuriste qui donne l&rsquo;impression de le porter depuis des ann\u00e9es.<\/p>\n<p>Comment fonctionne l&rsquo;ouverture assist\u00e9e<br \/>\nIl est maintenu bien ferm\u00e9 dans la poche, mais commencez le d\u00e9ploiement et la lame s&rsquo;ouvre avec une vitesse impressionnante pendant la rotation pour une ouverture simple et puissante d&rsquo;une seule main.<\/p>\n<p>CARACT\u00c9RISTIQUES<br \/>\nLongueur de la lame 3,18&nbsp;po (80,65&nbsp;mm)<br \/>\nLame lame Plaine<br \/>\nLame en acier 8Cr13MoV<br \/>\nTraitement de surface de la lame Satin<br \/>\n\u00c9paisseur de la lame 0,15&Prime; (3,68 mm)<br \/>\nLongueur totale 7,44&Prime; (188,93 mm)<br \/>\nLongueur ferm\u00e9e 4,26&Prime; (108,25 mm)<br \/>\nPoids 4,10 onces (116,23 g)<br \/>\nManche en aluminium<br \/>\nCouteau pliant assist\u00e9 Style avec Liner Lock<\/p>\n<p><iframe title=\"CRKT LANNY | Liong Mah Design\" width=\"800\" height=\"450\" src=\"https:\/\/www.youtube.com\/embed\/KIiQuTTB8Qk?feature=oembed\" frameborder=\"0\" allow=\"accelerometer; autoplay; clipboard-write; encrypted-media; gyroscope; picture-in-picture; web-share\" referrerpolicy=\"strict-origin-when-cross-origin\" allowfullscreen><\/iframe><\/p>\n<p>&nbsp;<\/p>\n","protected":false},"excerpt":{"rendered":"<p>Con\u00e7u par Liong Mah \u00e0 Palm Bay, en Floride.<\/p>\n","protected":false},"featured_media":326527,"comment_status":"open","ping_status":"closed","template":"","meta":[],"pwb-brand":[3762],"product_brand":[],"product_cat":[3700,3696],"product_tag":[3754],"class_list":{"0":"post-326526","1":"product","2":"type-product","3":"status-publish","4":"has-post-thumbnail","6":"pwb-brand-crkt-fr","7":"product_cat-couteaux-de-fermeture","8":"product_cat-des-couteaux","9":"product_tag-b2b-fr","11":"first","12":"instock","13":"taxable","14":"shipping-taxable","15":"purchasable","16":"product-type-simple"},"brands":[{"id":3762,"name":"CRKT","slug":"crkt-fr"}],"_links":{"self":[{"href":"https:\/\/www.moskito.cz\/fr\/wp-json\/wp\/v2\/product\/326526","targetHints":{"allow":["GET"]}}],"collection":[{"href":"https:\/\/www.moskito.cz\/fr\/wp-json\/wp\/v2\/product"}],"about":[{"href":"https:\/\/www.moskito.cz\/fr\/wp-json\/wp\/v2\/types\/product"}],"replies":[{"embeddable":true,"href":"https:\/\/www.moskito.cz\/fr\/wp-json\/wp\/v2\/comments?post=326526"}],"wp:featuredmedia":[{"embeddable":true,"href":"https:\/\/www.moskito.cz\/fr\/wp-json\/wp\/v2\/media\/326527"}],"wp:attachment":[{"href":"https:\/\/www.moskito.cz\/fr\/wp-json\/wp\/v2\/media?parent=326526"}],"wp:term":[{"taxonomy":"pwb-brand","embeddable":true,"href":"https:\/\/www.moskito.cz\/fr\/wp-json\/wp\/v2\/pwb-brand?post=326526"},{"taxonomy":"product_brand","embeddable":true,"href":"https:\/\/www.moskito.cz\/fr\/wp-json\/wp\/v2\/product_brand?post=326526"},{"taxonomy":"product_cat","embeddable":true,"href":"https:\/\/www.moskito.cz\/fr\/wp-json\/wp\/v2\/product_cat?post=326526"},{"taxonomy":"product_tag","embeddable":true,"href":"https:\/\/www.moskito.cz\/fr\/wp-json\/wp\/v2\/product_tag?post=326526"}],"curies":[{"name":"wp","href":"https:\/\/api.w.org\/{rel}","templated":true}]}}