{"id":326556,"date":"2023-10-03T16:02:44","date_gmt":"2024-04-05T14:08:17","guid":{"rendered":"https:\/\/www.moskito.cz\/produkt\/couteau-de-fermeture-crkt-overland-compact-6277\/"},"modified":"2025-05-07T11:08:49","modified_gmt":"2025-05-07T10:08:49","slug":"couteau-de-fermeture-crkt-overland-compact-6277","status":"publish","type":"product","link":"https:\/\/www.moskito.cz\/fr\/produkt\/couteau-de-fermeture-crkt-overland-compact-6277\/","title":{"rendered":"Couteau de fermeture CRKT Overland Compact 6277"},"content":{"rendered":"<p>Couteau de fermeture <strong>CRKT<\/strong> Overland Compact 6277<\/p>\n<p>Un couteau pliant compact pr\u00eat \u00e0 conqu\u00e9rir tous les terrains.<\/p>\n<p>Elle est peut-\u00eatre petite, mais comme les remorques 4&#215;4 am\u00e9lior\u00e9es qui ont inspir\u00e9 son nom, l&rsquo;Overland\u2122 Compact est reconstruite et pr\u00eate \u00e0 affronter les conditions les plus difficiles. Il reprend les \u00e9l\u00e9ments de conception et les mat\u00e9riaux de l&rsquo;Overland\u2122 pleine grandeur et les place dans un format ultra-portable qui dispara\u00eet pratiquement dans votre poche. Lorsqu&rsquo;il est temps d&rsquo;arr\u00eater le convoi et d&rsquo;installer le camp, ce couteau pr\u00e9pare rapidement un repas l\u00e9ger et coupe le parfait b\u00e2ton de guimauve.<\/p>\n<p>Performance sup\u00e9rieure&nbsp;: lame en acier D2 pour une r\u00e9tention sup\u00e9rieure de la lame<br \/>\nOuverture facile : le pouce permet une ouverture rapide d&rsquo;une seule main<br \/>\nSolide et durable&nbsp;: G10 avec poign\u00e9e en acier inoxydable allie durabilit\u00e9 et r\u00e9sistance<br \/>\nR\u00e9sistance brute&nbsp;: le verrou du cadre utilise un boulon solide pour s\u00e9curiser la lame<br \/>\nProfil bas&nbsp;: le clip de poche assure un transport s\u00e9curis\u00e9<br \/>\nAttrait visuel&nbsp;:&nbsp;anneau pivotant anodis\u00e9 orange et accents d&rsquo;espacement arri\u00e8re<\/p>\n<p>Lame en acier D2<br \/>\nBord de lame uni<br \/>\nFinition de la lame Stonewash<\/p>\n<p>Longueur de la lame : 5,67 cm<br \/>\n\u00c9paisseur de la lame : 0,32 cm<br \/>\nLongueur totale : 13,74 cm<br \/>\nLongueur ferm\u00e9 : 8,10 cm<br \/>\nPoids : 87,88 g<\/p>\n<p>jMat\u00e9riau du manche G10 | Acier inoxydable<br \/>\nCouteau pliant \u00e9l\u00e9gant avec Frame Lock<\/p>\n<p>&nbsp;<\/p>\n<p>&nbsp;<\/p>\n","protected":false},"excerpt":{"rendered":"<p><strong>ConcepteurT.J. Schwarzboise, Idaho<\/strong><\/p>\n<p><strong>TJ \u00e9tait destin\u00e9 \u00e0 devenir designer automobile. Au lyc\u00e9e, il a d\u00e9couvert son \u00e9trange capacit\u00e9 \u00e0 dessiner des voitures. En fait, il \u00e9tait si dou\u00e9 dans ce domaine qu&rsquo;au moment o\u00f9 il \u00e9tait \u00e0 l&rsquo;universit\u00e9, il acceptait des commandes de propri\u00e9taires de voitures classiques. Alors que sa carri\u00e8re commen\u00e7ait dans le secteur automobile, son bon ami Bill Koenig de Koenig Knives est intervenu et tout a chang\u00e9. Une fois qu\u2019il a eu un avant-go\u00fbt du design des couteaux, il n\u2019a plus jamais regard\u00e9 en arri\u00e8re. Alors quand ils disent \u00ab con\u00e7u pour la performance \u00bb, ils le pensent vraiment.<\/strong><\/p>\n<p>&nbsp;<\/p>\n","protected":false},"featured_media":326557,"comment_status":"open","ping_status":"closed","template":"","meta":[],"pwb-brand":[3762],"product_brand":[],"product_cat":[3700,3696],"product_tag":[3754],"class_list":{"0":"post-326556","1":"product","2":"type-product","3":"status-publish","4":"has-post-thumbnail","6":"pwb-brand-crkt-fr","7":"product_cat-couteaux-de-fermeture","8":"product_cat-des-couteaux","9":"product_tag-b2b-fr","11":"first","12":"outofstock","13":"sale","14":"taxable","15":"shipping-taxable","16":"purchasable","17":"product-type-simple"},"brands":[{"id":3762,"name":"CRKT","slug":"crkt-fr"}],"_links":{"self":[{"href":"https:\/\/www.moskito.cz\/fr\/wp-json\/wp\/v2\/product\/326556","targetHints":{"allow":["GET"]}}],"collection":[{"href":"https:\/\/www.moskito.cz\/fr\/wp-json\/wp\/v2\/product"}],"about":[{"href":"https:\/\/www.moskito.cz\/fr\/wp-json\/wp\/v2\/types\/product"}],"replies":[{"embeddable":true,"href":"https:\/\/www.moskito.cz\/fr\/wp-json\/wp\/v2\/comments?post=326556"}],"wp:featuredmedia":[{"embeddable":true,"href":"https:\/\/www.moskito.cz\/fr\/wp-json\/wp\/v2\/media\/326557"}],"wp:attachment":[{"href":"https:\/\/www.moskito.cz\/fr\/wp-json\/wp\/v2\/media?parent=326556"}],"wp:term":[{"taxonomy":"pwb-brand","embeddable":true,"href":"https:\/\/www.moskito.cz\/fr\/wp-json\/wp\/v2\/pwb-brand?post=326556"},{"taxonomy":"product_brand","embeddable":true,"href":"https:\/\/www.moskito.cz\/fr\/wp-json\/wp\/v2\/product_brand?post=326556"},{"taxonomy":"product_cat","embeddable":true,"href":"https:\/\/www.moskito.cz\/fr\/wp-json\/wp\/v2\/product_cat?post=326556"},{"taxonomy":"product_tag","embeddable":true,"href":"https:\/\/www.moskito.cz\/fr\/wp-json\/wp\/v2\/product_tag?post=326556"}],"curies":[{"name":"wp","href":"https:\/\/api.w.org\/{rel}","templated":true}]}}