{"id":326586,"date":"2022-09-26T21:22:15","date_gmt":"2024-04-05T14:12:40","guid":{"rendered":"https:\/\/www.moskito.cz\/produkt\/couteau-de-fermeture-crkt-delineation-5385\/"},"modified":"2025-05-07T11:08:49","modified_gmt":"2025-05-07T10:08:49","slug":"couteau-de-fermeture-crkt-delineation-5385","status":"publish","type":"product","link":"https:\/\/www.moskito.cz\/fr\/produkt\/couteau-de-fermeture-crkt-delineation-5385\/","title":{"rendered":"Couteau de fermeture CRKT DELINEATION 5385"},"content":{"rendered":"<p>Couteau de fermeture <strong>CRKT<\/strong> DELINEATION 5385.<\/p>\n<p>Premier de la classe. Destin\u00e9 \u00e0 concevoir un couteau aussi \u00e9l\u00e9gant que la Corvette classique de 1957, le coutelier Eric Ochs a imagin\u00e9 le Delineation\u2122. Bien que son anatomie pr\u00e9sente une silhouette lisse et fine, il ne fait aucun doute que ce couteau pliant a \u00e9t\u00e9 con\u00e7u pour \u00eatre performant. Con\u00e7u avec l&rsquo;ouverture assist\u00e9e de Ken Onion pour un d\u00e9ploiement rapide d&rsquo;une seule main, Delineation\u2122 entre en action pour la mission quotidienne. \u00c9l\u00e9gant et performant, c&rsquo;est un troph\u00e9e fonctionnel pour votre poche.<\/p>\n<p>En cherchant un nom pour cet \u00e9l\u00e9gant sac de tous les jours, Eric Ochs a d\u00e9couvert que la silhouette a\u00e9rodynamique du couteau pliant rappelait l&rsquo;intemporelle Corvette de 1957. Le Delineation\u2122, classique et discret, brille par sa simplicit\u00e9, son manche en acier inoxydable argent\u00e9 compl\u00e9tant la lame compacte de style Wharncliffe de 2,94 pouces. Dot\u00e9e de l&rsquo;ouverture assist\u00e9e prim\u00e9e de Ken Onion, la lame en acier inoxydable s&rsquo;ouvre \u00e0 tr\u00e8s grande vitesse et est pr\u00eate \u00e0 se balancer \u00e0 travers la corde, le ruban adh\u00e9sif, le carton et plus encore. Compl\u00e9t\u00e9e par le syst\u00e8me de pivotement \u00e0 roulement \u00e0 billes IKBS\u2122, la lame se d\u00e9ploie en un clin d&rsquo;\u0153il avec une rotation fluide, vous aidant \u00e0 accomplir le travail en un rien de temps.<\/p>\n<p>Lorsqu&rsquo;il s&rsquo;agit d&rsquo;un emmaillotage, ce sac de transport pratique au quotidien se glisse au fond de votre poche et est suffisamment l\u00e9ger pour \u00eatre une aide quotidienne. Il est peut-\u00eatre \u00e9l\u00e9gant, mais ne sous-estimez pas le pouvoir qu\u2019il d\u00e9tient. Delineation\u2122 est le meilleur de sa cat\u00e9gorie.<\/p>\n<p>Comment fonctionne l&rsquo;ouverture assist\u00e9e<br \/>\nIl est maintenu bien ferm\u00e9 dans la poche, mais commencez le d\u00e9ploiement et la lame s&rsquo;ouvre avec une vitesse impressionnante pendant la rotation pour une ouverture simple et puissante d&rsquo;une seule main.<\/p>\n<p>CARACT\u00c9RISTIQUES<br \/>\nLongueur de la lame 2,94&Prime; (74,63 mm)<br \/>\nLame lame Plaine<br \/>\nLame en acier 8Cr13MoV<br \/>\nTraitement de surface de la lame Satin<br \/>\n\u00c9paisseur de la lame 0,12 po (3,15 mm)<br \/>\nLongueur totale 6,81&Prime; (173,05 mm)<br \/>\nLongueur ferm\u00e9e 3,89&Prime; (98,81 mm)<br \/>\nPoids 3,80 onces. (107,73g)<br \/>\nPoign\u00e9e Acier inoxydable<br \/>\nStyle Couteau pliant assist\u00e9 avec verrouillage du cadre<\/p>\n<p><iframe title=\"CRKT DELINEATION\u2122 | Eric Ochs Design\" width=\"800\" height=\"450\" src=\"https:\/\/www.youtube.com\/embed\/V4Schfberjs?feature=oembed\" frameborder=\"0\" allow=\"accelerometer; autoplay; clipboard-write; encrypted-media; gyroscope; picture-in-picture; web-share\" referrerpolicy=\"strict-origin-when-cross-origin\" allowfullscreen><\/iframe><\/p>\n<p>&nbsp;<\/p>\n","protected":false},"excerpt":{"rendered":"<p>Con\u00e7u par Eric Ochs \u00e0 Sherwood, Oregon.<\/p>\n","protected":false},"featured_media":326587,"comment_status":"open","ping_status":"closed","template":"","meta":[],"pwb-brand":[3762],"product_brand":[],"product_cat":[3700,3696],"product_tag":[3754],"class_list":{"0":"post-326586","1":"product","2":"type-product","3":"status-publish","4":"has-post-thumbnail","6":"pwb-brand-crkt-fr","7":"product_cat-couteaux-de-fermeture","8":"product_cat-des-couteaux","9":"product_tag-b2b-fr","11":"first","12":"instock","13":"sale","14":"taxable","15":"shipping-taxable","16":"purchasable","17":"product-type-simple"},"brands":[{"id":3762,"name":"CRKT","slug":"crkt-fr"}],"_links":{"self":[{"href":"https:\/\/www.moskito.cz\/fr\/wp-json\/wp\/v2\/product\/326586","targetHints":{"allow":["GET"]}}],"collection":[{"href":"https:\/\/www.moskito.cz\/fr\/wp-json\/wp\/v2\/product"}],"about":[{"href":"https:\/\/www.moskito.cz\/fr\/wp-json\/wp\/v2\/types\/product"}],"replies":[{"embeddable":true,"href":"https:\/\/www.moskito.cz\/fr\/wp-json\/wp\/v2\/comments?post=326586"}],"wp:featuredmedia":[{"embeddable":true,"href":"https:\/\/www.moskito.cz\/fr\/wp-json\/wp\/v2\/media\/326587"}],"wp:attachment":[{"href":"https:\/\/www.moskito.cz\/fr\/wp-json\/wp\/v2\/media?parent=326586"}],"wp:term":[{"taxonomy":"pwb-brand","embeddable":true,"href":"https:\/\/www.moskito.cz\/fr\/wp-json\/wp\/v2\/pwb-brand?post=326586"},{"taxonomy":"product_brand","embeddable":true,"href":"https:\/\/www.moskito.cz\/fr\/wp-json\/wp\/v2\/product_brand?post=326586"},{"taxonomy":"product_cat","embeddable":true,"href":"https:\/\/www.moskito.cz\/fr\/wp-json\/wp\/v2\/product_cat?post=326586"},{"taxonomy":"product_tag","embeddable":true,"href":"https:\/\/www.moskito.cz\/fr\/wp-json\/wp\/v2\/product_tag?post=326586"}],"curies":[{"name":"wp","href":"https:\/\/api.w.org\/{rel}","templated":true}]}}