{"id":326637,"date":"2022-08-16T19:50:31","date_gmt":"2024-04-05T14:15:18","guid":{"rendered":"https:\/\/www.moskito.cz\/produkt\/couteau-de-fermeture-crkt-ceo-compact-7095\/"},"modified":"2025-05-14T09:19:47","modified_gmt":"2025-05-14T08:19:47","slug":"couteau-de-fermeture-crkt-ceo-compact-7095","status":"publish","type":"product","link":"https:\/\/www.moskito.cz\/fr\/produkt\/couteau-de-fermeture-crkt-ceo-compact-7095\/","title":{"rendered":"Couteau de fermeture CRKT CEO COMPACT 7095"},"content":{"rendered":"<p><strong style=\"font-family: -apple-system, BlinkMacSystemFont, 'Segoe UI', Roboto, 'Helvetica Neue', Arial, 'Noto Sans', sans-serif, 'Apple Color Emoji', 'Segoe UI Emoji', 'Segoe UI Symbol', 'Noto Color Emoji';\">Le couteau pliant CRKT CEO COMPACT 7095<\/strong> <span style=\"font-family: -apple-system, BlinkMacSystemFont, 'Segoe UI', Roboto, 'Helvetica Neue', Arial, 'Noto Sans', sans-serif, 'Apple Color Emoji', 'Segoe UI Emoji', 'Segoe UI Symbol', 'Noto Color Emoji';\">est un excellent choix pour ceux qui recherchent<\/span> un couteau <strong style=\"font-family: -apple-system, BlinkMacSystemFont, 'Segoe UI', Roboto, 'Helvetica Neue', Arial, 'Noto Sans', sans-serif, 'Apple Color Emoji', 'Segoe UI Emoji', 'Segoe UI Symbol', 'Noto Color Emoji';\">\u00e9l\u00e9gant<\/strong> <span style=\"font-family: -apple-system, BlinkMacSystemFont, 'Segoe UI', Roboto, 'Helvetica Neue', Arial, 'Noto Sans', sans-serif, 'Apple Color Emoji', 'Segoe UI Emoji', 'Segoe UI Symbol', 'Noto Color Emoji';\">et<\/span> <strong style=\"font-family: -apple-system, BlinkMacSystemFont, 'Segoe UI', Roboto, 'Helvetica Neue', Arial, 'Noto Sans', sans-serif, 'Apple Color Emoji', 'Segoe UI Emoji', 'Segoe UI Symbol', 'Noto Color Emoji';\">compact<\/strong> <span style=\"font-family: -apple-system, BlinkMacSystemFont, 'Segoe UI', Roboto, 'Helvetica Neue', Arial, 'Noto Sans', sans-serif, 'Apple Color Emoji', 'Segoe UI Emoji', 'Segoe UI Symbol', 'Noto Color Emoji';\">, id\u00e9al pour<\/span> <strong style=\"font-family: -apple-system, BlinkMacSystemFont, 'Segoe UI', Roboto, 'Helvetica Neue', Arial, 'Noto Sans', sans-serif, 'Apple Color Emoji', 'Segoe UI Emoji', 'Segoe UI Symbol', 'Noto Color Emoji';\">un transport quotidien.<\/strong><span style=\"font-family: -apple-system, BlinkMacSystemFont, 'Segoe UI', Roboto, 'Helvetica Neue', Arial, 'Noto Sans', sans-serif, 'Apple Color Emoji', 'Segoe UI Emoji', 'Segoe UI Symbol', 'Noto Color Emoji';\">  (EDC) et se glisse facilement dans n&rsquo;importe quelle poche ou sac. Ce mod\u00e8le est une version du populaire   <\/span><strong style=\"font-family: -apple-system, BlinkMacSystemFont, 'Segoe UI', Roboto, 'Helvetica Neue', Arial, 'Noto Sans', sans-serif, 'Apple Color Emoji', 'Segoe UI Emoji', 'Segoe UI Symbol', 'Noto Color Emoji';\">Le CEO<\/strong> <span style=\"font-family: -apple-system, BlinkMacSystemFont, 'Segoe UI', Roboto, 'Helvetica Neue', Arial, 'Noto Sans', sans-serif, 'Apple Color Emoji', 'Segoe UI Emoji', 'Segoe UI Symbol', 'Noto Color Emoji';\">, con\u00e7u par le designer<\/span> <strong style=\"font-family: -apple-system, BlinkMacSystemFont, 'Segoe UI', Roboto, 'Helvetica Neue', Arial, 'Noto Sans', sans-serif, 'Apple Color Emoji', 'Segoe UI Emoji', 'Segoe UI Symbol', 'Noto Color Emoji';\">Richard Rogers<\/strong> <span style=\"font-family: -apple-system, BlinkMacSystemFont, 'Segoe UI', Roboto, 'Helvetica Neue', Arial, 'Noto Sans', sans-serif, 'Apple Color Emoji', 'Segoe UI Emoji', 'Segoe UI Symbol', 'Noto Color Emoji';\">, est<\/span> <strong style=\"font-family: -apple-system, BlinkMacSystemFont, 'Segoe UI', Roboto, 'Helvetica Neue', Arial, 'Noto Sans', sans-serif, 'Apple Color Emoji', 'Segoe UI Emoji', 'Segoe UI Symbol', 'Noto Color Emoji';\">plus petit<\/strong> <span style=\"font-family: -apple-system, BlinkMacSystemFont, 'Segoe UI', Roboto, 'Helvetica Neue', Arial, 'Noto Sans', sans-serif, 'Apple Color Emoji', 'Segoe UI Emoji', 'Segoe UI Symbol', 'Noto Color Emoji';\">, ce qui le rend plus facile \u00e0 transporter et \u00e0 utiliser dans la vie de tous les jours, y compris dans les environnements professionnels et de bureau.<\/span><\/p>\n<div class=\"flex-1 overflow-hidden @container\/thread\">\n<div class=\"h-full\">\n<div class=\"react-scroll-to-bottom--css-vxybp-79elbk h-full\">\n<div class=\"react-scroll-to-bottom--css-vxybp-1n7m0yu\">\n<div class=\"flex flex-col text-sm\">\n<article class=\"w-full scroll-mb-[var(--thread-trailing-height,150px)] text-token-text-primary focus-visible:outline-2 focus-visible:outline-offset-[-4px]\" dir=\"auto\" data-testid=\"conversation-turn-381\" data-scroll-anchor=\"true\">\n<div class=\"m-auto text-base py-[18px] px-3 md:px-4 w-full md:px-5 lg:px-4 xl:px-5\">\n<div class=\"mx-auto flex flex-1 gap-4 text-base md:gap-5 lg:gap-6 md:max-w-3xl\">\n<div class=\"group\/conversation-turn relative flex w-full min-w-0 flex-col agent-turn\">\n<div class=\"flex-col gap-1 md:gap-3\">\n<div class=\"flex max-w-full flex-col flex-grow\">\n<div class=\"min-h-8 text-message flex w-full flex-col items-end gap-2 whitespace-normal break-words text-start [.text-message+&amp;]:mt-5\" dir=\"auto\" data-message-author-role=\"assistant\" data-message-id=\"2f61b6b7-ffbb-468f-a9e6-7637ac73046e\" data-message-model-slug=\"gpt-4o-mini\">\n<div class=\"flex w-full flex-col gap-1 empty:hidden first:pt-[3px]\">\n<div class=\"markdown prose w-full break-words dark:prose-invert light\">\n<h3>Caract\u00e9ristiques principales <strong>du CRKT CEO COMPACT 7095<\/strong> :<\/h3>\n<h4>1. <strong>Conception compacte et discr\u00e8te<\/strong><\/h4>\n<ul>\n<li><strong>Confortable \u00e0 transporter :<\/strong> le couteau est con\u00e7u pour <strong>ressembler \u00e0 un stylo<\/strong> , ce qui le rend id\u00e9al pour <strong>les messieurs<\/strong> ou toute personne ayant besoin <strong>d&rsquo;un excellent EDC<\/strong> \u00e0 utiliser au bureau ou pendant les r\u00e9unions. Gr\u00e2ce \u00e0 <strong>ses dimensions compactes,<\/strong> il est tr\u00e8s discret et peut \u00eatre facilement cach\u00e9 dans une poche sans attirer l&rsquo;attention. <\/li>\n<li><strong>Format de poche :<\/strong> Avec une longueur totale de <strong>6,13&Prime;<\/strong> (155,58 mm) et une longueur de lame de <strong>2,61&Prime;<\/strong> (66,27 mm), le couteau est suffisamment petit pour tenir dans <strong>n&rsquo;importe quelle poche<\/strong> , ce qui en fait un compagnon id\u00e9al pour un transport quotidien.<\/li>\n<\/ul>\n<h4>2. <strong>Ouverture rapide et fluide<\/strong><\/h4>\n<ul>\n<li><strong>Flipper \u00e0 ouverture rapide :<\/strong> Le couteau est \u00e9quip\u00e9 d&rsquo; <strong>un flipper<\/strong> qui permet une ouverture facile et rapide d&rsquo;une seule main. Ce m\u00e9canisme est id\u00e9al pour un acc\u00e8s rapide au couteau en cas de besoin. <\/li>\n<li><strong>Syst\u00e8me de roulement \u00e0 billes IKBS\u2122 :<\/strong> <strong>les roulements \u00e0 billes<\/strong> assurent <strong>une rotation fluide et continue de la lame<\/strong> , ce qui signifie que la lame s&rsquo;ouvre avec un minimum d&rsquo;effort et tr\u00e8s rapidement.<\/li>\n<\/ul>\n<h4>3. <strong>Lame et mat\u00e9riaux<\/strong><\/h4>\n<ul>\n<li><strong>Acier 1.4116 :<\/strong> La lame est fabriqu\u00e9e en <strong>acier 1.4116<\/strong> , <strong>un acier inoxydable \u00e0 haute teneur en carbone<\/strong> connu pour sa <strong>r\u00e9sistance \u00e0 la corrosion<\/strong> et <strong>sa bonne capacit\u00e9 \u00e0 conserver un tranchant<\/strong> , ce qui le rend id\u00e9al pour un usage quotidien.<\/li>\n<li><strong>Finition satin\u00e9e :<\/strong> La lame a <strong>une finition satin\u00e9e<\/strong> , ce qui lui donne un aspect \u00e9l\u00e9gant et augmente sa r\u00e9sistance \u00e0 l&rsquo;usure.<\/li>\n<\/ul>\n<h4>4. <strong>Poign\u00e9e ergonomique et robuste<\/strong><\/h4>\n<ul>\n<li><strong>Manche en nylon renforc\u00e9 de verre :<\/strong> Le manche est fabriqu\u00e9 en <strong>nylon renforc\u00e9 de verre<\/strong> , <strong>un mat\u00e9riau l\u00e9ger mais durable<\/strong> qui offre une bonne <strong>adh\u00e9rence<\/strong> m\u00eame lorsque vous travaillez avec le couteau.<\/li>\n<li><strong>Conception compacte et ergonomique :<\/strong> Gr\u00e2ce \u00e0 sa taille et sa forme ergonomique, le couteau est <strong>confortable \u00e0 tenir<\/strong> , assurant une prise en main s\u00fbre m\u00eame pendant un travail prolong\u00e9.<\/li>\n<\/ul>\n<h4>5. <strong>S\u00e9curit\u00e9 et confort<\/strong><\/h4>\n<ul>\n<li><strong>Liner Lock :<\/strong> Le couteau est \u00e9quip\u00e9 d&rsquo; <strong>un Liner Lock<\/strong> , qui garantit que la lame est solidement verrouill\u00e9e en position ouverte jusqu&rsquo;\u00e0 ce que vous la fermiez. Ce verrou est <strong>facile \u00e0 utiliser<\/strong> d&rsquo;une seule main, assurant une fermeture pratique et rapide du couteau. <\/li>\n<\/ul>\n<h4>6. <strong>Options de port<\/strong><\/h4>\n<ul>\n<li><strong>Clip r\u00e9glable :<\/strong> le couteau est dot\u00e9 <strong>d&rsquo;un clip r\u00e9glable<\/strong> pour le transporter dans votre poche, ce qui en fait une excellente solution pour <strong>les utilisateurs droitiers et gauchers<\/strong> . Le clip peut \u00eatre ajust\u00e9 de mani\u00e8re \u00e0 ce que le couteau soit port\u00e9 dans <strong>la poche gauche ou droite<\/strong> , selon la pr\u00e9f\u00e9rence de l&rsquo;utilisateur. <\/li>\n<\/ul>\n<h4>7. <strong>Conception compacte et l\u00e9g\u00e8re<\/strong><\/h4>\n<ul>\n<li><strong>Poids :<\/strong> Avec <strong>1,60 oz<\/strong> (45,36 g), le couteau est <strong>l\u00e9ger<\/strong> , ce qui le rend tr\u00e8s portable et confortable \u00e0 transporter toute la journ\u00e9e sans alourdir votre poche ou votre sac.<\/li>\n<\/ul>\n<h3>Utilisations possibles <strong>du CRKT CEO COMPACT 7095<\/strong> :<\/h3>\n<ol>\n<li><strong>Port quotidien (EDC) :<\/strong>\n<ul>\n<li>Ce couteau est id\u00e9al pour <strong>les t\u00e2ches courantes<\/strong> telles que <strong>l&rsquo;ouverture d&rsquo;enveloppes<\/strong> , <strong>la d\u00e9coupe de colis<\/strong> ou <strong>la manipulation de mat\u00e9riaux<\/strong> . Gr\u00e2ce \u00e0 <strong>ses dimensions compactes,<\/strong> il est suffisamment discret pour \u00eatre utilis\u00e9 au bureau ou lors de r\u00e9unions d&rsquo;affaires. <\/li>\n<\/ul>\n<\/li>\n<li><strong>Utilisation du bureau :<\/strong>\n<ul>\n<li>Le couteau est parfait pour <strong>un environnement de bureau<\/strong> o\u00f9 un outil fiable est n\u00e9cessaire pour les t\u00e2ches quotidiennes sans \u00eatre trop visible. Son <strong>design \u00e9l\u00e9gant<\/strong> le rend id\u00e9al pour un look professionnel. <\/li>\n<\/ul>\n<\/li>\n<li><strong>Voyages et vie quotidienne :<\/strong>\n<ul>\n<li>Si vous voyagez fr\u00e9quemment ou avez besoin d&rsquo;un couteau pour <strong>diverses t\u00e2ches en d\u00e9placement<\/strong> , le CEO Compact est une excellente solution qui se glisse dans <strong>n&rsquo;importe quelle poche<\/strong> et offre les fonctionnalit\u00e9s dont vous avez besoin.<\/li>\n<\/ul>\n<\/li>\n<\/ol>\n<h3>Conclusion:<\/h3>\n<p><strong>Le CRKT CEO COMPACT 7095<\/strong> est le <strong>couteau compact<\/strong> id\u00e9al pour un transport quotidien, combinant <strong>un design classique et \u00e9l\u00e9gant<\/strong> avec <strong>des fonctionnalit\u00e9s modernes<\/strong> telles qu&rsquo;une <strong>ouverture assist\u00e9e<\/strong> , <strong>un mouvement de lame fluide<\/strong> et <strong>des mat\u00e9riaux l\u00e9gers<\/strong> . C&rsquo;est une excellente solution pour tous ceux qui recherchent <strong>un outil fiable et discret<\/strong> pour les t\u00e2ches quotidiennes au bureau ou en d\u00e9placement. <\/p>\n<\/div>\n<\/div>\n<\/div>\n<\/div>\n<div class=\"mb-2 flex gap-3 empty:hidden -ml-2\">\n<div class=\"items-center justify-start rounded-xl p-1 flex\">\n<div class=\"flex items-center\"><\/div>\n<\/div>\n<\/div>\n<div class=\"pr-2 lg:pr-0\"><\/div>\n<\/div>\n<\/div>\n<\/div>\n<\/div>\n<\/article>\n<\/div>\n<\/div>\n<\/div>\n<\/div>\n<\/div>\n<p><iframe title=\"CRKT CEO COMPACT | Richard Rogers Design\" width=\"800\" height=\"450\" src=\"https:\/\/www.youtube.com\/embed\/okQq-JghOqc?feature=oembed\" frameborder=\"0\" allow=\"accelerometer; autoplay; clipboard-write; encrypted-media; gyroscope; picture-in-picture; web-share\" referrerpolicy=\"strict-origin-when-cross-origin\" allowfullscreen><\/iframe><\/p>\n<p>&nbsp;<\/p>\n","protected":false},"excerpt":{"rendered":"<p><strong>Le CRKT CEO COMPACT 7095 est le couteau compact id\u00e9al pour un transport quotidien, combinant un design classique et \u00e9l\u00e9gant avec des fonctionnalit\u00e9s modernes telles qu&rsquo;une ouverture assist\u00e9e, un mouvement de lame fluide et des mat\u00e9riaux l\u00e9gers. C&rsquo;est une excellente solution pour tous ceux qui recherchent un outil fiable et discret pour les t\u00e2ches quotidiennes au bureau ou en d\u00e9placement. <\/strong><\/p>\n","protected":false},"featured_media":326638,"comment_status":"open","ping_status":"closed","template":"","meta":[],"pwb-brand":[3762],"product_brand":[],"product_cat":[3700,3696],"product_tag":[3754],"class_list":{"0":"post-326637","1":"product","2":"type-product","3":"status-publish","4":"has-post-thumbnail","6":"pwb-brand-crkt-fr","7":"product_cat-couteaux-de-fermeture","8":"product_cat-des-couteaux","9":"product_tag-b2b-fr","11":"first","12":"outofstock","13":"sale","14":"taxable","15":"shipping-taxable","16":"purchasable","17":"product-type-simple"},"brands":[{"id":3762,"name":"CRKT","slug":"crkt-fr"}],"_links":{"self":[{"href":"https:\/\/www.moskito.cz\/fr\/wp-json\/wp\/v2\/product\/326637","targetHints":{"allow":["GET"]}}],"collection":[{"href":"https:\/\/www.moskito.cz\/fr\/wp-json\/wp\/v2\/product"}],"about":[{"href":"https:\/\/www.moskito.cz\/fr\/wp-json\/wp\/v2\/types\/product"}],"replies":[{"embeddable":true,"href":"https:\/\/www.moskito.cz\/fr\/wp-json\/wp\/v2\/comments?post=326637"}],"wp:featuredmedia":[{"embeddable":true,"href":"https:\/\/www.moskito.cz\/fr\/wp-json\/wp\/v2\/media\/326638"}],"wp:attachment":[{"href":"https:\/\/www.moskito.cz\/fr\/wp-json\/wp\/v2\/media?parent=326637"}],"wp:term":[{"taxonomy":"pwb-brand","embeddable":true,"href":"https:\/\/www.moskito.cz\/fr\/wp-json\/wp\/v2\/pwb-brand?post=326637"},{"taxonomy":"product_brand","embeddable":true,"href":"https:\/\/www.moskito.cz\/fr\/wp-json\/wp\/v2\/product_brand?post=326637"},{"taxonomy":"product_cat","embeddable":true,"href":"https:\/\/www.moskito.cz\/fr\/wp-json\/wp\/v2\/product_cat?post=326637"},{"taxonomy":"product_tag","embeddable":true,"href":"https:\/\/www.moskito.cz\/fr\/wp-json\/wp\/v2\/product_tag?post=326637"}],"curies":[{"name":"wp","href":"https:\/\/api.w.org\/{rel}","templated":true}]}}