{"id":326693,"date":"2022-08-16T20:36:16","date_gmt":"2024-04-05T14:25:58","guid":{"rendered":"https:\/\/www.moskito.cz\/produkt\/couteau-de-fermeture-crkt-squid-xm-2495k\/"},"modified":"2025-05-07T11:08:51","modified_gmt":"2025-05-07T10:08:51","slug":"couteau-de-fermeture-crkt-squid-xm-2495k","status":"publish","type":"product","link":"https:\/\/www.moskito.cz\/fr\/produkt\/couteau-de-fermeture-crkt-squid-xm-2495k\/","title":{"rendered":"Couteau de fermeture CRKT SQUID XM 2495K"},"content":{"rendered":"<p>Couteau de fermeture <strong>CRKT<\/strong> SQUID XM 2495K.<\/p>\n<p>Il est de retour. Mais plus gros. Il y a des ann\u00e9es, le designer Lucas Burnley a donn\u00e9 vie \u00e0 l&#8217;embl\u00e9matique Squid\u2122. Le couteau pliant, qui gagne rapidement en popularit\u00e9 parmi les fans du populaire support compact, est devenu le meilleur choix pour ceux qui recherchent le juste \u00e9quilibre entre simplicit\u00e9, performance et fonctionnalit\u00e9. Aujourd&rsquo;hui, Lucas a retravaill\u00e9 cette conception \u00e9prouv\u00e9e et nous propose le plus grand SQUID\u2122 XM. Nous pensons toujours qu&rsquo;il s&rsquo;agit d&rsquo;un outil de transport polyvalent au quotidien, la lame plus longue g\u00e8re les t\u00e2ches grandes et petites &#8211; et elle est maintenant consid\u00e9r\u00e9e comme un peu plus \u00ab extra moyenne \u00bb.<\/p>\n<p>Con\u00e7u par Lucas Burnley, le Squid\u2122 a \u00e9t\u00e9 con\u00e7u pour \u00eatre puissant mais tout aussi adaptable aux d\u00e9fis quotidiens. Que vous travailliez \u00e0 la maison, dans le garage ou au bureau, Squid\u2122 peut vous accompagner partout. Apr\u00e8s la sortie du design original, Lucas a continu\u00e9 \u00e0 susciter l&rsquo;int\u00e9r\u00eat des fans lui demandant de r\u00e9imaginer la lame populaire en la rendant l\u00e9g\u00e8rement plus grande. Et \u00e0 la mani\u00e8re de Lucas, le cr\u00e9ateur de couteaux s&rsquo;est mis au travail pour voir ce qui \u00e9tait possible. Aujourd&rsquo;hui, avec l&rsquo;introduction du SQUID\u2122 XM, Lucas propose une cr\u00e9ation aussi embl\u00e9matique que l&rsquo;originale, tout en ouvrant la voie en termes de fonctionnalit\u00e9 et de simplicit\u00e9 conviviale.<\/p>\n<p>Lors de la mise au point de l&rsquo;\u00e9volution de cette derni\u00e8re version, Lucas n&rsquo;a oubli\u00e9 aucun d\u00e9tail&nbsp;:<br \/>\npour garantir que le \u00ab support suppl\u00e9mentaire \u00bb soit tout aussi transparent en termes de performances. Comme son pr\u00e9d\u00e9cesseur, le SQUID\u2122 XM est dot\u00e9 d&rsquo;une lame \u00e0 pointe de chute qui atteint un excellent \u00e9quilibre entre la r\u00e9sistance de la pointe et la g\u00e9om\u00e9trie de la pointe pour les t\u00e2ches utilitaires. Lorsque vous \u00eates pr\u00eat \u00e0 vous mettre au travail, l&rsquo;ouverture assist\u00e9e de Ken Onion d\u00e9ploie la lame en un clin d&rsquo;\u0153il, tandis que le syst\u00e8me de broches \u00e0 roulement \u00e0 billes IKBS\u2122 cr\u00e9e une rotation ultra-douce.<\/p>\n<p>Une fois que la lame durable du D2 a fait son travail, vous pouvez la ranger en toute s\u00e9curit\u00e9 dans votre poche : son verrou de cadre interne et son clip de poche profond permettent de le transporter en toute s\u00e9curit\u00e9 lors de vos d\u00e9placements.<\/p>\n<p>Le design embl\u00e9matique est de retour. Seulement maintenant, sa taille est gradu\u00e9e.<\/p>\n<p>Comment fonctionne l&rsquo;ouverture assist\u00e9e<br \/>\nIl est maintenu solidement ferm\u00e9 dans une poche, mais lancez le d\u00e9ploiement et la lame s&rsquo;ouvre \u00e0 une vitesse impressionnante pendant la rotation pour une ouverture simple et puissante d&rsquo;une seule main.<\/p>\n<p>CARACT\u00c9RISTIQUES<br \/>\nLongueur de la lame 2,95&Prime; (74,83 mm)<br \/>\nLame lame Plaine<br \/>\nLame acier D2<br \/>\nFinition de la lame Stonewash<br \/>\n\u00c9paisseur de la lame 0,10 po (2,62 mm)<br \/>\nLongueur totale 7,03&Prime; (178,59 mm)<br \/>\nLongueur ferm\u00e9e 4,11&Prime; (104,34 mm)<br \/>\nPoids 3,60 onces (102,06 g)<br \/>\nPoign\u00e9e G10 | Acier inoxydable<br \/>\nStyle Couteau pliant assist\u00e9 avec verrouillage du cadre<\/p>\n<p><iframe title=\"CRKT SQUID\u2122 XM | Lucas Burnley Design\" width=\"800\" height=\"450\" src=\"https:\/\/www.youtube.com\/embed\/Kq8g1Yr1NxI?feature=oembed\" frameborder=\"0\" allow=\"accelerometer; autoplay; clipboard-write; encrypted-media; gyroscope; picture-in-picture; web-share\" referrerpolicy=\"strict-origin-when-cross-origin\" allowfullscreen><\/iframe><\/p>\n<p>&nbsp;<\/p>\n","protected":false},"excerpt":{"rendered":"<p>Con\u00e7u par Lucas Burnley \u00e0 Bend, Oregon.<\/p>\n","protected":false},"featured_media":326694,"comment_status":"open","ping_status":"closed","template":"","meta":[],"pwb-brand":[3762],"product_brand":[],"product_cat":[3700,3696],"product_tag":[3754],"class_list":{"0":"post-326693","1":"product","2":"type-product","3":"status-publish","4":"has-post-thumbnail","6":"pwb-brand-crkt-fr","7":"product_cat-couteaux-de-fermeture","8":"product_cat-des-couteaux","9":"product_tag-b2b-fr","11":"first","12":"instock","13":"sale","14":"taxable","15":"shipping-taxable","16":"purchasable","17":"product-type-simple"},"brands":[{"id":3762,"name":"CRKT","slug":"crkt-fr"}],"_links":{"self":[{"href":"https:\/\/www.moskito.cz\/fr\/wp-json\/wp\/v2\/product\/326693","targetHints":{"allow":["GET"]}}],"collection":[{"href":"https:\/\/www.moskito.cz\/fr\/wp-json\/wp\/v2\/product"}],"about":[{"href":"https:\/\/www.moskito.cz\/fr\/wp-json\/wp\/v2\/types\/product"}],"replies":[{"embeddable":true,"href":"https:\/\/www.moskito.cz\/fr\/wp-json\/wp\/v2\/comments?post=326693"}],"wp:featuredmedia":[{"embeddable":true,"href":"https:\/\/www.moskito.cz\/fr\/wp-json\/wp\/v2\/media\/326694"}],"wp:attachment":[{"href":"https:\/\/www.moskito.cz\/fr\/wp-json\/wp\/v2\/media?parent=326693"}],"wp:term":[{"taxonomy":"pwb-brand","embeddable":true,"href":"https:\/\/www.moskito.cz\/fr\/wp-json\/wp\/v2\/pwb-brand?post=326693"},{"taxonomy":"product_brand","embeddable":true,"href":"https:\/\/www.moskito.cz\/fr\/wp-json\/wp\/v2\/product_brand?post=326693"},{"taxonomy":"product_cat","embeddable":true,"href":"https:\/\/www.moskito.cz\/fr\/wp-json\/wp\/v2\/product_cat?post=326693"},{"taxonomy":"product_tag","embeddable":true,"href":"https:\/\/www.moskito.cz\/fr\/wp-json\/wp\/v2\/product_tag?post=326693"}],"curies":[{"name":"wp","href":"https:\/\/api.w.org\/{rel}","templated":true}]}}