{"id":326749,"date":"2020-12-19T18:21:28","date_gmt":"2024-04-05T14:36:25","guid":{"rendered":"https:\/\/www.moskito.cz\/produkt\/couteau-de-fermeture-crkt-provoke-kinematic-responder-4042\/"},"modified":"2025-07-11T07:53:18","modified_gmt":"2025-07-11T06:53:18","slug":"couteau-de-fermeture-crkt-provoke-kinematic-responder-4042","status":"publish","type":"product","link":"https:\/\/www.moskito.cz\/fr\/produkt\/couteau-de-fermeture-crkt-provoke-kinematic-responder-4042\/","title":{"rendered":"Couteau de fermeture CRKT Provoke Kinematic Responder 4042"},"content":{"rendered":"<p>Couteau de fermeture <strong>CRKT<\/strong> Provoke Kinematic Responder 4042.<\/p>\n<p>Servir. D\u00e9fendre. Le couteau Karambit Morphing Provoke\u00ae First Responder est l&rsquo;un des premiers \u00e0 \u00eatre dot\u00e9 de la technologie Kinematic\u00ae, il reste soigneusement rang\u00e9 pendant le transport et prend vie lorsque des probl\u00e8mes surviennent. Et plusieurs options de transport ainsi qu&rsquo;un brise-verre ont \u00e9t\u00e9 con\u00e7us sp\u00e9cifiquement pour les hommes et les femmes en uniforme.<\/p>\n<p>Ici, nous consid\u00e9rons le designer Joe Caswell comme un savant fou. Lorsque nous avons vu les croquis de ce qui allait devenir le Provok\u00ae, con\u00e7u \u00e0 Newbury Park, en Californie, nous savions qu&rsquo;il \u00e9tait destin\u00e9 \u00e0 devenir l&rsquo;un des designers les plus innovants que le monde du couteau ait jamais connu. La lame de style hawkbill, inspir\u00e9e du karambit traditionnel, est forg\u00e9e \u00e0 partir d&rsquo;acier D2 de qualit\u00e9 sup\u00e9rieure et recouverte de nitrure de titane noir pour une grande durabilit\u00e9 et une excellente r\u00e9tention des bords. Pour mieux \u00e9quiper les hommes et les femmes en bleu, nous avons ajout\u00e9 un brise-verre \u00e0 l&rsquo;extr\u00e9mit\u00e9 du cadre et ajout\u00e9 un \u00e9tui avec plusieurs options de montage d&rsquo;\u00e9quipement au Provoke\u00ae First Responder.<\/p>\n<p>Le m\u00e9canisme d&rsquo;ouverture tire le dossier vers le futur, pr\u00eat ou non. La pression du pouce sur la barre sup\u00e9rieure d\u00e9clenche une r\u00e9action en cha\u00eene, provoquant le d\u00e9clenchement de la lame pendant que vous gardez une prise ferme sur la poign\u00e9e. Il est fabriqu\u00e9 en aluminium a\u00e9ronautique 6061 pour une rigidit\u00e9 maximale. Dans le plus pur style Joe, le clip de poche est \u00e9galement une premi\u00e8re mondiale : il affleure presque compl\u00e8tement la poign\u00e9e et s&rsquo;active \u00e9galement d&rsquo;une l\u00e9g\u00e8re pression du pouce.<\/p>\n<p>Le Provoke\u00ae First Responder est puissant lorsqu\u2019il est mis en service.<\/p>\n<p>Comment fonctionne Kinematic\u00ae<\/p>\n<p>Poussez votre pouce dans la barre transversale sup\u00e9rieure \u2013 pendant que vos autres doigts saisissent fermement la poign\u00e9e \u2013 et la lame prend vie et s&rsquo;enclenche. Faites glisser le levier discret \u00e0 la base de la boucle du doigt et la lame se r\u00e9tracte dans sa position ferm\u00e9e.<\/p>\n<p>CARACT\u00c9RISTIQUES<br \/>\nLongueur de la lame 2,41&nbsp;po (61,21&nbsp;mm)<br \/>\nLame lame Plaine<br \/>\nLame acier D2<br \/>\nTraitement de surface de la lame Nitrure de titane<br \/>\n\u00c9paisseur de la lame 0,21 po (5,31 mm)<br \/>\nLongueur totale 7,25&Prime; (184,15 mm)<br \/>\nLongueur ferm\u00e9e 5,06&Prime; (128,52 mm)<br \/>\nPoids 6,10 onces (172,93 g)<br \/>\nManche en aluminium<br \/>\nCouteau pliant Style avec Kinematic\u2122<br \/>\nMat\u00e9riau de la coque Boltaron\u00ae<br \/>\nPoids de la coquille 1,10 oz (31,18 g)<\/p>\n<p><iframe title=\"CRKT Kinematic | How It Works\" width=\"800\" height=\"450\" src=\"https:\/\/www.youtube.com\/embed\/birKtIe7HRY?feature=oembed\" frameborder=\"0\" allow=\"accelerometer; autoplay; clipboard-write; encrypted-media; gyroscope; picture-in-picture; web-share\" referrerpolicy=\"strict-origin-when-cross-origin\" allowfullscreen><\/iframe><\/p>\n<p>&nbsp;<\/p>\n<p>&nbsp;<\/p>\n","protected":false},"excerpt":{"rendered":"<p>Con\u00e7u par Joe Caswell \u00e0 Newbury Park, en Californie.<br \/>\n<strong>Transports gratuits.<\/strong><\/p>\n","protected":false},"featured_media":176878,"comment_status":"open","ping_status":"closed","template":"","meta":[],"pwb-brand":[3762],"product_brand":[],"product_cat":[3700,3696],"product_tag":[3754],"class_list":{"0":"post-326749","1":"product","2":"type-product","3":"status-publish","4":"has-post-thumbnail","6":"pwb-brand-crkt-fr","7":"product_cat-couteaux-de-fermeture","8":"product_cat-des-couteaux","9":"product_tag-b2b-fr","11":"first","12":"outofstock","13":"taxable","14":"shipping-taxable","15":"purchasable","16":"product-type-simple"},"brands":[{"id":3762,"name":"CRKT","slug":"crkt-fr"}],"_links":{"self":[{"href":"https:\/\/www.moskito.cz\/fr\/wp-json\/wp\/v2\/product\/326749","targetHints":{"allow":["GET"]}}],"collection":[{"href":"https:\/\/www.moskito.cz\/fr\/wp-json\/wp\/v2\/product"}],"about":[{"href":"https:\/\/www.moskito.cz\/fr\/wp-json\/wp\/v2\/types\/product"}],"replies":[{"embeddable":true,"href":"https:\/\/www.moskito.cz\/fr\/wp-json\/wp\/v2\/comments?post=326749"}],"wp:featuredmedia":[{"embeddable":true,"href":"https:\/\/www.moskito.cz\/fr\/wp-json\/wp\/v2\/media\/176878"}],"wp:attachment":[{"href":"https:\/\/www.moskito.cz\/fr\/wp-json\/wp\/v2\/media?parent=326749"}],"wp:term":[{"taxonomy":"pwb-brand","embeddable":true,"href":"https:\/\/www.moskito.cz\/fr\/wp-json\/wp\/v2\/pwb-brand?post=326749"},{"taxonomy":"product_brand","embeddable":true,"href":"https:\/\/www.moskito.cz\/fr\/wp-json\/wp\/v2\/product_brand?post=326749"},{"taxonomy":"product_cat","embeddable":true,"href":"https:\/\/www.moskito.cz\/fr\/wp-json\/wp\/v2\/product_cat?post=326749"},{"taxonomy":"product_tag","embeddable":true,"href":"https:\/\/www.moskito.cz\/fr\/wp-json\/wp\/v2\/product_tag?post=326749"}],"curies":[{"name":"wp","href":"https:\/\/api.w.org\/{rel}","templated":true}]}}