{"id":326845,"date":"2022-08-23T21:26:05","date_gmt":"2024-04-05T14:49:25","guid":{"rendered":"https:\/\/www.moskito.cz\/produkt\/couteau-de-fermeture-crkt-provoke-compact-4045\/"},"modified":"2025-05-07T11:08:55","modified_gmt":"2025-05-07T10:08:55","slug":"couteau-de-fermeture-crkt-provoke-compact-4045","status":"publish","type":"product","link":"https:\/\/www.moskito.cz\/fr\/produkt\/couteau-de-fermeture-crkt-provoke-compact-4045\/","title":{"rendered":"Couteau de fermeture CRKT PROVOKE COMPACT 4045"},"content":{"rendered":"<p>Couteau de fermeture <strong>CRKT<\/strong> PROVOKE COMPACT 4045.<\/p>\n<p>La puissance dans votre poche.<\/p>\n<p>Le Provoke\u00ae Compact est un classique r\u00e9invent\u00e9, repens\u00e9 pour \u00eatre un sac de transport ultra-portable au quotidien. Sa poign\u00e9e robuste en aluminium offrant des performances dans une taille compacte contribue \u00e0 sa conception ultra-l\u00e9g\u00e8re qui constitue \u00e9galement le transport d&rsquo;auto-d\u00e9fense parfait. Gr\u00e2ce \u00e0 la technologie Kinematic\u00ae, il reste soigneusement cach\u00e9 pendant le transport et prend vie lorsqu&rsquo;il est appel\u00e9 pour un entretien.<br \/>\nUne innovation unique : Kinematic\u00ae d\u00e9plie la lame d&rsquo;une simple pression du pouce<br \/>\nPerformance sup\u00e9rieure&nbsp;: lame en acier D2 pour une r\u00e9tention sup\u00e9rieure de la lame<br \/>\nSolide et l\u00e9ger : la poign\u00e9e en aluminium allie r\u00e9sistance et poids minimal<br \/>\nProfil bas&nbsp;: le clip de poche assure un transport s\u00e9curis\u00e9<\/p>\n<p>CARACT\u00c9RISTIQUES<br \/>\nLongueur de la lame 2,26&nbsp;po (57,33&nbsp;mm)<br \/>\nLame lame Plaine<br \/>\nLame acier D2<br \/>\nFinition de la lame Stonewash<br \/>\n\u00c9paisseur de la lame 0,15&Prime; (3,73 mm)<br \/>\nLongueur totale 6,63&Prime; (168,28 mm)<br \/>\nLongueur ferm\u00e9e 4,54&Prime; (115,42 mm)<br \/>\nPoids 4,40 onces (124,74 g)<br \/>\nManche en aluminium<br \/>\nCouteau pliant Style avec Kinematic\u2122<\/p>\n","protected":false},"excerpt":{"rendered":"<p>Con\u00e7u par Joe Caswell \u00e0 Newbury Park, en Californie.<\/p>\n","protected":false},"featured_media":326848,"comment_status":"open","ping_status":"closed","template":"","meta":[],"pwb-brand":[3762],"product_brand":[],"product_cat":[3700,3696],"product_tag":[3754],"class_list":{"0":"post-326845","1":"product","2":"type-product","3":"status-publish","4":"has-post-thumbnail","6":"pwb-brand-crkt-fr","7":"product_cat-couteaux-de-fermeture","8":"product_cat-des-couteaux","9":"product_tag-b2b-fr","11":"first","12":"outofstock","13":"sale","14":"taxable","15":"shipping-taxable","16":"purchasable","17":"product-type-simple"},"brands":[{"id":3762,"name":"CRKT","slug":"crkt-fr"}],"_links":{"self":[{"href":"https:\/\/www.moskito.cz\/fr\/wp-json\/wp\/v2\/product\/326845","targetHints":{"allow":["GET"]}}],"collection":[{"href":"https:\/\/www.moskito.cz\/fr\/wp-json\/wp\/v2\/product"}],"about":[{"href":"https:\/\/www.moskito.cz\/fr\/wp-json\/wp\/v2\/types\/product"}],"replies":[{"embeddable":true,"href":"https:\/\/www.moskito.cz\/fr\/wp-json\/wp\/v2\/comments?post=326845"}],"wp:featuredmedia":[{"embeddable":true,"href":"https:\/\/www.moskito.cz\/fr\/wp-json\/wp\/v2\/media\/326848"}],"wp:attachment":[{"href":"https:\/\/www.moskito.cz\/fr\/wp-json\/wp\/v2\/media?parent=326845"}],"wp:term":[{"taxonomy":"pwb-brand","embeddable":true,"href":"https:\/\/www.moskito.cz\/fr\/wp-json\/wp\/v2\/pwb-brand?post=326845"},{"taxonomy":"product_brand","embeddable":true,"href":"https:\/\/www.moskito.cz\/fr\/wp-json\/wp\/v2\/product_brand?post=326845"},{"taxonomy":"product_cat","embeddable":true,"href":"https:\/\/www.moskito.cz\/fr\/wp-json\/wp\/v2\/product_cat?post=326845"},{"taxonomy":"product_tag","embeddable":true,"href":"https:\/\/www.moskito.cz\/fr\/wp-json\/wp\/v2\/product_tag?post=326845"}],"curies":[{"name":"wp","href":"https:\/\/api.w.org\/{rel}","templated":true}]}}