{"id":326877,"date":"2023-10-04T10:04:27","date_gmt":"2024-04-05T14:49:29","guid":{"rendered":"https:\/\/www.moskito.cz\/produkt\/etui-crkt-provoke-compact-gaine-d4045\/"},"modified":"2025-05-07T11:08:56","modified_gmt":"2025-05-07T10:08:56","slug":"etui-crkt-provoke-compact-gaine-d4045","status":"publish","type":"product","link":"https:\/\/www.moskito.cz\/fr\/produkt\/etui-crkt-provoke-compact-gaine-d4045\/","title":{"rendered":"Etui CRKT Provoke Compact Gaine D4045"},"content":{"rendered":"<p>Etui <strong>CRKT<\/strong> Provoke Compact Gaine D4045<\/p>\n<p>Avez-vous besoin d&rsquo;un \u00e9tui \u00e0 couteaux Provoke\u00ae Compact ? Nous l&rsquo;avons pour vous.<\/p>\n<p>Fabriqu\u00e9 \u00e0 partir de thermoplastique form\u00e9 sous vide solide et durable, cet \u00e9tui maintiendra votre lame de faucon en toute s\u00e9curit\u00e9 dans son nid jusqu&rsquo;\u00e0 ce qu&rsquo;elle soit provoqu\u00e9e. Le fourreau est livr\u00e9 avec un ensemble de clips compatibles avec les \u00e9quipements pour r\u00e9pondre aux besoins tactiques et en mati\u00e8re de ceinture. La gaine prot\u00e8ge enti\u00e8rement la lame du couteau et se fixe \u00e0 votre guise gr\u00e2ce \u00e0 plusieurs options de clip et de transport. Cet \u00e9tui convient au couteau 4045 Provoke\u00ae Compact.<\/p>\n<p>Convient au couteau 4045 Provoke\u00ae Compact<br \/>\nCompatible avec la transmission&nbsp;: coque thermoplastique durable avec option de montage<br \/>\nCompatible avec les \u00e9quipements&nbsp;: le jeu de clips offre plusieurs options de transport<\/p>\n<p>Poids 1,90 onces. (53,86g)<\/p>\n<p>\u00c9tui \u00e9l\u00e9gant<br \/>\nMat\u00e9riau de la coque Boltaron\u00ae<\/p>\n<p>&nbsp;<\/p>\n<p>&nbsp;<\/p>\n","protected":false},"excerpt":{"rendered":"<p><strong>Avez-vous besoin d&rsquo;un \u00e9tui \u00e0 couteaux Provoke\u00ae Compact ? Nous l&rsquo;avons pour vous.<\/strong><\/p>\n","protected":false},"featured_media":326879,"comment_status":"open","ping_status":"closed","template":"","meta":[],"pwb-brand":[3762],"product_brand":[],"product_cat":[3700,3696],"product_tag":[3754],"class_list":{"0":"post-326877","1":"product","2":"type-product","3":"status-publish","4":"has-post-thumbnail","6":"pwb-brand-crkt-fr","7":"product_cat-couteaux-de-fermeture","8":"product_cat-des-couteaux","9":"product_tag-b2b-fr","11":"first","12":"instock","13":"taxable","14":"shipping-taxable","15":"purchasable","16":"product-type-simple"},"brands":[{"id":3762,"name":"CRKT","slug":"crkt-fr"}],"_links":{"self":[{"href":"https:\/\/www.moskito.cz\/fr\/wp-json\/wp\/v2\/product\/326877","targetHints":{"allow":["GET"]}}],"collection":[{"href":"https:\/\/www.moskito.cz\/fr\/wp-json\/wp\/v2\/product"}],"about":[{"href":"https:\/\/www.moskito.cz\/fr\/wp-json\/wp\/v2\/types\/product"}],"replies":[{"embeddable":true,"href":"https:\/\/www.moskito.cz\/fr\/wp-json\/wp\/v2\/comments?post=326877"}],"wp:featuredmedia":[{"embeddable":true,"href":"https:\/\/www.moskito.cz\/fr\/wp-json\/wp\/v2\/media\/326879"}],"wp:attachment":[{"href":"https:\/\/www.moskito.cz\/fr\/wp-json\/wp\/v2\/media?parent=326877"}],"wp:term":[{"taxonomy":"pwb-brand","embeddable":true,"href":"https:\/\/www.moskito.cz\/fr\/wp-json\/wp\/v2\/pwb-brand?post=326877"},{"taxonomy":"product_brand","embeddable":true,"href":"https:\/\/www.moskito.cz\/fr\/wp-json\/wp\/v2\/product_brand?post=326877"},{"taxonomy":"product_cat","embeddable":true,"href":"https:\/\/www.moskito.cz\/fr\/wp-json\/wp\/v2\/product_cat?post=326877"},{"taxonomy":"product_tag","embeddable":true,"href":"https:\/\/www.moskito.cz\/fr\/wp-json\/wp\/v2\/product_tag?post=326877"}],"curies":[{"name":"wp","href":"https:\/\/api.w.org\/{rel}","templated":true}]}}