{"id":327010,"date":"2024-04-06T20:04:27","date_gmt":"2024-04-06T19:05:31","guid":{"rendered":"https:\/\/www.moskito.cz\/produkt\/couteau-de-fermeture-crkt-padawan-6070\/"},"modified":"2025-05-07T11:08:59","modified_gmt":"2025-05-07T10:08:59","slug":"couteau-de-fermeture-crkt-padawan-6070","status":"publish","type":"product","link":"https:\/\/www.moskito.cz\/fr\/produkt\/couteau-de-fermeture-crkt-padawan-6070\/","title":{"rendered":"Couteau de fermeture CRKT Padawan 6070"},"content":{"rendered":"<p>Couteau de fermeture <strong>CRKT<\/strong> Padawan 6070<\/p>\n<p>Pourquoi l&rsquo;appeler <strong>un Padawan<\/strong> ? L&rsquo;apprentissage de Buzetti en tant que coutelier renomm\u00e9 Flavio Ikoma &#8211; connu sous le nom de \u00ab\u00a0Le Ma\u00eetre\u00a0\u00bb &#8211; a \u00e9t\u00e9 l&rsquo;inspiration parfaite pour les d\u00e9buts de son premier design. Premier couteau con\u00e7u par Pedro Buzetti avec <strong>CRKT<\/strong> , ce couteau pliant performant a \u00e9t\u00e9 cr\u00e9\u00e9 pour la forme et la fonction, avec une lame \u00e0 pointe en acier 14C28N et un beau rev\u00eatement micarta sur le manche pour une meilleure prise en main. Le verrouillage du cadre a \u00e9t\u00e9 modifi\u00e9 pour maintenir la lame en s\u00e9curit\u00e9 et le clip permet au couteau de rester bas dans la poche. Padawan est disponible en deux versions.<\/p>\n<p>Caract\u00e9ristiques:<br \/>\nL&rsquo;acier \u00e0 lame Sandvik 14C28N conserve son tranchant<br \/>\nLa goupille \u00e0 roulement \u00e0 billes IKBS engage la lame en douceur<br \/>\nFlipper \u00e9tend rapidement la lame<\/p>\n<p>Caract\u00e9ristiques<br \/>\nLongueur de la lame : 7,64 cm<br \/>\nLongueur du manche : 10,52 cm<br \/>\nLongueur totale : 18,09 cm<br \/>\nMat\u00e9riau de la lame : Acier inoxydable Sandvik 14C28N<br \/>\nStyle de lame&nbsp;:&nbsp;pointe de chute<br \/>\nFinition de la lame : Bross\u00e9 satin\u00e9<br \/>\nMat\u00e9riau du manche&nbsp;:&nbsp;Acier inoxydable avec rev\u00eatement en Micarta marron<br \/>\nM\u00e9canisme de verrouillage&nbsp;:&nbsp;Frame Lock<br \/>\nClip de poche&nbsp;: rabattable, \u00e0 porter \u00e0 droite<br \/>\nPoids : 3,10 onces. (87,88g)<br \/>\nCr\u00e9ateur : Pedro Buzetti<\/p>\n<p><iframe title=\"CRKT Padawan Frame Lock | Pedro Buzetti Design\" width=\"800\" height=\"450\" src=\"https:\/\/www.youtube.com\/embed\/6YZEVM4HSiM?feature=oembed\" frameborder=\"0\" allow=\"accelerometer; autoplay; clipboard-write; encrypted-media; gyroscope; picture-in-picture; web-share\" referrerpolicy=\"strict-origin-when-cross-origin\" allowfullscreen><\/iframe><\/p>\n<p>&nbsp;<\/p>\n<p>&nbsp;<\/p>\n","protected":false},"excerpt":{"rendered":"<p><strong>Form\u00e9 en architecture, le Br\u00e9silien Pedro Buzetti adh\u00e8re \u00e0 la devise \u00ab forme et fonction, pas l&rsquo;une au-dessus de l&rsquo;autre \u00bb. Cette harmonie est \u00e9vidente dans son travail personnalis\u00e9 et prend vie dans le couteau pliant Padawan \u2013 la premi\u00e8re collaboration de Pedro avec CRKT. Dans le cadre d&rsquo;une longue tradition de mentorat parmi les couteliers, Pedro a \u00e9tudi\u00e9 aupr\u00e8s du c\u00e9l\u00e8bre fabricant Flavio Ikoma, inventeur de la serrure Deadbolt\u00ae et de l&rsquo;axe \u00e0 roulement \u00e0 billes IKBS\u2122. Sous l&rsquo;\u0153il vigilant de Flavio, Pedro a perfectionn\u00e9 ses comp\u00e9tences techniques et affin\u00e9 son approche du design, aboutissant \u00e0 des couteaux parfaitement \u00e9quilibr\u00e9s avec des \u00e9l\u00e9ments de design subtils inspir\u00e9s de l&rsquo;esth\u00e9tique caract\u00e9ristique de son mentor. Le perfectionnisme \u2013 un autre trait impr\u00e9gn\u00e9 de Flavio \u2013 est une constante dans le travail de Pedro, chaque pi\u00e8ce finie \u00e9tant meilleure que la pr\u00e9c\u00e9dente, aussi marginale que soit l&rsquo;am\u00e9lioration.<\/strong>.<\/p>\n","protected":false},"featured_media":326957,"comment_status":"open","ping_status":"closed","template":"","meta":[],"pwb-brand":[3762],"product_brand":[],"product_cat":[3700,3696],"product_tag":[3754],"class_list":{"0":"post-327010","1":"product","2":"type-product","3":"status-publish","4":"has-post-thumbnail","6":"pwb-brand-crkt-fr","7":"product_cat-couteaux-de-fermeture","8":"product_cat-des-couteaux","9":"product_tag-b2b-fr","11":"first","12":"outofstock","13":"sale","14":"taxable","15":"shipping-taxable","16":"purchasable","17":"product-type-simple"},"brands":[{"id":3762,"name":"CRKT","slug":"crkt-fr"}],"_links":{"self":[{"href":"https:\/\/www.moskito.cz\/fr\/wp-json\/wp\/v2\/product\/327010","targetHints":{"allow":["GET"]}}],"collection":[{"href":"https:\/\/www.moskito.cz\/fr\/wp-json\/wp\/v2\/product"}],"about":[{"href":"https:\/\/www.moskito.cz\/fr\/wp-json\/wp\/v2\/types\/product"}],"replies":[{"embeddable":true,"href":"https:\/\/www.moskito.cz\/fr\/wp-json\/wp\/v2\/comments?post=327010"}],"wp:featuredmedia":[{"embeddable":true,"href":"https:\/\/www.moskito.cz\/fr\/wp-json\/wp\/v2\/media\/326957"}],"wp:attachment":[{"href":"https:\/\/www.moskito.cz\/fr\/wp-json\/wp\/v2\/media?parent=327010"}],"wp:term":[{"taxonomy":"pwb-brand","embeddable":true,"href":"https:\/\/www.moskito.cz\/fr\/wp-json\/wp\/v2\/pwb-brand?post=327010"},{"taxonomy":"product_brand","embeddable":true,"href":"https:\/\/www.moskito.cz\/fr\/wp-json\/wp\/v2\/product_brand?post=327010"},{"taxonomy":"product_cat","embeddable":true,"href":"https:\/\/www.moskito.cz\/fr\/wp-json\/wp\/v2\/product_cat?post=327010"},{"taxonomy":"product_tag","embeddable":true,"href":"https:\/\/www.moskito.cz\/fr\/wp-json\/wp\/v2\/product_tag?post=327010"}],"curies":[{"name":"wp","href":"https:\/\/api.w.org\/{rel}","templated":true}]}}