{"id":327039,"date":"2022-08-22T20:51:46","date_gmt":"2024-04-08T12:57:58","guid":{"rendered":"https:\/\/www.moskito.cz\/produkt\/couteau-de-fermeture-crkt-provoke-orange-4041o\/"},"modified":"2025-05-07T11:09:00","modified_gmt":"2025-05-07T10:09:00","slug":"couteau-de-fermeture-crkt-provoke-orange-4041o","status":"publish","type":"product","link":"https:\/\/www.moskito.cz\/fr\/produkt\/couteau-de-fermeture-crkt-provoke-orange-4041o\/","title":{"rendered":"Couteau de fermeture CRKT PROVOKE ORANGE 4041O"},"content":{"rendered":"<p>Couteau de fermeture <strong>CRKT<\/strong> PROVOKE ORANGE 4041O.<\/p>\n<p>Servir. D\u00e9fendre. Le couteau karambit morphing Provoke\u00ae Orange s&rsquo;inspire d&rsquo;un design ancien mais cache un secret futuriste. Tout premier couteau dot\u00e9 de la technologie Kinematic\u00ae, il reste soigneusement rang\u00e9 pendant le transport et prend vie en cas de probl\u00e8me. D\u00e9sormais fabriqu\u00e9 \u00e0 partir de Grivory\u00ae \u2013 un thermoplastique technique r\u00e9sistant et l\u00e9ger \u2013 il est plus l\u00e9ger, plus agile et con\u00e7u pour aller partout.<\/p>\n<p>Ici, nous consid\u00e9rons le designer Joe Caswell comme un savant fou. Lorsque nous avons vu les croquis de ce qui allait devenir le Provok\u00ae, con\u00e7u \u00e0 Newbury Park, en Californie, nous savions qu&rsquo;il \u00e9tait destin\u00e9 \u00e0 devenir l&rsquo;un des designers les plus innovants que le monde du couteau ait jamais connu. Inspir\u00e9e d&rsquo;un karambit traditionnel, la lame noire de style faucon est fabriqu\u00e9e en acier inoxydable de qualit\u00e9 pierre.<\/p>\n<p>Le m\u00e9canisme d&rsquo;ouverture tire le dossier vers le futur, pr\u00eat ou non. La pression du pouce sur la barre sup\u00e9rieure d\u00e9clenche une r\u00e9action en cha\u00eene, provoquant le d\u00e9clenchement de la lame pendant que vous gardez une prise ferme sur la poign\u00e9e. Il est fabriqu\u00e9 en Grivory\u00ae orange, un thermoplastique ultra-durable et l\u00e9ger pour un transport facile et une transition en douceur vers un usage quotidien. Dans le plus pur style Joe, le clip de poche est \u00e9galement une premi\u00e8re mondiale : il affleure presque compl\u00e8tement la poign\u00e9e et s&rsquo;active \u00e9galement d&rsquo;une l\u00e9g\u00e8re pression du pouce.<\/p>\n<p>Provoquer\u00ae<br \/>\nil est fort lorsqu&rsquo;il est appel\u00e9 \u00e0 servir.<\/p>\n<p>Comment fonctionne Kinematic\u00ae<br \/>\nPoussez votre pouce dans la barre transversale sup\u00e9rieure \u2013 pendant que vos autres doigts saisissent fermement la poign\u00e9e \u2013 et la lame prend vie et s&rsquo;enclenche. Faites glisser le levier discret \u00e0 la base de la boucle du doigt et la lame se r\u00e9tracte dans sa position ferm\u00e9e.<\/p>\n<p>CARACT\u00c9RISTIQUES<br \/>\nLongueur de la lame 2,47&Prime; (62,69 mm)<br \/>\nLame lame Plaine<br \/>\nLame en acier 1.4116<br \/>\nFinition de la lame Stonewash<br \/>\n\u00c9paisseur de la lame 0,21 po (5,38 mm)<br \/>\nLongueur totale 7,19&Prime; (182,58 mm)<br \/>\nLongueur ferm\u00e9e 4,96&Prime; (125,88 mm)<br \/>\nPoids 4,70 onces (133,24 g)<br \/>\nManche Grivory\u00ae<br \/>\nCouteau pliant Style avec Kinematic\u2122<\/p>\n<p><iframe title=\"CRKT PROVOKE\u2122 ORANGE | Joe Caswell Design\" width=\"800\" height=\"450\" src=\"https:\/\/www.youtube.com\/embed\/QMMSMFwqDe4?feature=oembed\" frameborder=\"0\" allow=\"accelerometer; autoplay; clipboard-write; encrypted-media; gyroscope; picture-in-picture; web-share\" referrerpolicy=\"strict-origin-when-cross-origin\" allowfullscreen><\/iframe><\/p>\n<p>&nbsp;<\/p>\n","protected":false},"excerpt":{"rendered":"<p>Con\u00e7u par Joe Caswell \u00e0 Newbury Park, en Californie.<\/p>\n","protected":false},"featured_media":327040,"comment_status":"open","ping_status":"closed","template":"","meta":[],"pwb-brand":[3762],"product_brand":[],"product_cat":[3700,3696],"product_tag":[3754],"class_list":{"0":"post-327039","1":"product","2":"type-product","3":"status-publish","4":"has-post-thumbnail","6":"pwb-brand-crkt-fr","7":"product_cat-couteaux-de-fermeture","8":"product_cat-des-couteaux","9":"product_tag-b2b-fr","11":"first","12":"instock","13":"taxable","14":"shipping-taxable","15":"purchasable","16":"product-type-simple"},"brands":[{"id":3762,"name":"CRKT","slug":"crkt-fr"}],"_links":{"self":[{"href":"https:\/\/www.moskito.cz\/fr\/wp-json\/wp\/v2\/product\/327039","targetHints":{"allow":["GET"]}}],"collection":[{"href":"https:\/\/www.moskito.cz\/fr\/wp-json\/wp\/v2\/product"}],"about":[{"href":"https:\/\/www.moskito.cz\/fr\/wp-json\/wp\/v2\/types\/product"}],"replies":[{"embeddable":true,"href":"https:\/\/www.moskito.cz\/fr\/wp-json\/wp\/v2\/comments?post=327039"}],"wp:featuredmedia":[{"embeddable":true,"href":"https:\/\/www.moskito.cz\/fr\/wp-json\/wp\/v2\/media\/327040"}],"wp:attachment":[{"href":"https:\/\/www.moskito.cz\/fr\/wp-json\/wp\/v2\/media?parent=327039"}],"wp:term":[{"taxonomy":"pwb-brand","embeddable":true,"href":"https:\/\/www.moskito.cz\/fr\/wp-json\/wp\/v2\/pwb-brand?post=327039"},{"taxonomy":"product_brand","embeddable":true,"href":"https:\/\/www.moskito.cz\/fr\/wp-json\/wp\/v2\/product_brand?post=327039"},{"taxonomy":"product_cat","embeddable":true,"href":"https:\/\/www.moskito.cz\/fr\/wp-json\/wp\/v2\/product_cat?post=327039"},{"taxonomy":"product_tag","embeddable":true,"href":"https:\/\/www.moskito.cz\/fr\/wp-json\/wp\/v2\/product_tag?post=327039"}],"curies":[{"name":"wp","href":"https:\/\/api.w.org\/{rel}","templated":true}]}}