{"id":327127,"date":"2023-03-22T07:15:55","date_gmt":"2023-03-22T06:15:55","guid":{"rendered":"https:\/\/www.moskito.cz\/produkt\/couteau-de-fermeture-crkt-m16-14dsfg\/"},"modified":"2026-02-16T13:05:12","modified_gmt":"2026-02-16T12:05:12","slug":"couteau-de-fermeture-crkt-m16-14dsfg","status":"publish","type":"product","link":"https:\/\/www.moskito.cz\/fr\/produkt\/couteau-de-fermeture-crkt-m16-14dsfg\/","title":{"rendered":"Couteau de fermeture CRKT M16-14DSFG"},"content":{"rendered":"<div class=\"flex-1 overflow-hidden @container\/thread\">\n<div class=\"h-full\">\n<div class=\"react-scroll-to-bottom--css-vxybp-79elbk h-full\">\n<div class=\"react-scroll-to-bottom--css-vxybp-1n7m0yu\">\n<div class=\"flex flex-col text-sm\">\n<article class=\"w-full scroll-mb-[var(--thread-trailing-height,150px)] text-token-text-primary focus-visible:outline-2 focus-visible:outline-offset-[-4px]\" dir=\"auto\" data-testid=\"conversation-turn-61\" data-scroll-anchor=\"true\">\n<div class=\"m-auto text-base py-[18px] px-3 md:px-4 w-full md:px-5 lg:px-4 xl:px-5\">\n<div class=\"mx-auto flex flex-1 gap-4 text-base md:gap-5 lg:gap-6 md:max-w-3xl\">\n<div class=\"group\/conversation-turn relative flex w-full min-w-0 flex-col agent-turn\">\n<div class=\"flex-col gap-1 md:gap-3\">\n<div class=\"flex max-w-full flex-col flex-grow\">\n<div class=\"min-h-8 text-message flex w-full flex-col items-end gap-2 whitespace-normal break-words text-start [.text-message+&amp;]:mt-5\" dir=\"auto\" data-message-author-role=\"assistant\" data-message-id=\"4497ced0-c467-4b6e-b025-7699cd0f8f62\" data-message-model-slug=\"gpt-4o-mini\">\n<div class=\"flex w-full flex-col gap-1 empty:hidden first:pt-[3px]\">\n<div class=\"markdown prose w-full break-words dark:prose-invert light\">\n<p><strong>Couteau de fermeture CRKT M16-14DSFG<\/strong><\/p>\n<p>Le CRKT M16-14DSFG est un couteau de fermeture robuste qui a \u00e9t\u00e9 con\u00e7u pour \u00eatre utilis\u00e9 dans des conditions difficiles, en particulier dans le d\u00e9sert et les environnements extr\u00eames. Il est id\u00e9al pour une vari\u00e9t\u00e9 d&rsquo;activit\u00e9s de plein air ainsi que pour le transport quotidien. Ses mat\u00e9riaux de haute qualit\u00e9 et son design font de ce couteau un outil id\u00e9al pour un large \u00e9ventail de t\u00e2ches.  <\/p>\n<h3><strong>Caract\u00e9ristiques:<\/strong><\/h3>\n<ul>\n<li><strong>Longueur de la lame<\/strong>: 10,04 cm<\/li>\n<li><strong>Tranchant de la lame<\/strong>: Veff Serrations\u2122 (dentelures sp\u00e9ciales pour des performances de coupe sup\u00e9rieures).<\/li>\n<li><strong>Mat\u00e9riau de la lame<\/strong>: acier 1.4116 (connu pour sa durabilit\u00e9 et sa facilit\u00e9 d&rsquo;aff\u00fbtage)<\/li>\n<li><strong>Finition de la lame<\/strong>: Nitrure de titane (pour une meilleure r\u00e9sistance \u00e0 la corrosion et une meilleure apparence)<\/li>\n<li><strong>\u00c9paisseur de la lame<\/strong>: 0,35 cm<\/li>\n<li><strong>Longueur totale<\/strong> : 23,65 cm<\/li>\n<li><strong>Longueur en position ferm\u00e9e<\/strong>: 13,56 cm<\/li>\n<li><strong>Poids<\/strong>: 184,27 g<\/li>\n<li><strong>Manche<\/strong>: G10 (mat\u00e9riau durable offrant une excellente prise)<\/li>\n<li><strong>Verrouillage<\/strong>: Liner Lock (m\u00e9canisme fiable de verrouillage de la lame)<\/li>\n<\/ul>\n<h3><strong>Caract\u00e9ristiques principales :<\/strong><\/h3>\n<ol>\n<li><strong>Veff Serrations\u2122 pour une performance de coupe extr\u00eame :<\/strong>\n<ul>\n<li>Ce couteau est dot\u00e9 du <strong>Veff Serrations\u2122<\/strong>, un design dentel\u00e9 id\u00e9al pour <strong>couper des mat\u00e9riaux r\u00e9sistants<\/strong> tels que les cordes, les sangles et autres tissus durs. Cette dentelure offre de meilleures performances de coupe que les dentelures traditionnelles. <\/li>\n<\/ul>\n<\/li>\n<li><strong>Finition en nitrure de titane :<\/strong>\n<ul>\n<li>Le <strong>nitrure de titane<\/strong> augmente la r\u00e9sistance de la lame \u00e0 la corrosion, ce qui est crucial pour une utilisation dans des <strong>conditions agressives<\/strong> (humidit\u00e9, produits chimiques, sable) et contribue \u00e9galement \u00e0 l&rsquo;aspect attrayant du couteau. Le traitement de surface garantit une longue dur\u00e9e de vie et une protection contre l&rsquo;usure. <\/li>\n<\/ul>\n<\/li>\n<li><strong>Verrouillage s\u00e9curis\u00e9 de la doublure :<\/strong>\n<ul>\n<li>Le <strong>Liner Lock<\/strong> est un m\u00e9canisme tr\u00e8s fiable et convivial qui permet de <strong>bloquer la lame<\/strong> en position ouverte. Le couteau est \u00e9galement dot\u00e9 d&rsquo;une <strong>doublure de s\u00e9curit\u00e9 automatique<\/strong> qui offre une protection suppl\u00e9mentaire contre la fermeture accidentelle pendant l&rsquo;utilisation. <\/li>\n<\/ul>\n<\/li>\n<li><strong>Poign\u00e9e ergonomique en G10 :<\/strong>\n<ul>\n<li>La <strong>poign\u00e9e en G10<\/strong> est connue pour sa durabilit\u00e9, sa r\u00e9sistance et sa l\u00e9g\u00e8ret\u00e9. Elle offre une <strong>excellente adh\u00e9rence<\/strong>, m\u00eame dans des conditions humides ou mouill\u00e9es, ce qui la rend id\u00e9ale pour une utilisation dans des environnements extr\u00eames tels que le d\u00e9sert ou les terrains humides. <\/li>\n<\/ul>\n<\/li>\n<li><strong>Conception compacte et durable :<\/strong>\n<ul>\n<li>Ce couteau a une <strong>taille compacte<\/strong>, ce qui en fait un outil id\u00e9al pour le <strong>transport quotidien<\/strong> (EDC) ainsi que pour les <strong>activit\u00e9s de plein air<\/strong> et les <strong>op\u00e9rations tactiques<\/strong>. Sa conception est <strong>durable<\/strong> et facile \u00e0 transporter, ce qui vous permet de l&rsquo;avoir toujours \u00e0 port\u00e9e de main lorsque vous en avez besoin. <\/li>\n<\/ul>\n<\/li>\n<li><strong>L&rsquo;attrait visuel :<\/strong>\n<ul>\n<li><strong>La couleur Desert Tan de la<\/strong> lame n&rsquo;ajoute pas seulement \u00e0 l&rsquo;attrait visuel, mais <strong>aide<\/strong> aussi <strong>au camouflage<\/strong> dans les environnements naturels tels que les d\u00e9serts et les zones arides, ce qui est avantageux lorsque vous \u00eates sur le terrain et que vous devez rester discret.<\/li>\n<\/ul>\n<\/li>\n<\/ol>\n<h3><strong>Avantages :<\/strong><\/h3>\n<ul>\n<li>Les <strong>Veff Serrations\u2122<\/strong> offrent d&rsquo;excellentes performances lors de la coupe de mat\u00e9riaux r\u00e9sistants, ce qui les rend id\u00e9ales pour <strong>travailler avec des sangles, des cordes ou d&rsquo;autres mat\u00e9riaux r\u00e9sistants<\/strong>.<\/li>\n<li>Le <strong>nitrure de titane<\/strong> am\u00e9liore la r\u00e9sistance \u00e0 la corrosion, ce qui rend le couteau adapt\u00e9 aux <strong>conditions difficiles<\/strong>.<\/li>\n<li>Le <strong>Liner Lock<\/strong> et l&rsquo;<strong>insert de s\u00e9curit\u00e9<\/strong> garantissent la fiabilit\u00e9 et la <strong>s\u00e9curit\u00e9 du<\/strong> couteau pendant son utilisation.<\/li>\n<li><strong>La poign\u00e9e en G10<\/strong> offre une excellente prise en main et une utilisation confortable m\u00eame dans des <strong>conditions difficiles<\/strong>.<\/li>\n<li><strong>Desert Tan n<\/strong> &lsquo;est pas seulement <strong>attrayant visuellement<\/strong> mais aussi fonctionnel pour le camouflage dans les conditions d\u00e9sertiques.<\/li>\n<\/ul>\n<h3><strong>Conclusion:<\/strong><\/h3>\n<p>Le CRKT M16-14DSFG est un excellent choix pour ceux qui recherchent un couteau de fermeture durable et puissant pour les <strong>t\u00e2ches de<\/strong> terrain <strong>exigeantes<\/strong> telles que les <strong>activit\u00e9s de plein air<\/strong>, le <strong>camping<\/strong>, la <strong>survie<\/strong> ou les <strong>op\u00e9rations tactiques<\/strong>. Dot\u00e9 de <strong>Veff Serrations\u2122<\/strong>, de <strong>nitrure de titane<\/strong>, d&rsquo;un <strong>manche en G10<\/strong> et d&rsquo;un <strong>Liner Lock fiable<\/strong>, c&rsquo;est un excellent outil pour toutes les situations qui n\u00e9cessitent une <strong>coupe rapide et efficace<\/strong>. Ce couteau est particuli\u00e8rement utile dans les <strong>environnements d\u00e9sertiques<\/strong>, mais vous appr\u00e9cierez \u00e9galement sa fonctionnalit\u00e9 dans les t\u00e2ches quotidiennes.   <\/p>\n<\/div>\n<\/div>\n<\/div>\n<\/div>\n<div class=\"mb-2 flex gap-3 empty:hidden -ml-2\">\n<div class=\"items-center justify-start rounded-xl p-1 flex\">\n<div class=\"flex items-center\"><\/div>\n<\/div>\n<\/div>\n<div class=\"pr-2 lg:pr-0\"><\/div>\n<div class=\"mt-3 w-full empty:hidden\">\n<div class=\"text-center\"><\/div>\n<\/div>\n<\/div>\n<div class=\"absolute\">\n<div class=\"flex items-center justify-center\"><\/div>\n<\/div>\n<\/div>\n<\/div>\n<\/div>\n<\/article>\n<\/div>\n<\/div>\n<\/div>\n<\/div>\n<\/div>\n<div class=\"md:pt-0 dark:border-white\/20 md:border-transparent md:dark:border-transparent w-full\">\n<div>\n<div class=\"m-auto text-base px-3 md:px-4 w-full md:px-5 lg:px-4 xl:px-5\">\n<div class=\"mx-auto flex flex-1 gap-4 text-base md:gap-5 lg:gap-6 md:max-w-3xl\">\n<div class=\"flex justify-center\"><\/div>\n<\/div>\n<\/div>\n<\/div>\n<\/div>\n","protected":false},"excerpt":{"rendered":"<div class=\"flex max-w-full flex-col flex-grow\">\n<div class=\"min-h-8 text-message flex w-full flex-col items-end gap-2 whitespace-normal break-words text-start [.text-message+&amp;]:mt-5\" dir=\"auto\" data-message-author-role=\"assistant\" data-message-id=\"4497ced0-c467-4b6e-b025-7699cd0f8f62\" data-message-model-slug=\"gpt-4o-mini\">\n<div class=\"flex w-full flex-col gap-1 empty:hidden first:pt-[3px]\">\n<div class=\"markdown prose w-full break-words dark:prose-invert light\">\n<p><strong>Le CRKT M16-14DSFG est un excellent choix pour ceux qui recherchent un couteau de fermeture durable et puissant pour les t\u00e2ches de terrain exigeantes telles que les activit\u00e9s de plein air, le camping, la survie ou les op\u00e9rations tactiques. Dot\u00e9 de Veff Serrations\u2122, de nitrure de titane, d&rsquo;un manche en G10 et d&rsquo;un Liner Lock fiable, c&rsquo;est un excellent outil pour toutes les situations qui n\u00e9cessitent une coupe rapide et efficace. Ce couteau est particuli\u00e8rement utile dans les environnements d\u00e9sertiques, mais vous appr\u00e9cierez \u00e9galement sa fonctionnalit\u00e9 dans les t\u00e2ches quotidiennes.  <\/strong><\/p>\n<\/div>\n<\/div>\n<\/div>\n<\/div>\n<div class=\"mb-2 flex gap-3 empty:hidden -ml-2\">\n<div class=\"items-center justify-start rounded-xl p-1 flex\">\n<div class=\"flex items-center\"><\/div>\n<\/div>\n<\/div>\n<div class=\"pr-2 lg:pr-0\"><\/div>\n","protected":false},"featured_media":327128,"comment_status":"open","ping_status":"closed","template":"","meta":[],"pwb-brand":[3762],"product_brand":[],"product_cat":[3700,3696],"product_tag":[3754],"class_list":{"0":"post-327127","1":"product","2":"type-product","3":"status-publish","4":"has-post-thumbnail","6":"pwb-brand-crkt-fr","7":"product_cat-couteaux-de-fermeture","8":"product_cat-des-couteaux","9":"product_tag-b2b-fr","11":"first","12":"instock","13":"taxable","14":"shipping-taxable","15":"purchasable","16":"product-type-simple"},"brands":[{"id":3762,"name":"CRKT","slug":"crkt-fr"}],"_links":{"self":[{"href":"https:\/\/www.moskito.cz\/fr\/wp-json\/wp\/v2\/product\/327127","targetHints":{"allow":["GET"]}}],"collection":[{"href":"https:\/\/www.moskito.cz\/fr\/wp-json\/wp\/v2\/product"}],"about":[{"href":"https:\/\/www.moskito.cz\/fr\/wp-json\/wp\/v2\/types\/product"}],"replies":[{"embeddable":true,"href":"https:\/\/www.moskito.cz\/fr\/wp-json\/wp\/v2\/comments?post=327127"}],"wp:featuredmedia":[{"embeddable":true,"href":"https:\/\/www.moskito.cz\/fr\/wp-json\/wp\/v2\/media\/327128"}],"wp:attachment":[{"href":"https:\/\/www.moskito.cz\/fr\/wp-json\/wp\/v2\/media?parent=327127"}],"wp:term":[{"taxonomy":"pwb-brand","embeddable":true,"href":"https:\/\/www.moskito.cz\/fr\/wp-json\/wp\/v2\/pwb-brand?post=327127"},{"taxonomy":"product_brand","embeddable":true,"href":"https:\/\/www.moskito.cz\/fr\/wp-json\/wp\/v2\/product_brand?post=327127"},{"taxonomy":"product_cat","embeddable":true,"href":"https:\/\/www.moskito.cz\/fr\/wp-json\/wp\/v2\/product_cat?post=327127"},{"taxonomy":"product_tag","embeddable":true,"href":"https:\/\/www.moskito.cz\/fr\/wp-json\/wp\/v2\/product_tag?post=327127"}],"curies":[{"name":"wp","href":"https:\/\/api.w.org\/{rel}","templated":true}]}}