{"id":327157,"date":"2023-03-21T19:35:56","date_gmt":"2024-04-08T13:13:27","guid":{"rendered":"https:\/\/www.moskito.cz\/produkt\/couteau-de-fermeture-crkt-provoke-avec-dentelles-veff\/"},"modified":"2025-05-07T11:09:05","modified_gmt":"2025-05-07T10:09:05","slug":"couteau-de-fermeture-crkt-provoke-avec-dentelles-veff","status":"publish","type":"product","link":"https:\/\/www.moskito.cz\/fr\/produkt\/couteau-de-fermeture-crkt-provoke-avec-dentelles-veff\/","title":{"rendered":"Couteau de fermeture CRKT PROVOKE AVEC DENTELLES VEFF"},"content":{"rendered":"<p>Couteau de fermeture <strong>CRKT<\/strong> PROVOKE AVEC DENTELLES VEFF<\/p>\n<p><strong>Servir. D\u00e9fendre.<\/strong><\/p>\n<p>Mat\u00e9riau fibreux, m\u00e9fiez-vous du Provoke\u00ae avec Veff Serrations\u2122. L&rsquo;innovation r\u00e9volutionnaire de Kinematic\u00ae rencontre les Veff Serrations\u2122 \u00e9prouv\u00e9es pour cr\u00e9er une nouvelle it\u00e9ration du couteau karambit morphing Provoke\u00ae original. Les cordes, les ceintures de s\u00e9curit\u00e9 et les filets n\u2019avaient aucune chance.<br \/>\nL&rsquo;innovation Kinematic\u00ae unique d\u00e9ploie rapidement la lame d&rsquo;une simple pression sur votre pouce<br \/>\nVeff Serrations\u2122 offre une excellente coupe des cordes, des sangles et des mat\u00e9riaux fibreux<br \/>\nLame en acier D2 pour une excellente r\u00e9tention de la lame&nbsp;; Rev\u00eatement en nitrure de titane noir pour une r\u00e9sistance accrue \u00e0 la corrosion<\/p>\n<p>CARACT\u00c9RISTIQUES<br \/>\nLongueur de la lame : 6,12 cm<br \/>\nBord de lame Veff Serrations\u2122<br \/>\nLame en acier D2<br \/>\nTraitement de surface de la lame en nitrure de titane<br \/>\n\u00c9paisseur de la lame 0,53 cm<br \/>\nLongueur totale : 18,41 cm<br \/>\nLongueur ferm\u00e9 : 12,59 cm<br \/>\nPoids 167,26 g<br \/>\nManche en aluminium<br \/>\nCouteau pliant \u00e9l\u00e9gant avec Kinematic\u2122<\/p>\n<p><iframe title=\"CRKT Kinematic | How It Works\" width=\"800\" height=\"450\" src=\"https:\/\/www.youtube.com\/embed\/birKtIe7HRY?feature=oembed\" frameborder=\"0\" allow=\"accelerometer; autoplay; clipboard-write; encrypted-media; gyroscope; picture-in-picture; web-share\" referrerpolicy=\"strict-origin-when-cross-origin\" allowfullscreen><\/iframe><\/p>\n<p>&nbsp;<\/p>\n","protected":false},"excerpt":{"rendered":"<pre id=\"tw-target-text\" class=\"tw-data-text tw-text-large tw-ta\" dir=\"ltr\" data-placeholder=\"P\u0159eklad\"><strong>Navrhl Joe Caswell v Newbury Park v Kalifornii.<\/strong><\/pre>\n","protected":false},"featured_media":327158,"comment_status":"open","ping_status":"closed","template":"","meta":[],"pwb-brand":[3762],"product_brand":[],"product_cat":[3700,3696],"product_tag":[3754],"class_list":{"0":"post-327157","1":"product","2":"type-product","3":"status-publish","4":"has-post-thumbnail","6":"pwb-brand-crkt-fr","7":"product_cat-couteaux-de-fermeture","8":"product_cat-des-couteaux","9":"product_tag-b2b-fr","11":"first","12":"outofstock","13":"taxable","14":"shipping-taxable","15":"purchasable","16":"product-type-simple"},"brands":[{"id":3762,"name":"CRKT","slug":"crkt-fr"}],"_links":{"self":[{"href":"https:\/\/www.moskito.cz\/fr\/wp-json\/wp\/v2\/product\/327157","targetHints":{"allow":["GET"]}}],"collection":[{"href":"https:\/\/www.moskito.cz\/fr\/wp-json\/wp\/v2\/product"}],"about":[{"href":"https:\/\/www.moskito.cz\/fr\/wp-json\/wp\/v2\/types\/product"}],"replies":[{"embeddable":true,"href":"https:\/\/www.moskito.cz\/fr\/wp-json\/wp\/v2\/comments?post=327157"}],"wp:featuredmedia":[{"embeddable":true,"href":"https:\/\/www.moskito.cz\/fr\/wp-json\/wp\/v2\/media\/327158"}],"wp:attachment":[{"href":"https:\/\/www.moskito.cz\/fr\/wp-json\/wp\/v2\/media?parent=327157"}],"wp:term":[{"taxonomy":"pwb-brand","embeddable":true,"href":"https:\/\/www.moskito.cz\/fr\/wp-json\/wp\/v2\/pwb-brand?post=327157"},{"taxonomy":"product_brand","embeddable":true,"href":"https:\/\/www.moskito.cz\/fr\/wp-json\/wp\/v2\/product_brand?post=327157"},{"taxonomy":"product_cat","embeddable":true,"href":"https:\/\/www.moskito.cz\/fr\/wp-json\/wp\/v2\/product_cat?post=327157"},{"taxonomy":"product_tag","embeddable":true,"href":"https:\/\/www.moskito.cz\/fr\/wp-json\/wp\/v2\/product_tag?post=327157"}],"curies":[{"name":"wp","href":"https:\/\/api.w.org\/{rel}","templated":true}]}}