{"id":327219,"date":"2020-12-19T17:35:19","date_gmt":"2024-04-08T13:23:12","guid":{"rendered":"https:\/\/www.moskito.cz\/produkt\/couteau-de-fermeture-crkt-provoke-4040\/"},"modified":"2025-07-11T07:53:16","modified_gmt":"2025-07-11T06:53:16","slug":"couteau-de-fermeture-crkt-provoke-4040","status":"publish","type":"product","link":"https:\/\/www.moskito.cz\/fr\/produkt\/couteau-de-fermeture-crkt-provoke-4040\/","title":{"rendered":"Couteau de fermeture CRKT PROVOKE 4040"},"content":{"rendered":"<p>Couteau de fermeture <strong>CRKT<\/strong> PROVOKE 4040.<\/p>\n<p>Servir. D\u00e9fendre. Le couteau karambit morphing Provoke\u00ae s&rsquo;inspire d&rsquo;un design ancien mais cache un secret futuriste. Tout premier couteau dot\u00e9 de la technologie Kinematic\u00ae, il reste soigneusement rang\u00e9 pendant le transport et prend vie en cas de probl\u00e8me.<\/p>\n<p>Ici, nous consid\u00e9rons le designer Joe Caswell comme un savant fou. Lorsque nous avons vu les croquis de ce qui allait devenir le Provok\u00ae, con\u00e7u \u00e0 Newbury Park, en Californie, nous savions qu&rsquo;il \u00e9tait destin\u00e9 \u00e0 devenir l&rsquo;un des designers les plus innovants que le monde du couteau ait jamais connu. La lame de style hawkbill, inspir\u00e9e du karambit traditionnel, est forg\u00e9e \u00e0 partir d&rsquo;acier D2 de qualit\u00e9 sup\u00e9rieure pour une grande durabilit\u00e9 et une excellente r\u00e9tention des bords.<\/p>\n<p>Le m\u00e9canisme d&rsquo;ouverture tire le dossier vers le futur, pr\u00eat ou non. La pression du pouce sur la barre sup\u00e9rieure d\u00e9clenche une r\u00e9action en cha\u00eene, provoquant le d\u00e9clenchement de la lame pendant que vous gardez une prise ferme sur la poign\u00e9e. Il est fabriqu\u00e9 en aluminium a\u00e9ronautique 6061 pour une rigidit\u00e9 maximale. Dans le plus pur style Joe, le clip de poche est \u00e9galement une premi\u00e8re mondiale : il affleure presque compl\u00e8tement la poign\u00e9e et s&rsquo;active \u00e9galement d&rsquo;une l\u00e9g\u00e8re pression du pouce.<\/p>\n<p>Provoke\u00ae est puissant lorsqu&rsquo;il est mis en service.<\/p>\n<p>Comment fonctionne Kinematic\u00ae<br \/>\nUtilisez votre pouce pour pousser la barre sup\u00e9rieure \u2013 tout en gardant une prise ferme sur la poign\u00e9e avec vos autres doigts \u2013 et la lame prend vie et s&rsquo;enclenche. Faites glisser le levier discret \u00e0 la base de la boucle du doigt et la lame se r\u00e9tracte dans sa position ferm\u00e9e.<\/p>\n<p>CARACT\u00c9RISTIQUES<br \/>\nLongueur de la lame 2,41&nbsp;po (61,21&nbsp;mm)<br \/>\nLame lame Plaine<br \/>\nLame acier D2<br \/>\nTraitement de surface de la lame Nitrure de titane<br \/>\n\u00c9paisseur de la lame 0,21 po (5,31 mm)<br \/>\nLongueur totale 7,25&Prime; (184,15 mm)<br \/>\nLongueur ferm\u00e9e 4,96&Prime; (125,98 mm)<br \/>\nPoids 6,10 onces (172,93 g)<br \/>\nManche en aluminium<br \/>\nCouteau pliant Style avec Kinematic\u2122<\/p>\n<p><iframe title=\"CRKT Kinematic | How It Works\" width=\"800\" height=\"450\" src=\"https:\/\/www.youtube.com\/embed\/birKtIe7HRY?feature=oembed\" frameborder=\"0\" allow=\"accelerometer; autoplay; clipboard-write; encrypted-media; gyroscope; picture-in-picture; web-share\" referrerpolicy=\"strict-origin-when-cross-origin\" allowfullscreen><\/iframe><\/p>\n<p>&nbsp;<\/p>\n","protected":false},"excerpt":{"rendered":"<p>Con\u00e7u par Joe Caswell \u00e0 Newbury Park, en Californie.<\/p>\n","protected":false},"featured_media":176869,"comment_status":"open","ping_status":"closed","template":"","meta":[],"pwb-brand":[3762],"product_brand":[],"product_cat":[3700,3696],"product_tag":[3754],"class_list":{"0":"post-327219","1":"product","2":"type-product","3":"status-publish","4":"has-post-thumbnail","6":"pwb-brand-crkt-fr","7":"product_cat-couteaux-de-fermeture","8":"product_cat-des-couteaux","9":"product_tag-b2b-fr","11":"first","12":"outofstock","13":"sale","14":"taxable","15":"shipping-taxable","16":"purchasable","17":"product-type-simple"},"brands":[{"id":3762,"name":"CRKT","slug":"crkt-fr"}],"_links":{"self":[{"href":"https:\/\/www.moskito.cz\/fr\/wp-json\/wp\/v2\/product\/327219","targetHints":{"allow":["GET"]}}],"collection":[{"href":"https:\/\/www.moskito.cz\/fr\/wp-json\/wp\/v2\/product"}],"about":[{"href":"https:\/\/www.moskito.cz\/fr\/wp-json\/wp\/v2\/types\/product"}],"replies":[{"embeddable":true,"href":"https:\/\/www.moskito.cz\/fr\/wp-json\/wp\/v2\/comments?post=327219"}],"wp:featuredmedia":[{"embeddable":true,"href":"https:\/\/www.moskito.cz\/fr\/wp-json\/wp\/v2\/media\/176869"}],"wp:attachment":[{"href":"https:\/\/www.moskito.cz\/fr\/wp-json\/wp\/v2\/media?parent=327219"}],"wp:term":[{"taxonomy":"pwb-brand","embeddable":true,"href":"https:\/\/www.moskito.cz\/fr\/wp-json\/wp\/v2\/pwb-brand?post=327219"},{"taxonomy":"product_brand","embeddable":true,"href":"https:\/\/www.moskito.cz\/fr\/wp-json\/wp\/v2\/product_brand?post=327219"},{"taxonomy":"product_cat","embeddable":true,"href":"https:\/\/www.moskito.cz\/fr\/wp-json\/wp\/v2\/product_cat?post=327219"},{"taxonomy":"product_tag","embeddable":true,"href":"https:\/\/www.moskito.cz\/fr\/wp-json\/wp\/v2\/product_tag?post=327219"}],"curies":[{"name":"wp","href":"https:\/\/api.w.org\/{rel}","templated":true}]}}