{"id":327285,"date":"2022-08-20T20:23:52","date_gmt":"2024-04-08T13:34:30","guid":{"rendered":"https:\/\/www.moskito.cz\/produkt\/couteau-de-fermeture-crkt-m16-14sf\/"},"modified":"2025-05-07T11:09:08","modified_gmt":"2025-05-07T10:09:08","slug":"couteau-de-fermeture-crkt-m16-14sf","status":"publish","type":"product","link":"https:\/\/www.moskito.cz\/fr\/produkt\/couteau-de-fermeture-crkt-m16-14sf\/","title":{"rendered":"Couteau de fermeture CRKT M16-14SF"},"content":{"rendered":"<p>Couteau de fermeture <strong>CRKT<\/strong> M16-14SF.<\/p>\n<p>Nos plaques d&rsquo;aluminium InterFrame build SF partagent une conception unique qui offre une combinaison des caract\u00e9ristiques de la s\u00e9rie Carson M16 requises par les sp\u00e9cialistes militaires \u00e0 l&rsquo;achat. Des lames Tanto \u00e0 double aff\u00fbtage ont \u00e9t\u00e9 sp\u00e9cifi\u00e9es car elles offrent une r\u00e9sistance maximale. La conception ouverte permet d&rsquo;int\u00e9grer deux Carson Flippers, ce qui donne un v\u00e9ritable manche &#8211; tr\u00e8s rare dans les couteaux pliants.<\/p>\n<p>Le M16\u00ae-14SF Big Dog Aluminium est notre version utilitaire robuste avec une lame Tanto double aff\u00fbt\u00e9e de 3,875&Prime; (98 mm) et un manche \u00e0 pommeau pleine grandeur.<\/p>\n<p>La lame, le cadre et le mat\u00e9riel sont en noir tactique non r\u00e9fl\u00e9chissant. rev\u00eatement en nitrure de titane noir pour une r\u00e9sistance maximale \u00e0 la corrosion. Les goupilles typiques \u00e0 double damier sont standard. L&rsquo;ouverture et la fermeture d&rsquo;une seule main sont rapides et fluides.<\/p>\n<p>Il dispose \u00e9galement de notre s\u00e9curit\u00e9 d&rsquo;insertion automatique. Automated Insert Security est une innovation en mati\u00e8re de s\u00e9curit\u00e9 des inserts de verrouillage qui a \u00e9t\u00e9 port\u00e9e \u00e0 un niveau sup\u00e9rieur. Le verrou d&rsquo;insert automatis\u00e9 place la goupille entre l&rsquo;insert de verrouillage et le cadre. Cette goupille agit comme une couche de s\u00e9curit\u00e9 suppl\u00e9mentaire, ce qui rend moins probable que l&rsquo;insert de verrouillage se d\u00e9tache pendant l&rsquo;utilisation.<\/p>\n<p>Pour fermer le couteau, tirez le levier de s\u00e9curit\u00e9 avec le bouton rouge, d\u00e9placez l&rsquo;insert de verrouillage et pliez la lame en position ferm\u00e9e. Voulez-vous l\u2019un des syst\u00e8mes de s\u00e9curit\u00e9 les plus s\u00e9curis\u00e9s du march\u00e9 ? La s\u00e9lection est automatique.<\/p>\n<p>Notre cadre en aluminium SF comprend des \u00e9cailles sculpt\u00e9es en aluminium anodis\u00e9 dur 6061 T6, avec un rayon p\u00e9rim\u00e9trique pour une prise confortable avec ou sans gants, des inserts en acier inoxydable avec rainures de friction et une lame en acier inoxydable AUS 8 de qualit\u00e9 sup\u00e9rieure. Le bord tranchant et dentel\u00e9 combin\u00e9 Triple-Point\u2122 est standard.<\/p>\n<p>Tous les couteaux de cette s\u00e9rie sont \u00e9quip\u00e9s de clips permettant un transport \u00e0 quatre positions sur une ceinture ou une sangle. Attention : ces couteaux ne sont pas destin\u00e9s \u00e0 \u00eatre transport\u00e9s dans une poche. Ce sont des couteaux sp\u00e9ciaux, con\u00e7us par l\u2019arm\u00e9e pour \u00eatre utilis\u00e9s dans les forces sp\u00e9ciales.<\/p>\n<p><iframe title=\"CRKT M16-14SF Knife Designed by Kit Carson\" width=\"800\" height=\"450\" src=\"https:\/\/www.youtube.com\/embed\/KwiXKng97LA?feature=oembed\" frameborder=\"0\" allow=\"accelerometer; autoplay; clipboard-write; encrypted-media; gyroscope; picture-in-picture; web-share\" referrerpolicy=\"strict-origin-when-cross-origin\" allowfullscreen><\/iframe><\/p>\n<p>&nbsp;<\/p>\n<p>CARACT\u00c9RISTIQUES<br \/>\nLongueur de la lame 3,99 po (101,35 mm)<br \/>\nBord de lame Triple Point Serrations\u2122<br \/>\nLame en acier AUS 8<br \/>\nTraitement de surface de la lame Nitrure de titane<br \/>\n\u00c9paisseur de la lame 0,14&Prime; (3,56 mm)<br \/>\nLongueur totale 9,25&Prime; (234,95 mm)<br \/>\nLongueur ferm\u00e9e 5,38&Prime; (136,53 mm)<br \/>\nPoids 5,70 onces (161,59 g)<br \/>\nManche en aluminium<br \/>\nCouteau pliant de style avec Liner Lock<\/p>\n","protected":false},"excerpt":{"rendered":"<p>Con\u00e7u par Kit Carson \u00e0 Vine Grove, Kentucky.<\/p>\n","protected":false},"featured_media":327286,"comment_status":"open","ping_status":"closed","template":"","meta":[],"pwb-brand":[3762],"product_brand":[],"product_cat":[3700,3696],"product_tag":[3754],"class_list":{"0":"post-327285","1":"product","2":"type-product","3":"status-publish","4":"has-post-thumbnail","6":"pwb-brand-crkt-fr","7":"product_cat-couteaux-de-fermeture","8":"product_cat-des-couteaux","9":"product_tag-b2b-fr","11":"first","12":"outofstock","13":"taxable","14":"shipping-taxable","15":"purchasable","16":"product-type-simple"},"brands":[{"id":3762,"name":"CRKT","slug":"crkt-fr"}],"_links":{"self":[{"href":"https:\/\/www.moskito.cz\/fr\/wp-json\/wp\/v2\/product\/327285","targetHints":{"allow":["GET"]}}],"collection":[{"href":"https:\/\/www.moskito.cz\/fr\/wp-json\/wp\/v2\/product"}],"about":[{"href":"https:\/\/www.moskito.cz\/fr\/wp-json\/wp\/v2\/types\/product"}],"replies":[{"embeddable":true,"href":"https:\/\/www.moskito.cz\/fr\/wp-json\/wp\/v2\/comments?post=327285"}],"wp:featuredmedia":[{"embeddable":true,"href":"https:\/\/www.moskito.cz\/fr\/wp-json\/wp\/v2\/media\/327286"}],"wp:attachment":[{"href":"https:\/\/www.moskito.cz\/fr\/wp-json\/wp\/v2\/media?parent=327285"}],"wp:term":[{"taxonomy":"pwb-brand","embeddable":true,"href":"https:\/\/www.moskito.cz\/fr\/wp-json\/wp\/v2\/pwb-brand?post=327285"},{"taxonomy":"product_brand","embeddable":true,"href":"https:\/\/www.moskito.cz\/fr\/wp-json\/wp\/v2\/product_brand?post=327285"},{"taxonomy":"product_cat","embeddable":true,"href":"https:\/\/www.moskito.cz\/fr\/wp-json\/wp\/v2\/product_cat?post=327285"},{"taxonomy":"product_tag","embeddable":true,"href":"https:\/\/www.moskito.cz\/fr\/wp-json\/wp\/v2\/product_tag?post=327285"}],"curies":[{"name":"wp","href":"https:\/\/api.w.org\/{rel}","templated":true}]}}