{"id":327347,"date":"2022-08-20T23:08:29","date_gmt":"2024-04-08T13:49:07","guid":{"rendered":"https:\/\/www.moskito.cz\/produkt\/couteau-de-fermeture-crkt-m21-14dsfg\/"},"modified":"2025-05-07T11:09:09","modified_gmt":"2025-05-07T10:09:09","slug":"couteau-de-fermeture-crkt-m21-14dsfg","status":"publish","type":"product","link":"https:\/\/www.moskito.cz\/fr\/produkt\/couteau-de-fermeture-crkt-m21-14dsfg\/","title":{"rendered":"Couteau de fermeture CRKT M21-14DSFG"},"content":{"rendered":"<p>Couteau de fermeture <strong>CRKT<\/strong> M21-14DSFG.<\/p>\n<p>Au cours du processus de d\u00e9veloppement de notre gamme Carson de mod\u00e8les G10 M21\u2122 des forces sp\u00e9ciales, il est devenu \u00e9vident qu&rsquo;il existait une demande pour ces mod\u00e8les de la part des forces de la coalition servant dans un environnement d\u00e9sertique. Ces mod\u00e8les ont une lame et des \u00e9cailles Desert Tan.<br \/>\n6,5 onces (184 g).<\/p>\n<p>Comme son homologue tactique noir, ce couteau partage un design unique offrant la combinaison des caract\u00e9ristiques de la s\u00e9rie Carson SF exig\u00e9es par les sp\u00e9cialistes des contrats militaires. Il est dot\u00e9 d&rsquo;une combinaison de bord dentel\u00e9 Razor-Sharp et brevet\u00e9 (1) Veff\u2122. La conception ouverte permet d&rsquo;int\u00e9grer deux Carson Flippers, ce qui donne un v\u00e9ritable manche &#8211; jusqu&rsquo;\u00e0 pr\u00e9sent rare dans les couteaux pliants.<\/p>\n<p>La lame et les \u00e9cailles sont non r\u00e9fl\u00e9chissantes Desert Tan. La lame de pointe en acier inoxydable 8Cr14MoV est recouverte de nitrure de titane pour une r\u00e9sistance maximale \u00e0 la corrosion. Des clous de pouce \u00e0 double carreaux de marque sont standard. L&rsquo;ouverture et la fermeture d&rsquo;une seule main sont rapides et fluides.<\/p>\n<p>La construction ouverte InterFrame utilise des \u00e9cailles Desert Tan de G10 et des inserts en acier inoxydable avec rainures de friction. Le G10 est souvent pr\u00e9f\u00e9r\u00e9 pour son adh\u00e9rence agressive, sa l\u00e9g\u00e8ret\u00e9 et ses propri\u00e9t\u00e9s isolantes qui le rendent plus frais par temps chaud et plus chaud par temps froid que le m\u00e9tal.<\/p>\n<p>Il dispose \u00e9galement de notre s\u00e9curit\u00e9 d&rsquo;insertion automatique. Automated Insert Security est une innovation en mati\u00e8re de s\u00e9curit\u00e9 des inserts de verrouillage qui a \u00e9t\u00e9 port\u00e9e \u00e0 un niveau sup\u00e9rieur. Le verrou d&rsquo;insert automatis\u00e9 place la goupille entre l&rsquo;insert de verrouillage et le cadre. Cette goupille agit comme une couche de s\u00e9curit\u00e9 suppl\u00e9mentaire, ce qui rend moins probable que l&rsquo;insert de verrouillage se d\u00e9tache pendant l&rsquo;utilisation.<\/p>\n<p>Pour fermer le couteau, tirez le levier de s\u00e9curit\u00e9 avec le bouton rouge, d\u00e9placez l&rsquo;insert de verrouillage et pliez la lame en position ferm\u00e9e. Voulez-vous l\u2019un des syst\u00e8mes de s\u00e9curit\u00e9 les plus s\u00e9curis\u00e9s du march\u00e9 ? La s\u00e9lection est automatique.<\/p>\n<p>Tous les couteaux de cette s\u00e9rie disposent d&rsquo;options de clip qui permettent un transport par ceinture ou en bandouli\u00e8re \u00e0 quatre positions : pointe vers le haut, pointe vers le bas, gauche ou droite. (Attention&nbsp;: ces couteaux ne sont pas con\u00e7us pour \u00eatre transport\u00e9s dans une poche rabattable.)<\/p>\n<p>Ce sont des couteaux sp\u00e9ciaux, con\u00e7us par l\u2019arm\u00e9e pour \u00eatre utilis\u00e9s dans le d\u00e9sert par les forces sp\u00e9ciales.<\/p>\n<p>CARACT\u00c9RISTIQUES<br \/>\nLongueur de la lame 3,98 po (101,04 mm)<br \/>\nBord de lame Veff Serrations\u2122<br \/>\nLame en acier 1.4116<br \/>\nTraitement de surface de la lame Nitrure de titane<br \/>\n\u00c9paisseur de la lame 0,14&Prime; (3,45 mm)<br \/>\nLongueur totale 9,34&Prime; (237,34 mm)<br \/>\nLongueur ferm\u00e9e 5,34&Prime; (135,64 mm)<br \/>\nPoids 6,60 onces. (187,11g)<br \/>\nPoign\u00e9e G10<br \/>\nCouteau pliant de style avec Liner Lock<\/p>\n","protected":false},"excerpt":{"rendered":"<p>Con\u00e7u par Kit Carson \u00e0 Vine Grove, Kentucky.<\/p>\n","protected":false},"featured_media":327348,"comment_status":"open","ping_status":"closed","template":"","meta":[],"pwb-brand":[3762],"product_brand":[],"product_cat":[3700,3696],"product_tag":[3754],"class_list":{"0":"post-327347","1":"product","2":"type-product","3":"status-publish","4":"has-post-thumbnail","6":"pwb-brand-crkt-fr","7":"product_cat-couteaux-de-fermeture","8":"product_cat-des-couteaux","9":"product_tag-b2b-fr","11":"first","12":"outofstock","13":"taxable","14":"shipping-taxable","15":"purchasable","16":"product-type-simple"},"brands":[{"id":3762,"name":"CRKT","slug":"crkt-fr"}],"_links":{"self":[{"href":"https:\/\/www.moskito.cz\/fr\/wp-json\/wp\/v2\/product\/327347","targetHints":{"allow":["GET"]}}],"collection":[{"href":"https:\/\/www.moskito.cz\/fr\/wp-json\/wp\/v2\/product"}],"about":[{"href":"https:\/\/www.moskito.cz\/fr\/wp-json\/wp\/v2\/types\/product"}],"replies":[{"embeddable":true,"href":"https:\/\/www.moskito.cz\/fr\/wp-json\/wp\/v2\/comments?post=327347"}],"wp:featuredmedia":[{"embeddable":true,"href":"https:\/\/www.moskito.cz\/fr\/wp-json\/wp\/v2\/media\/327348"}],"wp:attachment":[{"href":"https:\/\/www.moskito.cz\/fr\/wp-json\/wp\/v2\/media?parent=327347"}],"wp:term":[{"taxonomy":"pwb-brand","embeddable":true,"href":"https:\/\/www.moskito.cz\/fr\/wp-json\/wp\/v2\/pwb-brand?post=327347"},{"taxonomy":"product_brand","embeddable":true,"href":"https:\/\/www.moskito.cz\/fr\/wp-json\/wp\/v2\/product_brand?post=327347"},{"taxonomy":"product_cat","embeddable":true,"href":"https:\/\/www.moskito.cz\/fr\/wp-json\/wp\/v2\/product_cat?post=327347"},{"taxonomy":"product_tag","embeddable":true,"href":"https:\/\/www.moskito.cz\/fr\/wp-json\/wp\/v2\/product_tag?post=327347"}],"curies":[{"name":"wp","href":"https:\/\/api.w.org\/{rel}","templated":true}]}}