{"id":327392,"date":"2022-08-20T18:05:33","date_gmt":"2024-04-08T13:59:45","guid":{"rendered":"https:\/\/www.moskito.cz\/produkt\/couteau-de-fermeture-crkt-m16-14sfg\/"},"modified":"2025-05-07T11:09:10","modified_gmt":"2025-05-07T10:09:10","slug":"couteau-de-fermeture-crkt-m16-14sfg","status":"publish","type":"product","link":"https:\/\/www.moskito.cz\/fr\/produkt\/couteau-de-fermeture-crkt-m16-14sfg\/","title":{"rendered":"Couteau de fermeture CRKT M16-14SFG"},"content":{"rendered":"<p>Couteau de fermeture <strong>CRKT<\/strong> M16-14SFG.<\/p>\n<p>Les mod\u00e8les Special Forces G10 partagent un design unique qui offre une combinaison des caract\u00e9ristiques de la s\u00e9rie Carson M16\u00ae requises par les sp\u00e9cialistes militaires \u00e0 l&rsquo;achat. Des lames Tanto \u00e0 double aff\u00fbtage ont \u00e9t\u00e9 sp\u00e9cifi\u00e9es car elles offrent une r\u00e9sistance maximale. La conception ouverte permet d&rsquo;int\u00e9grer deux Carson Flippers, ce qui donne un v\u00e9ritable manche &#8211; tr\u00e8s rare dans les couteaux pliants.<\/p>\n<p>Le M16\u00ae-14SFG Big Dog G10 est notre version utilitaire robuste avec une lame Tanto double aff\u00fbt\u00e9e de 3,99&Prime; et une poign\u00e9e pleine grandeur avec un pommeau sur la crosse.<\/p>\n<p>La lame, le cadre et le mat\u00e9riel sont en noir tactique non r\u00e9fl\u00e9chissant. La lame a une finition en nitrure de titane noir pour une r\u00e9sistance maximale \u00e0 la corrosion. Les boutons de pouce \u00e0 double damier de la marque de l&rsquo;ensemble sont standard. L&rsquo;ouverture et la fermeture d&rsquo;une seule main sont rapides et fluides.<\/p>\n<p>Il dispose \u00e9galement de notre s\u00e9curit\u00e9 d&rsquo;insertion automatique. Automated Insert Security est une innovation en mati\u00e8re de s\u00e9curit\u00e9 des inserts de verrouillage qui a \u00e9t\u00e9 port\u00e9e \u00e0 un niveau sup\u00e9rieur. Le verrou d&rsquo;insert automatis\u00e9 place la goupille entre l&rsquo;insert de verrouillage et le cadre. Cette goupille agit comme une couche de s\u00e9curit\u00e9 suppl\u00e9mentaire, ce qui rend moins probable que l&rsquo;insert de verrouillage se d\u00e9tache pendant l&rsquo;utilisation.<\/p>\n<p>Pour fermer le couteau, tirez le levier de s\u00e9curit\u00e9 avec le bouton rouge, d\u00e9placez l&rsquo;insert de verrouillage et pliez la lame en position ferm\u00e9e. Voulez-vous l\u2019un des syst\u00e8mes de s\u00e9curit\u00e9 les plus s\u00e9curis\u00e9s du march\u00e9 ? La s\u00e9lection est automatique.<\/p>\n<p>Notre mod\u00e8le G10 est dot\u00e9 de plaquettes G10 noires, d&rsquo;inserts en acier inoxydable avec rainures de friction et d&rsquo;une lame en acier inoxydable 8Cr14MoV de qualit\u00e9 sup\u00e9rieure avec nos (2) dentelures Veff\u2122 combin\u00e9es. Le G10 est souvent pr\u00e9f\u00e9r\u00e9 pour son adh\u00e9rence agressive, sa l\u00e9g\u00e8ret\u00e9 et ses excellentes propri\u00e9t\u00e9s isolantes.<\/p>\n<p>Tous les couteaux de cette s\u00e9rie sont \u00e9quip\u00e9s de clips permettant un transport \u00e0 quatre positions sur une ceinture ou une sangle. Attention : ces couteaux ne sont pas destin\u00e9s \u00e0 \u00eatre transport\u00e9s dans une poche. Ce sont des couteaux sp\u00e9ciaux, con\u00e7us par l\u2019arm\u00e9e pour \u00eatre utilis\u00e9s dans les forces sp\u00e9ciales.<\/p>\n<p>S\u00e9curit\u00e9 d&rsquo;insertion automatique<br \/>\nDentelures Veff\u2122<br \/>\nProt\u00e8ge-lame double avec manche G10<br \/>\nCARACT\u00c9RISTIQUES<br \/>\nLongueur de la lame 3,95 po (100,41 mm)<br \/>\nBord de lame Veff Serrations\u2122<br \/>\nLame en acier 1.4116<br \/>\nTraitement de surface de la lame Rev\u00eatement t\u00e9flon<br \/>\n\u00c9paisseur de la lame 0,14&Prime; (3,58 mm)<br \/>\nLongueur totale 9,31&Prime; (236,55 mm)<br \/>\nLongueur ferm\u00e9e 5,34&Prime; (135,61 mm)<br \/>\nPoids 6,50 onces (184,27 g)<br \/>\nPoign\u00e9e G10<br \/>\nCouteau pliant de style avec Liner Lock<\/p>\n<p><iframe title=\"CRKT M16-14SFG Knife Designed by Kit Carson\" width=\"800\" height=\"450\" src=\"https:\/\/www.youtube.com\/embed\/cm_3-L4GhXM?feature=oembed\" frameborder=\"0\" allow=\"accelerometer; autoplay; clipboard-write; encrypted-media; gyroscope; picture-in-picture; web-share\" referrerpolicy=\"strict-origin-when-cross-origin\" allowfullscreen><\/iframe><\/p>\n","protected":false},"excerpt":{"rendered":"<p>Con\u00e7u par Kit Carson \u00e0 Vine Grove, Kentucky.<\/p>\n","protected":false},"featured_media":327393,"comment_status":"open","ping_status":"closed","template":"","meta":[],"pwb-brand":[3762],"product_brand":[],"product_cat":[3700,3696],"product_tag":[3754],"class_list":{"0":"post-327392","1":"product","2":"type-product","3":"status-publish","4":"has-post-thumbnail","6":"pwb-brand-crkt-fr","7":"product_cat-couteaux-de-fermeture","8":"product_cat-des-couteaux","9":"product_tag-b2b-fr","11":"first","12":"outofstock","13":"taxable","14":"shipping-taxable","15":"purchasable","16":"product-type-simple"},"brands":[{"id":3762,"name":"CRKT","slug":"crkt-fr"}],"_links":{"self":[{"href":"https:\/\/www.moskito.cz\/fr\/wp-json\/wp\/v2\/product\/327392","targetHints":{"allow":["GET"]}}],"collection":[{"href":"https:\/\/www.moskito.cz\/fr\/wp-json\/wp\/v2\/product"}],"about":[{"href":"https:\/\/www.moskito.cz\/fr\/wp-json\/wp\/v2\/types\/product"}],"replies":[{"embeddable":true,"href":"https:\/\/www.moskito.cz\/fr\/wp-json\/wp\/v2\/comments?post=327392"}],"wp:featuredmedia":[{"embeddable":true,"href":"https:\/\/www.moskito.cz\/fr\/wp-json\/wp\/v2\/media\/327393"}],"wp:attachment":[{"href":"https:\/\/www.moskito.cz\/fr\/wp-json\/wp\/v2\/media?parent=327392"}],"wp:term":[{"taxonomy":"pwb-brand","embeddable":true,"href":"https:\/\/www.moskito.cz\/fr\/wp-json\/wp\/v2\/pwb-brand?post=327392"},{"taxonomy":"product_brand","embeddable":true,"href":"https:\/\/www.moskito.cz\/fr\/wp-json\/wp\/v2\/product_brand?post=327392"},{"taxonomy":"product_cat","embeddable":true,"href":"https:\/\/www.moskito.cz\/fr\/wp-json\/wp\/v2\/product_cat?post=327392"},{"taxonomy":"product_tag","embeddable":true,"href":"https:\/\/www.moskito.cz\/fr\/wp-json\/wp\/v2\/product_tag?post=327392"}],"curies":[{"name":"wp","href":"https:\/\/api.w.org\/{rel}","templated":true}]}}