{"id":327470,"date":"2022-09-28T16:28:59","date_gmt":"2024-04-08T14:16:02","guid":{"rendered":"https:\/\/www.moskito.cz\/produkt\/hache-crkt-freyr-2746\/"},"modified":"2025-05-07T11:09:11","modified_gmt":"2025-05-07T10:09:11","slug":"hache-crkt-freyr-2746","status":"publish","type":"product","link":"https:\/\/www.moskito.cz\/fr\/produkt\/hache-crkt-freyr-2746\/","title":{"rendered":"Hache CRKT FREYR 2746"},"content":{"rendered":"<p>Hache <strong>CRKT<\/strong> FREYR 2746.<\/p>\n<p>Un design nordique avec une \u00e2me toute am\u00e9ricaine. Pourquoi jouer avec une forme de hache qui a fait ses preuves depuis plus de mille ans ? C&rsquo;est le concepteur logique et v\u00e9t\u00e9ran Elmer Roush qui vous propose la hache tactique Freyr\u2122. Une barbe profonde refl\u00e8te le style Viking. Mais son \u00e9quilibre et sa puissance le placent actuellement dans une ligue \u00e0 part. Bouclier viking et cri de guerre non inclus.<\/p>\n<p>Elmer Roush de Brasstown, en Caroline du Nord, a d\u00e9finitivement un pied dans le pass\u00e9. Quand il s&rsquo;agit de concevoir des axes, c&rsquo;est \u00e0 dire. Bien que la barbe profonde de Freyru\u2122 ne puisse pas \u00eatre utilis\u00e9e pour abattre le bouclier d&rsquo;un ennemi comme elle le ferait dans les mers des gardiens de prison gard\u00e9s par les Vikings, l&rsquo;\u00e9quilibre qu&rsquo;elle ajoute \u00e9l\u00e8ve cette hache au rang de b\u00eate de somme moderne. Nomm\u00e9 d&rsquo;apr\u00e8s le dieu nordique de la prosp\u00e9rit\u00e9, son \u00e2me viking est \u00e0 la hauteur de son look classique.<\/p>\n<p>La lame elle-m\u00eame est forg\u00e9e \u00e0 chaud en acier au carbone et est passiv\u00e9e pour une r\u00e9sistance maximale \u00e0 la corrosion. Dot\u00e9 d&rsquo;un manche sculpt\u00e9 en hickory du Tennessee, il est con\u00e7u avec pr\u00e9cision pour plus de durabilit\u00e9 et de facilit\u00e9 d&rsquo;utilisation. Un fourreau en cuir est disponible \u00e0 l&rsquo;achat.<\/p>\n<p>S\u2019il est vrai que l\u2019histoire se r\u00e9p\u00e8te, alors cette hache utilitaire en est la preuve d\u00e9finitive.<\/p>\n<p>\u00c0 propos de Forg\u00e9 par la guerre\u00ae<\/p>\n<p>En 2013, Ryan Johnson de RMJ Tactical, un concepteur de tomahawks tactiques militaires d&rsquo;\u00e9lite, a approch\u00e9 CRKT\u00ae pour lui annoncer qu&rsquo;il avait travaill\u00e9 avec plusieurs anciens combattants qui revenaient de la guerre avec divers degr\u00e9s de stress post-traumatique (PTS).<\/p>\n<p>Pour les aider \u00e0 surmonter leurs d\u00e9fis, ils ont con\u00e7u et forg\u00e9 l\u2019acier pour en faire leurs propres outils. Forts de leur exp\u00e9rience acquise dans les situations de combat, ils ont cr\u00e9\u00e9 les outils dont ils souhaitaient disposer sur le champ de bataille.<\/p>\n<p>CRKT\u00ae se soucie profond\u00e9ment de nos anciens combattants de retour et nous avons trouv\u00e9 un moyen de redonner \u00e0 la communaut\u00e9 qui les a cr\u00e9\u00e9s. En 2016, nous avons lanc\u00e9 le programme Forged By War\u00ae.<\/p>\n<p>Il s&rsquo;agit d&rsquo;outils pr\u00eats \u00e0 l&#8217;emploi, con\u00e7us par des v\u00e9t\u00e9rans, dont une partie des b\u00e9n\u00e9fices est revers\u00e9e \u00e0 l&rsquo;organisme de bienfaisance de leur choix.<\/p>\n<p>Des outils pr\u00eats pour la mission et Forged By War\u00ae. En savoir plus ici.<\/p>\n<p>L&rsquo;association caritative d&rsquo;Elmer Roush pour cet outil est la Fondation Green Beret.<\/p>\n<p>*Bien que nous sachions que la tentation est grande, nous ne recommandons pas de jeter cet outil en particulier pour des raisons de s\u00e9curit\u00e9 et \u00e9ventuellement pour annuler votre garantie.<\/p>\n<p>CARACT\u00c9RISTIQUES<br \/>\nLongueur de la lame 4,53 po (115,01 mm)<br \/>\nLame lame Plaine<br \/>\nLame en acier au carbone 1055<br \/>\nTraitement de surface de la lame Rev\u00eatement \u00e0 base de phosphate de mangan\u00e8se<br \/>\n\u00c9paisseur de la lame 1,19 po (30,10 mm)<br \/>\nLongueur totale 16,13&Prime; (409,58 mm)<br \/>\nPoids 1,79 livre (0,81 kg)<br \/>\nManche en Hickory du Tennessee<br \/>\nStyle hache<\/p>\n<p><iframe title=\"CRKT Freyr Axe | An Elmer Roush Design\" width=\"800\" height=\"450\" src=\"https:\/\/www.youtube.com\/embed\/rxxWf33LFHM?feature=oembed\" frameborder=\"0\" allow=\"accelerometer; autoplay; clipboard-write; encrypted-media; gyroscope; picture-in-picture; web-share\" referrerpolicy=\"strict-origin-when-cross-origin\" allowfullscreen><\/iframe><\/p>\n<p>&nbsp;<\/p>\n","protected":false},"excerpt":{"rendered":"<p>Con\u00e7u par Elmer Roush \u00e0 Brasstown, Caroline du Nord.<\/p>\n<p>&nbsp;<\/p>\n","protected":false},"featured_media":327471,"comment_status":"open","ping_status":"closed","template":"","meta":[],"pwb-brand":[3762],"product_brand":[],"product_cat":[3702],"product_tag":[3754],"class_list":{"0":"post-327470","1":"product","2":"type-product","3":"status-publish","4":"has-post-thumbnail","6":"pwb-brand-crkt-fr","7":"product_cat-haches","8":"product_tag-b2b-fr","10":"first","11":"outofstock","12":"taxable","13":"shipping-taxable","14":"purchasable","15":"product-type-simple"},"brands":[{"id":3762,"name":"CRKT","slug":"crkt-fr"}],"_links":{"self":[{"href":"https:\/\/www.moskito.cz\/fr\/wp-json\/wp\/v2\/product\/327470","targetHints":{"allow":["GET"]}}],"collection":[{"href":"https:\/\/www.moskito.cz\/fr\/wp-json\/wp\/v2\/product"}],"about":[{"href":"https:\/\/www.moskito.cz\/fr\/wp-json\/wp\/v2\/types\/product"}],"replies":[{"embeddable":true,"href":"https:\/\/www.moskito.cz\/fr\/wp-json\/wp\/v2\/comments?post=327470"}],"wp:featuredmedia":[{"embeddable":true,"href":"https:\/\/www.moskito.cz\/fr\/wp-json\/wp\/v2\/media\/327471"}],"wp:attachment":[{"href":"https:\/\/www.moskito.cz\/fr\/wp-json\/wp\/v2\/media?parent=327470"}],"wp:term":[{"taxonomy":"pwb-brand","embeddable":true,"href":"https:\/\/www.moskito.cz\/fr\/wp-json\/wp\/v2\/pwb-brand?post=327470"},{"taxonomy":"product_brand","embeddable":true,"href":"https:\/\/www.moskito.cz\/fr\/wp-json\/wp\/v2\/product_brand?post=327470"},{"taxonomy":"product_cat","embeddable":true,"href":"https:\/\/www.moskito.cz\/fr\/wp-json\/wp\/v2\/product_cat?post=327470"},{"taxonomy":"product_tag","embeddable":true,"href":"https:\/\/www.moskito.cz\/fr\/wp-json\/wp\/v2\/product_tag?post=327470"}],"curies":[{"name":"wp","href":"https:\/\/api.w.org\/{rel}","templated":true}]}}