{"id":327568,"date":"2021-07-31T21:42:38","date_gmt":"2024-04-08T14:22:38","guid":{"rendered":"https:\/\/www.moskito.cz\/produkt\/couteau-de-fermeture-crkt-ceo-flipper\/"},"modified":"2025-05-07T11:09:12","modified_gmt":"2025-05-07T10:09:12","slug":"couteau-de-fermeture-crkt-ceo-flipper","status":"publish","type":"product","link":"https:\/\/www.moskito.cz\/fr\/produkt\/couteau-de-fermeture-crkt-ceo-flipper\/","title":{"rendered":"Couteau pliant CRKT CEO FLIPPER 7097"},"content":{"rendered":"<p><strong style=\"font-family: -apple-system, BlinkMacSystemFont, 'Segoe UI', Roboto, 'Helvetica Neue', Arial, 'Noto Sans', sans-serif, 'Apple Color Emoji', 'Segoe UI Emoji', 'Segoe UI Symbol', 'Noto Color Emoji';\">Le couteau pliant CRKT CEO Flipper 7097<\/strong> <span style=\"font-family: -apple-system, BlinkMacSystemFont, 'Segoe UI', Roboto, 'Helvetica Neue', Arial, 'Noto Sans', sans-serif, 'Apple Color Emoji', 'Segoe UI Emoji', 'Segoe UI Symbol', 'Noto Color Emoji';\">est un couteau \u00e9l\u00e9gant et hautement fonctionnel, con\u00e7u par Richard Rogers, qui incarne le concept d&rsquo;un couteau de transport quotidien moderne (EDC) mettant l&rsquo;accent sur<\/span> <strong style=\"font-family: -apple-system, BlinkMacSystemFont, 'Segoe UI', Roboto, 'Helvetica Neue', Arial, 'Noto Sans', sans-serif, 'Apple Color Emoji', 'Segoe UI Emoji', 'Segoe UI Symbol', 'Noto Color Emoji';\">la compacit\u00e9<\/strong> <span style=\"font-family: -apple-system, BlinkMacSystemFont, 'Segoe UI', Roboto, 'Helvetica Neue', Arial, 'Noto Sans', sans-serif, 'Apple Color Emoji', 'Segoe UI Emoji', 'Segoe UI Symbol', 'Noto Color Emoji';\">,<\/span> <strong style=\"font-family: -apple-system, BlinkMacSystemFont, 'Segoe UI', Roboto, 'Helvetica Neue', Arial, 'Noto Sans', sans-serif, 'Apple Color Emoji', 'Segoe UI Emoji', 'Segoe UI Symbol', 'Noto Color Emoji';\">le design<\/strong> <span style=\"font-family: -apple-system, BlinkMacSystemFont, 'Segoe UI', Roboto, 'Helvetica Neue', Arial, 'Noto Sans', sans-serif, 'Apple Color Emoji', 'Segoe UI Emoji', 'Segoe UI Symbol', 'Noto Color Emoji';\">et<\/span> <strong style=\"font-family: -apple-system, BlinkMacSystemFont, 'Segoe UI', Roboto, 'Helvetica Neue', Arial, 'Noto Sans', sans-serif, 'Apple Color Emoji', 'Segoe UI Emoji', 'Segoe UI Symbol', 'Noto Color Emoji';\">l&rsquo;ergonomie.<\/strong><span style=\"font-family: -apple-system, BlinkMacSystemFont, 'Segoe UI', Roboto, 'Helvetica Neue', Arial, 'Noto Sans', sans-serif, 'Apple Color Emoji', 'Segoe UI Emoji', 'Segoe UI Symbol', 'Noto Color Emoji';\">. Ce couteau est un choix id\u00e9al pour ceux qui ont besoin d&rsquo;un outil fiable mais qui en m\u00eame temps ne veulent pas porter un couteau trop grand ou trop lourd.<\/span><\/p>\n<div class=\"flex-1 overflow-hidden @container\/thread\">\n<div class=\"h-full\">\n<div class=\"react-scroll-to-bottom--css-vxybp-79elbk h-full\">\n<div class=\"react-scroll-to-bottom--css-vxybp-1n7m0yu\">\n<div class=\"flex flex-col text-sm\">\n<article class=\"w-full scroll-mb-[var(--thread-trailing-height,150px)] text-token-text-primary focus-visible:outline-2 focus-visible:outline-offset-[-4px]\" dir=\"auto\" data-testid=\"conversation-turn-421\" data-scroll-anchor=\"true\">\n<div class=\"m-auto text-base py-[18px] px-3 md:px-4 w-full md:px-5 lg:px-4 xl:px-5\">\n<div class=\"mx-auto flex flex-1 gap-4 text-base md:gap-5 lg:gap-6 md:max-w-3xl\">\n<div class=\"group\/conversation-turn relative flex w-full min-w-0 flex-col agent-turn\">\n<div class=\"flex-col gap-1 md:gap-3\">\n<div class=\"flex max-w-full flex-col flex-grow\">\n<div class=\"min-h-8 text-message flex w-full flex-col items-end gap-2 whitespace-normal break-words text-start [.text-message+&amp;]:mt-5\" dir=\"auto\" data-message-author-role=\"assistant\" data-message-id=\"fecebe75-7439-4a20-810d-28aaa07d7280\" data-message-model-slug=\"gpt-4o-mini\">\n<div class=\"flex w-full flex-col gap-1 empty:hidden first:pt-[3px]\">\n<div class=\"markdown prose w-full break-words dark:prose-invert light\">\n<h3><strong>Caract\u00e9ristiques et avantages :<\/strong><\/h3>\n<h4><strong>1. Conception et ergonomie :<\/strong><\/h4>\n<ul>\n<li><strong>Compact et discret :<\/strong> le couteau CEO est con\u00e7u pour tenir dans <strong>une poche de chemise<\/strong> et \u00eatre suffisamment discret pour un transport quotidien. Son <strong>profil bas<\/strong> le rend tr\u00e8s portable, ce qui en fait un excellent choix pour les professionnels qui ont besoin <strong>d&rsquo;un couteau discret<\/strong> pour des t\u00e2ches rapides. <\/li>\n<li><strong>Ergonomie :<\/strong> Malgr\u00e9 sa forme compacte, le couteau ne perd pas <strong>son ergonomie<\/strong> et <strong>son confort d&rsquo;utilisation<\/strong> . Il offre une prise en main confortable et stable m\u00eame lors d&rsquo;une utilisation prolong\u00e9e. <\/li>\n<\/ul>\n<h4><strong>2. Ouverture assist\u00e9e et m\u00e9canisme IKBS\u2122 :<\/strong><\/h4>\n<ul>\n<li><strong>Ouverture en douceur :<\/strong> L&rsquo;ouverture de la lame est soutenue par le syst\u00e8me <strong>de roulement \u00e0 billes IKBS\u2122<\/strong> , qui assure <strong>un mouvement fluide et rapide<\/strong> lors de l&rsquo;ouverture du couteau.<\/li>\n<li><strong>Flipper :<\/strong> Le m\u00e9canisme du flipper permet <strong>une ouverture rapide<\/strong> du couteau d&rsquo;une seule main, ce qui est id\u00e9al pour ceux qui ont besoin d&rsquo;un acc\u00e8s instantan\u00e9 au couteau.<\/li>\n<\/ul>\n<h4><strong>3. La lame et sa puissance :<\/strong><\/h4>\n<ul>\n<li><strong>Acier AUS-8 :<\/strong> La lame est fabriqu\u00e9e en acier inoxydable <strong>AUS-8<\/strong> , connu pour sa <strong>bonne r\u00e9sistance \u00e0 la corrosion<\/strong> et son excellente capacit\u00e9 <strong>\u00e0 conserver un tranchant<\/strong> . Cet acier est \u00e9galement tr\u00e8s facile \u00e0 entretenir et s&rsquo;aff\u00fbte relativement facilement, ce qui le rend id\u00e9al pour une utilisation fr\u00e9quente. <\/li>\n<li><strong>Finition satin\u00e9e :<\/strong> La finition <strong>satin\u00e9e<\/strong> de la lame ajoute \u00e0 son esth\u00e9tique et augmente sa r\u00e9sistance aux rayures. Cette finition est non seulement visuellement attrayante, mais aussi pratique, car elle assure un entretien facile. <\/li>\n<\/ul>\n<h4><strong>4. L\u00e9g\u00e8ret\u00e9 et durabilit\u00e9 :<\/strong><\/h4>\n<ul>\n<li><strong>L\u00e9ger et durable :<\/strong> le manche <strong>en nylon renforc\u00e9 de verre<\/strong> est <strong>tr\u00e8s l\u00e9ger<\/strong> (le poids total du couteau n&rsquo;est que de 53,86 g), ce qui signifie que le couteau n&rsquo;est pas encombrant \u00e0 transporter dans votre poche. Le mat\u00e9riau du manche est \u00e9galement tr\u00e8s <strong>r\u00e9sistant<\/strong> , ce qui garantit une longue dur\u00e9e de vie au couteau m\u00eame avec une utilisation quotidienne. <\/li>\n<li><strong>Taille compacte :<\/strong> La taille compacte rend ce couteau id\u00e9al pour un transport quotidien dans des environnements urbains ou lors de r\u00e9unions de travail o\u00f9 la discr\u00e9tion est importante.<\/li>\n<\/ul>\n<h4><strong>5. Inserts de fermeture et de verrouillage faciles :<\/strong><\/h4>\n<ul>\n<li><strong>Liner Lock :<\/strong> Ce m\u00e9canisme garantit que la lame sera solidement verrouill\u00e9e en position ouverte. La fermeture est facile et permet <strong>une manipulation ais\u00e9e<\/strong> du couteau d&rsquo;une seule main. <\/li>\n<\/ul>\n<h4><strong>6. Options de port :<\/strong><\/h4>\n<ul>\n<li><strong>Clip de ceinture r\u00e9glable :<\/strong> le clip permet un transport dans la poche ou \u00e0 la ceinture, et vous pouvez choisir de transporter le couteau dans votre poche gauche ou droite, offrant une plus grande <strong>flexibilit\u00e9 de transport<\/strong> .<\/li>\n<\/ul>\n<h3><strong>Caract\u00e9ristiques:<\/strong><\/h3>\n<ul>\n<li><strong>Longueur de la lame :<\/strong> 3,35 pouces (85,14 mm)<\/li>\n<li><strong>Longueur totale :<\/strong> 7,69 pouces (195,28 mm)<\/li>\n<li><strong>Longueur ferm\u00e9e :<\/strong> 4,35 pouces (110,39 mm)<\/li>\n<li><strong>\u00c9paisseur de la lame :<\/strong> 0,029 pouce (2,29 mm)<\/li>\n<li><strong>Acier :<\/strong> AUS 8<\/li>\n<li><strong>Finition de la lame :<\/strong> Satin\u00e9e<\/li>\n<li><strong>Poids :<\/strong> 1,90 oz. (53,86g)<\/li>\n<li><strong>Poign\u00e9e :<\/strong> Nylon renforc\u00e9 de verre<\/li>\n<li><strong>Style :<\/strong> Couteau pliant avec verrouillage par insertion<\/li>\n<\/ul>\n<h3><strong>Conclusion:<\/strong><\/h3>\n<p><strong>Le CRKT CEO Flipper 7097<\/strong> est un excellent <strong>couteau EDC<\/strong> pour un usage quotidien, en particulier pour ceux qui recherchent un <strong>outil compact et discret<\/strong> pour une r\u00e9solution rapide des t\u00e2ches. Avec son <strong>profil bas<\/strong> , <strong>sa grande fonctionnalit\u00e9<\/strong> et <strong>sa conception ergonomique,<\/strong> il est id\u00e9al pour les professionnels qui ont besoin d&rsquo;un couteau facile \u00e0 transporter mais offrant \u00e9galement de grandes performances d&rsquo;utilisation. <\/p>\n<p>Si vous recherchez <strong>un couteau de transport quotidien l\u00e9ger<\/strong> , <strong>\u00e9l\u00e9gant<\/strong> et <strong>fonctionnel,<\/strong> facile \u00e0 ouvrir et offrant une longue dur\u00e9e de vie, <strong>le CRKT CEO Flipper 7097<\/strong> est un excellent choix.<\/p>\n<\/div>\n<\/div>\n<\/div>\n<\/div>\n<div class=\"mb-2 flex gap-3 empty:hidden -ml-2\">\n<div class=\"items-center justify-start rounded-xl p-1 flex\">\n<div class=\"flex items-center\"><\/div>\n<\/div>\n<\/div>\n<div class=\"pr-2 lg:pr-0\"><\/div>\n<\/div>\n<\/div>\n<\/div>\n<\/div>\n<\/article>\n<\/div>\n<\/div>\n<\/div>\n<\/div>\n<\/div>\n<div class=\"product_view_bullet\">\n<p><iframe title=\"CEO FLIPPER | Richard Rogers Design\" width=\"800\" height=\"450\" src=\"https:\/\/www.youtube.com\/embed\/YT3idMh_Y5k?feature=oembed\" frameborder=\"0\" allow=\"accelerometer; autoplay; clipboard-write; encrypted-media; gyroscope; picture-in-picture; web-share\" referrerpolicy=\"strict-origin-when-cross-origin\" allowfullscreen><\/iframe><\/p>\n<p>&nbsp;<\/p>\n<p>&nbsp;<\/p>\n<\/div>\n","protected":false},"excerpt":{"rendered":"<p><strong>Le CRKT CEO Flipper 7097 est un excellent couteau EDC pour un usage quotidien, en particulier pour ceux qui recherchent un outil compact et discret pour une r\u00e9solution rapide des t\u00e2ches. Avec son profil bas, sa grande fonctionnalit\u00e9 et sa conception ergonomique, il est id\u00e9al pour les professionnels qui ont besoin d&rsquo;un couteau facile \u00e0 transporter mais offrant \u00e9galement de grandes performances d&rsquo;utilisation. <\/strong><\/p>\n<p>&nbsp;<\/p>\n","protected":false},"featured_media":327569,"comment_status":"open","ping_status":"closed","template":"","meta":[],"pwb-brand":[3762],"product_brand":[],"product_cat":[3700,3696],"product_tag":[3754],"class_list":{"0":"post-327568","1":"product","2":"type-product","3":"status-publish","4":"has-post-thumbnail","6":"pwb-brand-crkt-fr","7":"product_cat-couteaux-de-fermeture","8":"product_cat-des-couteaux","9":"product_tag-b2b-fr","11":"first","12":"outofstock","13":"taxable","14":"shipping-taxable","15":"purchasable","16":"product-type-simple"},"brands":[{"id":3762,"name":"CRKT","slug":"crkt-fr"}],"_links":{"self":[{"href":"https:\/\/www.moskito.cz\/fr\/wp-json\/wp\/v2\/product\/327568","targetHints":{"allow":["GET"]}}],"collection":[{"href":"https:\/\/www.moskito.cz\/fr\/wp-json\/wp\/v2\/product"}],"about":[{"href":"https:\/\/www.moskito.cz\/fr\/wp-json\/wp\/v2\/types\/product"}],"replies":[{"embeddable":true,"href":"https:\/\/www.moskito.cz\/fr\/wp-json\/wp\/v2\/comments?post=327568"}],"wp:featuredmedia":[{"embeddable":true,"href":"https:\/\/www.moskito.cz\/fr\/wp-json\/wp\/v2\/media\/327569"}],"wp:attachment":[{"href":"https:\/\/www.moskito.cz\/fr\/wp-json\/wp\/v2\/media?parent=327568"}],"wp:term":[{"taxonomy":"pwb-brand","embeddable":true,"href":"https:\/\/www.moskito.cz\/fr\/wp-json\/wp\/v2\/pwb-brand?post=327568"},{"taxonomy":"product_brand","embeddable":true,"href":"https:\/\/www.moskito.cz\/fr\/wp-json\/wp\/v2\/product_brand?post=327568"},{"taxonomy":"product_cat","embeddable":true,"href":"https:\/\/www.moskito.cz\/fr\/wp-json\/wp\/v2\/product_cat?post=327568"},{"taxonomy":"product_tag","embeddable":true,"href":"https:\/\/www.moskito.cz\/fr\/wp-json\/wp\/v2\/product_tag?post=327568"}],"curies":[{"name":"wp","href":"https:\/\/api.w.org\/{rel}","templated":true}]}}