{"id":327699,"date":"2022-11-19T18:24:30","date_gmt":"2022-11-19T17:24:30","guid":{"rendered":"https:\/\/www.moskito.cz\/produkt\/couteau-de-fermeture-crkt-m16-10ksf\/"},"modified":"2025-06-27T08:05:04","modified_gmt":"2025-06-27T07:05:04","slug":"couteau-de-fermeture-crkt-m16-10ksf","status":"publish","type":"product","link":"https:\/\/www.moskito.cz\/fr\/produkt\/couteau-de-fermeture-crkt-m16-10ksf\/","title":{"rendered":"Couteau de fermeture CRKT M16-10KSF"},"content":{"rendered":"<div class=\"flex-1 overflow-hidden @container\/thread\">\n<div class=\"h-full\">\n<div class=\"react-scroll-to-bottom--css-vxybp-79elbk h-full\">\n<div class=\"react-scroll-to-bottom--css-vxybp-1n7m0yu\">\n<div class=\"flex flex-col text-sm md:pb-9\">\n<article class=\"w-full scroll-mb-[var(--thread-trailing-height,150px)] text-token-text-primary focus-visible:outline-2 focus-visible:outline-offset-[-4px]\" dir=\"auto\" data-testid=\"conversation-turn-87\" data-scroll-anchor=\"true\">\n<div class=\"m-auto text-base py-[18px] px-3 md:px-4 w-full md:px-5 lg:px-4 xl:px-5\">\n<div class=\"mx-auto flex flex-1 gap-4 text-base md:gap-5 lg:gap-6 md:max-w-3xl\">\n<div class=\"group\/conversation-turn relative flex w-full min-w-0 flex-col agent-turn\">\n<div class=\"flex-col gap-1 md:gap-3\">\n<div class=\"flex max-w-full flex-col flex-grow\">\n<div class=\"min-h-8 text-message flex w-full flex-col items-end gap-2 whitespace-normal break-words text-start [.text-message+&amp;]:mt-5\" dir=\"auto\" data-message-author-role=\"assistant\" data-message-id=\"f487dbca-5236-471e-9192-dc7b867e5f40\" data-message-model-slug=\"gpt-4o-mini\">\n<div class=\"flex w-full flex-col gap-1 empty:hidden first:pt-[3px]\">\n<div class=\"markdown prose w-full break-words dark:prose-invert light\">\n<p><strong>Couteau de fermeture CRKT M16-10KSF<\/strong><\/p>\n<p><strong>Le CRKT M16-10KSF<\/strong> est <strong>un couteau robuste et puissant<\/strong> con\u00e7u pour <strong>les t\u00e2ches difficiles<\/strong> et <strong>l&rsquo;utilisation quotidienne (EDC)<\/strong> . Ce couteau fait partie de la s\u00e9rie <strong>M16\u00ae<\/strong> , connue pour sa <strong>durabilit\u00e9 et ses performances<\/strong> , et est id\u00e9al pour <strong>les t\u00e2ches civiles<\/strong> telles que <strong>l&rsquo;ouverture de bo\u00eetes<\/strong> , la d\u00e9coupe de mat\u00e9riaux ou les activit\u00e9s de plein air g\u00e9n\u00e9rales. Dot\u00e9 de fonctionnalit\u00e9s innovantes telles que <strong>le Carson Flipper<\/strong> et <strong>les dentelures Triple Point\u2122<\/strong> , il offre d&rsquo;excellentes <strong>performances de coupe<\/strong> et <strong>une utilisation s\u00fbre<\/strong> .  <\/p>\n<h3><strong>Caract\u00e9ristiques:<\/strong><\/h3>\n<ul>\n<li><strong>Longueur de la lame<\/strong> : 74,68 mm (2,94&Prime;)<\/li>\n<li><strong>Bord de la lame<\/strong> : <strong>Triple Point\u2122 Serrations<\/strong> (combinaison de bords lisses et dentel\u00e9s pour une meilleure coupe des mat\u00e9riaux fibreux)<\/li>\n<li><strong>Mat\u00e9riau de la lame<\/strong> : <strong>acier 8Cr14MoV<\/strong> (bon \u00e9quilibre entre duret\u00e9 et r\u00e9sistance \u00e0 la corrosion)<\/li>\n<li><strong>Traitement de surface de la lame<\/strong> : <strong>EDP<\/strong> (am\u00e9liore la r\u00e9sistance \u00e0 la corrosion)<\/li>\n<li><strong>\u00c9paisseur de la lame<\/strong> : 2,49 mm (0,10&Prime;)<\/li>\n<li><strong>Longueur totale<\/strong> : 177,80 mm (7,00&Prime;)<\/li>\n<li><strong>Longueur ferm\u00e9e<\/strong> : 101,60 mm (4,00&Prime;)<\/li>\n<li><strong>Poids<\/strong> : 76,54 g (2,70 oz)<\/li>\n<li><strong>Poign\u00e9e<\/strong> : <strong>Acier inoxydable<\/strong> (construction durable et solide)<\/li>\n<li><strong>Style<\/strong> : <strong>Couteau pliant<\/strong> avec <strong>verrouillage du cadre<\/strong><\/li>\n<\/ul>\n<h3><strong>Caract\u00e9ristiques principales :<\/strong><\/h3>\n<ol>\n<li><strong>Antivol de cadre pour la s\u00e9curit\u00e9<\/strong> :\n<ul>\n<li><strong>Le verrouillage du cadre<\/strong> garantit que la lame sera maintenue fermement en place pendant l&rsquo;utilisation. Cette serrure est reconnue pour sa fiabilit\u00e9 et offre une excellente <strong>s\u00e9curit\u00e9 au travail<\/strong> . <\/li>\n<\/ul>\n<\/li>\n<li><strong>Carson Flipper pour une ouverture rapide<\/strong> :\n<ul>\n<li><strong>Le flipper<\/strong> est int\u00e9gr\u00e9 au manche et permet <strong>une ouverture rapide et fluide de la lame d&rsquo;une seule main<\/strong> . Cela signifie que vous pouvez imm\u00e9diatement pr\u00e9parer le couteau pour l&rsquo;utiliser sans aucune manipulation compliqu\u00e9e. <\/li>\n<\/ul>\n<\/li>\n<li><strong>Dentelures Triple Point\u2122<\/strong> :\n<ul>\n<li><strong>La denture Triple Point\u2122<\/strong> est con\u00e7ue pour <strong>couper facilement les mat\u00e9riaux fibreux<\/strong> tels que <strong>les cordes, les cordons ou les sangles<\/strong> , offrant d&rsquo;excellentes performances de coupe m\u00eame sur des mat\u00e9riaux qui seraient normalement difficiles \u00e0 couper.<\/li>\n<\/ul>\n<\/li>\n<li><strong>Rev\u00eatement EDP noir<\/strong> :\n<ul>\n<li><strong>Le rev\u00eatement EDP (Electrophoretic Paint Deposition)<\/strong> sur la lame am\u00e9liore <strong>la r\u00e9sistance \u00e0 la corrosion<\/strong> tout en offrant <strong>une finition mate<\/strong> r\u00e9sistante aux rayures et \u00e0 l&rsquo;usure.<\/li>\n<\/ul>\n<\/li>\n<li><strong>Conception compacte et portable<\/strong> :\n<ul>\n<li>Ce couteau a une taille compacte avec <strong>une longueur de 4 pouces (101,6 mm) lorsqu&rsquo;il est ferm\u00e9<\/strong> , ce qui en fait <strong>un excellent couteau de transport quotidien (EDC)<\/strong> qui se glisse facilement dans une poche ou un sac.<\/li>\n<\/ul>\n<\/li>\n<\/ol>\n<h3><strong>Avantages :<\/strong><\/h3>\n<ul>\n<li><strong>Hautement s\u00e9curis\u00e9<\/strong> : Le verrou du cadre offre une protection solide et fiable contre les ouvertures ind\u00e9sirables.<\/li>\n<li><strong>Id\u00e9al pour les t\u00e2ches quotidiennes<\/strong> : avec <strong>ses dentelures Triple Point\u2122,<\/strong> le couteau est id\u00e9al pour <strong>couper des mat\u00e9riaux fibreux<\/strong> tels que des bo\u00eetes, des cordes, etc.<\/li>\n<li><strong>Compact et l\u00e9ger<\/strong> : pesant <strong>76,54 g (2,70 oz)<\/strong> et mesurant 7,00&Prime; de longueur totale, le couteau est l\u00e9ger mais suffisamment robuste pour la plupart des t\u00e2ches quotidiennes.<\/li>\n<li><strong>R\u00e9sistance \u00e0 la corrosion<\/strong> : <strong>Le rev\u00eatement EDP noir<\/strong> offre une protection contre la corrosion et l&rsquo;encrassement, ce qui le rend id\u00e9al pour une utilisation \u00e0 long terme dans diverses conditions.<\/li>\n<li><strong>Ouverture rapide et pratique<\/strong> : <strong>Le Carson Flipper<\/strong> permet une ouverture rapide d&rsquo;une seule main, ce qui augmente l&rsquo;utilisation pratique du couteau sur le terrain.<\/li>\n<\/ul>\n<h3><strong>Conclusion:<\/strong><\/h3>\n<p><strong>Le CRKT M16-10KSF<\/strong> est un excellent <strong>couteau de transport quotidien (EDC)<\/strong> pour ceux qui recherchent <strong>un outil puissant et compact<\/strong> avec <strong>durabilit\u00e9 et fiabilit\u00e9<\/strong> . Avec <strong>des fonctionnalit\u00e9s innovantes<\/strong> telles que <strong>le Carson Flipper<\/strong> , <strong>les dentelures Triple Point\u2122<\/strong> et <strong>un verrouillage du cadre<\/strong> , ce couteau offre <strong>d&rsquo;excellentes performances<\/strong> pour un large \u00e9ventail de t\u00e2ches, de <strong>l&rsquo;ouverture de bo\u00eetes<\/strong> aux <strong>travaux plus exigeants<\/strong> . C&rsquo;est un choix id\u00e9al pour une utilisation quotidienne au bureau, \u00e0 la maison ou \u00e0 l&rsquo;ext\u00e9rieur.  <\/p>\n<\/div>\n<\/div>\n<\/div>\n<\/div>\n<div class=\"mt-3 w-full empty:hidden\">\n<div class=\"text-center\"><\/div>\n<\/div>\n<\/div>\n<div class=\"absolute\">\n<div class=\"flex items-center justify-center\"><\/div>\n<\/div>\n<\/div>\n<\/div>\n<\/div>\n<\/article>\n<\/div>\n<\/div>\n<\/div>\n<\/div>\n<\/div>\n<div class=\"md:pt-0 dark:border-white\/20 md:border-transparent md:dark:border-transparent w-full\">\n<div>\n<div class=\"m-auto text-base px-3 md:px-4 w-full md:px-5 lg:px-4 xl:px-5\">\n<div class=\"mx-auto flex flex-1 gap-4 text-base md:gap-5 lg:gap-6 md:max-w-3xl\">\n<div class=\"flex justify-center\"><\/div>\n<\/div>\n<\/div>\n<\/div>\n<\/div>\n<p><iframe title=\"M16-10KSF Knife | by Kit Carson\" width=\"800\" height=\"450\" src=\"https:\/\/www.youtube.com\/embed\/8lRjYI-hRuw?feature=oembed\" frameborder=\"0\" allow=\"accelerometer; autoplay; clipboard-write; encrypted-media; gyroscope; picture-in-picture; web-share\" referrerpolicy=\"strict-origin-when-cross-origin\" allowfullscreen><\/iframe><\/p>\n<p>&nbsp;<\/p>\n","protected":false},"excerpt":{"rendered":"<p><strong>Le CRKT M16-10KSF est un excellent couteau de transport quotidien (EDC) pour ceux qui recherchent un outil puissant et compact avec durabilit\u00e9 et fiabilit\u00e9. Dot\u00e9 de fonctionnalit\u00e9s innovantes telles que le Carson Flipper, les dentelures Triple Point\u2122 et un verrouillage du cadre, ce couteau offre d&rsquo;excellentes performances pour un large \u00e9ventail de t\u00e2ches, de l&rsquo;ouverture de bo\u00eetes aux travaux plus exigeants. C&rsquo;est un choix id\u00e9al pour une utilisation quotidienne au bureau, \u00e0 la maison ou \u00e0 l&rsquo;ext\u00e9rieur.  <\/strong><\/p>\n","protected":false},"featured_media":327702,"comment_status":"open","ping_status":"closed","template":"","meta":[],"pwb-brand":[3762],"product_brand":[],"product_cat":[3700,3696],"product_tag":[3754],"class_list":{"0":"post-327699","1":"product","2":"type-product","3":"status-publish","4":"has-post-thumbnail","6":"pwb-brand-crkt-fr","7":"product_cat-couteaux-de-fermeture","8":"product_cat-des-couteaux","9":"product_tag-b2b-fr","11":"first","12":"instock","13":"taxable","14":"shipping-taxable","15":"purchasable","16":"product-type-simple"},"brands":[{"id":3762,"name":"CRKT","slug":"crkt-fr"}],"_links":{"self":[{"href":"https:\/\/www.moskito.cz\/fr\/wp-json\/wp\/v2\/product\/327699","targetHints":{"allow":["GET"]}}],"collection":[{"href":"https:\/\/www.moskito.cz\/fr\/wp-json\/wp\/v2\/product"}],"about":[{"href":"https:\/\/www.moskito.cz\/fr\/wp-json\/wp\/v2\/types\/product"}],"replies":[{"embeddable":true,"href":"https:\/\/www.moskito.cz\/fr\/wp-json\/wp\/v2\/comments?post=327699"}],"wp:featuredmedia":[{"embeddable":true,"href":"https:\/\/www.moskito.cz\/fr\/wp-json\/wp\/v2\/media\/327702"}],"wp:attachment":[{"href":"https:\/\/www.moskito.cz\/fr\/wp-json\/wp\/v2\/media?parent=327699"}],"wp:term":[{"taxonomy":"pwb-brand","embeddable":true,"href":"https:\/\/www.moskito.cz\/fr\/wp-json\/wp\/v2\/pwb-brand?post=327699"},{"taxonomy":"product_brand","embeddable":true,"href":"https:\/\/www.moskito.cz\/fr\/wp-json\/wp\/v2\/product_brand?post=327699"},{"taxonomy":"product_cat","embeddable":true,"href":"https:\/\/www.moskito.cz\/fr\/wp-json\/wp\/v2\/product_cat?post=327699"},{"taxonomy":"product_tag","embeddable":true,"href":"https:\/\/www.moskito.cz\/fr\/wp-json\/wp\/v2\/product_tag?post=327699"}],"curies":[{"name":"wp","href":"https:\/\/api.w.org\/{rel}","templated":true}]}}