{"id":327736,"date":"2022-09-04T20:31:42","date_gmt":"2024-04-08T14:33:49","guid":{"rendered":"https:\/\/www.moskito.cz\/produkt\/couteau-de-fermeture-crkt-overland-6280\/"},"modified":"2025-05-07T11:09:16","modified_gmt":"2025-05-07T10:09:16","slug":"couteau-de-fermeture-crkt-overland-6280","status":"publish","type":"product","link":"https:\/\/www.moskito.cz\/fr\/produkt\/couteau-de-fermeture-crkt-overland-6280\/","title":{"rendered":"Couteau de fermeture CRKT OVERLAND 6280"},"content":{"rendered":"<p>Couteau de fermeture <strong>CRKT<\/strong> OVERLAND 6280.<\/p>\n<p>Version couteau 4&#215;4.<\/p>\n<p>Inspir\u00e9 par l&rsquo;esth\u00e9tique d&rsquo;un robot classique, le couteau pliant d&rsquo;ext\u00e9rieur Overland\u2122 est con\u00e7u pour le tout-terrain. Peu importe que votre cuisine de camping se trouve sur un rocher plat \u00e0 des kilom\u00e8tres de n&rsquo;importe o\u00f9 ou sur un banc de pique-nique dans le parc, ce couteau est parfait pour trancher le filet mignon saisi pr\u00e8s du feu de camp.<br \/>\nAff\u00fbtage facile&nbsp;: la lame en acier inoxydable \u00e0 haute teneur en carbone maintient bien le tranchant<br \/>\nConfortable : Le manche sur\u00e9lev\u00e9 par rapport \u00e0 la lame contribue \u00e0 couper une surface plane<br \/>\nAttrait visuel&nbsp;: anneau pivotant anodis\u00e9 orange et accents d&rsquo;espacement arri\u00e8re.<\/p>\n<p>CARACT\u00c9RISTIQUES<br \/>\nLongueur de la lame 3,00&nbsp;po (76,12&nbsp;mm)<br \/>\nLame lame Plaine<br \/>\nLame en acier 8Cr13MoV<br \/>\nFinition de la lame Stonewash<br \/>\n\u00c9paisseur de la lame 0,12 po (3,07 mm)<br \/>\nLongueur totale 7,38&Prime; (187,33 mm)<br \/>\nLongueur ferm\u00e9e 4,36&Prime; (110,67 mm)<br \/>\nPoids 3,60 onces. (102,06g)<br \/>\nPoign\u00e9e G10 | Acier inoxydable<br \/>\nCouteau pliant Style avec verrouillage du cadre<\/p>\n","protected":false},"excerpt":{"rendered":"<p>Con\u00e7u par TJ Schwarz \u00e0 Boise, Idaho.<\/p>\n","protected":false},"featured_media":327737,"comment_status":"open","ping_status":"closed","template":"","meta":[],"pwb-brand":[3762],"product_brand":[],"product_cat":[3700,3696],"product_tag":[3754],"class_list":{"0":"post-327736","1":"product","2":"type-product","3":"status-publish","4":"has-post-thumbnail","6":"pwb-brand-crkt-fr","7":"product_cat-couteaux-de-fermeture","8":"product_cat-des-couteaux","9":"product_tag-b2b-fr","11":"first","12":"outofstock","13":"sale","14":"taxable","15":"shipping-taxable","16":"purchasable","17":"product-type-simple"},"brands":[{"id":3762,"name":"CRKT","slug":"crkt-fr"}],"_links":{"self":[{"href":"https:\/\/www.moskito.cz\/fr\/wp-json\/wp\/v2\/product\/327736","targetHints":{"allow":["GET"]}}],"collection":[{"href":"https:\/\/www.moskito.cz\/fr\/wp-json\/wp\/v2\/product"}],"about":[{"href":"https:\/\/www.moskito.cz\/fr\/wp-json\/wp\/v2\/types\/product"}],"replies":[{"embeddable":true,"href":"https:\/\/www.moskito.cz\/fr\/wp-json\/wp\/v2\/comments?post=327736"}],"wp:featuredmedia":[{"embeddable":true,"href":"https:\/\/www.moskito.cz\/fr\/wp-json\/wp\/v2\/media\/327737"}],"wp:attachment":[{"href":"https:\/\/www.moskito.cz\/fr\/wp-json\/wp\/v2\/media?parent=327736"}],"wp:term":[{"taxonomy":"pwb-brand","embeddable":true,"href":"https:\/\/www.moskito.cz\/fr\/wp-json\/wp\/v2\/pwb-brand?post=327736"},{"taxonomy":"product_brand","embeddable":true,"href":"https:\/\/www.moskito.cz\/fr\/wp-json\/wp\/v2\/product_brand?post=327736"},{"taxonomy":"product_cat","embeddable":true,"href":"https:\/\/www.moskito.cz\/fr\/wp-json\/wp\/v2\/product_cat?post=327736"},{"taxonomy":"product_tag","embeddable":true,"href":"https:\/\/www.moskito.cz\/fr\/wp-json\/wp\/v2\/product_tag?post=327736"}],"curies":[{"name":"wp","href":"https:\/\/api.w.org\/{rel}","templated":true}]}}