{"id":327859,"date":"2023-03-21T22:48:46","date_gmt":"2023-03-21T21:48:46","guid":{"rendered":"https:\/\/www.moskito.cz\/produkt\/couteau-de-fermeture-crkt-m16-04ks\/"},"modified":"2025-05-07T11:09:19","modified_gmt":"2025-05-07T10:09:19","slug":"couteau-de-fermeture-crkt-m16-04ks","status":"publish","type":"product","link":"https:\/\/www.moskito.cz\/fr\/produkt\/couteau-de-fermeture-crkt-m16-04ks\/","title":{"rendered":"Couteau de fermeture CRKT M16-04KS"},"content":{"rendered":"<div class=\"flex-1 overflow-hidden @container\/thread\">\n<div class=\"h-full\">\n<div class=\"react-scroll-to-bottom--css-vxybp-79elbk h-full\">\n<div class=\"react-scroll-to-bottom--css-vxybp-1n7m0yu\">\n<div class=\"flex flex-col text-sm md:pb-9\">\n<article class=\"w-full scroll-mb-[var(--thread-trailing-height,150px)] text-token-text-primary focus-visible:outline-2 focus-visible:outline-offset-[-4px]\" dir=\"auto\" data-testid=\"conversation-turn-63\" data-scroll-anchor=\"true\">\n<div class=\"m-auto text-base py-[18px] px-3 md:px-4 w-full md:px-5 lg:px-4 xl:px-5\">\n<div class=\"mx-auto flex flex-1 gap-4 text-base md:gap-5 lg:gap-6 md:max-w-3xl\">\n<div class=\"group\/conversation-turn relative flex w-full min-w-0 flex-col agent-turn\">\n<div class=\"flex-col gap-1 md:gap-3\">\n<div class=\"flex max-w-full flex-col flex-grow\">\n<div class=\"min-h-8 text-message flex w-full flex-col items-end gap-2 whitespace-normal break-words text-start [.text-message+&amp;]:mt-5\" dir=\"auto\" data-message-author-role=\"assistant\" data-message-id=\"e5f97c11-8b64-4c68-9f5e-c7f3a88d149f\" data-message-model-slug=\"gpt-4o-mini\">\n<div class=\"flex w-full flex-col gap-1 empty:hidden first:pt-[3px]\">\n<div class=\"markdown prose w-full break-words dark:prose-invert light\">\n<p><strong>Couteau de fermeture CRKT M16-04KS<\/strong><\/p>\n<p><strong>Le M16\u00ae<\/strong> est sans aucun doute l\u2019une des gammes de couteaux les plus populaires et les plus connues de <strong>CRKT<\/strong> . Ce mod\u00e8le, <strong>le M16-04KS<\/strong> , est un hommage au c\u00e9l\u00e8bre designer <strong>Kit Carson<\/strong> , qui a cr\u00e9\u00e9 un design inspir\u00e9 <strong>des couteaux tactiques<\/strong> de transport quotidien (EDC). Ce couteau apporte une touche moderne \u00e0 son design l\u00e9gendaire, aussi fonctionnel que visuellement attrayant.  <\/p>\n<h3><strong>Caract\u00e9ristiques:<\/strong><\/h3>\n<ul>\n<li><strong>Longueur de la lame<\/strong> : 9,83 cm<\/li>\n<li><strong>Tranchant de la lame<\/strong> : <strong>Uni<\/strong> (classique, tranchant droit)<\/li>\n<li><strong>Mat\u00e9riau de la lame<\/strong> : <strong>Acier Sandvik 12C27<\/strong> (connu pour sa durabilit\u00e9 et sa capacit\u00e9 \u00e0 conserver un tranchant)<\/li>\n<li><strong>Finition de la lame<\/strong> : <strong>Oxyde<\/strong> (pour une protection contre la corrosion et une apparence am\u00e9lior\u00e9e)<\/li>\n<li><strong>\u00c9paisseur de la lame<\/strong> : 0,34 cm<\/li>\n<li><strong>Longueur totale<\/strong> : 23,65 cm<\/li>\n<li><strong>Longueur ferm\u00e9e<\/strong> : 13,55 cm<\/li>\n<li><strong>Poids<\/strong> : 175,77 g<\/li>\n<li><strong>Poign\u00e9e<\/strong> : <strong>Acier inoxydable<\/strong> (pour une excellente r\u00e9sistance et durabilit\u00e9)<\/li>\n<li><strong>Verrouillage<\/strong> : <strong>Verrouillage du cadre<\/strong> (garantit un verrouillage ferme de la lame)<\/li>\n<\/ul>\n<h3><strong>Caract\u00e9ristiques principales :<\/strong><\/h3>\n<ol>\n<li><strong>Ouverture rapide :<\/strong>\n<ul>\n<li>Ce mod\u00e8le utilise <strong>un flipper<\/strong> qui permet une extension rapide et fluide de la lame en un seul mouvement. L&rsquo;ouverture est tr\u00e8s efficace et facile, ce qui rend le couteau id\u00e9al pour <strong>une utilisation quotidienne<\/strong> et un acc\u00e8s rapide. <\/li>\n<\/ul>\n<\/li>\n<li><strong>Construction de cadre robuste :<\/strong>\n<ul>\n<li><strong>Le verrou de cadre<\/strong> est connu pour sa fiabilit\u00e9 et sa r\u00e9sistance. <strong>Le loquet solide<\/strong> assure un verrouillage s\u00fbr et stable de la lame pendant l&rsquo;utilisation. Ce verrou offre une s\u00e9curit\u00e9 et <strong>une durabilit\u00e9<\/strong> <strong>maximales<\/strong> lors d&rsquo;une utilisation intensive. <\/li>\n<\/ul>\n<\/li>\n<li><strong>Poign\u00e9e en acier inoxydable tr\u00e8s r\u00e9sistante :<\/strong>\n<ul>\n<li><strong>L&rsquo;acier inoxydable<\/strong> est tr\u00e8s durable et solide, ce qui garantit une longue dur\u00e9e de vie au couteau et <strong>une r\u00e9sistance aux chocs<\/strong> et \u00e0 l&rsquo;usure. Cette poign\u00e9e peut r\u00e9sister \u00e0 des conditions difficiles, ce qui en fait un choix id\u00e9al pour les applications exigeantes. <\/li>\n<\/ul>\n<\/li>\n<li><strong>Traitement de surface de la lame Oxyde :<\/strong>\n<ul>\n<li><strong>La finition oxyd\u00e9e<\/strong> de la lame augmente sa <strong>r\u00e9sistance \u00e0 la corrosion<\/strong> tout en ajoutant un aspect mat. Cela rend le couteau adapt\u00e9 aux <strong>conditions ext\u00e9rieures<\/strong> , telles que les environnements humides ou sales. <\/li>\n<\/ul>\n<\/li>\n<li><strong>Conception compacte et efficace :<\/strong>\n<ul>\n<li>Malgr\u00e9 sa robustesse, le couteau est <strong>compact<\/strong> et bien <strong>\u00e9quilibr\u00e9<\/strong> , permettant un transport quotidien confortable. Il est suffisamment grand pour les t\u00e2ches plus lourdes, mais suffisamment petit pour \u00eatre pratique \u00e0 transporter dans une poche ou un sac \u00e0 dos. <\/li>\n<\/ul>\n<\/li>\n<\/ol>\n<h3><strong>Avantages :<\/strong><\/h3>\n<ul>\n<li><strong>Ouverture rapide et fluide<\/strong> gr\u00e2ce \u00e0 un flipper.<\/li>\n<li><strong>Le verrouillage du cadre<\/strong> assure un verrouillage de la lame solide et s\u00e9curis\u00e9.<\/li>\n<li><strong>La poign\u00e9e en acier inoxydable<\/strong> assure r\u00e9sistance et durabilit\u00e9.<\/li>\n<li><strong>La finition oxyd\u00e9e<\/strong> de la lame am\u00e9liore la r\u00e9sistance \u00e0 la corrosion.<\/li>\n<li>Id\u00e9al pour <strong>le transport quotidien (EDC)<\/strong> , le camping, les activit\u00e9s de plein air et le travail tactique.<\/li>\n<\/ul>\n<h3><strong>Conclusion:<\/strong><\/h3>\n<p><strong>Le CRKT M16-04KS<\/strong> est un excellent choix pour le transport quotidien (EDC) ainsi que pour les t\u00e2ches plus exigeantes qui n\u00e9cessitent <strong>un acc\u00e8s rapide<\/strong> et <strong>une grande durabilit\u00e9<\/strong> . Avec son <strong>cadre de verrouillage robuste<\/strong> , <strong>sa poign\u00e9e en acier inoxydable durable<\/strong> et <strong>sa lame en acier Sandvik de qualit\u00e9,<\/strong> c&rsquo;est un outil fiable pour une large gamme d&rsquo;utilisations. Ce couteau est non seulement tr\u00e8s fonctionnel, mais aussi visuellement attrayant, ce qui en fait un excellent choix pour tous ceux qui recherchent un couteau EDC de qualit\u00e9 et \u00e9l\u00e9gant.  <\/p>\n<\/div>\n<\/div>\n<\/div>\n<\/div>\n<div class=\"mb-2 flex gap-3 empty:hidden -ml-2\">\n<div class=\"items-center justify-start rounded-xl p-1 flex\">\n<div class=\"flex items-center\"><\/div>\n<\/div>\n<\/div>\n<div class=\"pr-2 lg:pr-0\"><\/div>\n<div class=\"mt-3 w-full empty:hidden\">\n<div class=\"text-center\"><\/div>\n<\/div>\n<\/div>\n<div class=\"absolute\">\n<div class=\"flex items-center justify-center\"><\/div>\n<\/div>\n<\/div>\n<\/div>\n<\/div>\n<\/article>\n<\/div>\n<\/div>\n<\/div>\n<\/div>\n<\/div>\n<div class=\"md:pt-0 dark:border-white\/20 md:border-transparent md:dark:border-transparent w-full\">\n<div>\n<div class=\"m-auto text-base px-3 md:px-4 w-full md:px-5 lg:px-4 xl:px-5\">\n<div class=\"mx-auto flex flex-1 gap-4 text-base md:gap-5 lg:gap-6 md:max-w-3xl\">\n<div class=\"flex justify-center\"><\/div>\n<\/div>\n<\/div>\n<\/div>\n<\/div>\n","protected":false},"excerpt":{"rendered":"<p><strong>Le CRKT M16-04KS est un excellent choix pour le transport quotidien (EDC) ainsi que pour les t\u00e2ches plus exigeantes qui n\u00e9cessitent un acc\u00e8s rapide et une grande durabilit\u00e9. Avec son cadre de verrouillage robuste, sa poign\u00e9e en acier inoxydable durable et sa lame en acier Sandvik de haute qualit\u00e9, c&rsquo;est un outil fiable pour une large gamme d&rsquo;utilisations. Ce couteau est non seulement tr\u00e8s fonctionnel, mais aussi visuellement attrayant, ce qui en fait un excellent choix pour tous ceux qui recherchent un couteau EDC de qualit\u00e9 et \u00e9l\u00e9gant.  <\/strong><\/p>\n","protected":false},"featured_media":327860,"comment_status":"open","ping_status":"closed","template":"","meta":[],"pwb-brand":[3762],"product_brand":[],"product_cat":[3700,3696],"product_tag":[3754],"class_list":{"0":"post-327859","1":"product","2":"type-product","3":"status-publish","4":"has-post-thumbnail","6":"pwb-brand-crkt-fr","7":"product_cat-couteaux-de-fermeture","8":"product_cat-des-couteaux","9":"product_tag-b2b-fr","11":"first","12":"instock","13":"taxable","14":"shipping-taxable","15":"purchasable","16":"product-type-simple"},"brands":[{"id":3762,"name":"CRKT","slug":"crkt-fr"}],"_links":{"self":[{"href":"https:\/\/www.moskito.cz\/fr\/wp-json\/wp\/v2\/product\/327859","targetHints":{"allow":["GET"]}}],"collection":[{"href":"https:\/\/www.moskito.cz\/fr\/wp-json\/wp\/v2\/product"}],"about":[{"href":"https:\/\/www.moskito.cz\/fr\/wp-json\/wp\/v2\/types\/product"}],"replies":[{"embeddable":true,"href":"https:\/\/www.moskito.cz\/fr\/wp-json\/wp\/v2\/comments?post=327859"}],"wp:featuredmedia":[{"embeddable":true,"href":"https:\/\/www.moskito.cz\/fr\/wp-json\/wp\/v2\/media\/327860"}],"wp:attachment":[{"href":"https:\/\/www.moskito.cz\/fr\/wp-json\/wp\/v2\/media?parent=327859"}],"wp:term":[{"taxonomy":"pwb-brand","embeddable":true,"href":"https:\/\/www.moskito.cz\/fr\/wp-json\/wp\/v2\/pwb-brand?post=327859"},{"taxonomy":"product_brand","embeddable":true,"href":"https:\/\/www.moskito.cz\/fr\/wp-json\/wp\/v2\/product_brand?post=327859"},{"taxonomy":"product_cat","embeddable":true,"href":"https:\/\/www.moskito.cz\/fr\/wp-json\/wp\/v2\/product_cat?post=327859"},{"taxonomy":"product_tag","embeddable":true,"href":"https:\/\/www.moskito.cz\/fr\/wp-json\/wp\/v2\/product_tag?post=327859"}],"curies":[{"name":"wp","href":"https:\/\/api.w.org\/{rel}","templated":true}]}}