{"id":327884,"date":"2021-07-29T20:40:43","date_gmt":"2024-04-08T14:40:13","guid":{"rendered":"https:\/\/www.moskito.cz\/produkt\/couteau-de-fermeture-crkt-m21-10ksf\/"},"modified":"2025-05-07T11:09:19","modified_gmt":"2025-05-07T10:09:19","slug":"couteau-de-fermeture-crkt-m21-10ksf","status":"publish","type":"product","link":"https:\/\/www.moskito.cz\/fr\/produkt\/couteau-de-fermeture-crkt-m21-10ksf\/","title":{"rendered":"Couteau de fermeture CRKT M21-10KSF"},"content":{"rendered":"<p>Couteau de fermeture <strong>CRKT<\/strong> M21-10KSF.<\/p>\n<p>Con\u00e7u par Kit Carson \u00e0 Vine Grove, Kentucky<\/p>\n<p>La s\u00e9rie M21 \u2122 en acier inoxydable Everyday Carry est issue d&rsquo;une longue gamme d&rsquo;outils militaires. Vous pouvez d\u00e9sormais effectuer des t\u00e2ches civiles avec cette plate-forme de conception de couteaux \u00e9prouv\u00e9e, simple, durable et abordable. Si vous \u00eates un fan des couteaux pliants tactiques M16\u2122 de Kit Carson, vous voudrez d\u00e9couvrir cette variante de transport quotidienne.<br \/>\nSerrure de cadre avec double poign\u00e9e<br \/>\nEngrenage Triple Point\u2122<br \/>\nFinition lame en oxyde noir.<\/p>\n<p>CARACT\u00c9RISTIQUES<br \/>\nLongueur de la lame 3,13 po (79,60 mm)<br \/>\nBord de lame Triple Point Serrations\u2122<br \/>\nLame en acier 8Cr14MoV<br \/>\nCompl\u00e9ter la lame Oxyg\u00e8ne<br \/>\n\u00c9paisseur de la lame 0,44&Prime; (2,44 mm)<br \/>\nLongueur totale 7,19&Prime; (182,58 mm)<br \/>\nLongueur ferm\u00e9e 4,01&Prime; (101,88 mm)<br \/>\nPoids 2,80 onces. (79,38g)<br \/>\nPoign\u00e9e Acier inoxydable<br \/>\nCouteau pliant Style avec verrouillage du cadre<\/p>\n<p><strong>CRKT\u00ae<\/strong> (Columbia River Knife and Tool\u00ae) a \u00e9t\u00e9 fond\u00e9e en 1994. D\u00e8s le premier jour, l\u2019innovation et l\u2019int\u00e9grit\u00e9 ont \u00e9t\u00e9 privil\u00e9gi\u00e9es. Il s&rsquo;engage \u00e0 fabriquer des couteaux et des outils qui inspirent et durent. Il travaille avec les meilleurs designers du monde et travaille sur un principe simple : la meilleure chose qu&rsquo;il puisse donner \u00e0 ses clients est la confiance entre ses mains.<\/p>\n<p><iframe title=\"CRKT M21-10KSF Knife | A Kit Carson Design\" width=\"800\" height=\"450\" src=\"https:\/\/www.youtube.com\/embed\/dTHU_9PxQCc?feature=oembed\" frameborder=\"0\" allow=\"accelerometer; autoplay; clipboard-write; encrypted-media; gyroscope; picture-in-picture; web-share\" referrerpolicy=\"strict-origin-when-cross-origin\" allowfullscreen><\/iframe><\/p>\n<p>&nbsp;<\/p>\n<p>&nbsp;<\/p>\n","protected":false},"excerpt":{"rendered":"<p>Con\u00e7u par Kit Carson \u00e0 Vine Grove, Kentucky.<\/p>\n","protected":false},"featured_media":327886,"comment_status":"open","ping_status":"closed","template":"","meta":[],"pwb-brand":[3762],"product_brand":[],"product_cat":[3700,3696],"product_tag":[3754],"class_list":{"0":"post-327884","1":"product","2":"type-product","3":"status-publish","4":"has-post-thumbnail","6":"pwb-brand-crkt-fr","7":"product_cat-couteaux-de-fermeture","8":"product_cat-des-couteaux","9":"product_tag-b2b-fr","11":"first","12":"instock","13":"taxable","14":"shipping-taxable","15":"purchasable","16":"product-type-simple"},"brands":[{"id":3762,"name":"CRKT","slug":"crkt-fr"}],"_links":{"self":[{"href":"https:\/\/www.moskito.cz\/fr\/wp-json\/wp\/v2\/product\/327884","targetHints":{"allow":["GET"]}}],"collection":[{"href":"https:\/\/www.moskito.cz\/fr\/wp-json\/wp\/v2\/product"}],"about":[{"href":"https:\/\/www.moskito.cz\/fr\/wp-json\/wp\/v2\/types\/product"}],"replies":[{"embeddable":true,"href":"https:\/\/www.moskito.cz\/fr\/wp-json\/wp\/v2\/comments?post=327884"}],"wp:featuredmedia":[{"embeddable":true,"href":"https:\/\/www.moskito.cz\/fr\/wp-json\/wp\/v2\/media\/327886"}],"wp:attachment":[{"href":"https:\/\/www.moskito.cz\/fr\/wp-json\/wp\/v2\/media?parent=327884"}],"wp:term":[{"taxonomy":"pwb-brand","embeddable":true,"href":"https:\/\/www.moskito.cz\/fr\/wp-json\/wp\/v2\/pwb-brand?post=327884"},{"taxonomy":"product_brand","embeddable":true,"href":"https:\/\/www.moskito.cz\/fr\/wp-json\/wp\/v2\/product_brand?post=327884"},{"taxonomy":"product_cat","embeddable":true,"href":"https:\/\/www.moskito.cz\/fr\/wp-json\/wp\/v2\/product_cat?post=327884"},{"taxonomy":"product_tag","embeddable":true,"href":"https:\/\/www.moskito.cz\/fr\/wp-json\/wp\/v2\/product_tag?post=327884"}],"curies":[{"name":"wp","href":"https:\/\/api.w.org\/{rel}","templated":true}]}}