{"id":328023,"date":"2022-08-17T19:39:55","date_gmt":"2024-04-08T14:44:00","guid":{"rendered":"https:\/\/www.moskito.cz\/produkt\/couteau-de-fermeture-crkt-m16-10kz\/"},"modified":"2025-05-27T10:04:57","modified_gmt":"2025-05-27T09:04:57","slug":"couteau-de-fermeture-crkt-m16-10kz","status":"publish","type":"product","link":"https:\/\/www.moskito.cz\/fr\/produkt\/couteau-de-fermeture-crkt-m16-10kz\/","title":{"rendered":"Couteau de fermeture CRKT M16-10KZ"},"content":{"rendered":"<div class=\"flex-1 overflow-hidden @container\/thread\">\n<div class=\"h-full\">\n<div class=\"react-scroll-to-bottom--css-vxybp-79elbk h-full\">\n<div class=\"react-scroll-to-bottom--css-vxybp-1n7m0yu\">\n<div class=\"flex flex-col text-sm md:pb-9\">\n<article class=\"w-full scroll-mb-[var(--thread-trailing-height,150px)] text-token-text-primary focus-visible:outline-2 focus-visible:outline-offset-[-4px]\" dir=\"auto\" data-testid=\"conversation-turn-357\" data-scroll-anchor=\"true\">\n<div class=\"m-auto text-base py-[18px] px-3 md:px-4 w-full md:px-5 lg:px-4 xl:px-5\">\n<div class=\"mx-auto flex flex-1 gap-4 text-base md:gap-5 lg:gap-6 md:max-w-3xl\">\n<div class=\"group\/conversation-turn relative flex w-full min-w-0 flex-col agent-turn\">\n<div class=\"flex-col gap-1 md:gap-3\">\n<div class=\"flex max-w-full flex-col flex-grow\">\n<div class=\"min-h-8 text-message flex w-full flex-col items-end gap-2 whitespace-normal break-words text-start [.text-message+&amp;]:mt-5\" dir=\"auto\" data-message-author-role=\"assistant\" data-message-id=\"acf6ae39-712b-45dc-9ff5-59252f326045\" data-message-model-slug=\"gpt-4o-mini\">\n<div class=\"flex w-full flex-col gap-1 empty:hidden first:pt-[3px]\">\n<div class=\"markdown prose w-full break-words dark:prose-invert light\">\n<p><strong>Le couteau pliant CRKT M16-10KZ<\/strong> fait partie de la populaire s\u00e9rie M16\u00ae, con\u00e7ue par le l\u00e9gendaire designer Kit Carson, et offre une excellente combinaison de fonctionnalit\u00e9, de qualit\u00e9 et de durabilit\u00e9. Ce mod\u00e8le est id\u00e9al pour le transport quotidien (EDC), mais aussi pour les t\u00e2ches plus exigeantes qui n\u00e9cessitent durabilit\u00e9 et fiabilit\u00e9. <\/p>\n<h3><strong>Caract\u00e9ristiques principales :<\/strong><\/h3>\n<ol>\n<li><strong>Mat\u00e9riaux de qualit\u00e9 :<\/strong>\n<ul>\n<li><strong>Lame en acier inoxydable 1.4116<\/strong> : Cet acier est reconnu pour sa <strong>r\u00e9sistance \u00e0 la corrosion<\/strong> et est id\u00e9al pour les couteaux utilis\u00e9s r\u00e9guli\u00e8rement. Il offre une bonne <strong>r\u00e9tention de la lame<\/strong> et un entretien relativement facile. <\/li>\n<li><strong>Traitement de surface EDP<\/strong> : Ce rev\u00eatement noir prot\u00e8ge la lame contre <strong>la corrosion et l&rsquo;usure<\/strong> , augmentant la dur\u00e9e de vie du couteau et assurant sa <strong>durabilit\u00e9 esth\u00e9tique<\/strong> .<\/li>\n<li><strong>Dentelures Triple Point\u2122<\/strong> : Ces dentelures sur la lame offrent <strong>une efficacit\u00e9 de coupe \u00e9lev\u00e9e<\/strong> , en particulier lors de la coupe de mat\u00e9riaux tels que des cordons, du cuir, des tissus et d&rsquo;autres substances plus dures. Cette technologie offre <strong>une efficacit\u00e9 trois fois sup\u00e9rieure \u00e0 celle<\/strong> des encoches conventionnelles. <\/li>\n<\/ul>\n<\/li>\n<li><strong>Conception ergonomique pour une utilisation efficace :<\/strong>\n<ul>\n<li><strong>Carson Flipper<\/strong> : Cette conception d&rsquo;ouverture permet une ouverture <strong>rapide et facile<\/strong> de la lame d&rsquo;une seule main, parfaite pour les situations o\u00f9 vous avez besoin d&rsquo;un acc\u00e8s rapide \u00e0 votre couteau.<\/li>\n<li><strong>Manche en nylon renforc\u00e9 de verre<\/strong> : Ce mat\u00e9riau est tr\u00e8s <strong>r\u00e9sistant<\/strong> et assure une <strong>prise ferme et confortable<\/strong> du couteau m\u00eame dans des conditions exigeantes. Le manche contribue \u00e9galement au <strong>faible poids<\/strong> du couteau. <\/li>\n<\/ul>\n<\/li>\n<li><strong>Caract\u00e9ristiques de s\u00e9curit\u00e9 :<\/strong>\n<ul>\n<li><strong>Liner Lock<\/strong> : Ce verrou de s\u00e9curit\u00e9 garantit que la lame est solidement verrouill\u00e9e pendant l&rsquo;utilisation, tout en permettant une <strong>fermeture facile du couteau d&rsquo;une seule main<\/strong> .<\/li>\n<li><strong>Insert de s\u00e9curit\u00e9 automatique<\/strong> : ajoute une couche de protection suppl\u00e9mentaire en emp\u00eachant la lame <strong>de s&rsquo;ouvrir accidentellement<\/strong> , ce qui est important pour une utilisation s\u00fbre au quotidien.<\/li>\n<\/ul>\n<\/li>\n<li><strong>Conception compacte et l\u00e9g\u00e8re :<\/strong>\n<ul>\n<li><strong>Longueur totale<\/strong> : 7,13&Prime; (180,98 mm)<\/li>\n<li><strong>Longueur ferm\u00e9e<\/strong> : 4,00&Prime; (101,60 mm)<\/li>\n<li><strong>Poids<\/strong> : 2,30 oz (65,20 g) &#8211; <strong>conception l\u00e9g\u00e8re<\/strong> id\u00e9ale pour un usage quotidien, tout en offrant une taille suffisante pour une vari\u00e9t\u00e9 de t\u00e2ches.<\/li>\n<\/ul>\n<\/li>\n<\/ol>\n<h3><strong>Caract\u00e9ristiques:<\/strong><\/h3>\n<ul>\n<li><strong>Longueur de la lame<\/strong> : 3,00&Prime; (76,20 mm)<\/li>\n<li><strong>Tranchant de la lame<\/strong> : Triple Point Serrations\u2122<\/li>\n<li><strong>Mat\u00e9riau de la lame<\/strong> : Acier 1.4116<\/li>\n<li><strong>Finition de la lame<\/strong> : EDP<\/li>\n<li><strong>\u00c9paisseur de la lame<\/strong> : 0,08&Prime; (2,03 mm)<\/li>\n<li><strong>Longueur totale<\/strong> : 7,13&Prime; (180,98 mm)<\/li>\n<li><strong>Longueur ferm\u00e9e<\/strong> : 4,00&Prime; (101,60 mm)<\/li>\n<li><strong>Poids<\/strong> : 2,30 oz (65,20 g)<\/li>\n<li><strong>Poign\u00e9e<\/strong> : Nylon renforc\u00e9 de verre<\/li>\n<li><strong>Style<\/strong> : Couteau pliant avec <strong>Liner Lock<\/strong><\/li>\n<\/ul>\n<h3><strong>\u00c0 quoi \u00e7a sert ?<\/strong><\/h3>\n<ol>\n<li><strong>Utilisation quotidienne (EDC)<\/strong> :<br \/>\n Ce couteau est con\u00e7u pour les t\u00e2ches quotidiennes telles que l&rsquo;ouverture de colis, de paquets, la coupe de cordons, de c\u00e2bles et d&rsquo;autres mat\u00e9riaux. Associ\u00e9 aux <strong>dentelures Triple Point\u2122,<\/strong> il est excellent pour <strong>une coupe rapide et efficace de<\/strong> mat\u00e9riaux plus lourds. <\/li>\n<li><strong>Activit\u00e9s de plein air et de camping<\/strong> :<br \/>\n Bien qu&rsquo;il s&rsquo;agisse d&rsquo;un couteau compact, sa durabilit\u00e9 et sa capacit\u00e9 \u00e0 bien tenir une lame rendent ce mod\u00e8le id\u00e9al pour <strong>les t\u00e2ches de camping<\/strong> , telles que couper du bois pour un feu, pr\u00e9parer de la nourriture ou d&rsquo;autres activit\u00e9s de plein air courantes.<\/li>\n<li><strong>Sauvetage et utilisation tactique<\/strong> :<br \/>\n Gr\u00e2ce aux <strong>dentelures Triple Point\u2122<\/strong> et <strong>\u00e0 une construction robuste,<\/strong> ce couteau convient aux <strong>t\u00e2ches de sauvetage<\/strong> ou comme EDC tactique pour les forces militaires ou de s\u00e9curit\u00e9. Il est id\u00e9al pour faire face aux situations de crise o\u00f9 il est important de disposer d&rsquo;un outil fiable. <\/li>\n<li><strong>D\u00e9placements et activit\u00e9s quotidiennes<\/strong> :<br \/>\n Le couteau est suffisamment compact pour \u00eatre facilement transport\u00e9 dans votre poche ou sur votre porte-cl\u00e9s, et est pr\u00eat pour diverses t\u00e2ches tout au long de la journ\u00e9e lorsque vous en avez besoin.<\/li>\n<\/ol>\n<h3><strong>Avantages :<\/strong><\/h3>\n<ul>\n<li><strong>Dentelures Triple Point\u2122<\/strong> pour une coupe efficace de divers mat\u00e9riaux.<\/li>\n<li><strong>Conception l\u00e9g\u00e8re et compacte<\/strong> , id\u00e9ale pour un usage quotidien.<\/li>\n<li><strong>Ouverture rapide<\/strong> gr\u00e2ce au Carson Flipper.<\/li>\n<li><strong>Verrou de s\u00e9curit\u00e9<\/strong> pour verrouiller la lame en toute s\u00e9curit\u00e9 pendant l&rsquo;utilisation.<\/li>\n<li><strong>Mat\u00e9riaux durables<\/strong> et <strong>longue dur\u00e9e de vie<\/strong> gr\u00e2ce \u00e0 la poign\u00e9e en acier et nylon de haute qualit\u00e9.<\/li>\n<li><strong>Traitement de surface EDP<\/strong> , qui assure <strong>une r\u00e9sistance \u00e0 la corrosion<\/strong> et <strong>un aspect esth\u00e9tique<\/strong> .<\/li>\n<\/ul>\n<h3><strong>R\u00e9sum\u00e9:<\/strong><\/h3>\n<p><strong>Le CRKT M16-10KZ<\/strong> est un couteau fiable et pratique qui offre <strong>qualit\u00e9<\/strong> , <strong>fonctionnalit\u00e9<\/strong> et <strong>un design<\/strong> inspir\u00e9 des couteaux tactiques. Avec ses <strong>dentelures Triple Point\u2122<\/strong> , <strong>son ouverture rapide<\/strong> , <strong>son m\u00e9canisme de s\u00e9curit\u00e9<\/strong> et sa finition durable, c&rsquo;est l&rsquo;outil id\u00e9al pour une utilisation quotidienne ainsi que pour les t\u00e2ches plus exigeantes. Qu&rsquo;il s&rsquo;agisse de <strong>camping<\/strong> , <strong>de travail sur le terrain<\/strong> ou <strong>de transport quotidien<\/strong> , ce couteau est pr\u00eat \u00e0 tout.  <\/p>\n<\/div>\n<\/div>\n<\/div>\n<\/div>\n<div class=\"mb-2 flex gap-3 empty:hidden -ml-2\">\n<div class=\"items-center justify-start rounded-xl p-1 flex\">\n<div class=\"flex items-center\"><\/div>\n<\/div>\n<\/div>\n<div class=\"pr-2 lg:pr-0\"><\/div>\n<\/div>\n<\/div>\n<\/div>\n<\/div>\n<\/article>\n<\/div>\n<\/div>\n<\/div>\n<\/div>\n<\/div>\n","protected":false},"excerpt":{"rendered":"<p><strong>Le CRKT M16-10KZ est un couteau fiable et pratique qui offre qualit\u00e9, fonctionnalit\u00e9 et un design inspir\u00e9 des couteaux tactiques. Avec ses dentelures Triple Point\u2122, son ouverture rapide, son m\u00e9canisme de s\u00e9curit\u00e9 et sa finition durable, c&rsquo;est l&rsquo;outil id\u00e9al pour une utilisation quotidienne et des t\u00e2ches plus exigeantes. Qu&rsquo;il s&rsquo;agisse de camping, de travail sur le terrain ou de transport quotidien, ce couteau est pr\u00eat \u00e0 tout.  <\/strong><\/p>\n","protected":false},"featured_media":328024,"comment_status":"open","ping_status":"closed","template":"","meta":[],"pwb-brand":[3762],"product_brand":[],"product_cat":[3700,3696],"product_tag":[3754],"class_list":{"0":"post-328023","1":"product","2":"type-product","3":"status-publish","4":"has-post-thumbnail","6":"pwb-brand-crkt-fr","7":"product_cat-couteaux-de-fermeture","8":"product_cat-des-couteaux","9":"product_tag-b2b-fr","11":"first","12":"outofstock","13":"taxable","14":"shipping-taxable","15":"purchasable","16":"product-type-simple"},"brands":[{"id":3762,"name":"CRKT","slug":"crkt-fr"}],"_links":{"self":[{"href":"https:\/\/www.moskito.cz\/fr\/wp-json\/wp\/v2\/product\/328023","targetHints":{"allow":["GET"]}}],"collection":[{"href":"https:\/\/www.moskito.cz\/fr\/wp-json\/wp\/v2\/product"}],"about":[{"href":"https:\/\/www.moskito.cz\/fr\/wp-json\/wp\/v2\/types\/product"}],"replies":[{"embeddable":true,"href":"https:\/\/www.moskito.cz\/fr\/wp-json\/wp\/v2\/comments?post=328023"}],"wp:featuredmedia":[{"embeddable":true,"href":"https:\/\/www.moskito.cz\/fr\/wp-json\/wp\/v2\/media\/328024"}],"wp:attachment":[{"href":"https:\/\/www.moskito.cz\/fr\/wp-json\/wp\/v2\/media?parent=328023"}],"wp:term":[{"taxonomy":"pwb-brand","embeddable":true,"href":"https:\/\/www.moskito.cz\/fr\/wp-json\/wp\/v2\/pwb-brand?post=328023"},{"taxonomy":"product_brand","embeddable":true,"href":"https:\/\/www.moskito.cz\/fr\/wp-json\/wp\/v2\/product_brand?post=328023"},{"taxonomy":"product_cat","embeddable":true,"href":"https:\/\/www.moskito.cz\/fr\/wp-json\/wp\/v2\/product_cat?post=328023"},{"taxonomy":"product_tag","embeddable":true,"href":"https:\/\/www.moskito.cz\/fr\/wp-json\/wp\/v2\/product_tag?post=328023"}],"curies":[{"name":"wp","href":"https:\/\/api.w.org\/{rel}","templated":true}]}}