{"id":328078,"date":"2022-09-06T21:24:40","date_gmt":"2024-04-08T14:48:17","guid":{"rendered":"https:\/\/www.moskito.cz\/produkt\/couteau-de-fermeture-crkt-seis-7123\/"},"modified":"2025-05-07T11:09:24","modified_gmt":"2025-05-07T10:09:24","slug":"couteau-de-fermeture-crkt-seis-7123","status":"publish","type":"product","link":"https:\/\/www.moskito.cz\/fr\/produkt\/couteau-de-fermeture-crkt-seis-7123\/","title":{"rendered":"Couteau de fermeture CRKT SEIS 7123"},"content":{"rendered":"<p>Couteau de fermeture <strong>CRKT<\/strong> SEIS 7123.<\/p>\n<p>Cela signifie six, mais cela fait tous les tours. Le coutelier Richard Rogers con\u00e7oit des couteaux depuis plus de deux d\u00e9cennies, offrant \u00e0 ses fans ses mod\u00e8les Cuatro\u2122 et Cinco\u2122 pr\u00e9f\u00e9r\u00e9s. Il compte et pr\u00e9sente le Seis\u2122, un couteau de poche pliant de tous les jours, suffisamment grand pour effectuer un travail s\u00e9rieux et suffisamment compact pour un usage quotidien. Gr\u00e2ce \u00e0 IKBS\u2122 pour un d\u00e9ploiement ultra fluide, vous n&rsquo;aurez pas \u00e0 compter jusqu&rsquo;\u00e0 six pour l&rsquo;utiliser.<\/p>\n<p>Lorsque le coutelier Richard Rogers a nomm\u00e9 Cinco\u2122 en l&rsquo;honneur du surnom de son p\u00e8re, il \u00e9tait tout naturel de poursuivre la s\u00e9quence. C&rsquo;est pourquoi il nous propose le Seis\u2122, un couteau pliant polyvalent au profil fin, flexible et au design \u00e9l\u00e9gant. Le clip de poche est polyvalent et est con\u00e7u pour \u00eatre ambidextre et permettre une prise en main gauche ou droite \u2013 vous pouvez m\u00eame le d\u00e9visser pour une personnalisation plus pouss\u00e9e. Gr\u00e2ce \u00e0 la conception double face, il n&rsquo;est pas difficile de trouver une prise confortable le long de la poign\u00e9e en nylon renforc\u00e9 de verre avec une texture semblable \u00e0 celle du cuir.<\/p>\n<p>Dot\u00e9 d&rsquo;une lame en acier inoxydable de 3,32 pouces, le Seis\u2122 se d\u00e9ploie rapidement et en douceur gr\u00e2ce \u00e0 la technologie IKBS\u2122. V\u00e9ritable accessoire de tous les jours, ce couteau r\u00e9siste non seulement \u00e0 l&rsquo;\u00e9preuve du travail acharn\u00e9, mais la pointe de la lame est suffisamment fine pour une coupe plus pr\u00e9cise. Et gr\u00e2ce \u00e0 la conception conviviale et aux dimensions modestes du couteau, ce sera un outil populaire \u00e0 ranger au fond de votre poche.<\/p>\n<p>Cela signifie six, mais Seis\u2122 fait tous les tours.<\/p>\n<p>CARACT\u00c9RISTIQUES<br \/>\nLongueur de la lame 3,32&nbsp;po (84,38&nbsp;mm)<br \/>\nLame lame Plaine<br \/>\nLame en acier 1.4116<br \/>\nFinition de la surface de la lame Microbillage<br \/>\n\u00c9paisseur de la lame 0,09 po (2,36 mm)<br \/>\nLongueur totale 7,81&Prime; (198,45 mm)<br \/>\nLongueur ferm\u00e9e 4,47&Prime; (113,44 mm)<br \/>\nPoids 2,00 onces (56,70 g)<br \/>\nPoign\u00e9e en nylon renforc\u00e9 de verre<br \/>\nCouteau pliant de style avec Liner Lock<\/p>\n<p><iframe title=\"CRKT SEIS\u2122 | Richard Rogers Design\" width=\"800\" height=\"450\" src=\"https:\/\/www.youtube.com\/embed\/J_t8G1t971Q?feature=oembed\" frameborder=\"0\" allow=\"accelerometer; autoplay; clipboard-write; encrypted-media; gyroscope; picture-in-picture; web-share\" referrerpolicy=\"strict-origin-when-cross-origin\" allowfullscreen><\/iframe><\/p>\n<p>&nbsp;<\/p>\n","protected":false},"excerpt":{"rendered":"<p>Con\u00e7u par Richard Rogers \u00e0 Magdalena, Nouveau-Mexique.<\/p>\n","protected":false},"featured_media":328079,"comment_status":"open","ping_status":"closed","template":"","meta":[],"pwb-brand":[3762],"product_brand":[],"product_cat":[3700,3696],"product_tag":[3754],"class_list":{"0":"post-328078","1":"product","2":"type-product","3":"status-publish","4":"has-post-thumbnail","6":"pwb-brand-crkt-fr","7":"product_cat-couteaux-de-fermeture","8":"product_cat-des-couteaux","9":"product_tag-b2b-fr","11":"first","12":"outofstock","13":"sale","14":"taxable","15":"shipping-taxable","16":"purchasable","17":"product-type-simple"},"brands":[{"id":3762,"name":"CRKT","slug":"crkt-fr"}],"_links":{"self":[{"href":"https:\/\/www.moskito.cz\/fr\/wp-json\/wp\/v2\/product\/328078","targetHints":{"allow":["GET"]}}],"collection":[{"href":"https:\/\/www.moskito.cz\/fr\/wp-json\/wp\/v2\/product"}],"about":[{"href":"https:\/\/www.moskito.cz\/fr\/wp-json\/wp\/v2\/types\/product"}],"replies":[{"embeddable":true,"href":"https:\/\/www.moskito.cz\/fr\/wp-json\/wp\/v2\/comments?post=328078"}],"wp:featuredmedia":[{"embeddable":true,"href":"https:\/\/www.moskito.cz\/fr\/wp-json\/wp\/v2\/media\/328079"}],"wp:attachment":[{"href":"https:\/\/www.moskito.cz\/fr\/wp-json\/wp\/v2\/media?parent=328078"}],"wp:term":[{"taxonomy":"pwb-brand","embeddable":true,"href":"https:\/\/www.moskito.cz\/fr\/wp-json\/wp\/v2\/pwb-brand?post=328078"},{"taxonomy":"product_brand","embeddable":true,"href":"https:\/\/www.moskito.cz\/fr\/wp-json\/wp\/v2\/product_brand?post=328078"},{"taxonomy":"product_cat","embeddable":true,"href":"https:\/\/www.moskito.cz\/fr\/wp-json\/wp\/v2\/product_cat?post=328078"},{"taxonomy":"product_tag","embeddable":true,"href":"https:\/\/www.moskito.cz\/fr\/wp-json\/wp\/v2\/product_tag?post=328078"}],"curies":[{"name":"wp","href":"https:\/\/api.w.org\/{rel}","templated":true}]}}