{"id":328107,"date":"2021-10-17T19:07:32","date_gmt":"2024-04-08T14:48:23","guid":{"rendered":"https:\/\/www.moskito.cz\/produkt\/couteau-solide-sog-seal-pup-gaine-en-nylon-balistique\/"},"modified":"2025-05-07T11:09:25","modified_gmt":"2025-05-07T10:09:25","slug":"couteau-solide-sog-seal-pup-gaine-en-nylon-balistique","status":"publish","type":"product","link":"https:\/\/www.moskito.cz\/fr\/produkt\/couteau-solide-sog-seal-pup-gaine-en-nylon-balistique\/","title":{"rendered":"Couteau solide SOG SEAL PUP GAINE EN NYLON BALISTIQUE"},"content":{"rendered":"<p>Notre histoire commence au Vietnam, o\u00f9 des membres de la force d&rsquo;op\u00e9rations sp\u00e9ciales tr\u00e8s secr\u00e8te am\u00e9ricaine &#8211; connue sous le nom de MACV &#8211; <strong>SOG<\/strong> &#8211; transportaient un couteau secret unique dans la jungle lors de missions secr\u00e8tes. Quelques ann\u00e9es plus tard, en 1986, ce couteau a inspir\u00e9 un jeune designer nomm\u00e9 Spencer Frazer \u00e0 fonder <strong>SOG<\/strong> Specialty Knives. Sa mission : reproduire le couteau <strong>SOG<\/strong> Bowie original et rendre hommage \u00e0 l&rsquo;unit\u00e9 des op\u00e9rations sp\u00e9ciales qui l&rsquo;a cr\u00e9\u00e9. Ce qui a commenc\u00e9 comme un mod\u00e8le comm\u00e9moratif unique est rapidement devenu toute une gamme d&rsquo;outils innovants &#8211; \u00e9prouv\u00e9s par les forces sp\u00e9ciales am\u00e9ricaines, et m\u00eame r\u00e9compens\u00e9s comme le couteau de choix des Navy SEAL. Aujourd&rsquo;hui, les couteaux SOG sont port\u00e9s en toute confiance dans les situations les plus exigeantes. Forg\u00e9 dans la tradition, endurci sur le terrain, d\u00e9pos\u00e9 pour vous.<\/p>\n<p>Que vous prot\u00e9giez les autres ou meniez une exp\u00e9dition de chasse \u00e9pique, releviez l&rsquo;un des d\u00e9fis quotidiens de la vie ou affrontiez les conditions les plus extr\u00eames \u00e0 ce jour, faites votre chemin avec <strong>SOG<\/strong> .<\/p>\n<p>Couteau solide <strong>SOG<\/strong> SEAL PUP GAINE EN NYLON BALISTIQUE.<\/p>\n<p><strong>Le SEAL Pup<\/strong> est dot\u00e9 d&rsquo;une lame semi-dentel\u00e9e avec rev\u00eatement en poudre AUS-8 pour une faible r\u00e9flectivit\u00e9 et une r\u00e9sistance \u00e0 la corrosion. Sa poign\u00e9e l\u00e9g\u00e8re en nylon renforc\u00e9 de verre pr\u00e9sente un motif en losange en relief pour une prise s\u00fbre.<\/p>\n<p><strong>Le Seal Pup<\/strong> est fait pour ceux qui servent et r\u00e9pondent \u00e9galement aux normes ou pour les personnes qui ont besoin d&rsquo;un couteau solide et fiable \u00e0 lame fixe.<\/p>\n<p><strong>SEAL Pup<\/strong> a des l\u00e9gions de fans \u00e0 travers le monde. Du travail le plus simple au travail le plus p\u00e9nible, elle a continu\u00e9 \u00e0 livrer.<\/p>\n<p><strong>Fonction<\/strong><br \/>\nCouteau tactique \u00e0 lame fixe en acier AUS-8, manche en nylon renforc\u00e9 de verre durable et facile \u00e0 saisir. Livr\u00e9 avec deux options de gaine.<\/p>\n<p><strong>AUS-8<\/strong><br \/>\nAcier inoxydable japonais de haute qualit\u00e9 avec un bon \u00e9quilibre entre t\u00e9nacit\u00e9 et r\u00e9sistance, capacit\u00e9 de maintien des bords et r\u00e9sistance \u00e0 la corrosion.<\/p>\n<p><strong>POIGN\u00c9E VERT<\/strong><br \/>\nAvec un motif en diamant en relief pour une prise s\u00fbre.<\/p>\n<p><strong>LAME PARTIELLEMENT DENT\u00c9E<\/strong><br \/>\nIl offre les avantages des bords droits et dentel\u00e9s dans une seule lame.<\/p>\n<p>LONGUEUR TOTALE : 22,5 cm<br \/>\nPOIDS DU PRODUIT : 5,40 oz<br \/>\nLONGUEUR DE LA LAME : 12 cm<br \/>\nTYPE DE BORD : Partiellement dentel\u00e9<br \/>\nTYPE DE LAME&nbsp;: AUS-8<br \/>\nFORME DE LA LAME&nbsp;:&nbsp;Pointe de clip<br \/>\nMAT\u00c9RIAU DE LA POIGN\u00c9E&nbsp;: Nylon renforc\u00e9 de verre<br \/>\nCOULEUR DE LA POIGN\u00c9E&nbsp;: Noir<br \/>\nDURET\u00c9 : RC 57-58<br \/>\nCOUVERTURE INCLUSE : Oui<br \/>\nCOULEUR DE LA FEUILLE&nbsp;: Noir<br \/>\nTYPE DE FIXATION DE FEUILLE : MOLLE<br \/>\nMAT\u00c9RIEL DE LA FEUILLE&nbsp;:&nbsp;Nylon balistique<\/p>\n<p>Le SEAL Pup est dot\u00e9 d&rsquo;une lame AUS-8 partiellement dentel\u00e9e recouverte de poudre pour une faible r\u00e9flexion et une r\u00e9sistance \u00e0 la corrosion. Sa poign\u00e9e l\u00e9g\u00e8re en nylon renforc\u00e9 de verre pr\u00e9sente un motif en forme de losange en relief pour une prise en main s\u00fbre.<\/p>\n<p>Con\u00e7u pour ceux qui servent, le Seal Pup r\u00e9pond \u00e9galement aux normes ou aux personnes qui ont besoin d&rsquo;un couteau \u00e0 lame fixe solide et fiable.<\/p>\n<p>Le SEAL Pup a une l\u00e9gion de fans \u00e0 travers le monde. Du travail le plus simple au plus p\u00e9nible, il a toujours \u00e9t\u00e9 efficace.<\/p>\n<p>Caract\u00e9ristiques<br \/>\nCouteau tactique \u00e0 lame fixe en acier AUS-8 et durable, et un manche en nylon renforc\u00e9 de verre facile \u00e0 saisir. Livr\u00e9 avec deux choix de gaines.<\/p>\n<p>AUS-8<br \/>\nUn acier inoxydable japonais de haute qualit\u00e9 avec un bon \u00e9quilibre entre t\u00e9nacit\u00e9 et r\u00e9sistance, capacit\u00e9 de maintien des bords et r\u00e9sistance \u00e0 la corrosion.<\/p>\n<p>POIGN\u00c9E VERTE<br \/>\nAvec un motif en diamant en relief pour une prise en main s\u00fbre.<\/p>\n<p>LAME PARTIELLEMENT DENT\u00c9E<br \/>\nOffre les avantages des bords droits et dentel\u00e9s dans une seule lame.<\/p>\n<p>LONGUEUR TOTALE<br \/>\n9&Prime;<br \/>\nPOIDS DU PRODUIT<br \/>\n5,40 onces<br \/>\nLONGUEUR DE LA LAME<br \/>\n4,75&Prime;<br \/>\n\u00c9PAISSEUR DE LA LAME<br \/>\n0,19&Prime;<br \/>\nCUP<br \/>\n7-29857-99476-7<br \/>\nINFORMATIONS SUR LE NNO<br \/>\n7340-01-527-7123<br \/>\nEST PR\u00c9COMMANDE<br \/>\nSUR<br \/>\nDATE DE PR\u00c9COMMANDE<br \/>\nSUR<br \/>\nFAMILLE DE PRODUITS<br \/>\nB\u00e9b\u00e9 phoque<br \/>\nTYPE DE PRODUIT<br \/>\nLame fixe<br \/>\nTROUS POUR LONGE<br \/>\nOui<br \/>\nLONGE INCLUSE<br \/>\nOui<br \/>\nMAT\u00c9RIEL DE LA LONGE<br \/>\nNylon<br \/>\nEMBALLAGE<br \/>\nBo\u00eete \u00e0 chevilles<br \/>\nGRAVABLE<br \/>\nOui<br \/>\nFINITION<br \/>\nCouvert de poudre<br \/>\nTYPE DE BORD<br \/>\nPartiellement dentel\u00e9<br \/>\nTYPE DE LAME EN ACIER<br \/>\nAUS-8<br \/>\nFORME DE LA LAME<br \/>\nPoint de d\u00e9coupe<br \/>\nTYPE DE Colonne Vert\u00e9brale<br \/>\nDroit<br \/>\nMAT\u00c9RIEL DE LA POIGN\u00c9E<br \/>\nNylon renforc\u00e9 de verre<br \/>\nCOULEUR DE LA POIGN\u00c9E<br \/>\nNoir<br \/>\nDURET\u00c9<br \/>\nRC. 57-58<br \/>\nGAINE INCLUSE<br \/>\nOui<br \/>\nCOULEUR DE LA GAINE<br \/>\nNoir<br \/>\nTYPE DE FIXATION DE GAINE<br \/>\nMOLLE<br \/>\nTYPE DE FERMETURE DE LA GAINE<br \/>\nCrochet et boucle<br \/>\nMAT\u00c9RIAU DE LA GAINE<br \/>\nNylon balistique<\/p>\n","protected":false},"excerpt":{"rendered":"<p>Que vous prot\u00e9giez les autres ou meniez une exp\u00e9dition de chasse \u00e9pique, releviez l&rsquo;un des d\u00e9fis quotidiens de la vie ou affrontiez les conditions les plus extr\u00eames \u00e0 ce jour, faites votre chemin avec <strong>SOG<\/strong> .<\/p>\n<p><strong>Nous offrons une garantie \u00e0 vie sur tous les couteaux SOG&nbsp;!<\/strong><\/p>\n","protected":false},"featured_media":328108,"comment_status":"open","ping_status":"closed","template":"","meta":[],"pwb-brand":[3849],"product_brand":[],"product_cat":[3697,3696],"product_tag":[3754],"class_list":{"0":"post-328107","1":"product","2":"type-product","3":"status-publish","4":"has-post-thumbnail","6":"pwb-brand-sog-fr","7":"product_cat-couteaux-solides","8":"product_cat-des-couteaux","9":"product_tag-b2b-fr","11":"first","12":"instock","13":"virtual","14":"taxable","15":"purchasable","16":"product-type-simple"},"brands":[{"id":3849,"name":"SOG","slug":"sog-fr"}],"_links":{"self":[{"href":"https:\/\/www.moskito.cz\/fr\/wp-json\/wp\/v2\/product\/328107","targetHints":{"allow":["GET"]}}],"collection":[{"href":"https:\/\/www.moskito.cz\/fr\/wp-json\/wp\/v2\/product"}],"about":[{"href":"https:\/\/www.moskito.cz\/fr\/wp-json\/wp\/v2\/types\/product"}],"replies":[{"embeddable":true,"href":"https:\/\/www.moskito.cz\/fr\/wp-json\/wp\/v2\/comments?post=328107"}],"wp:featuredmedia":[{"embeddable":true,"href":"https:\/\/www.moskito.cz\/fr\/wp-json\/wp\/v2\/media\/328108"}],"wp:attachment":[{"href":"https:\/\/www.moskito.cz\/fr\/wp-json\/wp\/v2\/media?parent=328107"}],"wp:term":[{"taxonomy":"pwb-brand","embeddable":true,"href":"https:\/\/www.moskito.cz\/fr\/wp-json\/wp\/v2\/pwb-brand?post=328107"},{"taxonomy":"product_brand","embeddable":true,"href":"https:\/\/www.moskito.cz\/fr\/wp-json\/wp\/v2\/product_brand?post=328107"},{"taxonomy":"product_cat","embeddable":true,"href":"https:\/\/www.moskito.cz\/fr\/wp-json\/wp\/v2\/product_cat?post=328107"},{"taxonomy":"product_tag","embeddable":true,"href":"https:\/\/www.moskito.cz\/fr\/wp-json\/wp\/v2\/product_tag?post=328107"}],"curies":[{"name":"wp","href":"https:\/\/api.w.org\/{rel}","templated":true}]}}