{"id":328159,"date":"2022-11-19T19:31:53","date_gmt":"2024-04-08T14:49:35","guid":{"rendered":"https:\/\/www.moskito.cz\/produkt\/couteau-de-cloture-pdg-de-crkt\/"},"modified":"2025-05-07T11:09:26","modified_gmt":"2025-05-07T10:09:26","slug":"couteau-de-cloture-pdg-de-crkt","status":"publish","type":"product","link":"https:\/\/www.moskito.cz\/fr\/produkt\/couteau-de-cloture-pdg-de-crkt\/","title":{"rendered":"Couteau de cl\u00f4ture PDG de CRKT"},"content":{"rendered":"<p>Couteau de cl\u00f4ture PDG <strong>de CRKT<\/strong> .<\/p>\n<p>Un couteau habill\u00e9 pour le succ\u00e8s.<\/p>\n<p>\u00c0 premi\u00e8re vue, on pourrait le confondre avec un stylo cach\u00e9 dans une poche de chemise. Et c\u2019est exactement ainsi qu\u2019a \u00e9t\u00e9 con\u00e7u le couteau pliant CEO. Avec un profil extr\u00eamement bas et sans coins au d\u00e9triment de la convivialit\u00e9 et de l&rsquo;ergonomie, il incarne l&rsquo;esprit de travail du quotidien.<br \/>\nProfil extr\u00eamement bas et l\u00e9ger&nbsp;; confortable \u00e0 porter dans la poche avant d&rsquo;une chemise<br \/>\nLa goupille de pouce encastr\u00e9e avec le syst\u00e8me de roulement \u00e0 billes IKBS\u2122 assure un engagement fluide et rapide de la lame<br \/>\nLes poign\u00e9es durables en nylon renforc\u00e9 de verre sont l\u00e9g\u00e8res et offrent une excellente adh\u00e9rence.<\/p>\n<p>CARACT\u00c9RISTIQUES<br \/>\nLongueur de la lame 3,11&Prime; (78,92 mm)<br \/>\nLame lame Plaine<br \/>\nLame en acier 8Cr13MoV<br \/>\nTraitement de surface de la lame Satin<br \/>\n\u00c9paisseur de la lame 0,09 po (2,18 mm)<br \/>\nLongueur totale 7,63&Prime; (193,68 mm)<br \/>\nLongueur ferm\u00e9e 4,45&Prime; (112,98 mm)<br \/>\nPoids 2,10 onces (59,53 g)<br \/>\nPoign\u00e9e en nylon renforc\u00e9 de verre<br \/>\nCouteau pliant de style avec Liner Lock<\/p>\n","protected":false},"excerpt":{"rendered":"<p>Con\u00e7u par Richard Rogers \u00e0 Magdalena, Nouveau-Mexique.<\/p>\n","protected":false},"featured_media":328160,"comment_status":"open","ping_status":"closed","template":"","meta":[],"pwb-brand":[3762],"product_brand":[],"product_cat":[3700,3696],"product_tag":[3754],"class_list":{"0":"post-328159","1":"product","2":"type-product","3":"status-publish","4":"has-post-thumbnail","6":"pwb-brand-crkt-fr","7":"product_cat-couteaux-de-fermeture","8":"product_cat-des-couteaux","9":"product_tag-b2b-fr","11":"first","12":"outofstock","13":"taxable","14":"shipping-taxable","15":"purchasable","16":"product-type-simple"},"brands":[{"id":3762,"name":"CRKT","slug":"crkt-fr"}],"_links":{"self":[{"href":"https:\/\/www.moskito.cz\/fr\/wp-json\/wp\/v2\/product\/328159","targetHints":{"allow":["GET"]}}],"collection":[{"href":"https:\/\/www.moskito.cz\/fr\/wp-json\/wp\/v2\/product"}],"about":[{"href":"https:\/\/www.moskito.cz\/fr\/wp-json\/wp\/v2\/types\/product"}],"replies":[{"embeddable":true,"href":"https:\/\/www.moskito.cz\/fr\/wp-json\/wp\/v2\/comments?post=328159"}],"wp:featuredmedia":[{"embeddable":true,"href":"https:\/\/www.moskito.cz\/fr\/wp-json\/wp\/v2\/media\/328160"}],"wp:attachment":[{"href":"https:\/\/www.moskito.cz\/fr\/wp-json\/wp\/v2\/media?parent=328159"}],"wp:term":[{"taxonomy":"pwb-brand","embeddable":true,"href":"https:\/\/www.moskito.cz\/fr\/wp-json\/wp\/v2\/pwb-brand?post=328159"},{"taxonomy":"product_brand","embeddable":true,"href":"https:\/\/www.moskito.cz\/fr\/wp-json\/wp\/v2\/product_brand?post=328159"},{"taxonomy":"product_cat","embeddable":true,"href":"https:\/\/www.moskito.cz\/fr\/wp-json\/wp\/v2\/product_cat?post=328159"},{"taxonomy":"product_tag","embeddable":true,"href":"https:\/\/www.moskito.cz\/fr\/wp-json\/wp\/v2\/product_tag?post=328159"}],"curies":[{"name":"wp","href":"https:\/\/api.w.org\/{rel}","templated":true}]}}