{"id":328189,"date":"2022-09-27T21:37:34","date_gmt":"2024-04-08T14:51:19","guid":{"rendered":"https:\/\/www.moskito.cz\/produkt\/couteau-fixe-crkt-chanceinhell-k910kkp\/"},"modified":"2025-05-07T11:09:26","modified_gmt":"2025-05-07T10:09:26","slug":"couteau-fixe-crkt-chanceinhell-k910kkp","status":"publish","type":"product","link":"https:\/\/www.moskito.cz\/fr\/produkt\/couteau-fixe-crkt-chanceinhell-k910kkp\/","title":{"rendered":"Couteau Fixe CRKT CHANCEINHELL K910KKP"},"content":{"rendered":"<p>&nbsp;<\/p>\n<div class=\"flex-1 overflow-hidden @container\/thread\">\n<div class=\"h-full\">\n<div class=\"react-scroll-to-bottom--css-vxybp-79elbk h-full\">\n<div class=\"react-scroll-to-bottom--css-vxybp-1n7m0yu\">\n<div class=\"flex flex-col text-sm md:pb-9\">\n<article class=\"w-full scroll-mb-[var(--thread-trailing-height,150px)] text-token-text-primary focus-visible:outline-2 focus-visible:outline-offset-[-4px]\" dir=\"auto\" data-testid=\"conversation-turn-113\" data-scroll-anchor=\"true\">\n<div class=\"m-auto text-base py-[18px] px-3 md:px-4 w-full md:px-5 lg:px-4 xl:px-5\">\n<div class=\"mx-auto flex flex-1 gap-4 text-base md:gap-5 lg:gap-6 md:max-w-3xl\">\n<div class=\"group\/conversation-turn relative flex w-full min-w-0 flex-col agent-turn\">\n<div class=\"flex-col gap-1 md:gap-3\">\n<div class=\"flex max-w-full flex-col flex-grow\">\n<div class=\"min-h-8 text-message flex w-full flex-col items-end gap-2 whitespace-normal break-words text-start [.text-message+&amp;]:mt-5\" dir=\"auto\" data-message-author-role=\"assistant\" data-message-id=\"fd2a746f-053a-43ad-91d1-3415b9189814\" data-message-model-slug=\"gpt-4o-mini\">\n<div class=\"flex w-full flex-col gap-1 empty:hidden first:pt-[3px]\">\n<div class=\"markdown prose w-full break-words dark:prose-invert light\">\n<p><strong>Le couteau \u00e0 lame fixe CRKT Chanceinhell K910KKP<\/strong> est une <strong>machette de survie<\/strong> tr\u00e8s durable qui allie <strong>r\u00e9sistance<\/strong> , <strong>performance<\/strong> et <strong>polyvalence<\/strong> , ce qui en fait l&rsquo;outil id\u00e9al pour les conditions exigeantes. Con\u00e7u par <strong>Ken Onion<\/strong> , un fabricant de couteaux renomm\u00e9 de <strong>Kaneohe, Hawa\u00ef<\/strong> , <strong>le Chanceinhell\u2122<\/strong> est con\u00e7u pour les t\u00e2ches difficiles et une utilisation \u00e0 long terme dans des conditions extr\u00eames. C&rsquo;est un couteau qui peut <strong>aider \u00e0 la survie<\/strong> , <strong>\u00e0 la coupe du bois<\/strong> , <strong>au travail forestier<\/strong> et <strong>aux sc\u00e9narios de combat<\/strong> .  <\/p>\n<h3>Principales caract\u00e9ristiques et avantages :<\/h3>\n<ol>\n<li><strong>Lame robuste en acier au carbone 65Mn<\/strong>\n<ul>\n<li>La lame est fabriqu\u00e9e en <strong>acier au carbone 65Mn<\/strong> , un mat\u00e9riau connu pour sa <strong>durabilit\u00e9<\/strong> et <strong>sa grande duret\u00e9<\/strong> . Ce type d&rsquo;acier est id\u00e9al pour <strong>le hachage<\/strong> et <strong>l&rsquo;abattage<\/strong> , tout en permettant <strong>une bonne r\u00e9tention de la lame<\/strong> . <\/li>\n<li><strong>La finition en poudre<\/strong> offre \u00e0 la lame <strong>une protection contre la corrosion<\/strong> et <strong>am\u00e9liore sa r\u00e9sistance<\/strong> aux rayures et \u00e0 l&rsquo;usure. La finition noire est id\u00e9ale pour travailler dans des conditions difficiles, comme <strong>les environnements humides<\/strong> ou <strong>le travail en for\u00eat<\/strong> . <\/li>\n<\/ul>\n<\/li>\n<li><strong>Poign\u00e9e ergonomique pour r\u00e9duire la fatigue de la main<\/strong>\n<ul>\n<li><strong>La poign\u00e9e \u00e0 double injection<\/strong> est con\u00e7ue pour <strong>minimiser la fatigue de la main<\/strong> lors d&rsquo;une utilisation prolong\u00e9e. Le manche a <strong>une forme sp\u00e9ciale<\/strong> pour une prise en main confortable et assure <strong>un meilleur contr\u00f4le<\/strong> du couteau pendant le travail. <\/li>\n<li>Il y a \u00e9galement <strong>des trous pour cordon<\/strong> sur la poign\u00e9e, vous permettant <strong>de personnaliser votre prise<\/strong> et d&rsquo;attacher <strong>du paracord<\/strong> ou d&rsquo;autres cordons pour plus de flexibilit\u00e9 et de s\u00e9curit\u00e9.<\/li>\n<\/ul>\n<\/li>\n<li><strong>Lame longue pour hacher et fendre efficacement<\/strong>\n<ul>\n<li>Avec <strong>sa lame de 304,8 mm (12 po) de long,<\/strong> <strong>le Chanceinhell\u2122<\/strong> est id\u00e9al pour <strong>couper des branches<\/strong> , <strong>abattre des arbres<\/strong> ou <strong>fendre du bois<\/strong> . Sa longue lame offre <strong>plus de puissance<\/strong> lors de la coupe, permettant ainsi \u00e0 l&rsquo;outil de couper des branches plus \u00e9paisses et des mat\u00e9riaux plus lourds. <\/li>\n<\/ul>\n<\/li>\n<li><strong>Bo\u00eetier unique avec position r\u00e9glable<\/strong>\n<ul>\n<li><strong>L&rsquo;\u00e9tui en nylon renforc\u00e9<\/strong> est tr\u00e8s <strong>r\u00e9sistant<\/strong> et offre <strong>des options de transport pratiques<\/strong> . L&rsquo;\u00e9tui est con\u00e7u avec <strong>un syst\u00e8me Velcro universel<\/strong> qui permet <strong>deux mani\u00e8res diff\u00e9rentes de le porter<\/strong> : soit <strong>suspendu<\/strong> , soit <strong>attach\u00e9 \u00e0 la ceinture<\/strong> . <\/li>\n<li>Un <strong>pendentif en paracorde<\/strong> suppl\u00e9mentaire attach\u00e9 \u00e0 l&rsquo;\u00e9tui permet <strong>de le fixer \u00e0 un sac \u00e0 dos<\/strong> ou <strong>\u00e0 des gilets tactiques<\/strong> .<\/li>\n<\/ul>\n<\/li>\n<li><strong>Un outil polyvalent et durable<\/strong>\n<ul>\n<li>Ce <strong>couteau de survie<\/strong> est id\u00e9al pour <strong>les travaux lourds en pleine nature<\/strong> et <strong>les activit\u00e9s de plein air<\/strong> . C&rsquo;est un outil puissant pour <strong>la survie<\/strong> , <strong>le camping<\/strong> et <strong>l&rsquo;utilisation tactique<\/strong> , o\u00f9 <strong>un outil puissant<\/strong> est n\u00e9cessaire pour <strong>diverses t\u00e2ches<\/strong> telles que <strong>la tonte<\/strong> et <strong>le travail du bois<\/strong> . <\/li>\n<\/ul>\n<\/li>\n<\/ol>\n<h3>Caract\u00e9ristiques:<\/h3>\n<ul>\n<li><strong>Longueur de la lame<\/strong> : 12,00&Prime; (304,80 mm)<\/li>\n<li><strong>Tranchant de la lame<\/strong> : lisse<\/li>\n<li><strong>Acier de lame<\/strong> : acier au carbone 65Mn<\/li>\n<li><strong>Finition de la lame<\/strong> : Rev\u00eatement en poudre<\/li>\n<li><strong>\u00c9paisseur de la lame<\/strong> : 0,10&Prime; (2,54 mm)<\/li>\n<li><strong>Longueur totale<\/strong> : 17,88&Prime; (454,15 mm)<\/li>\n<li><strong>Poids<\/strong> : 1,25 lb (0,57 kg)<\/li>\n<li><strong>Poign\u00e9e<\/strong> : Nylon renforc\u00e9 de verre avec rev\u00eatement en caoutchouc<\/li>\n<li><strong>Style<\/strong> : Couteau \u00e0 lame fixe avec \u00e9tui<\/li>\n<li><strong>Mat\u00e9riau de la coque<\/strong> : Nylon tiss\u00e9<\/li>\n<li><strong>Poids de la coque<\/strong> : 6,10 onces (172,93 g)<\/li>\n<\/ul>\n<h3>Options d&rsquo;utilisation :<\/h3>\n<ol>\n<li><strong>Survie et camping<\/strong><br \/>\n Ce couteau est con\u00e7u pour <strong>les travaux en ext\u00e9rieur<\/strong> et est id\u00e9al pour <strong>la survie<\/strong> dans des conditions difficiles. Il vous aidera \u00e0 <strong>abattre du bois<\/strong> , <strong>\u00e0 fendre des branches<\/strong> et <strong>\u00e0 installer un camp<\/strong> . <\/li>\n<li><strong>Travaux forestiers et activit\u00e9s de plein air<\/strong><br \/>\n Avec sa <strong>lame solide<\/strong> et <strong>sa grande longueur,<\/strong> il est id\u00e9al pour <strong>les travaux forestiers<\/strong> . Que vous ayez besoin <strong>de couper des branches<\/strong> , <strong>de couper du bois<\/strong> ou <strong>de percer une v\u00e9g\u00e9tation dense<\/strong> , Chanceinhell\u2122 est une aide pr\u00e9cieuse. <\/li>\n<li><strong>Utilisation tactique<\/strong><br \/>\n Dans <strong>les situations d\u2019urgence ou de crise,<\/strong> ce couteau peut \u00eatre un excellent outil <strong>d\u2019autod\u00e9fense<\/strong> . Avec sa <strong>lame massive<\/strong> et <strong>sa conception ergonomique,<\/strong> il est pr\u00eat pour n&rsquo;importe quelle t\u00e2che. <\/li>\n<li><strong>Utilisation quotidienne<\/strong><br \/>\n Si vous recherchez un couteau pour <strong>des t\u00e2ches m\u00e9nag\u00e8res ou ext\u00e9rieures plus difficiles<\/strong> , le Chanceinhell\u2122 est un choix robuste pour <strong>une vari\u00e9t\u00e9 de travaux de coupe<\/strong> . Sa <strong>durabilit\u00e9<\/strong> et sa <strong>polyvalence<\/strong> le rendent id\u00e9al pour <strong>le travail du bois<\/strong> ou <strong>l&rsquo;entretien du jardin<\/strong> . <\/li>\n<\/ol>\n<h3>R\u00e9sum\u00e9:<\/h3>\n<p><strong>Le CRKT Chanceinhell K910KKP<\/strong> est <strong>un couteau de survie haute performance<\/strong> , id\u00e9al pour <strong>hacher<\/strong> , <strong>fendre<\/strong> et <strong>effectuer des travaux lourds<\/strong> en ext\u00e9rieur. Avec <strong>une lame en acier au carbone durable<\/strong> , <strong>une poign\u00e9e ergonomique<\/strong> et <strong>une gaine pratique<\/strong> , c&rsquo;est l&rsquo;outil parfait pour tous ceux qui recherchent <strong>un outil de survie solide et fiable<\/strong> . Sa <strong>polyvalence<\/strong> et ses <strong>performances<\/strong> en font le compagnon id\u00e9al pour <strong>la survie<\/strong> , <strong>le camping<\/strong> ou <strong>les travaux forestiers<\/strong> .  <\/p>\n<\/div>\n<\/div>\n<\/div>\n<\/div>\n<\/div>\n<div class=\"absolute\">\n<div class=\"flex items-center justify-center\"><\/div>\n<\/div>\n<\/div>\n<\/div>\n<\/div>\n<\/article>\n<\/div>\n<\/div>\n<\/div>\n<\/div>\n<\/div>\n<div class=\"md:pt-0 dark:border-white\/20 md:border-transparent md:dark:border-transparent w-full\">\n<div>\n<div class=\"m-auto text-base px-3 md:px-4 w-full md:px-5 lg:px-4 xl:px-5\">\n<div class=\"mx-auto flex flex-1 gap-4 text-base md:gap-5 lg:gap-6 md:max-w-3xl\">\n<div class=\"flex justify-center\"><\/div>\n<\/div>\n<\/div>\n<\/div>\n<\/div>\n<p><iframe title=\"CRKT Chanceinhell Machete | by Ken Onion\" width=\"800\" height=\"450\" src=\"https:\/\/www.youtube.com\/embed\/n0ZQvCS_4z4?feature=oembed\" frameborder=\"0\" allow=\"accelerometer; autoplay; clipboard-write; encrypted-media; gyroscope; picture-in-picture; web-share\" referrerpolicy=\"strict-origin-when-cross-origin\" allowfullscreen><\/iframe><\/p>\n<p>&nbsp;<\/p>\n<p>&nbsp;<\/p>\n","protected":false},"excerpt":{"rendered":"<p><strong>Le CRKT Chanceinhell K910KKP est un couteau de survie haute performance, id\u00e9al pour hacher, fendre et effectuer des travaux intensifs en ext\u00e9rieur. Avec une lame en acier au carbone durable, une poign\u00e9e ergonomique et une gaine pratique, c&rsquo;est l&rsquo;outil parfait pour tous ceux qui recherchent un outil de survie solide et fiable. Sa polyvalence et ses performances en font le compagnon id\u00e9al pour la survie, le camping ou les travaux forestiers.  <\/strong><\/p>\n","protected":false},"featured_media":328190,"comment_status":"open","ping_status":"closed","template":"","meta":[],"pwb-brand":[3762],"product_brand":[],"product_cat":[3697,3696],"product_tag":[3754],"class_list":{"0":"post-328189","1":"product","2":"type-product","3":"status-publish","4":"has-post-thumbnail","6":"pwb-brand-crkt-fr","7":"product_cat-couteaux-solides","8":"product_cat-des-couteaux","9":"product_tag-b2b-fr","11":"first","12":"instock","13":"taxable","14":"shipping-taxable","15":"purchasable","16":"product-type-simple"},"brands":[{"id":3762,"name":"CRKT","slug":"crkt-fr"}],"_links":{"self":[{"href":"https:\/\/www.moskito.cz\/fr\/wp-json\/wp\/v2\/product\/328189","targetHints":{"allow":["GET"]}}],"collection":[{"href":"https:\/\/www.moskito.cz\/fr\/wp-json\/wp\/v2\/product"}],"about":[{"href":"https:\/\/www.moskito.cz\/fr\/wp-json\/wp\/v2\/types\/product"}],"replies":[{"embeddable":true,"href":"https:\/\/www.moskito.cz\/fr\/wp-json\/wp\/v2\/comments?post=328189"}],"wp:featuredmedia":[{"embeddable":true,"href":"https:\/\/www.moskito.cz\/fr\/wp-json\/wp\/v2\/media\/328190"}],"wp:attachment":[{"href":"https:\/\/www.moskito.cz\/fr\/wp-json\/wp\/v2\/media?parent=328189"}],"wp:term":[{"taxonomy":"pwb-brand","embeddable":true,"href":"https:\/\/www.moskito.cz\/fr\/wp-json\/wp\/v2\/pwb-brand?post=328189"},{"taxonomy":"product_brand","embeddable":true,"href":"https:\/\/www.moskito.cz\/fr\/wp-json\/wp\/v2\/product_brand?post=328189"},{"taxonomy":"product_cat","embeddable":true,"href":"https:\/\/www.moskito.cz\/fr\/wp-json\/wp\/v2\/product_cat?post=328189"},{"taxonomy":"product_tag","embeddable":true,"href":"https:\/\/www.moskito.cz\/fr\/wp-json\/wp\/v2\/product_tag?post=328189"}],"curies":[{"name":"wp","href":"https:\/\/api.w.org\/{rel}","templated":true}]}}