{"id":328261,"date":"2023-01-10T21:47:26","date_gmt":"2024-04-08T14:54:30","guid":{"rendered":"https:\/\/www.moskito.cz\/produkt\/hache-crkt-freya-2749\/"},"modified":"2025-05-07T11:09:27","modified_gmt":"2025-05-07T10:09:27","slug":"hache-crkt-freya-2749","status":"publish","type":"product","link":"https:\/\/www.moskito.cz\/fr\/produkt\/hache-crkt-freya-2749\/","title":{"rendered":"Hache CRKT FREYA 2749"},"content":{"rendered":"<p>Hache <strong>CRKT<\/strong> FREYA 2749<\/p>\n<p>Une ancienne conception offshore construite pour les bois.<\/p>\n<p>Il y a plus de mille ans, un concepteur d&rsquo;armes nordiques a cr\u00e9\u00e9 la hache viking. Cette forme est rest\u00e9e reconnaissable et pratiquement inchang\u00e9e depuis lors. Pour une bonne raison. La hache utilitaire Freya\u2122 \/fray-uh\/ de style Viking est une hache puissante de tous les jours qui puise dans les racines du design ancien et prosp\u00e8re \u00e0 l&rsquo;ext\u00e9rieur.<br \/>\nRobustesse forg\u00e9e&nbsp;: l&rsquo;acier au carbone 1055 offre durabilit\u00e9 et r\u00e9tention des bords<br \/>\nProtection am\u00e9lior\u00e9e : le rev\u00eatement au phosphate de mangan\u00e8se am\u00e9liore la r\u00e9sistance \u00e0 la corrosion<br \/>\nDurable&nbsp;: le caryer du Tennessee est un mat\u00e9riau dense qui peut r\u00e9sister \u00e0 une utilisation intensive<br \/>\nOutil polyvalent&nbsp;: fendre du bois ou marteler facilement les piquets de la tente<\/p>\n<p>CARACT\u00c9RISTIQUES<br \/>\nLongueur de la lame 3,46&nbsp;po (87,88&nbsp;mm)<br \/>\nLame lame Plaine<br \/>\nAcier de lame Acier au carbone S55C, acier au carbone 1055<br \/>\nTraitement de surface de la lame Rev\u00eatement \u00e0 base de phosphate de mangan\u00e8se<br \/>\n\u00c9paisseur de la lame 1,25&Prime; (31,78 mm)<br \/>\nPoids 1,93 livre (0,87 kg)<br \/>\nManche en Hickory du Tennessee<br \/>\nStyle hache<\/p>\n<p><iframe title=\"CRKT FREYA\u2122 | Elmer Roush Design\" width=\"800\" height=\"450\" src=\"https:\/\/www.youtube.com\/embed\/mYqLLaAK9jM?feature=oembed\" frameborder=\"0\" allow=\"accelerometer; autoplay; clipboard-write; encrypted-media; gyroscope; picture-in-picture; web-share\" referrerpolicy=\"strict-origin-when-cross-origin\" allowfullscreen><\/iframe><\/p>\n<p>&nbsp;<\/p>\n","protected":false},"excerpt":{"rendered":"<p>Con\u00e7u par Elmer Roush \u00e0 Brasstown, Caroline du Nord.<\/p>\n","protected":false},"featured_media":328262,"comment_status":"open","ping_status":"closed","template":"","meta":[],"pwb-brand":[3762],"product_brand":[],"product_cat":[3702],"product_tag":[3754],"class_list":{"0":"post-328261","1":"product","2":"type-product","3":"status-publish","4":"has-post-thumbnail","6":"pwb-brand-crkt-fr","7":"product_cat-haches","8":"product_tag-b2b-fr","10":"first","11":"instock","12":"taxable","13":"shipping-taxable","14":"purchasable","15":"product-type-simple"},"brands":[{"id":3762,"name":"CRKT","slug":"crkt-fr"}],"_links":{"self":[{"href":"https:\/\/www.moskito.cz\/fr\/wp-json\/wp\/v2\/product\/328261","targetHints":{"allow":["GET"]}}],"collection":[{"href":"https:\/\/www.moskito.cz\/fr\/wp-json\/wp\/v2\/product"}],"about":[{"href":"https:\/\/www.moskito.cz\/fr\/wp-json\/wp\/v2\/types\/product"}],"replies":[{"embeddable":true,"href":"https:\/\/www.moskito.cz\/fr\/wp-json\/wp\/v2\/comments?post=328261"}],"wp:featuredmedia":[{"embeddable":true,"href":"https:\/\/www.moskito.cz\/fr\/wp-json\/wp\/v2\/media\/328262"}],"wp:attachment":[{"href":"https:\/\/www.moskito.cz\/fr\/wp-json\/wp\/v2\/media?parent=328261"}],"wp:term":[{"taxonomy":"pwb-brand","embeddable":true,"href":"https:\/\/www.moskito.cz\/fr\/wp-json\/wp\/v2\/pwb-brand?post=328261"},{"taxonomy":"product_brand","embeddable":true,"href":"https:\/\/www.moskito.cz\/fr\/wp-json\/wp\/v2\/product_brand?post=328261"},{"taxonomy":"product_cat","embeddable":true,"href":"https:\/\/www.moskito.cz\/fr\/wp-json\/wp\/v2\/product_cat?post=328261"},{"taxonomy":"product_tag","embeddable":true,"href":"https:\/\/www.moskito.cz\/fr\/wp-json\/wp\/v2\/product_tag?post=328261"}],"curies":[{"name":"wp","href":"https:\/\/api.w.org\/{rel}","templated":true}]}}